{"id":4239,"date":"2023-11-13T12:27:11","date_gmt":"2023-11-13T12:27:11","guid":{"rendered":"https:\/\/uoogear.com\/product\/chinese-factory-44-canvas-car-camping-1-42-4m-roof-top-tent\/"},"modified":"2023-11-30T06:40:51","modified_gmt":"2023-11-30T06:40:51","slug":"chinese-factory-44-canvas-car-camping-1-42-4m-roof-top-tent","status":"publish","type":"product","link":"https:\/\/uoogear.com\/it\/prodotto\/chinese-factory-44-canvas-car-camping-1-42-4m-roof-top-tent\/","title":{"rendered":"Tenda da tetto da campeggio 1.4*2.4M per auto in tela di fabbrica cinese 4*4"},"content":{"rendered":"<ul>\n<li><strong>La zona : <\/strong> 240*160*126 cm<\/li>\n<li><strong>Tessuto : <\/strong> Poliestere<\/li>\n<li><strong>Indice di impermeabilit\u00e0 della tenda esterna: <\/strong> 2000-3000 millimetri<\/li>\n<li><strong>Indice di impermeabilit\u00e0 inferiore: <\/strong> &gt;3000 mm<\/li>\n<li><strong>Tipo di edificio : <\/strong> Costruzione in base alle necessit\u00e0<\/li>\n<li><strong>Stile della tenda: <\/strong> Tipo con rinforzo dritto<\/li>\n<li><strong>Stagione : <\/strong> Tenda quattro stagioni<\/li>\n<li><strong>Struttura : <\/strong> Una camera da letto<\/li>\n<li><strong>Nome del prodotto : <\/strong> Tenda da tetto per accessori auto 4 stagioni per SUV<\/li>\n<li><strong>Materiale del tessuto: <\/strong> Tela di cotone poliestere da 300 g\/m\u00b2<\/li>\n<li><strong>Caratteristica : <\/strong> Impermeabile 2000mm<\/li>\n<li><strong>Misurare : <\/strong> Espandi dimensioni: 240 * 140 * 126 cm<\/li>\n<li><strong>Materasso: <\/strong> Spugna Indeformabile spessore 60mm, con rivestimento sfoderabile lavabile<\/li>\n<li><strong>Scala : <\/strong> Scala telescopica in alluminio, 230 cm<\/li>\n<li><strong>Logo : <\/strong> Logo personalizzato<\/li>\n<li><strong>Accessori : <\/strong> Scala + Borsa per scarpe<\/li>\n<li><strong>Parti opzionali: <\/strong> Allegato, fodera calda isolante, vari modelli di copertura antipioggia<\/li>\n<\/ul>\n<div>\n<div data-magic-global=\"%7B%22bizId%22%3A2634101818%2C%22pageId%22%3A21323196279%2C%22siteId%22%3A5005227190%7D\">\n<div>\n<div>\n<div>\n<div>\n<div>\n<div><img decoding=\"async\" src=\"https:\/\/uoogear.com\/wp-content\/uploads\/2023\/11\/H72b58d4a09224c748a287e1d9a4b09a3r-wpp1701315423476.webp\" data-src=\"https:\/\/uoogear.com\/wp-content\/uploads\/2023\/11\/H72b58d4a09224c748a287e1d9a4b09a3r-wpp1701315423476.webp\" \/><\/div>\n<\/div>\n<\/div>\n<\/div>\n<\/div>\n<\/div>\n<div>\n<div data-section=\"AliMagic-rn6oag\" data-section-title=\"Product Paramenters\"><\/div>\n<\/div>\n<\/div>\n<\/div>","protected":false},"excerpt":{"rendered":"<p>Area: 240*160*126 cm Tessuto: poliestere Indice di impermeabilit\u00e0 della tenda esterna: 2000-3000 mm Indice di impermeabilit\u00e0 inferiore: &gt;3000 mm Tipo di edificio: Costruzione basata sulle necessit\u00e0 Stile tenda: Tipo di rinforzo dritto Stagione: Struttura della tenda quattro stagioni: Prodotto con una camera da letto Nome: Tenda della parte superiore del tetto degli accessori automatici di 4 stagioni per il tessuto di SUV Materiale:<\/p>\n<div class=\"read-more\"><a class=\"btn btn-fill-out\" href=\"https:\/\/uoogear.com\/it\/prodotto\/chinese-factory-44-canvas-car-camping-1-42-4m-roof-top-tent\/\">Per saperne di pi\u00f9<\/a><\/div>","protected":false},"featured_media":4238,"template":"","meta":[],"product_brand":[],"product_cat":[15],"product_tag":[],"class_list":{"0":"post-4239","1":"product","2":"type-product","3":"status-publish","4":"has-post-thumbnail","6":"product_cat-uncategorized","7":"tm-no-options","9":"first","10":"instock","11":"shipping-taxable","12":"purchasable","13":"product-type-variable"},"_links":{"self":[{"href":"https:\/\/uoogear.com\/it\/wp-json\/wp\/v2\/product\/4239","targetHints":{"allow":["GET"]}}],"collection":[{"href":"https:\/\/uoogear.com\/it\/wp-json\/wp\/v2\/product"}],"about":[{"href":"https:\/\/uoogear.com\/it\/wp-json\/wp\/v2\/types\/product"}],"wp:featuredmedia":[{"embeddable":true,"href":"https:\/\/uoogear.com\/it\/wp-json\/wp\/v2\/media\/4238"}],"wp:attachment":[{"href":"https:\/\/uoogear.com\/it\/wp-json\/wp\/v2\/media?parent=4239"}],"wp:term":[{"taxonomy":"product_brand","embeddable":true,"href":"https:\/\/uoogear.com\/it\/wp-json\/wp\/v2\/product_brand?post=4239"},{"taxonomy":"product_cat","embeddable":true,"href":"https:\/\/uoogear.com\/it\/wp-json\/wp\/v2\/product_cat?post=4239"},{"taxonomy":"product_tag","embeddable":true,"href":"https:\/\/uoogear.com\/it\/wp-json\/wp\/v2\/product_tag?post=4239"}],"curies":[{"name":"wp","href":"https:\/\/api.w.org\/{rel}","templated":true}]}}