{"id":4280,"date":"2023-11-13T12:31:13","date_gmt":"2023-11-13T12:31:13","guid":{"rendered":"https:\/\/uoogear.com\/product\/china-car-roof-top-camping-waterproof-soft-rooftop-ten-with-skylight-optional\/"},"modified":"2023-11-30T07:38:21","modified_gmt":"2023-11-30T07:38:21","slug":"china-car-roof-top-camping-waterproof-soft-rooftop-ten-with-skylight-optional","status":"publish","type":"product","link":"https:\/\/uoogear.com\/it\/prodotto\/china-car-roof-top-camping-waterproof-soft-rooftop-ten-with-skylight-optional\/","title":{"rendered":"Cina Tetto morbido impermeabile da campeggio sul tetto dell&#039;auto in Cina con lucernario opzionale"},"content":{"rendered":"<ul>\n<li><strong>La zona : <\/strong> 310*160*126 cm<\/li>\n<li><strong>Tessuto : <\/strong> Poliestere<\/li>\n<li><strong>Indice di impermeabilit\u00e0 della tenda esterna: <\/strong> 2000-3000 millimetri<\/li>\n<li><strong>Indice di impermeabilit\u00e0 inferiore: <\/strong> &gt;3000 mm<\/li>\n<li><strong>Tipo di edificio : <\/strong> Costruzione in base alle necessit\u00e0<\/li>\n<li><strong>Stile della tenda: <\/strong> Tipo con rinforzo dritto<\/li>\n<li><strong>Stagione : <\/strong> Tenda quattro stagioni<\/li>\n<li><strong>Struttura : <\/strong> Una camera da letto<\/li>\n<li><strong>Nome del prodotto : <\/strong> Tenda da tetto per auto, tenda da tetto morbida antipioggia<\/li>\n<li><strong>Materiale del tessuto: <\/strong> Tela di cotone poliestere da 300 g\/m\u00b2<\/li>\n<li><strong>Caratteristica : <\/strong> Impermeabile 2000mm<\/li>\n<li><strong>Misurare : <\/strong> Espandi dimensioni: 310 * 160 * 126 cm<\/li>\n<li><strong>Materasso: <\/strong> Spugna Indeformabile spessore 60mm, con rivestimento sfoderabile lavabile<\/li>\n<li><strong>Scala : <\/strong> Scala telescopica in alluminio, 230 cm<\/li>\n<li><strong>Logo : <\/strong> Logo personalizzato<\/li>\n<li><strong>Accessori : <\/strong> Scala + Borsa per scarpe<\/li>\n<li><strong>Parti opzionali: <\/strong> Allegato, fodera calda isolante, vari modelli di copertura antipioggia<\/li>\n<\/ul>\n<div>\n<div data-magic-global=\"%7B%22bizId%22%3A2634101818%2C%22pageId%22%3A21320287303%2C%22siteId%22%3A5005227190%7D\">\n<div>\n<div>\n<div>\n<div>\n<div>\n<div><img decoding=\"async\" src=\"https:\/\/uoogear.com\/wp-content\/uploads\/2023\/11\/H4d2450ccd74648318c7ab759dace20f6i-wpp1701327585422.webp\" data-src=\"https:\/\/uoogear.com\/wp-content\/uploads\/2023\/11\/H4d2450ccd74648318c7ab759dace20f6i-wpp1701327585422.webp\" \/><\/div>\n<\/div>\n<\/div>\n<\/div>\n<\/div>\n<\/div>\n<div>\n<div data-section=\"AliMagic-z0jjq8\" data-section-title=\"Product Paramenters\"><\/div>\n<\/div>\n<\/div>\n<\/div>","protected":false},"excerpt":{"rendered":"<p>Area: 310*160*126 cm Tessuto: poliestere Indice di impermeabilit\u00e0 della tenda esterna: 2000-3000 mm Indice di impermeabilit\u00e0 inferiore: &gt;3000 mm Tipo di edificio: Costruzione in base alle necessit\u00e0 Stile tenda: Tipo di rinforzo dritto Stagione: Struttura della tenda quattro stagioni: Prodotto con una camera da letto Nome: Tessuto della tenda dell&#039;automobile della capote morbida antipioggia dell&#039;automobile della casa della tenda del tetto Materiale:<\/p>\n<div class=\"read-more\"><a class=\"btn btn-fill-out\" href=\"https:\/\/uoogear.com\/it\/prodotto\/china-car-roof-top-camping-waterproof-soft-rooftop-ten-with-skylight-optional\/\">Per saperne di pi\u00f9<\/a><\/div>","protected":false},"featured_media":4279,"template":"","meta":[],"product_brand":[],"product_cat":[15],"product_tag":[],"class_list":{"0":"post-4280","1":"product","2":"type-product","3":"status-publish","4":"has-post-thumbnail","6":"product_cat-uncategorized","7":"tm-no-options","9":"first","10":"instock","11":"shipping-taxable","12":"purchasable","13":"product-type-variable"},"_links":{"self":[{"href":"https:\/\/uoogear.com\/it\/wp-json\/wp\/v2\/product\/4280","targetHints":{"allow":["GET"]}}],"collection":[{"href":"https:\/\/uoogear.com\/it\/wp-json\/wp\/v2\/product"}],"about":[{"href":"https:\/\/uoogear.com\/it\/wp-json\/wp\/v2\/types\/product"}],"wp:featuredmedia":[{"embeddable":true,"href":"https:\/\/uoogear.com\/it\/wp-json\/wp\/v2\/media\/4279"}],"wp:attachment":[{"href":"https:\/\/uoogear.com\/it\/wp-json\/wp\/v2\/media?parent=4280"}],"wp:term":[{"taxonomy":"product_brand","embeddable":true,"href":"https:\/\/uoogear.com\/it\/wp-json\/wp\/v2\/product_brand?post=4280"},{"taxonomy":"product_cat","embeddable":true,"href":"https:\/\/uoogear.com\/it\/wp-json\/wp\/v2\/product_cat?post=4280"},{"taxonomy":"product_tag","embeddable":true,"href":"https:\/\/uoogear.com\/it\/wp-json\/wp\/v2\/product_tag?post=4280"}],"curies":[{"name":"wp","href":"https:\/\/api.w.org\/{rel}","templated":true}]}}