{"id":4304,"date":"2023-11-13T12:33:04","date_gmt":"2023-11-13T12:33:04","guid":{"rendered":"https:\/\/uoogear.com\/product\/high-quality-3m-4m-5m-6m-7m-sahara-cotton-canvas-bell-tent-outdoor-tents-with-stove-hole\/"},"modified":"2023-11-30T02:28:38","modified_gmt":"2023-11-30T02:28:38","slug":"high-quality-3m-4m-5m-6m-7m-sahara-cotton-canvas-bell-tent-outdoor-tents-with-stove-hole","status":"publish","type":"product","link":"https:\/\/uoogear.com\/it\/prodotto\/high-quality-3m-4m-5m-6m-7m-sahara-cotton-canvas-bell-tent-outdoor-tents-with-stove-hole\/","title":{"rendered":"Tende esterne della tenda di campana della tela di cotone del Sahara di alta qualit\u00e0 3m 4m 5m 6m 7m con il foro della stufa"},"content":{"rendered":"<ul>\n<li><strong>La zona : <\/strong> 500*300*170\/60 centimetri<\/li>\n<li><strong>Tessuto : <\/strong> Tela<\/li>\n<li><strong>Indice di impermeabilit\u00e0 della tenda esterna: <\/strong> 1500-2000 millimetri<\/li>\n<li><strong>Indice di impermeabilit\u00e0 inferiore: <\/strong> &gt;3000 mm<\/li>\n<li><strong>Tipo di edificio : <\/strong> Costruzione in base alle necessit\u00e0<\/li>\n<li><strong>Stile della tenda: <\/strong> Tipo con rinforzo dritto<\/li>\n<li><strong>Stagione : <\/strong> Tenda quattro stagioni<\/li>\n<li><strong>Struttura : <\/strong> Una camera da letto<\/li>\n<li><strong>Nome del prodotto : <\/strong> Tende da esterno tenda a campana in tela di cotone Sahara da 3 m 4 m 5 m con foro per stufa<\/li>\n<li><strong>Parola chiave : <\/strong> tende da esterno<\/li>\n<li><strong>Applicazione : <\/strong> Tenda da campeggio per famiglie all&#039;aperto<\/li>\n<li><strong>Caratteristica : <\/strong> Impermeabile<\/li>\n<li><strong>Misurare : <\/strong> 5m<\/li>\n<li><strong>Imballaggio : <\/strong> Cartone<\/li>\n<li><strong>Logo : <\/strong> Logo personalizzato<\/li>\n<li><strong>Garanzia : <\/strong> 12 mesi<\/li>\n<li><strong>Peso : <\/strong> 36 kg<\/li>\n<li><strong>MOQ: <\/strong> 1 pezzo<\/li>\n<\/ul>\n<div>\n<div data-magic-global=\"%7B%22bizId%22%3A2634101818%2C%22pageId%22%3A5051882350%2C%22siteId%22%3A5005227190%7D\">\n<div>\n<div data-section=\"AliMagic-ikh4e8\" data-section-title=\"Products Description\">Descrizione dei prodotti<\/div>\n<\/div>\n<div>\n<div>\n<div>\n<div>\n<div><img decoding=\"async\" src=\"\/\/sc01.alicdn.com\/kf\/H8da6e4d563af48c488f62e60b6a1f70ff\/225636084\/H8da6e4d563af48c488f62e60b6a1f70ff.jpg\" data-src=\"\/\/sc01.alicdn.com\/kf\/H8da6e4d563af48c488f62e60b6a1f70ff\/225636084\/H8da6e4d563af48c488f62e60b6a1f70ff.jpg\" \/><\/div>\n<\/div>\n<\/div>\n<\/div>\n<div><\/div>\n<\/div>\n<div><\/div>\n<\/div>\n<\/div>","protected":false},"excerpt":{"rendered":"<p>Area: 500*300*170\/60 cm Tessuto: Tenda esterna in tela Indice di impermeabilit\u00e0: 1500-2000 mm Indice di impermeabilit\u00e0 inferiore: &gt;3000 mm Tipo di edificio: Costruzione in base alle necessit\u00e0 Stile tenda: Tipo di rinforzo dritto Stagione: Struttura della tenda per quattro stagioni: Nome prodotto con una camera da letto: tende da esterno con tenda a campana in tela di cotone Sahara da 3 m 4 m 5 m<\/p>\n<div class=\"read-more\"><a class=\"btn btn-fill-out\" href=\"https:\/\/uoogear.com\/it\/prodotto\/high-quality-3m-4m-5m-6m-7m-sahara-cotton-canvas-bell-tent-outdoor-tents-with-stove-hole\/\">Per saperne di pi\u00f9<\/a><\/div>","protected":false},"featured_media":4303,"template":"","meta":[],"product_brand":[],"product_cat":[15],"product_tag":[],"class_list":{"0":"post-4304","1":"product","2":"type-product","3":"status-publish","4":"has-post-thumbnail","6":"product_cat-uncategorized","7":"tm-no-options","9":"first","10":"instock","11":"shipping-taxable","12":"purchasable","13":"product-type-variable"},"_links":{"self":[{"href":"https:\/\/uoogear.com\/it\/wp-json\/wp\/v2\/product\/4304","targetHints":{"allow":["GET"]}}],"collection":[{"href":"https:\/\/uoogear.com\/it\/wp-json\/wp\/v2\/product"}],"about":[{"href":"https:\/\/uoogear.com\/it\/wp-json\/wp\/v2\/types\/product"}],"wp:featuredmedia":[{"embeddable":true,"href":"https:\/\/uoogear.com\/it\/wp-json\/wp\/v2\/media\/4303"}],"wp:attachment":[{"href":"https:\/\/uoogear.com\/it\/wp-json\/wp\/v2\/media?parent=4304"}],"wp:term":[{"taxonomy":"product_brand","embeddable":true,"href":"https:\/\/uoogear.com\/it\/wp-json\/wp\/v2\/product_brand?post=4304"},{"taxonomy":"product_cat","embeddable":true,"href":"https:\/\/uoogear.com\/it\/wp-json\/wp\/v2\/product_cat?post=4304"},{"taxonomy":"product_tag","embeddable":true,"href":"https:\/\/uoogear.com\/it\/wp-json\/wp\/v2\/product_tag?post=4304"}],"curies":[{"name":"wp","href":"https:\/\/api.w.org\/{rel}","templated":true}]}}