{"id":4342,"date":"2023-11-13T12:42:10","date_gmt":"2023-11-13T12:42:10","guid":{"rendered":"https:\/\/uoogear.com\/product\/outdoor-camping-car-soft-roof-top-tent-waterproofing\/"},"modified":"2023-11-30T08:28:02","modified_gmt":"2023-11-30T08:28:02","slug":"outdoor-camping-car-soft-roof-top-tent-waterproofing","status":"publish","type":"product","link":"https:\/\/uoogear.com\/it\/prodotto\/outdoor-camping-car-soft-roof-top-tent-waterproofing\/","title":{"rendered":"Impermeabilizzazione morbida della tenda da tetto per camper da esterno"},"content":{"rendered":"<ul>\n<li><strong>La zona : <\/strong> 240x140x130cm<\/li>\n<li><strong>Tessuto : <\/strong> Tela<\/li>\n<li><strong>Indice di impermeabilit\u00e0 della tenda esterna: <\/strong> 2000-3000 millimetri<\/li>\n<li><strong>Indice di impermeabilit\u00e0 inferiore: <\/strong> &gt;3000 mm<\/li>\n<li><strong>Tipo di edificio : <\/strong> Costruzione in base alle necessit\u00e0<\/li>\n<li><strong>Stile della tenda: <\/strong> Tipo con rinforzo dritto<\/li>\n<li><strong>Stagione : <\/strong> Tenda quattro stagioni<\/li>\n<li><strong>Struttura : <\/strong> Una camera da letto<\/li>\n<li><strong>Nome del prodotto : <\/strong> Impermeabilizzazione morbida della tenda da tetto per camper da esterno<\/li>\n<li><strong>Applicazione : <\/strong> Campeggio per escursioni all&#039;aria aperta<\/li>\n<li><strong>Parola chiave : <\/strong> impermeabilizzazione della tenda<\/li>\n<li><strong>Dimensione della tenda: <\/strong> 310x140x130cm<\/li>\n<li><strong>Dimensioni dell&#039;imballaggio: <\/strong> 145*123*24 cm<\/li>\n<li><strong>Tessuto del corpo: <\/strong> 280 g di cotone poliestere<\/li>\n<li><strong>Caricamento : <\/strong> 300kg-350kg<\/li>\n<li><strong>Pavimento : <\/strong> Foglio di alluminio<\/li>\n<li><strong>MOQ: <\/strong> 1 pezzo<\/li>\n<li><strong>Logo : <\/strong> Logo personalizzato<\/li>\n<\/ul>\n<div>\n<div data-host=\"112311420\" data-magic-global=\"%7B%22bizId%22%3A2634101818%2C%22pageId%22%3A5052820534%2C%22siteId%22%3A5005227190%7D\" data-id=\"detail_decorate_root\">\n<div data-section=\"AliMagic-nax1bk\" data-section-title=\"Products Description\">Descrizione dei prodotti<\/div>\n<div>\n<div>\n<div>\n<div>\n<div><\/div>\n<\/div>\n<\/div>\n<\/div>\n<div>\n<div data-id=\"below-title\">Impermeabilizzazione morbida della tenda da tetto per camper da esterno<\/div>\n<div data-id=\"below-content\">La tenda da tetto e i tendalini Soft Shell 4\u00d74 sono pronti in pochi minuti, cos\u00ec puoi rilassarti e goderti la vita all&#039;aria aperta. Realizzata in resistente tessuto traspirante di poliestere\/cotone di alta qualit\u00e0, la tenda da tetto resistente alla muffa e all&#039;acqua si adatta perfettamente al tetto del tuo 4\u00d74. Una robusta scala retrattile in alluminio consente un facile accesso. I materassi sono dotati di materasso in schiuma ad alta densit\u00e0 da 65 mm con rivestimento sfoderabile. Con finestre e porte completamente schermate. antipolvere e resistente agli insetti.<\/div>\n<\/div>\n<\/div>\n<div>\n<div>\n<h3 data-id=\"title0\">Caratteristiche<\/h3>\n<div>\n<div>\n<div data-id=\"paragraph0\">\n<p>-Tenda per quattro stagioni costruita per resistere agli elementi di qualsiasi stagione e clima<\/p>\n<div>-Pu\u00f2 ospitare fino a 2-3 persone<br \/>\n-Il tessuto della tenda \u00e8 resistente ai raggi UV e alle muffe per resistere agli elementi di ogni stagione<br \/>\n-Quattro ampie tasche interne per riporre attrezzi e accessori da campeggio<br \/>\n-Include un materasso in schiuma ad alta densit\u00e0 per un maggiore comfort<\/div>\n<\/div>\n<\/div>\n<\/div>\n<\/div>\n<\/div>\n<div data-section=\"AliMagic-n3jor0\" data-section-title=\"Specification\">Specifica<\/div>\n<div>\n<table>\n<tbody>\n<tr>\n<td>\n<div>Le stagioni<\/div>\n<\/td>\n<td>\n<div>4 stagioni<\/div>\n<\/td>\n<td>\n<div><\/div>\n<\/td>\n<td>\n<div><\/div>\n<\/td>\n<td>\n<div><\/div>\n<\/td>\n<\/tr>\n<tr>\n<td>\n<div>Misurare<\/div>\n<\/td>\n<td>\n<div>240\u00d7140\/160\/190\u00d7130 cm<\/div>\n<\/td>\n<td>\n<div><\/div>\n<\/td>\n<td>\n<div><\/div>\n<\/td>\n<td>\n<div><\/div>\n<\/td>\n<\/tr>\n<tr>\n<td>\n<div>Pavimento<\/div>\n<\/td>\n<td>\n<div>Foglio di alluminio<\/div>\n<\/td>\n<td>\n<div><\/div>\n<\/td>\n<td>\n<div><\/div>\n<\/td>\n<td>\n<div><\/div>\n<\/td>\n<\/tr>\n<tr>\n<td>\n<div>Colore<\/div>\n<\/td>\n<td>\n<div>Verde, kaki, grigio, arancione<\/div>\n<\/td>\n<td>\n<div><\/div>\n<\/td>\n<td>\n<div><\/div>\n<\/td>\n<td>\n<div><\/div>\n<\/td>\n<\/tr>\n<tr>\n<td>\n<div>Tessuto del baldacchino<\/div>\n<\/td>\n<td>\n<div>Cotone poliestere 280 g; Tessuto ripstop 600D con rivestimento ventilato impermeabile<\/div>\n<\/td>\n<td>\n<div><\/div>\n<\/td>\n<td>\n<div><\/div>\n<\/td>\n<td>\n<div><\/div>\n<\/td>\n<\/tr>\n<tr>\n<td>\n<div>Materiale del palo<\/div>\n<\/td>\n<td>\n<div>Acciaio inossidabile<\/div>\n<\/td>\n<td>\n<div><\/div>\n<\/td>\n<td>\n<div><\/div>\n<\/td>\n<td>\n<div><\/div>\n<\/td>\n<\/tr>\n<tr>\n<td>\n<div>Tessuto antipioggia<\/div>\n<\/td>\n<td>\n<div>poliestere Oxford 420D; Rivestito in PU<\/div>\n<\/td>\n<td>\n<div><\/div>\n<\/td>\n<td>\n<div><\/div>\n<\/td>\n<td>\n<div><\/div>\n<\/td>\n<\/tr>\n<tr>\n<td>\n<div>Materasso<\/div>\n<\/td>\n<td>\n<div>Spugna indeformabile densit\u00e0 38 con fodera in cotone<\/div>\n<\/td>\n<td>\n<div><\/div>\n<\/td>\n<td>\n<div><\/div>\n<\/td>\n<td>\n<div><\/div>\n<\/td>\n<\/tr>\n<tr>\n<td>\n<div>Costruzione di scale<\/div>\n<\/td>\n<td>\n<div>Scala scorrevole in alluminio<\/div>\n<\/td>\n<td>\n<div><\/div>\n<\/td>\n<td>\n<div><\/div>\n<\/td>\n<td>\n<div><\/div>\n<\/td>\n<\/tr>\n<tr>\n<td>\n<div>Materiale allegato<\/div>\n<\/td>\n<td>\n<div>poliestere Oxford 420D; Rivestito in PU<\/div>\n<\/td>\n<td>\n<div><\/div>\n<\/td>\n<td>\n<div><\/div>\n<\/td>\n<td>\n<div><\/div>\n<\/td>\n<\/tr>\n<tr>\n<td>\n<div>Materiale di copertura<\/div>\n<\/td>\n<td>\n<div>PVC resistente da 550 g<\/div>\n<\/td>\n<td>\n<div><\/div>\n<\/td>\n<td>\n<div><\/div>\n<\/td>\n<td>\n<div><\/div>\n<\/td>\n<\/tr>\n<tr>\n<td>\n<div>Telaio interno<\/div>\n<\/td>\n<td>\n<div>Tubo in alluminio da 5\/8\u2033<\/div>\n<\/td>\n<td>\n<div><\/div>\n<\/td>\n<td>\n<div><\/div>\n<\/td>\n<td>\n<div><\/div>\n<\/td>\n<\/tr>\n<tr>\n<td>\n<div>Costruzione della base<\/div>\n<\/td>\n<td>\n<div>Tubo in alluminio saldato con isolamento e lamiera di copertura in alluminio<\/div>\n<\/td>\n<td>\n<div><\/div>\n<\/td>\n<td>\n<div><\/div>\n<\/td>\n<td>\n<div><\/div>\n<\/td>\n<\/tr>\n<\/tbody>\n<\/table>\n<\/div>\n<div data-section=\"AliMagic-cs29h0\" data-section-title=\"Detail Images\">Immagini di dettaglio<\/div>\n<div>\n<div>\n<div>\n<div>\n<div><\/div>\n<\/div>\n<\/div>\n<\/div>\n<\/div>\n<div>\n<div>\n<div>\n<div>\n<div><img decoding=\"async\" src=\"https:\/\/uoogear.com\/wp-content\/uploads\/2023\/11\/Hdcd8e733e3c646b1955a6f4f5f060547q.webp\" data-src=\"https:\/\/uoogear.com\/wp-content\/uploads\/2023\/11\/Hdcd8e733e3c646b1955a6f4f5f060547q.webp\" \/><\/div>\n<\/div>\n<\/div>\n<\/div>\n<\/div>\n<div>\n<div>\n<div>\n<div>\n<div><img decoding=\"async\" src=\"https:\/\/uoogear.com\/wp-content\/uploads\/2023\/11\/H28c9eea970d24e0db9c7690b92a66ca4E-wpp1701332824151.webp\" data-src=\"https:\/\/uoogear.com\/wp-content\/uploads\/2023\/11\/H28c9eea970d24e0db9c7690b92a66ca4E-wpp1701332824151.webp\" \/><\/div>\n<\/div>\n<\/div>\n<\/div>\n<\/div>\n<div data-section=\"AliMagic-5vo4c6\" data-section-title=\"Customer Photos\"><\/div>\n<\/div>\n<\/div>","protected":false},"excerpt":{"rendered":"<p>Area: 240x140x130 cm Tessuto: Tenda esterna in tela Indice di impermeabilit\u00e0: 2000-3000 mm Indice di impermeabilit\u00e0 inferiore: &gt;3000 mm Tipo di edificio: Costruzione basata sulle necessit\u00e0 Stile tenda: Tipo con rinforzo dritto Stagione: Tenda quattro stagioni Struttura: Una camera da letto Nome del prodotto: Esterno impermeabilizzazione morbida della tenda da tetto del camper da campeggio Applicazione: all&#039;aperto<\/p>\n<div class=\"read-more\"><a class=\"btn btn-fill-out\" href=\"https:\/\/uoogear.com\/it\/prodotto\/outdoor-camping-car-soft-roof-top-tent-waterproofing\/\">Per saperne di pi\u00f9<\/a><\/div>","protected":false},"featured_media":4341,"template":"","meta":[],"product_brand":[],"product_cat":[15],"product_tag":[],"class_list":{"0":"post-4342","1":"product","2":"type-product","3":"status-publish","4":"has-post-thumbnail","6":"product_cat-uncategorized","7":"tm-no-options","9":"first","10":"instock","11":"shipping-taxable","12":"purchasable","13":"product-type-variable"},"_links":{"self":[{"href":"https:\/\/uoogear.com\/it\/wp-json\/wp\/v2\/product\/4342","targetHints":{"allow":["GET"]}}],"collection":[{"href":"https:\/\/uoogear.com\/it\/wp-json\/wp\/v2\/product"}],"about":[{"href":"https:\/\/uoogear.com\/it\/wp-json\/wp\/v2\/types\/product"}],"wp:featuredmedia":[{"embeddable":true,"href":"https:\/\/uoogear.com\/it\/wp-json\/wp\/v2\/media\/4341"}],"wp:attachment":[{"href":"https:\/\/uoogear.com\/it\/wp-json\/wp\/v2\/media?parent=4342"}],"wp:term":[{"taxonomy":"product_brand","embeddable":true,"href":"https:\/\/uoogear.com\/it\/wp-json\/wp\/v2\/product_brand?post=4342"},{"taxonomy":"product_cat","embeddable":true,"href":"https:\/\/uoogear.com\/it\/wp-json\/wp\/v2\/product_cat?post=4342"},{"taxonomy":"product_tag","embeddable":true,"href":"https:\/\/uoogear.com\/it\/wp-json\/wp\/v2\/product_tag?post=4342"}],"curies":[{"name":"wp","href":"https:\/\/api.w.org\/{rel}","templated":true}]}}