{"id":4373,"date":"2023-11-13T12:44:58","date_gmt":"2023-11-13T12:44:58","guid":{"rendered":"https:\/\/uoogear.com\/product\/5m-canvas-tent-factory-manufacturer-bell-tent\/"},"modified":"2023-11-30T02:29:25","modified_gmt":"2023-11-30T02:29:25","slug":"5m-canvas-tent-factory-manufacturer-bell-tent","status":"publish","type":"product","link":"https:\/\/uoogear.com\/it\/prodotto\/5m-canvas-tent-factory-manufacturer-bell-tent\/","title":{"rendered":"Tenda a campana del produttore della fabbrica di tende in tela da 5 m"},"content":{"rendered":"<ul>\n<li><strong>La zona : <\/strong> 13 Metri Quadrati<\/li>\n<li><strong>Tessuto : <\/strong> Tela<\/li>\n<li><strong>Indice di impermeabilit\u00e0 della tenda esterna: <\/strong> 1500-2000 millimetri<\/li>\n<li><strong>Indice di impermeabilit\u00e0 inferiore: <\/strong> &gt;3000 mm<\/li>\n<li><strong>Tipo di edificio : <\/strong> Costruzione in base alle necessit\u00e0<\/li>\n<li><strong>Stile della tenda: <\/strong> Tipo con rinforzo dritto<\/li>\n<li><strong>Stagione : <\/strong> Tenda quattro stagioni<\/li>\n<li><strong>Struttura : <\/strong> Una camera da letto<\/li>\n<li><strong>Misurare : <\/strong> 500*300*170\/60 cm<\/li>\n<li><strong>Utilizzo: <\/strong> Intrattenimento all&#039;aperto<\/li>\n<li><strong>Tessuto del pavimento: <\/strong> Tessuto in PVC da 540 g<\/li>\n<li><strong>Nome del prodotto : <\/strong> Tenda a campana del produttore della fabbrica di tende in tela da 5 m<\/li>\n<li><strong>Parola chiave : <\/strong> Tenda a campana<\/li>\n<li><strong>Poli: <\/strong> Rivestito in rame-zinco<\/li>\n<li><strong>Indice di impermeabilit\u00e0: <\/strong> 2000-3000 mm<\/li>\n<li><strong>Porta : <\/strong> Porta con cerniera e rete<\/li>\n<li><strong>MOQ: <\/strong> Tenda a campana 1 pezzo<\/li>\n<li><strong>Assistenza post-vendita : <\/strong> 1<\/li>\n<\/ul>\n<div>\n<div data-magic-global=\"%7B%22bizId%22%3A2634101818%2C%22pageId%22%3A5047952263%2C%22siteId%22%3A5005227190%7D\">\n<div>\n<div data-section=\"AliMagic-ip73a6\" data-section-title=\"Product Description\">Descrizione del prodotto<\/div>\n<\/div>\n<div>\n<div>\n<div>\n<div>\n<div>\n<div><img decoding=\"async\" src=\"\/\/sc01.alicdn.com\/kf\/Hc09fb0725c5547578e3f95c183da6fca9\/225636084\/Hc09fb0725c5547578e3f95c183da6fca9.jpg\" data-src=\"\/\/sc01.alicdn.com\/kf\/Hc09fb0725c5547578e3f95c183da6fca9\/225636084\/Hc09fb0725c5547578e3f95c183da6fca9.jpg\" \/><\/div>\n<\/div>\n<\/div>\n<\/div>\n<\/div>\n<\/div>\n<div>\n<div>\n<div>\n<h3><strong>Tenda a campana del produttore della fabbrica di tende in tela da 5 m<\/strong><\/h3>\n<div>\n<div>\n<div>\n<p>Un design classico e spazioso della tenda Bell, aggiornato con un robusto telo integrato che fornisce una tenuta stagna attorno alla base per una maggiore garanzia in caso di pioggia. La tenda a campana ha abbastanza spazio per il viaggio in campeggio di una famiglia numerosa con la capacit\u00e0 di quattro materassi matrimoniali. Con un solo letto, \u00e8 davvero molto spaziosa, con tanto spazio per tutti i lussi del tuo campeggio - e tanto spazio libero!<\/p>\n<div><strong><span style=\"color: #c277d0;\">Caratteristiche della tenda Bell<\/span><\/strong><br \/>\n1. La tenda a campana in tela \u00e8 dotata di un robusto telo da terra fissato alla tenda con una cerniera. Il pavimento \u00e8 realizzato in PVC e pesa 540 g\/m\u00b2<br \/>\n2. Caratteristica molto popolare: i lati si arrotolano facilmente per lasciare passare il vento sotto nelle calde giornate estive.<br \/>\n3. Favoloso colore sabbia che crea un&#039;atmosfera calda e romantica<br \/>\n4. Qualit\u00e0 di costruzione splendidamente realizzata. Doppie cuciture tutt&#039;intorno e punti chiave rinforzati<br \/>\n5. Il materiale \u00e8 trattato per essere ancora pi\u00f9 resistente all&#039;acqua e alle muffe. L&#039;interno della tenda non si sente mai umido o umido e rimane<br \/>\n6. 1 persona impiega solo 8-10 minuti per lanciare<\/div>\n<\/div>\n<\/div>\n<\/div>\n<\/div>\n<\/div>\n<\/div>\n<div>\n<div data-section=\"AliMagic-zkjxn9\" data-section-title=\"Product Paramenters\">Parametri del prodotto<\/div>\n<\/div>\n<div>\n<div>\n<table>\n<tbody>\n<tr>\n<td>\n<div>Nome dell&#039;elemento<\/div>\n<\/td>\n<td>\n<div>Tenda a campana<\/div>\n<\/td>\n<td>\n<div><\/div>\n<\/td>\n<td>\n<div><\/div>\n<\/td>\n<td>\n<div><\/div>\n<\/td>\n<\/tr>\n<tr>\n<td>\n<div>Diametro<\/div>\n<\/td>\n<td>\n<div>3m,4m,5m,6m,7m<\/div>\n<\/td>\n<td>\n<div><\/div>\n<\/td>\n<td>\n<div><\/div>\n<\/td>\n<td>\n<div><\/div>\n<\/td>\n<\/tr>\n<tr>\n<td>\n<div>Tessuto del tetto<\/div>\n<\/td>\n<td>\n<div>Tela di cotone da 300 g\/m\u00b2, rivestimento in PU, impermeabile, resistente alla muffa.<\/div>\n<\/td>\n<td>\n<div><\/div>\n<\/td>\n<td>\n<div><\/div>\n<\/td>\n<td>\n<div><\/div>\n<\/td>\n<\/tr>\n<tr>\n<td>\n<div>Telo di base<\/div>\n<\/td>\n<td>\n<div>PVC ripstop da 540 g\/m\u00b2, impermeabile, staccabile dalla tenda tramite cerniera.<\/div>\n<\/td>\n<td>\n<div><\/div>\n<\/td>\n<td>\n<div><\/div>\n<\/td>\n<td>\n<div><\/div>\n<\/td>\n<\/tr>\n<tr>\n<td>\n<div>Netto<\/div>\n<\/td>\n<td>\n<div>Bianco, sia su porte che finestre<\/div>\n<\/td>\n<td>\n<div><\/div>\n<\/td>\n<td>\n<div><\/div>\n<\/td>\n<td>\n<div><\/div>\n<\/td>\n<\/tr>\n<tr>\n<td>\n<div>Polo centrale<\/div>\n<\/td>\n<td>\n<div>Tubo in acciaio zincato diametro 32 mm, spessore 1,2 mm, rivestito in rame-zinco.<\/div>\n<\/td>\n<td>\n<div><\/div>\n<\/td>\n<td>\n<div><\/div>\n<\/td>\n<td>\n<div><\/div>\n<\/td>\n<\/tr>\n<tr>\n<td>\n<div>Finestra<\/div>\n<\/td>\n<td>\n<div>4 finestre laterali e 4 prese d&#039;aria sull&#039;apice, con rete.<\/div>\n<\/td>\n<td>\n<div><\/div>\n<\/td>\n<td>\n<div><\/div>\n<\/td>\n<td>\n<div><\/div>\n<\/td>\n<\/tr>\n<tr>\n<td>\n<div>Porta<\/div>\n<\/td>\n<td>\n<div>1 porta con cerniera, cerniera La porta in rete \u00e8 opzionale, con patta.<\/div>\n<\/td>\n<td>\n<div><\/div>\n<\/td>\n<td>\n<div><\/div>\n<\/td>\n<td>\n<div><\/div>\n<\/td>\n<\/tr>\n<\/tbody>\n<\/table>\n<\/div>\n<\/div>\n<div>\n<div data-section=\"AliMagic-zdt106\" data-section-title=\"Details\">Dettagli<\/div>\n<\/div>\n<div>\n<div>\n<div>\n<div>\n<div>\n<div><img decoding=\"async\" src=\"\/\/sc01.alicdn.com\/kf\/Hb2cabe10c9ef4794bfa509584b13f743Q\/225636084\/Hb2cabe10c9ef4794bfa509584b13f743Q.jpg\" data-src=\"\/\/sc01.alicdn.com\/kf\/Hb2cabe10c9ef4794bfa509584b13f743Q\/225636084\/Hb2cabe10c9ef4794bfa509584b13f743Q.jpg\" \/><\/div>\n<\/div>\n<\/div>\n<\/div>\n<\/div>\n<\/div>\n<div>\n<div>\n<div>\n<div>\n<div>\n<div><img decoding=\"async\" src=\"\/\/sc01.alicdn.com\/kf\/Hea8e85c9bc9547008bcb1ccb2b3cee85b\/225636084\/Hea8e85c9bc9547008bcb1ccb2b3cee85b.jpg\" data-src=\"\/\/sc01.alicdn.com\/kf\/Hea8e85c9bc9547008bcb1ccb2b3cee85b\/225636084\/Hea8e85c9bc9547008bcb1ccb2b3cee85b.jpg\" \/><\/div>\n<\/div>\n<\/div>\n<\/div>\n<\/div>\n<\/div>\n<div>\n<div>\n<div>\n<div>\n<div>\n<div data-spm-anchor-id=\"a2700.wholesale.0.i46.5a31fe24gtMMaP\"><img decoding=\"async\" src=\"\/\/sc01.alicdn.com\/kf\/H0d2acdfd09a0449c81414d4c4087b535i\/225636084\/H0d2acdfd09a0449c81414d4c4087b535i.jpg\" data-src=\"\/\/sc01.alicdn.com\/kf\/H0d2acdfd09a0449c81414d4c4087b535i\/225636084\/H0d2acdfd09a0449c81414d4c4087b535i.jpg\" \/><\/div>\n<\/div>\n<\/div>\n<\/div>\n<\/div>\n<\/div>\n<div>\n<div data-section=\"AliMagic-ufrss4\" data-section-title=\"Customer Photos\"><\/div>\n<\/div>\n<div><\/div>\n<\/div>\n<\/div>","protected":false},"excerpt":{"rendered":"<p>Superficie: 13 metri quadrati Tessuto: Tenda esterna in tela Indice di impermeabilit\u00e0: 1500-2000 mm Indice di impermeabilit\u00e0 inferiore: &gt;3000 mm Tipo di edificio: Costruzione in base alle necessit\u00e0 Stile tenda: Tipo con rinforzo dritto Stagione: Quattro stagioni Struttura della tenda: Una camera da letto Dimensioni: 500 *300*170\/60 CM Utilizzo: Tessuto per pavimenti per intrattenimento all&#039;aperto: tessuto in PVC da 540 g<\/p>\n<div class=\"read-more\"><a class=\"btn btn-fill-out\" href=\"https:\/\/uoogear.com\/it\/prodotto\/5m-canvas-tent-factory-manufacturer-bell-tent\/\">Per saperne di pi\u00f9<\/a><\/div>","protected":false},"featured_media":4372,"template":"","meta":[],"product_brand":[],"product_cat":[15],"product_tag":[],"class_list":{"0":"post-4373","1":"product","2":"type-product","3":"status-publish","4":"has-post-thumbnail","6":"product_cat-uncategorized","7":"tm-no-options","9":"first","10":"instock","11":"shipping-taxable","12":"purchasable","13":"product-type-variable"},"_links":{"self":[{"href":"https:\/\/uoogear.com\/it\/wp-json\/wp\/v2\/product\/4373","targetHints":{"allow":["GET"]}}],"collection":[{"href":"https:\/\/uoogear.com\/it\/wp-json\/wp\/v2\/product"}],"about":[{"href":"https:\/\/uoogear.com\/it\/wp-json\/wp\/v2\/types\/product"}],"wp:featuredmedia":[{"embeddable":true,"href":"https:\/\/uoogear.com\/it\/wp-json\/wp\/v2\/media\/4372"}],"wp:attachment":[{"href":"https:\/\/uoogear.com\/it\/wp-json\/wp\/v2\/media?parent=4373"}],"wp:term":[{"taxonomy":"product_brand","embeddable":true,"href":"https:\/\/uoogear.com\/it\/wp-json\/wp\/v2\/product_brand?post=4373"},{"taxonomy":"product_cat","embeddable":true,"href":"https:\/\/uoogear.com\/it\/wp-json\/wp\/v2\/product_cat?post=4373"},{"taxonomy":"product_tag","embeddable":true,"href":"https:\/\/uoogear.com\/it\/wp-json\/wp\/v2\/product_tag?post=4373"}],"curies":[{"name":"wp","href":"https:\/\/api.w.org\/{rel}","templated":true}]}}