{"id":4391,"date":"2023-11-13T12:47:07","date_gmt":"2023-11-13T12:47:07","guid":{"rendered":"https:\/\/uoogear.com\/product\/outdoor-custom-waterproof-glamping-cotton-canvas-bell-tents-for-camping-with-awning\/"},"modified":"2023-11-30T02:30:23","modified_gmt":"2023-11-30T02:30:23","slug":"outdoor-custom-waterproof-glamping-cotton-canvas-bell-tents-for-camping-with-awning","status":"publish","type":"product","link":"https:\/\/uoogear.com\/it\/prodotto\/outdoor-custom-waterproof-glamping-cotton-canvas-bell-tents-for-camping-with-awning\/","title":{"rendered":"Tende a campana in tela di cotone glamping impermeabili personalizzate per esterni per il campeggio con tenda da sole"},"content":{"rendered":"<ul>\n<li><strong>La zona : <\/strong> 500*300cm<\/li>\n<li><strong>Tessuto : <\/strong> Tela<\/li>\n<li><strong>Indice di impermeabilit\u00e0 della tenda esterna: <\/strong> 1500-2000 millimetri<\/li>\n<li><strong>Indice di impermeabilit\u00e0 inferiore: <\/strong> &gt;3000 mm<\/li>\n<li><strong>Tipo di edificio : <\/strong> Costruzione in base alle necessit\u00e0<\/li>\n<li><strong>Stile della tenda: <\/strong> Tipo con rinforzo dritto<\/li>\n<li><strong>Stagione : <\/strong> Tenda quattro stagioni<\/li>\n<li><strong>Struttura : <\/strong> Una camera da letto<\/li>\n<li><strong>Nome del prodotto : <\/strong> tende a campana in tela di cotone per il campeggio con tendalino<\/li>\n<li><strong>Colore : <\/strong> Beige<\/li>\n<li><strong>Applicazione : <\/strong> Campeggio per escursioni all&#039;aria aperta<\/li>\n<li><strong>Parola chiave : <\/strong> tende per il campeggio<\/li>\n<li><strong>Caratteristica : <\/strong> Impermeabile<\/li>\n<li><strong>Materiale : <\/strong> Tela di cotone da 300 g\/mq<\/li>\n<li><strong>Misurare : <\/strong> 500*300*170\/60 centimetri<\/li>\n<li><strong>MOQ: <\/strong> 1 pezzo<\/li>\n<\/ul>\n<div>\n<div data-host=\"112311420\" data-id=\"detail_decorate_root\">\n<div data-reactroot=\"\">\n<div data-section=\"AliMagic-af7zby\" data-section-title=\"Products Description\">Descrizione dei prodotti<\/div>\n<div>\n<div>\n<div>\n<div>\n<div><img decoding=\"async\" src=\"\/\/sc01.alicdn.com\/kf\/Hf36d73868dd540b595b5d4574c7a2a13M\/225636084\/Hf36d73868dd540b595b5d4574c7a2a13M.jpg\" data-src=\"\/\/sc01.alicdn.com\/kf\/Hf36d73868dd540b595b5d4574c7a2a13M\/225636084\/Hf36d73868dd540b595b5d4574c7a2a13M.jpg\" data-id=\"child-image-0\" \/><\/div>\n<\/div>\n<\/div>\n<\/div>\n<div>\n<div data-id=\"below-title\">Tende a campana in tela di cotone per campeggio con tendalino<\/div>\n<div data-id=\"below-content\">Un design classico e spazioso della tenda Bell, aggiornato con un robusto telo integrato che fornisce una tenuta stagna attorno alla base per una maggiore garanzia in caso di pioggia. La tenda a campana da 5 metri offre ampio spazio per il viaggio in campeggio di una famiglia numerosa con la capacit\u00e0 di quattro materassi matrimoniali. Con un solo letto, \u00e8 davvero molto spaziosa, con tanto spazio per tutti i lussi del tuo campeggio - e tanto spazio libero!<\/div>\n<\/div>\n<\/div>\n<div>\n<div>\n<h3 data-id=\"title0\">\u00a0 \u00a0 Caratteristiche<\/h3>\n<div>\n<div>\n<div data-id=\"paragraph0\">\n<p>\u00a0 \u00a0 1.La tenda a campana in tela \u00e8 dotata di un telo resistente fissato alla tenda con una cerniera.<\/p>\n<div>\u00a0 \u00a0 2.Il pavimento \u00e8 realizzato in PVC e pesa 540 g\/m\u00b2<\/div>\n<div>\u00a0 \u00a0 3. I lati si arrotolano facilmente per lasciare passare il vento sotto nelle calde giornate estive<\/div>\n<div>\u00a0 \u00a0 4. Qualit\u00e0 costruttiva splendidamente realizzata. Doppie cuciture tutt&#039;intorno e punti chiave rinforzati<\/div>\n<div>\u00a0 \u00a0 5. Il materiale \u00e8 trattato per essere ancora pi\u00f9 resistente all&#039;acqua e alle muffe.<\/div>\n<div>\u00a0 \u00a0 6.Una persona impiega solo dai 5 agli 8 minuti per montare<\/div>\n<\/div>\n<\/div>\n<\/div>\n<\/div>\n<\/div>\n<div data-section=\"AliMagic-u2qvef\" data-section-title=\"Specification\">Specifica<\/div>\n<div>\n<table>\n<tbody>\n<tr>\n<td>\n<div>Taglia del prodotto<\/div>\n<\/td>\n<td>\n<div>300*250*160\/60cm<\/div>\n<\/td>\n<td>\n<div><\/div>\n<\/td>\n<td>\n<div><\/div>\n<\/td>\n<td>\n<div><\/div>\n<\/td>\n<\/tr>\n<tr>\n<td>\n<div>Dimensioni del pacchetto<\/div>\n<\/td>\n<td>\n<div>110*27*32 centimetri<\/div>\n<\/td>\n<td>\n<div><\/div>\n<\/td>\n<td>\n<div><\/div>\n<\/td>\n<td>\n<div><\/div>\n<\/td>\n<\/tr>\n<tr>\n<td>\n<div>Tessuto<\/div>\n<\/td>\n<td>\n<div>Tela di cotone 100% da 300 g\/m\u00b2<\/div>\n<\/td>\n<td>\n<div><\/div>\n<\/td>\n<td>\n<div><\/div>\n<\/td>\n<td>\n<div><\/div>\n<\/td>\n<\/tr>\n<tr>\n<td>\n<div>Pavimento<\/div>\n<\/td>\n<td>\n<div>PVC antistrappo da 540 g\/m\u00b2<\/div>\n<\/td>\n<td>\n<div><\/div>\n<\/td>\n<td>\n<div><\/div>\n<\/td>\n<td>\n<div><\/div>\n<\/td>\n<\/tr>\n<tr>\n<td>\n<div>Polo Centrale<\/div>\n<\/td>\n<td>\n<div>Diametro 32 mm, tubo in acciaio zincato, rivestito in rame-zinco<\/div>\n<\/td>\n<td>\n<div><\/div>\n<\/td>\n<td>\n<div><\/div>\n<\/td>\n<td>\n<div><\/div>\n<\/td>\n<\/tr>\n<tr>\n<td>\n<div>Tipologia di ingresso<\/div>\n<\/td>\n<td>\n<div>Un palo del telaio sulla porta, diametro 19 mm<\/div>\n<\/td>\n<td>\n<div><\/div>\n<\/td>\n<td>\n<div><\/div>\n<\/td>\n<td>\n<div><\/div>\n<\/td>\n<\/tr>\n<tr>\n<td>\n<div>Cerniere<\/div>\n<\/td>\n<td>\n<div>Cerniera SBS, cerniere a doppia maniglia<\/div>\n<\/td>\n<td>\n<div><\/div>\n<\/td>\n<td>\n<div><\/div>\n<\/td>\n<td>\n<div><\/div>\n<\/td>\n<\/tr>\n<tr>\n<td>\n<div>finestre<\/div>\n<\/td>\n<td>\n<div>4 finestre con cerniera e rete<\/div>\n<\/td>\n<td>\n<div><\/div>\n<\/td>\n<td>\n<div><\/div>\n<\/td>\n<td>\n<div><\/div>\n<\/td>\n<\/tr>\n<tr>\n<td>\n<div>Prese d&#039;aria<\/div>\n<\/td>\n<td>\n<div>4 prese d&#039;aria triangolari con rete<\/div>\n<\/td>\n<td>\n<div><\/div>\n<\/td>\n<td>\n<div><\/div>\n<\/td>\n<td>\n<div><\/div>\n<\/td>\n<\/tr>\n<tr>\n<td>\n<div>Porta<\/div>\n<\/td>\n<td>\n<div>1 porta con cerniera e rete<\/div>\n<\/td>\n<td>\n<div><\/div>\n<\/td>\n<td>\n<div><\/div>\n<\/td>\n<td>\n<div><\/div>\n<\/td>\n<\/tr>\n<tr>\n<td>\n<div>Pioli<\/div>\n<\/td>\n<td>\n<div>\u0278 6mm 5mmx20mm 24pz<\/div>\n<\/td>\n<td>\n<div><\/div>\n<\/td>\n<td>\n<div><\/div>\n<\/td>\n<td>\n<div><\/div>\n<\/td>\n<\/tr>\n<tr>\n<td>\n<div>Imballaggio<\/div>\n<\/td>\n<td>\n<div>nella borsa per il trasporto e poi nell&#039;imballaggio in cartone<\/div>\n<\/td>\n<td>\n<div><\/div>\n<\/td>\n<td>\n<div><\/div>\n<\/td>\n<td>\n<div><\/div>\n<\/td>\n<\/tr>\n<\/tbody>\n<\/table>\n<\/div>\n<div data-section=\"AliMagic-78q3yo\" data-section-title=\"Details\">Dettagli<\/div>\n<div>\n<div>\n<div>\n<div>\n<div><img decoding=\"async\" src=\"\/\/sc02.alicdn.com\/kf\/H7b5e068f5bbc40089647cddc36ee6a66e\/225636084\/H7b5e068f5bbc40089647cddc36ee6a66e.jpg\" data-src=\"\/\/sc02.alicdn.com\/kf\/H7b5e068f5bbc40089647cddc36ee6a66e\/225636084\/H7b5e068f5bbc40089647cddc36ee6a66e.jpg\" \/><\/div>\n<\/div>\n<\/div>\n<\/div>\n<\/div>\n<div>\n<div>\n<div>\n<div>\n<div><img decoding=\"async\" src=\"\/\/sc01.alicdn.com\/kf\/H0d2acdfd09a0449c81414d4c4087b535i\/225636084\/H0d2acdfd09a0449c81414d4c4087b535i.jpg\" data-src=\"\/\/sc01.alicdn.com\/kf\/H0d2acdfd09a0449c81414d4c4087b535i\/225636084\/H0d2acdfd09a0449c81414d4c4087b535i.jpg\" \/><\/div>\n<\/div>\n<\/div>\n<\/div>\n<\/div>\n<div data-section=\"AliMagic-xk4fxk\" data-section-title=\"Application\">Applicazione<\/div>\n<div>\n<div>\n<div>\n<div>\n<div><img decoding=\"async\" src=\"\/\/sc02.alicdn.com\/kf\/H2c99e2db1880498da08767acaa3c1fce6\/225636084\/H2c99e2db1880498da08767acaa3c1fce6.png\" data-src=\"\/\/sc02.alicdn.com\/kf\/H2c99e2db1880498da08767acaa3c1fce6\/225636084\/H2c99e2db1880498da08767acaa3c1fce6.png\" \/><\/div>\n<\/div>\n<\/div>\n<\/div>\n<\/div>\n<div>\n<div>\n<div>\n<div>\n<div><img decoding=\"async\" src=\"\/\/sc01.alicdn.com\/kf\/H9aa939c18c40425abdf172a611ffe8a9Q\/225636084\/H9aa939c18c40425abdf172a611ffe8a9Q.png\" data-src=\"\/\/sc01.alicdn.com\/kf\/H9aa939c18c40425abdf172a611ffe8a9Q\/225636084\/H9aa939c18c40425abdf172a611ffe8a9Q.png\" \/><\/div>\n<\/div>\n<\/div>\n<\/div>\n<\/div>\n<div data-section=\"AliMagic-bk6wn1\" data-section-title=\"Packing &amp; Delivery\"><\/div>\n<\/div>\n<\/div>\n<\/div>","protected":false},"excerpt":{"rendered":"<p>Area: 500*300 cm Tessuto: Tenda esterna in tela Indice di impermeabilit\u00e0: 1500-2000 mm Indice di impermeabilit\u00e0 inferiore: &gt;3000 mm Tipo di edificio: Costruzione in base alle necessit\u00e0 Stile tenda: Tipo di rinforzo dritto Stagione: Tenda quattro stagioni Struttura: Una camera da letto Nome del prodotto : tende a campana in tela di cotone per campeggio con tendalino Colore: Beige<\/p>\n<div class=\"read-more\"><a class=\"btn btn-fill-out\" href=\"https:\/\/uoogear.com\/it\/prodotto\/outdoor-custom-waterproof-glamping-cotton-canvas-bell-tents-for-camping-with-awning\/\">Per saperne di pi\u00f9<\/a><\/div>","protected":false},"featured_media":4390,"template":"","meta":[],"product_brand":[],"product_cat":[15],"product_tag":[],"class_list":{"0":"post-4391","1":"product","2":"type-product","3":"status-publish","4":"has-post-thumbnail","6":"product_cat-uncategorized","7":"tm-no-options","9":"first","10":"instock","11":"shipping-taxable","12":"purchasable","13":"product-type-variable"},"_links":{"self":[{"href":"https:\/\/uoogear.com\/it\/wp-json\/wp\/v2\/product\/4391","targetHints":{"allow":["GET"]}}],"collection":[{"href":"https:\/\/uoogear.com\/it\/wp-json\/wp\/v2\/product"}],"about":[{"href":"https:\/\/uoogear.com\/it\/wp-json\/wp\/v2\/types\/product"}],"wp:featuredmedia":[{"embeddable":true,"href":"https:\/\/uoogear.com\/it\/wp-json\/wp\/v2\/media\/4390"}],"wp:attachment":[{"href":"https:\/\/uoogear.com\/it\/wp-json\/wp\/v2\/media?parent=4391"}],"wp:term":[{"taxonomy":"product_brand","embeddable":true,"href":"https:\/\/uoogear.com\/it\/wp-json\/wp\/v2\/product_brand?post=4391"},{"taxonomy":"product_cat","embeddable":true,"href":"https:\/\/uoogear.com\/it\/wp-json\/wp\/v2\/product_cat?post=4391"},{"taxonomy":"product_tag","embeddable":true,"href":"https:\/\/uoogear.com\/it\/wp-json\/wp\/v2\/product_tag?post=4391"}],"curies":[{"name":"wp","href":"https:\/\/api.w.org\/{rel}","templated":true}]}}