{"id":4525,"date":"2023-11-14T02:01:10","date_gmt":"2023-11-14T02:01:10","guid":{"rendered":"https:\/\/uoogear.com\/product\/high-quality-outdoor-waterproof-inflatable-tent-outdoor-camping\/"},"modified":"2023-11-30T02:24:29","modified_gmt":"2023-11-30T02:24:29","slug":"high-quality-outdoor-waterproof-inflatable-tent-outdoor-camping","status":"publish","type":"product","link":"https:\/\/uoogear.com\/it\/prodotto\/high-quality-outdoor-waterproof-inflatable-tent-outdoor-camping\/","title":{"rendered":"Tenda gonfiabile impermeabile per esterni di alta qualit\u00e0 da campeggio all&#039;aperto"},"content":{"rendered":"<ul>\n<li><strong>La zona : <\/strong> 300 cm x 210 cm x 200 cm \/ 250 cm x 180 cm x 180 cm<\/li>\n<li><strong>Tessuto : <\/strong> PVC + tessuto di cotone + rete di poliestere<\/li>\n<li><strong>Indice di impermeabilit\u00e0 della tenda esterna: <\/strong> &gt;3000 mm<\/li>\n<li><strong>Indice di impermeabilit\u00e0 inferiore: <\/strong> &gt;3000 mm<\/li>\n<li><strong>Tipo di edificio : <\/strong> Costruzione in base alle necessit\u00e0<\/li>\n<li><strong>Stile della tenda: <\/strong> Paletto per tenda a tubo<\/li>\n<li><strong>Stagione : <\/strong> Tenda quattro stagioni<\/li>\n<li><strong>Struttura : <\/strong> Una camera da letto e un soggiorno<\/li>\n<li><strong>Nome del prodotto : <\/strong> tenda gonfiabile<\/li>\n<li><strong>Utilizzo: <\/strong> Intrattenimento all&#039;aperto<\/li>\n<li><strong>Stile : <\/strong> Moderno<\/li>\n<li><strong>Colore : <\/strong> Colore sabbia dorata<\/li>\n<li><strong>Applicazione : <\/strong> Campeggio da viaggio all&#039;aperto<\/li>\n<li><strong>Misurare : <\/strong> 300 cm x 210 cm x 200 cm \/ 250 cm x 180 cm x 180 cm<\/li>\n<li><strong>MOQ: <\/strong> 1 pezzo<\/li>\n<li><strong>Materiale : <\/strong> PVC<\/li>\n<li><strong>Accessori : <\/strong> Pompa+ borsa per il trasporto+ picchetti+ corde<\/li>\n<li><strong>Caratteristica : <\/strong> Impermeabile<\/li>\n<\/ul>\n<div>\n<div data-magic-global=\"%7B%22bizId%22%3A2212793521237%2C%22pageId%22%3A21199933883%2C%22siteId%22%3A10003212050%7D\">\n<div>\n<div data-section=\"AliMagic-tarf63\" data-section-title=\"Products Description\">Descrizione dei prodotti<\/div>\n<\/div>\n<div>\n<div>\n<div><img decoding=\"async\" src=\"\/\/sc04.alicdn.com\/kf\/H8ec188c83b96483f9fbaf685d7bc7fe1I\/255148517\/H8ec188c83b96483f9fbaf685d7bc7fe1I.jpg\" data-src=\"\/\/sc04.alicdn.com\/kf\/H8ec188c83b96483f9fbaf685d7bc7fe1I\/255148517\/H8ec188c83b96483f9fbaf685d7bc7fe1I.jpg\" \/><\/div>\n<div><img decoding=\"async\" src=\"\/\/sc04.alicdn.com\/kf\/H87ed69d73ee0441893570a4b36096b0fD\/255148517\/H87ed69d73ee0441893570a4b36096b0fD.jpg\" data-src=\"\/\/sc04.alicdn.com\/kf\/H87ed69d73ee0441893570a4b36096b0fD\/255148517\/H87ed69d73ee0441893570a4b36096b0fD.jpg\" \/><\/div>\n<div><img decoding=\"async\" src=\"\/\/sc04.alicdn.com\/kf\/H9a27e33591dc4f3a915df9e02ccf989bk\/255148517\/H9a27e33591dc4f3a915df9e02ccf989bk.jpg\" data-src=\"\/\/sc04.alicdn.com\/kf\/H9a27e33591dc4f3a915df9e02ccf989bk\/255148517\/H9a27e33591dc4f3a915df9e02ccf989bk.jpg\" \/><\/div>\n<div><img decoding=\"async\" src=\"\/\/sc04.alicdn.com\/kf\/Hd192c14ec4e94d2ab78785ab09d480aaP\/255148517\/Hd192c14ec4e94d2ab78785ab09d480aaP.jpg\" data-src=\"\/\/sc04.alicdn.com\/kf\/Hd192c14ec4e94d2ab78785ab09d480aaP\/255148517\/Hd192c14ec4e94d2ab78785ab09d480aaP.jpg\" \/><\/div>\n<div><img decoding=\"async\" src=\"\/\/sc04.alicdn.com\/kf\/Hf55c29374e44478db53923ddb0d1d95bn\/255148517\/Hf55c29374e44478db53923ddb0d1d95bn.jpg\" data-src=\"\/\/sc04.alicdn.com\/kf\/Hf55c29374e44478db53923ddb0d1d95bn\/255148517\/Hf55c29374e44478db53923ddb0d1d95bn.jpg\" \/><\/div>\n<div><img decoding=\"async\" src=\"\/\/sc04.alicdn.com\/kf\/H78152f2f5f2744aeafe44263694d4430R\/255148517\/H78152f2f5f2744aeafe44263694d4430R.jpg\" data-src=\"\/\/sc04.alicdn.com\/kf\/H78152f2f5f2744aeafe44263694d4430R\/255148517\/H78152f2f5f2744aeafe44263694d4430R.jpg\" \/><\/div>\n<div><img decoding=\"async\" src=\"\/\/sc04.alicdn.com\/kf\/H37ced19d4cda450aaa56ff7ac9fe961ee\/255148517\/H37ced19d4cda450aaa56ff7ac9fe961ee.jpg\" data-src=\"\/\/sc04.alicdn.com\/kf\/H37ced19d4cda450aaa56ff7ac9fe961ee\/255148517\/H37ced19d4cda450aaa56ff7ac9fe961ee.jpg\" \/><\/div>\n<\/div>\n<\/div>\n<div><\/div>\n<div>\n<div>\n<div>\n<div>\n<div><\/div>\n<\/div>\n<\/div>\n<\/div>\n<\/div>\n<\/div>\n<\/div>","protected":false},"excerpt":{"rendered":"<p>Area: 300 cm x 210 cm x 200 cm \/ 250 cm x 180 cm x 180 cm Tessuto: PVC+tela di cotone+ rete di poliestere Indice di impermeabilit\u00e0 della tenda esterna: &gt;3000 mm Indice di impermeabilit\u00e0 inferiore: &gt;3000 mm Tipo di edificio: Costruzione in base alle necessit\u00e0 Stile tenda: Tenda a tubo Stagione: Tenda a quattro stagioni Struttura: Una camera da letto e un soggiorno Nome del prodotto: tenda gonfiabile<\/p>\n<div class=\"read-more\"><a class=\"btn btn-fill-out\" href=\"https:\/\/uoogear.com\/it\/prodotto\/high-quality-outdoor-waterproof-inflatable-tent-outdoor-camping\/\">Per saperne di pi\u00f9<\/a><\/div>","protected":false},"featured_media":4524,"template":"","meta":[],"product_brand":[],"product_cat":[15],"product_tag":[],"class_list":{"0":"post-4525","1":"product","2":"type-product","3":"status-publish","4":"has-post-thumbnail","6":"product_cat-uncategorized","7":"tm-no-options","9":"first","10":"instock","11":"shipping-taxable","12":"purchasable","13":"product-type-variable"},"_links":{"self":[{"href":"https:\/\/uoogear.com\/it\/wp-json\/wp\/v2\/product\/4525","targetHints":{"allow":["GET"]}}],"collection":[{"href":"https:\/\/uoogear.com\/it\/wp-json\/wp\/v2\/product"}],"about":[{"href":"https:\/\/uoogear.com\/it\/wp-json\/wp\/v2\/types\/product"}],"wp:featuredmedia":[{"embeddable":true,"href":"https:\/\/uoogear.com\/it\/wp-json\/wp\/v2\/media\/4524"}],"wp:attachment":[{"href":"https:\/\/uoogear.com\/it\/wp-json\/wp\/v2\/media?parent=4525"}],"wp:term":[{"taxonomy":"product_brand","embeddable":true,"href":"https:\/\/uoogear.com\/it\/wp-json\/wp\/v2\/product_brand?post=4525"},{"taxonomy":"product_cat","embeddable":true,"href":"https:\/\/uoogear.com\/it\/wp-json\/wp\/v2\/product_cat?post=4525"},{"taxonomy":"product_tag","embeddable":true,"href":"https:\/\/uoogear.com\/it\/wp-json\/wp\/v2\/product_tag?post=4525"}],"curies":[{"name":"wp","href":"https:\/\/api.w.org\/{rel}","templated":true}]}}