{"id":4553,"date":"2023-11-14T02:05:43","date_gmt":"2023-11-14T02:05:43","guid":{"rendered":"https:\/\/uoogear.com\/product\/luxury-large-camp-family-air-camping-tube-tent-inflatable-camping-tent\/"},"modified":"2023-11-30T02:28:10","modified_gmt":"2023-11-30T02:28:10","slug":"luxury-large-camp-family-air-camping-tube-tent-inflatable-camping-tent","status":"publish","type":"product","link":"https:\/\/uoogear.com\/it\/prodotto\/luxury-large-camp-family-air-camping-tube-tent-inflatable-camping-tent\/","title":{"rendered":"Tenda da campeggio gonfiabile della tenda da campeggio dell&#039;aria della famiglia del grande campo di lusso"},"content":{"rendered":"<ul>\n<li><strong>La zona : <\/strong> 425*765*230<\/li>\n<li><strong>Tessuto : <\/strong> PVC + tessuto di cotone + rete di poliestere<\/li>\n<li><strong>Indice di impermeabilit\u00e0 della tenda esterna: <\/strong> &gt;3000 mm<\/li>\n<li><strong>Indice di impermeabilit\u00e0 inferiore: <\/strong> &gt;3000 mm<\/li>\n<li><strong>Tipo di edificio : <\/strong> Costruzione in base alle necessit\u00e0<\/li>\n<li><strong>Stile della tenda: <\/strong> Paletto per tenda a tubo<\/li>\n<li><strong>Stagione : <\/strong> Tenda quattro stagioni<\/li>\n<li><strong>Struttura : <\/strong> Una camera da letto e un soggiorno<\/li>\n<li><strong>Nome del prodotto : <\/strong> Tenda da campeggio gonfiabile<\/li>\n<li><strong>Utilizzo: <\/strong> Intrattenimento all&#039;aperto<\/li>\n<li><strong>Stile : <\/strong> Moderno<\/li>\n<li><strong>Applicazione : <\/strong> Campeggio da viaggio all&#039;aperto<\/li>\n<li><strong>Misurare : <\/strong> 300*200*200<\/li>\n<li><strong>MOQ: <\/strong> 1 pezzo<\/li>\n<li><strong>Materiale : <\/strong> tessuto oxford<\/li>\n<li><strong>Accessori : <\/strong> Pompa+ borsa per il trasporto+ picchetti+ corde<\/li>\n<li><strong>Caratteristica : <\/strong> Impermeabile<\/li>\n<li><strong>Logo : <\/strong> Logo personalizzato Accetta<\/li>\n<\/ul>\n<div>\n<div data-magic-global=\"%7B%22bizId%22%3A2212793521237%2C%22pageId%22%3A21231189101%2C%22siteId%22%3A10003212050%7D\">\n<div>\n<div data-section=\"AliMagic-pe973p\" data-section-title=\"Products Description\">Descrizione dei prodotti<\/div>\n<\/div>\n<div>\n<div>\n<table>\n<tbody>\n<tr>\n<td>\n<div><span style=\"color: #000000; font-family: Arial;\"><span data-spm-anchor-id=\"a2700.custom-template.0.i133.65b03333DKbf22\"><strong>nome del prodotto<\/strong><\/span><\/span><\/div>\n<\/td>\n<td>\n<div>Tenda ad aria gonfiabile<\/div>\n<\/td>\n<\/tr>\n<tr>\n<td>\n<div><span style=\"color: #000000; font-family: Arial;\"><strong>MOQ dell&#039;OEM<\/strong><\/span><\/div>\n<\/td>\n<td>\n<div><span style=\"font-family: Arial;\"><span data-spm-anchor-id=\"a2700.custom-template.0.i131.65b03333DKbf22\">Accetta campione personalizzato \/1 set<\/span><\/span><\/div>\n<\/td>\n<\/tr>\n<tr>\n<td>\n<div><span style=\"color: #000000; font-family: Arial;\"><strong>Colore\/Colore<\/strong><\/span><\/div>\n<\/td>\n<td>\n<div><span style=\"font-family: Arial;\"><span data-spm-anchor-id=\"a2700.custom-template.0.i132.65b03333DKbf22\">Come immagine, accetta personalizzato<\/span><\/span><\/div>\n<\/td>\n<\/tr>\n<tr>\n<td>\n<div><span style=\"color: #000000; font-family: Arial;\"><span data-spm-anchor-id=\"a2700.custom-template.0.i158.65b03333DKbf22\"><strong>Capacit\u00e0<\/strong><\/span><\/span><\/div>\n<\/td>\n<td>\n<div><span style=\"font-family: Arial;\">2\/3\/4\/5\/6\/7\/8+ persone (capacit\u00e0 personalizzata)<\/span><\/div>\n<\/td>\n<\/tr>\n<tr>\n<td>\n<div><strong>Misurare<\/strong><\/div>\n<\/td>\n<td>\n<div>Pu\u00f2 scegliere la dimensione dei prodotti standard, accettare dimensioni personalizzate<\/div>\n<\/td>\n<\/tr>\n<tr>\n<td>\n<div>\n<div><strong>Caratteristica<\/strong><\/div>\n<\/div>\n<\/td>\n<td>\n<div><span style=\"font-family: Arial;\">Resistente ai raggi UV e alla pioggia, Traspirante, Previene lo splendore, Ampio spazio, Struttura stabile, Buone prestazioni di ventilazione, Ampia applicazione, Dimensioni ridotte, Facile da trasportare, Configurazione, Popup facile, Automatico, Confortevole<\/span><\/div>\n<\/td>\n<\/tr>\n<\/tbody>\n<\/table>\n<\/div>\n<\/div>\n<div>\n<div data-section=\"AliMagic-35z5fs\" data-section-title=\"Details Images\">Dettagli Immagini<\/div>\n<\/div>\n<div>\n<div>\n<div><img decoding=\"async\" src=\"\/\/sc04.alicdn.com\/kf\/Haafb2d361cd44af19d842c574a8be9c0a\/255148517\/Haafb2d361cd44af19d842c574a8be9c0a.jpg\" data-src=\"\/\/sc04.alicdn.com\/kf\/Haafb2d361cd44af19d842c574a8be9c0a\/255148517\/Haafb2d361cd44af19d842c574a8be9c0a.jpg\" \/><\/div>\n<div><img decoding=\"async\" src=\"\/\/sc04.alicdn.com\/kf\/Hcda24c9a46d945ee8b5f1f076c78f213G\/255148517\/Hcda24c9a46d945ee8b5f1f076c78f213G.jpg\" data-src=\"\/\/sc04.alicdn.com\/kf\/Hcda24c9a46d945ee8b5f1f076c78f213G\/255148517\/Hcda24c9a46d945ee8b5f1f076c78f213G.jpg\" \/><\/div>\n<div><img decoding=\"async\" src=\"\/\/sc04.alicdn.com\/kf\/Hf9cabfe17c6e4b3489a3c7da3542d4a5X\/255148517\/Hf9cabfe17c6e4b3489a3c7da3542d4a5X.jpg\" data-src=\"\/\/sc04.alicdn.com\/kf\/Hf9cabfe17c6e4b3489a3c7da3542d4a5X\/255148517\/Hf9cabfe17c6e4b3489a3c7da3542d4a5X.jpg\" \/><\/div>\n<div><img decoding=\"async\" src=\"\/\/sc04.alicdn.com\/kf\/H91a36315feda48d193ce3a2bb7626917u\/255148517\/H91a36315feda48d193ce3a2bb7626917u.jpg\" data-src=\"\/\/sc04.alicdn.com\/kf\/H91a36315feda48d193ce3a2bb7626917u\/255148517\/H91a36315feda48d193ce3a2bb7626917u.jpg\" \/><\/div>\n<div><img decoding=\"async\" src=\"\/\/sc04.alicdn.com\/kf\/H0da1ec85968b4918a9dc3aeefb9647bdL\/255148517\/H0da1ec85968b4918a9dc3aeefb9647bdL.jpg\" data-src=\"\/\/sc04.alicdn.com\/kf\/H0da1ec85968b4918a9dc3aeefb9647bdL\/255148517\/H0da1ec85968b4918a9dc3aeefb9647bdL.jpg\" \/><\/div>\n<div><img decoding=\"async\" src=\"\/\/sc04.alicdn.com\/kf\/H9756963b359740e4831f1ce3934c0dfde\/255148517\/H9756963b359740e4831f1ce3934c0dfde.jpg\" data-src=\"\/\/sc04.alicdn.com\/kf\/H9756963b359740e4831f1ce3934c0dfde\/255148517\/H9756963b359740e4831f1ce3934c0dfde.jpg\" \/><\/div>\n<\/div>\n<\/div>\n<div><\/div>\n<\/div>\n<\/div>","protected":false},"excerpt":{"rendered":"<p>Area: 425*765*230 Tessuto: PVC+tela di cotone+ rete di poliestere Indice di impermeabilit\u00e0 della tenda esterna: &gt;3000 mm Indice di impermeabilit\u00e0 inferiore: &gt;3000 mm Tipo di edificio: Costruzione in base alle necessit\u00e0 Stile tenda: Tenda a tubo Stagione del palo: Tenda quattro stagioni Struttura: una camera da letto e un soggiorno. Nome del prodotto: tenda da campeggio gonfiabile<\/p>\n<div class=\"read-more\"><a class=\"btn btn-fill-out\" href=\"https:\/\/uoogear.com\/it\/prodotto\/luxury-large-camp-family-air-camping-tube-tent-inflatable-camping-tent\/\">Per saperne di pi\u00f9<\/a><\/div>","protected":false},"featured_media":4552,"template":"","meta":[],"product_brand":[],"product_cat":[15],"product_tag":[],"class_list":{"0":"post-4553","1":"product","2":"type-product","3":"status-publish","4":"has-post-thumbnail","6":"product_cat-uncategorized","7":"tm-no-options","9":"first","10":"instock","11":"shipping-taxable","12":"purchasable","13":"product-type-variable"},"_links":{"self":[{"href":"https:\/\/uoogear.com\/it\/wp-json\/wp\/v2\/product\/4553","targetHints":{"allow":["GET"]}}],"collection":[{"href":"https:\/\/uoogear.com\/it\/wp-json\/wp\/v2\/product"}],"about":[{"href":"https:\/\/uoogear.com\/it\/wp-json\/wp\/v2\/types\/product"}],"wp:featuredmedia":[{"embeddable":true,"href":"https:\/\/uoogear.com\/it\/wp-json\/wp\/v2\/media\/4552"}],"wp:attachment":[{"href":"https:\/\/uoogear.com\/it\/wp-json\/wp\/v2\/media?parent=4553"}],"wp:term":[{"taxonomy":"product_brand","embeddable":true,"href":"https:\/\/uoogear.com\/it\/wp-json\/wp\/v2\/product_brand?post=4553"},{"taxonomy":"product_cat","embeddable":true,"href":"https:\/\/uoogear.com\/it\/wp-json\/wp\/v2\/product_cat?post=4553"},{"taxonomy":"product_tag","embeddable":true,"href":"https:\/\/uoogear.com\/it\/wp-json\/wp\/v2\/product_tag?post=4553"}],"curies":[{"name":"wp","href":"https:\/\/api.w.org\/{rel}","templated":true}]}}