{"id":4632,"date":"2023-11-14T02:11:06","date_gmt":"2023-11-14T02:11:06","guid":{"rendered":"https:\/\/uoogear.com\/product\/family-tent-inflatable-camping-8-12-person-inflatable-tent-outdoor-camping\/"},"modified":"2023-11-30T02:27:55","modified_gmt":"2023-11-30T02:27:55","slug":"family-tent-inflatable-camping-8-12-person-inflatable-tent-outdoor-camping","status":"publish","type":"product","link":"https:\/\/uoogear.com\/it\/prodotto\/family-tent-inflatable-camping-8-12-person-inflatable-tent-outdoor-camping\/","title":{"rendered":"Tenda familiare da campeggio gonfiabile Tenda gonfiabile da 8-12 persone da campeggio all&#039;aperto"},"content":{"rendered":"<ul>\n<li><strong>Tessuto : <\/strong> Tubo Oxford + PVC<\/li>\n<li><strong>Indice di impermeabilit\u00e0 della tenda esterna: <\/strong> &gt;3000 mm<\/li>\n<li><strong>Indice di impermeabilit\u00e0 inferiore: <\/strong> &gt;3000 mm<\/li>\n<li><strong>Tipo di edificio : <\/strong> Costruzione in base alle necessit\u00e0<\/li>\n<li><strong>Stile della tenda: <\/strong> Paletto per tenda a tubo<\/li>\n<li><strong>Stagione : <\/strong> Tenda quattro stagioni<\/li>\n<li><strong>Struttura : <\/strong> Due camere da letto e un soggiorno<\/li>\n<li><strong>Nome del prodotto : <\/strong> tenda gonfiabile da campeggio all&#039;aperto<\/li>\n<li><strong>Utilizzo: <\/strong> Intrattenimento all&#039;aperto<\/li>\n<li><strong>Applicazione : <\/strong> Campeggio da viaggio all&#039;aperto<\/li>\n<li><strong>MOQ: <\/strong> 1 pezzo<\/li>\n<li><strong>Materiale : <\/strong> Tubo Oxford + PVC<\/li>\n<li><strong>Accessori : <\/strong> Pompa+ borsa per il trasporto+ picchetti+ corde<\/li>\n<li><strong>Caratteristica : <\/strong> Impermeabile<\/li>\n<li><strong>Logo : <\/strong> Logo personalizzato Accetta<\/li>\n<li><strong>Polo: <\/strong> Polo dell&#039;aria<\/li>\n<li><strong>Misurare : <\/strong> 12 Metri Quadrati<\/li>\n<\/ul>\n<div>\n<div data-magic-global=\"%7B%22bizId%22%3A2212793521237%2C%22pageId%22%3A21251627521%2C%22siteId%22%3A10003212050%7D\">\n<div>\n<div data-section=\"AliMagic-z1j9c4\" data-section-title=\"Products Description\">Descrizione dei prodotti<\/div>\n<\/div>\n<div>\n<div>\n<div><img decoding=\"async\" src=\"\/\/sc04.alicdn.com\/kf\/H9f93652591c8433bb72ee261d108b931h\/255148517\/H9f93652591c8433bb72ee261d108b931h.jpg\" data-src=\"\/\/sc04.alicdn.com\/kf\/H9f93652591c8433bb72ee261d108b931h\/255148517\/H9f93652591c8433bb72ee261d108b931h.jpg\" \/><\/div>\n<div><img decoding=\"async\" src=\"\/\/sc04.alicdn.com\/kf\/Hb755bbe945624176b347171e3ff87d7a0\/255148517\/Hb755bbe945624176b347171e3ff87d7a0.jpg\" data-src=\"\/\/sc04.alicdn.com\/kf\/Hb755bbe945624176b347171e3ff87d7a0\/255148517\/Hb755bbe945624176b347171e3ff87d7a0.jpg\" \/><\/div>\n<div><img decoding=\"async\" src=\"\/\/sc04.alicdn.com\/kf\/Hecfeb93c2d794f24b85275b4ab6a63805\/255148517\/Hecfeb93c2d794f24b85275b4ab6a63805.jpg\" data-src=\"\/\/sc04.alicdn.com\/kf\/Hecfeb93c2d794f24b85275b4ab6a63805\/255148517\/Hecfeb93c2d794f24b85275b4ab6a63805.jpg\" \/><\/div>\n<div><img decoding=\"async\" src=\"\/\/sc04.alicdn.com\/kf\/Hcbf44cef5c70412a9c22cbfbfbae4865P\/255148517\/Hcbf44cef5c70412a9c22cbfbfbae4865P.jpg\" data-src=\"\/\/sc04.alicdn.com\/kf\/Hcbf44cef5c70412a9c22cbfbfbae4865P\/255148517\/Hcbf44cef5c70412a9c22cbfbfbae4865P.jpg\" \/><\/div>\n<div><img decoding=\"async\" src=\"\/\/sc04.alicdn.com\/kf\/H3c248d01d6d544da89db2bbf223dd6f9W\/255148517\/H3c248d01d6d544da89db2bbf223dd6f9W.jpg\" data-src=\"\/\/sc04.alicdn.com\/kf\/H3c248d01d6d544da89db2bbf223dd6f9W\/255148517\/H3c248d01d6d544da89db2bbf223dd6f9W.jpg\" \/><\/div>\n<div><img decoding=\"async\" src=\"\/\/sc04.alicdn.com\/kf\/H33fe840adc304d7fb5758db1a09527628\/255148517\/H33fe840adc304d7fb5758db1a09527628.jpg\" data-src=\"\/\/sc04.alicdn.com\/kf\/H33fe840adc304d7fb5758db1a09527628\/255148517\/H33fe840adc304d7fb5758db1a09527628.jpg\" \/><\/div>\n<\/div>\n<\/div>\n<div><\/div>\n<div>\n<div>\n<div>\n<div>\n<div><\/div>\n<\/div>\n<\/div>\n<\/div>\n<\/div>\n<\/div>\n<\/div>","protected":false},"excerpt":{"rendered":"<p>Tessuto: Oxford + tubo in PVC Indice di impermeabilit\u00e0 esterno della tenda: &gt;3000 mm Indice di impermeabilit\u00e0 inferiore: &gt;3000 mm Tipo di edificio: Costruzione in base alle necessit\u00e0 Stile tenda: Tenda a tubo Stagione dei pali: Quattro stagioni Struttura della tenda: Due camere da letto e un soggiorno Prodotto nome: tenda da campeggio gonfiabile all&#039;aperto Utilizzo: all&#039;aperto<\/p>\n<div class=\"read-more\"><a class=\"btn btn-fill-out\" href=\"https:\/\/uoogear.com\/it\/prodotto\/family-tent-inflatable-camping-8-12-person-inflatable-tent-outdoor-camping\/\">Per saperne di pi\u00f9<\/a><\/div>","protected":false},"featured_media":4630,"template":"","meta":[],"product_brand":[],"product_cat":[15],"product_tag":[],"class_list":{"0":"post-4632","1":"product","2":"type-product","3":"status-publish","4":"has-post-thumbnail","6":"product_cat-uncategorized","7":"tm-no-options","9":"first","10":"instock","11":"shipping-taxable","12":"purchasable","13":"product-type-variable"},"_links":{"self":[{"href":"https:\/\/uoogear.com\/it\/wp-json\/wp\/v2\/product\/4632","targetHints":{"allow":["GET"]}}],"collection":[{"href":"https:\/\/uoogear.com\/it\/wp-json\/wp\/v2\/product"}],"about":[{"href":"https:\/\/uoogear.com\/it\/wp-json\/wp\/v2\/types\/product"}],"wp:featuredmedia":[{"embeddable":true,"href":"https:\/\/uoogear.com\/it\/wp-json\/wp\/v2\/media\/4630"}],"wp:attachment":[{"href":"https:\/\/uoogear.com\/it\/wp-json\/wp\/v2\/media?parent=4632"}],"wp:term":[{"taxonomy":"product_brand","embeddable":true,"href":"https:\/\/uoogear.com\/it\/wp-json\/wp\/v2\/product_brand?post=4632"},{"taxonomy":"product_cat","embeddable":true,"href":"https:\/\/uoogear.com\/it\/wp-json\/wp\/v2\/product_cat?post=4632"},{"taxonomy":"product_tag","embeddable":true,"href":"https:\/\/uoogear.com\/it\/wp-json\/wp\/v2\/product_tag?post=4632"}],"curies":[{"name":"wp","href":"https:\/\/api.w.org\/{rel}","templated":true}]}}