{"id":4694,"date":"2023-11-14T02:16:01","date_gmt":"2023-11-14T02:16:01","guid":{"rendered":"https:\/\/uoogear.com\/product\/outdoor-camping-tent-oxford-waterproof-family-travel-camping-air-tent-inflatable-house-tent-camping\/"},"modified":"2023-11-30T02:54:56","modified_gmt":"2023-11-30T02:54:56","slug":"outdoor-camping-tent-oxford-waterproof-family-travel-camping-air-tent-inflatable-house-tent-camping","status":"publish","type":"product","link":"https:\/\/uoogear.com\/it\/prodotto\/outdoor-camping-tent-oxford-waterproof-family-travel-camping-air-tent-inflatable-house-tent-camping\/","title":{"rendered":"Tenda da campeggio esterna Oxford Tenda da campeggio impermeabile da viaggio per famiglie Tenda da campeggio gonfiabile"},"content":{"rendered":"<ul>\n<li><strong>Tessuto : <\/strong> Oxford<\/li>\n<li><strong>Indice di impermeabilit\u00e0 della tenda esterna: <\/strong> &gt;3000 mm<\/li>\n<li><strong>Indice di impermeabilit\u00e0 inferiore: <\/strong> &gt;3000 mm<\/li>\n<li><strong>Tipo di edificio : <\/strong> Costruzione in base alle necessit\u00e0<\/li>\n<li><strong>Stile della tenda: <\/strong> Paletto per tenda a tubo<\/li>\n<li><strong>Stagione : <\/strong> Tenda quattro stagioni<\/li>\n<li><strong>Struttura : <\/strong> Una camera da letto e un soggiorno<\/li>\n<li><strong>Nome del prodotto : <\/strong> Tenda da campeggio gonfiabile<\/li>\n<li><strong>Utilizzo: <\/strong> Intrattenimento all&#039;aperto<\/li>\n<li><strong>Stile : <\/strong> Moderno<\/li>\n<li><strong>Colore : <\/strong> Colore sabbia dorato<\/li>\n<li><strong>Applicazione : <\/strong> Campeggio da viaggio all&#039;aperto<\/li>\n<li><strong>Misurare : <\/strong> 300*200*200<\/li>\n<li><strong>MOQ: <\/strong> 1 pezzo<\/li>\n<li><strong>Materiale : <\/strong> PVC<\/li>\n<li><strong>Accessori : <\/strong> Pompa+ borsa per il trasporto+ picchetti+ corde<\/li>\n<li><strong>Caratteristica : <\/strong> Impermeabile<\/li>\n<\/ul>\n<div>\n<div data-magic-global=\"%7B%22bizId%22%3A2212793521237%2C%22pageId%22%3A21231715705%2C%22siteId%22%3A10003212050%7D\">\n<div>\n<div data-section=\"AliMagic-s5n59t\" data-section-title=\"Products Description\">Descrizione dei prodotti<\/div>\n<\/div>\n<div>\n<div>\n<table>\n<tbody>\n<tr>\n<td>\n<div><span style=\"color: #000000; font-family: Arial;\"><span data-spm-anchor-id=\"a2700.custom-template.0.i133.65b03333DKbf22\"><strong>nome del prodotto<\/strong><\/span><\/span><\/div>\n<\/td>\n<td>\n<div>Tenda da campeggio<\/div>\n<\/td>\n<\/tr>\n<tr>\n<td>\n<div><span style=\"color: #000000; font-family: Arial;\"><strong>MOQ dell&#039;OEM<\/strong><\/span><\/div>\n<\/td>\n<td>\n<div><span style=\"font-family: Arial;\"><span data-spm-anchor-id=\"a2700.custom-template.0.i131.65b03333DKbf22\">Accetta campione personalizzato \/1 set<\/span><\/span><\/div>\n<\/td>\n<\/tr>\n<tr>\n<td>\n<div><span style=\"color: #000000; font-family: Arial;\"><strong>Colore\/Colore<\/strong><\/span><\/div>\n<\/td>\n<td>\n<div><span style=\"font-family: Arial;\"><span data-spm-anchor-id=\"a2700.custom-template.0.i132.65b03333DKbf22\">Come immagine, accetta personalizzato<\/span><\/span><\/div>\n<\/td>\n<\/tr>\n<tr>\n<td>\n<div><span style=\"color: #000000; font-family: Arial;\"><span data-spm-anchor-id=\"a2700.custom-template.0.i158.65b03333DKbf22\"><strong>Capacit\u00e0<\/strong><\/span><\/span><\/div>\n<\/td>\n<td>\n<div><span style=\"font-family: Arial;\">2\/3\/4\/5\/6\/7\/8 persone (capacit\u00e0 personalizzata)<\/span><\/div>\n<\/td>\n<\/tr>\n<tr>\n<td>\n<div><strong>Misurare<\/strong><\/div>\n<\/td>\n<td>\n<div>Pu\u00f2 scegliere la dimensione dei prodotti standard, accettare dimensioni personalizzate<\/div>\n<\/td>\n<\/tr>\n<tr>\n<td>\n<div>\n<div><strong>Caratteristica<\/strong><\/div>\n<\/div>\n<\/td>\n<td>\n<div><span style=\"font-family: Arial;\">Resistente ai raggi UV e alla pioggia, Traspirante, Previene lo splendore, Ampio spazio, Struttura stabile, Buone prestazioni di ventilazione, Ampia applicazione, Dimensioni ridotte, Facile da trasportare, Configurazione, Popup facile, Automatico, Confortevole<\/span><\/div>\n<\/td>\n<\/tr>\n<\/tbody>\n<\/table>\n<\/div>\n<\/div>\n<div>\n<div data-section=\"AliMagic-wto6wv\" data-section-title=\"Details Images\">Dettagli Immagini<\/div>\n<\/div>\n<div>\n<div>\n<div><img decoding=\"async\" src=\"\/\/sc04.alicdn.com\/kf\/H175e59dd22b24d43aa32ed0ae8d2c8747\/255148517\/H175e59dd22b24d43aa32ed0ae8d2c8747.jpg\" data-src=\"\/\/sc04.alicdn.com\/kf\/H175e59dd22b24d43aa32ed0ae8d2c8747\/255148517\/H175e59dd22b24d43aa32ed0ae8d2c8747.jpg\" \/><\/div>\n<div><img decoding=\"async\" src=\"\/\/sc04.alicdn.com\/kf\/Ha69c9c50ac4a4dfeb4542d27a1d2d8d8w\/255148517\/Ha69c9c50ac4a4dfeb4542d27a1d2d8d8w.jpg\" data-src=\"\/\/sc04.alicdn.com\/kf\/Ha69c9c50ac4a4dfeb4542d27a1d2d8d8w\/255148517\/Ha69c9c50ac4a4dfeb4542d27a1d2d8d8w.jpg\" \/><\/div>\n<div><img decoding=\"async\" src=\"\/\/sc04.alicdn.com\/kf\/H71375765a79d4e5fb38adf7881fae52fp\/255148517\/H71375765a79d4e5fb38adf7881fae52fp.jpg\" data-src=\"\/\/sc04.alicdn.com\/kf\/H71375765a79d4e5fb38adf7881fae52fp\/255148517\/H71375765a79d4e5fb38adf7881fae52fp.jpg\" \/><\/div>\n<div><img decoding=\"async\" src=\"\/\/sc04.alicdn.com\/kf\/H1e340aefde5040c380db9f816ea94926g\/255148517\/H1e340aefde5040c380db9f816ea94926g.jpg\" data-src=\"\/\/sc04.alicdn.com\/kf\/H1e340aefde5040c380db9f816ea94926g\/255148517\/H1e340aefde5040c380db9f816ea94926g.jpg\" \/><\/div>\n<div><img decoding=\"async\" src=\"\/\/sc04.alicdn.com\/kf\/H73c3d5646be443f7b7aad5cfee06d20fz\/255148517\/H73c3d5646be443f7b7aad5cfee06d20fz.jpg\" data-src=\"\/\/sc04.alicdn.com\/kf\/H73c3d5646be443f7b7aad5cfee06d20fz\/255148517\/H73c3d5646be443f7b7aad5cfee06d20fz.jpg\" \/><\/div>\n<div><img decoding=\"async\" src=\"\/\/sc04.alicdn.com\/kf\/Hf285a8c6ab5c4366ba38a13f7600a0ddK\/255148517\/Hf285a8c6ab5c4366ba38a13f7600a0ddK.jpg\" data-src=\"\/\/sc04.alicdn.com\/kf\/Hf285a8c6ab5c4366ba38a13f7600a0ddK\/255148517\/Hf285a8c6ab5c4366ba38a13f7600a0ddK.jpg\" \/><\/div>\n<div><img decoding=\"async\" src=\"\/\/sc04.alicdn.com\/kf\/H0e401b499b824011bd02b0b7531d80dce\/255148517\/H0e401b499b824011bd02b0b7531d80dce.jpg\" data-src=\"\/\/sc04.alicdn.com\/kf\/H0e401b499b824011bd02b0b7531d80dce\/255148517\/H0e401b499b824011bd02b0b7531d80dce.jpg\" \/><\/div>\n<div><img decoding=\"async\" src=\"\/\/sc04.alicdn.com\/kf\/H875b19078b6b4607b7cff487d79ce56aZ\/255148517\/H875b19078b6b4607b7cff487d79ce56aZ.jpg\" data-src=\"\/\/sc04.alicdn.com\/kf\/H875b19078b6b4607b7cff487d79ce56aZ\/255148517\/H875b19078b6b4607b7cff487d79ce56aZ.jpg\" \/><\/div>\n<\/div>\n<\/div>\n<div>\n<div data-section=\"AliMagic-7rnny9\" data-section-title=\"Related Products\"><\/div>\n<\/div>\n<div>\n<div>\n<div>\n<div>\n<div><\/div>\n<\/div>\n<\/div>\n<\/div>\n<\/div>\n<\/div>\n<\/div>","protected":false},"excerpt":{"rendered":"<p>Tessuto: Tenda esterna Oxford Indice di impermeabilit\u00e0: &gt;3000 mm Indice di impermeabilit\u00e0 inferiore: &gt;3000 mm Tipo di edificio: Costruzione in base alle necessit\u00e0 Stile tenda: Tenda a tubo Stagione dei pali: Quattro stagioni Struttura della tenda: Una camera da letto e un soggiorno Nome del prodotto: Gonfiabile Utilizzo della tenda da campeggio: intrattenimento all&#039;aperto. Stile: moderno<\/p>\n<div class=\"read-more\"><a class=\"btn btn-fill-out\" href=\"https:\/\/uoogear.com\/it\/prodotto\/outdoor-camping-tent-oxford-waterproof-family-travel-camping-air-tent-inflatable-house-tent-camping\/\">Per saperne di pi\u00f9<\/a><\/div>","protected":false},"featured_media":4693,"template":"","meta":[],"product_brand":[],"product_cat":[15],"product_tag":[],"class_list":{"0":"post-4694","1":"product","2":"type-product","3":"status-publish","4":"has-post-thumbnail","6":"product_cat-uncategorized","7":"tm-no-options","9":"first","10":"instock","11":"shipping-taxable","12":"purchasable","13":"product-type-variable"},"_links":{"self":[{"href":"https:\/\/uoogear.com\/it\/wp-json\/wp\/v2\/product\/4694","targetHints":{"allow":["GET"]}}],"collection":[{"href":"https:\/\/uoogear.com\/it\/wp-json\/wp\/v2\/product"}],"about":[{"href":"https:\/\/uoogear.com\/it\/wp-json\/wp\/v2\/types\/product"}],"wp:featuredmedia":[{"embeddable":true,"href":"https:\/\/uoogear.com\/it\/wp-json\/wp\/v2\/media\/4693"}],"wp:attachment":[{"href":"https:\/\/uoogear.com\/it\/wp-json\/wp\/v2\/media?parent=4694"}],"wp:term":[{"taxonomy":"product_brand","embeddable":true,"href":"https:\/\/uoogear.com\/it\/wp-json\/wp\/v2\/product_brand?post=4694"},{"taxonomy":"product_cat","embeddable":true,"href":"https:\/\/uoogear.com\/it\/wp-json\/wp\/v2\/product_cat?post=4694"},{"taxonomy":"product_tag","embeddable":true,"href":"https:\/\/uoogear.com\/it\/wp-json\/wp\/v2\/product_tag?post=4694"}],"curies":[{"name":"wp","href":"https:\/\/api.w.org\/{rel}","templated":true}]}}