{"id":4723,"date":"2023-11-14T02:20:18","date_gmt":"2023-11-14T02:20:18","guid":{"rendered":"https:\/\/uoogear.com\/product\/waterproof-and-windproof-ship-shape-luxury-camping-tent-for-resort-portable-camping-trailer-tent\/"},"modified":"2023-11-30T02:44:25","modified_gmt":"2023-11-30T02:44:25","slug":"waterproof-and-windproof-ship-shape-luxury-camping-tent-for-resort-portable-camping-trailer-tent","status":"publish","type":"product","link":"https:\/\/uoogear.com\/it\/prodotto\/waterproof-and-windproof-ship-shape-luxury-camping-tent-for-resort-portable-camping-trailer-tent\/","title":{"rendered":"tenda da campeggio di lusso a forma di nave impermeabile e antivento per tenda da campeggio portatile da campeggio"},"content":{"rendered":"<ul>\n<li><strong>Tessuto : <\/strong> Poliestere 190T<\/li>\n<li><strong>Indice di impermeabilit\u00e0 della tenda esterna: <\/strong> 2000-3000 millimetri, 2000-3000 millimetri<\/li>\n<li><strong>Indice di impermeabilit\u00e0 inferiore: <\/strong> 2000-3000 millimetri, 2000-3000 millimetri<\/li>\n<li><strong>Tipo di edificio : <\/strong> Costruzione in base alle necessit\u00e0<\/li>\n<li><strong>Stile della tenda: <\/strong> Tipo con rinforzo dritto<\/li>\n<li><strong>Stagione : <\/strong> Tenda quattro stagioni<\/li>\n<li><strong>Struttura : <\/strong> Una camera da letto e un soggiorno, ampie camere da letto<\/li>\n<li><strong>Colore : <\/strong> Verde militare<\/li>\n<li><strong>Materiale del palo: <\/strong> Asta in fibra di vetro<\/li>\n<li><strong>Capacit\u00e0: <\/strong> 2 uomo<\/li>\n<li><strong>parole chiave: <\/strong> Tenda da spiaggia<\/li>\n<li><strong>stile : <\/strong> Tenda da spiaggia<\/li>\n<li><strong>Peso del pacco : <\/strong> 2,6 kg<\/li>\n<li><strong>Dimensione del pacchetto: <\/strong> 75*5*75 cm<\/li>\n<\/ul>\n<div>\n<div data-magic-global=\"%7B%22bizId%22%3A2348173885%2C%22pageId%22%3A20177959845%2C%22siteId%22%3A5005127539%7D\">\n<div><\/div>\n<div><\/div>\n<div>\n<div data-section=\"AliMagic-cgqbrr\" data-section-title=\"Product Display\">Esposizione del prodotto<\/div>\n<\/div>\n<div>\n<div>\n<div><\/div>\n<div><img decoding=\"async\" src=\"\/\/sc04.alicdn.com\/kf\/H53d22aad7c3745618fef0101b229106dd\/222400006\/H53d22aad7c3745618fef0101b229106dd.jpg\" data-src=\"\/\/sc04.alicdn.com\/kf\/H53d22aad7c3745618fef0101b229106dd\/222400006\/H53d22aad7c3745618fef0101b229106dd.jpg\" \/><\/div>\n<div><img decoding=\"async\" src=\"\/\/sc04.alicdn.com\/kf\/H3d3e49d6ebf647b8888e012fc4d016ccG\/222400006\/H3d3e49d6ebf647b8888e012fc4d016ccG.jpg\" data-src=\"\/\/sc04.alicdn.com\/kf\/H3d3e49d6ebf647b8888e012fc4d016ccG\/222400006\/H3d3e49d6ebf647b8888e012fc4d016ccG.jpg\" \/><\/div>\n<div><img decoding=\"async\" src=\"\/\/sc04.alicdn.com\/kf\/H6c535855a7c64aa1b8afd8cc454f2d1cW\/222400006\/H6c535855a7c64aa1b8afd8cc454f2d1cW.jpg\" data-src=\"\/\/sc04.alicdn.com\/kf\/H6c535855a7c64aa1b8afd8cc454f2d1cW\/222400006\/H6c535855a7c64aa1b8afd8cc454f2d1cW.jpg\" \/><\/div>\n<div><img decoding=\"async\" src=\"\/\/sc04.alicdn.com\/kf\/Hf0b7253e8bd3442aba393ed4140342feP\/222400006\/Hf0b7253e8bd3442aba393ed4140342feP.jpg\" data-src=\"\/\/sc04.alicdn.com\/kf\/Hf0b7253e8bd3442aba393ed4140342feP\/222400006\/Hf0b7253e8bd3442aba393ed4140342feP.jpg\" \/><\/div>\n<div><img decoding=\"async\" src=\"\/\/sc04.alicdn.com\/kf\/Hac52e9e4250c4563bc97691c2ec0cf0fO\/222400006\/Hac52e9e4250c4563bc97691c2ec0cf0fO.jpg\" data-src=\"\/\/sc04.alicdn.com\/kf\/Hac52e9e4250c4563bc97691c2ec0cf0fO\/222400006\/Hac52e9e4250c4563bc97691c2ec0cf0fO.jpg\" \/><\/div>\n<div><img decoding=\"async\" src=\"\/\/sc04.alicdn.com\/kf\/Hfaefad9c0ed244c4aaa943f75766c7a89\/222400006\/Hfaefad9c0ed244c4aaa943f75766c7a89.jpg\" data-src=\"\/\/sc04.alicdn.com\/kf\/Hfaefad9c0ed244c4aaa943f75766c7a89\/222400006\/Hfaefad9c0ed244c4aaa943f75766c7a89.jpg\" \/><\/div>\n<\/div>\n<\/div>\n<div>\n<div>\n<div>\n<div>\n<div>\n<div><\/div>\n<\/div>\n<\/div>\n<\/div>\n<\/div>\n<\/div>\n<\/div>\n<\/div>","protected":false},"excerpt":{"rendered":"<p>Tessuto: poliestere 190T Indice di impermeabilit\u00e0 della tenda esterna: 2000-3000 mm, 2000-3000 mm Indice di impermeabilit\u00e0 inferiore: 2000-3000 mm, 2000-3000 mm Tipo di edificio: Costruzione basata sulle necessit\u00e0 Stile tenda: Tipo con rinforzo dritto Stagione: Tenda quattro stagioni Struttura: Una camera da letto e un soggiorno, ampie camere da letto Colore: Verde militare Materiale del palo:<\/p>\n<div class=\"read-more\"><a class=\"btn btn-fill-out\" href=\"https:\/\/uoogear.com\/it\/prodotto\/waterproof-and-windproof-ship-shape-luxury-camping-tent-for-resort-portable-camping-trailer-tent\/\">Per saperne di pi\u00f9<\/a><\/div>","protected":false},"featured_media":4722,"template":"","meta":[],"product_brand":[],"product_cat":[15],"product_tag":[],"class_list":{"0":"post-4723","1":"product","2":"type-product","3":"status-publish","4":"has-post-thumbnail","6":"product_cat-uncategorized","7":"tm-no-options","9":"first","10":"instock","11":"shipping-taxable","12":"purchasable","13":"product-type-variable"},"_links":{"self":[{"href":"https:\/\/uoogear.com\/it\/wp-json\/wp\/v2\/product\/4723","targetHints":{"allow":["GET"]}}],"collection":[{"href":"https:\/\/uoogear.com\/it\/wp-json\/wp\/v2\/product"}],"about":[{"href":"https:\/\/uoogear.com\/it\/wp-json\/wp\/v2\/types\/product"}],"wp:featuredmedia":[{"embeddable":true,"href":"https:\/\/uoogear.com\/it\/wp-json\/wp\/v2\/media\/4722"}],"wp:attachment":[{"href":"https:\/\/uoogear.com\/it\/wp-json\/wp\/v2\/media?parent=4723"}],"wp:term":[{"taxonomy":"product_brand","embeddable":true,"href":"https:\/\/uoogear.com\/it\/wp-json\/wp\/v2\/product_brand?post=4723"},{"taxonomy":"product_cat","embeddable":true,"href":"https:\/\/uoogear.com\/it\/wp-json\/wp\/v2\/product_cat?post=4723"},{"taxonomy":"product_tag","embeddable":true,"href":"https:\/\/uoogear.com\/it\/wp-json\/wp\/v2\/product_tag?post=4723"}],"curies":[{"name":"wp","href":"https:\/\/api.w.org\/{rel}","templated":true}]}}