{"id":5005,"date":"2023-11-14T03:13:24","date_gmt":"2023-11-14T03:13:24","guid":{"rendered":"https:\/\/uoogear.com\/product\/2022-new-hard-shell-aluminum-suv-car-roof-top-tent-aluminum-shell-waterproof-camping-rooftop-tent\/"},"modified":"2024-04-02T22:25:23","modified_gmt":"2024-04-02T14:25:23","slug":"2022-new-hard-shell-aluminum-suv-car-roof-top-tent-aluminum-shell-waterproof-camping-rooftop-tent","status":"publish","type":"product","link":"https:\/\/uoogear.com\/it\/prodotto\/2022-new-hard-shell-aluminum-suv-car-roof-top-tent-aluminum-shell-waterproof-camping-rooftop-tent\/","title":{"rendered":"2022 Nuova tenda da tetto per auto SUV in alluminio a guscio duro Tenda da campeggio impermeabile con guscio in alluminio"},"content":{"rendered":"<ul>\n<li><strong>La zona : <\/strong> 217*130*155 cm<\/li>\n<li><strong>Tessuto : <\/strong> Tela<\/li>\n<li><strong>Indice di impermeabilit\u00e0 della tenda esterna: <\/strong> &gt;3000 mm<\/li>\n<li><strong>Indice di impermeabilit\u00e0 inferiore: <\/strong> 2000-3000 millimetri<\/li>\n<li><strong>Tipo di edificio : <\/strong> Apertura automatica rapida<\/li>\n<li><strong>Stile della tenda: <\/strong> Tipo esteso<\/li>\n<li><strong>Stagione : <\/strong> Tenda tre stagioni<\/li>\n<li><strong>Struttura : <\/strong> Una camera da letto<\/li>\n<li><strong>Misurare : <\/strong> 217*130*155 cm<\/li>\n<li><strong>Copertina : <\/strong> Copertura a guscio in alluminio<\/li>\n<li><strong>Metter il fondo a : <\/strong> Alluminio<\/li>\n<li><strong>Scala : <\/strong> Scala telescopica in alluminio<\/li>\n<li><strong>Materasso: <\/strong> Materasso in spugna indeformabile<\/li>\n<li><strong>1 pz\/ct GW: <\/strong> 82 kg, 225 * 137 * 33 cm<\/li>\n<\/ul>\n<div>\n<div>\n<div data-magic-global=\"%7B%22bizId%22%3A3034306692%2C%22pageId%22%3A21077026857%2C%22siteId%22%3A5005259191%7D\">\n<div>\n<div>\n<div>\n<div>\n<div>\n<div><img decoding=\"async\" src=\"https:\/\/uoogear.com\/wp-content\/uploads\/2023\/11\/H08b8e51067574043bbe7ea9e5255ab78K.webp\" data-src=\"https:\/\/uoogear.com\/wp-content\/uploads\/2023\/11\/H08b8e51067574043bbe7ea9e5255ab78K.webp\" \/><\/div>\n<\/div>\n<\/div>\n<\/div>\n<\/div>\n<\/div>\n<div><\/div>\n<div>\n<div>\n<div>\n<div>\n<div>\n<div><\/div>\n<\/div>\n<\/div>\n<\/div>\n<\/div>\n<\/div>\n<div><\/div>\n<\/div>\n<\/div>\n<div data-section=\"AliMagic-ruejez\" data-section-title=\"Specification\">\n<div>Specifica<\/div>\n<p>Specifica<\/p>\n<\/div>\n<div>\n<div>\n<div>\n<h3>Caratteristica fondamentale:<\/h3>\n<div>\n<div>\n<div>1. Facile da aprire e chiudere, non preoccuparti mai della qualit\u00e0. 2.Tieniti lontano dalla pioggia, dal vento, dal bagnato, dal freddo e dagli insetti. 3.Rendi pi\u00f9 conveniente il tuo tour con guida autonoma. 4. La copertura in ABS resistente fornisce una protezione efficace per la tenda. 5. Le ampie finestre offrono una buona ventilazione e consentono un maggiore flusso d&#039;aria in tutta la tenda. 6.L&#039;installazione \u00e8 semplice e pu\u00f2 essere completata da una sola persona. 7. Nessun rumore quando il veicolo \u00e8 in funzione. 8. Il prodotto ha un prezzo basso e pu\u00f2 sostituire il viaggio in camper.<\/div>\n<\/div>\n<\/div>\n<\/div>\n<\/div>\n<\/div>\n<div>\n<div>\n<div>\n<div>\n<div>\n<div><img decoding=\"async\" src=\"https:\/\/uoogear.com\/wp-content\/uploads\/2023\/11\/H70e73017a8f44a34864eb3e765c9c39e0.webp\" data-src=\"https:\/\/uoogear.com\/wp-content\/uploads\/2023\/11\/H70e73017a8f44a34864eb3e765c9c39e0.webp\" \/><\/div>\n<\/div>\n<\/div>\n<div>\n<div>\n<div>\n<table>\n<tbody>\n<tr>\n<td>\n<div>Stagione<\/div>\n<\/td>\n<td>\n<div>Tenda tre stagioni<\/div>\n<\/td>\n<\/tr>\n<tr>\n<td>\n<div>Struttura<\/div>\n<\/td>\n<td>\n<div>Una camera da letto<\/div>\n<\/td>\n<\/tr>\n<tr>\n<td>\n<div>Misurare<\/div>\n<\/td>\n<td>\n<div>217*130*155 cm<\/div>\n<\/td>\n<\/tr>\n<tr>\n<td>\n<div>Copertina<\/div>\n<\/td>\n<td>\n<div>Copertura a guscio in alluminio<\/div>\n<\/td>\n<\/tr>\n<tr>\n<td>\n<div>Metter il fondo a<\/div>\n<\/td>\n<td>\n<div>Alluminio<\/div>\n<\/td>\n<\/tr>\n<tr>\n<td>\n<div>Scala<\/div>\n<\/td>\n<td>\n<div>Scala telescopica in alluminio<\/div>\n<\/td>\n<\/tr>\n<tr>\n<td>\n<div>Materasso<\/div>\n<\/td>\n<td>\n<div>Materasso in spugna indeformabile<\/div>\n<\/td>\n<\/tr>\n<tr>\n<td>\n<div>1 pezzo\/ctn GW<\/div>\n<\/td>\n<td>\n<div>82 kg, 225 * 137 * 33 cm<\/div>\n<\/td>\n<\/tr>\n<\/tbody>\n<\/table>\n<\/div>\n<\/div>\n<\/div>\n<\/div>\n<\/div>\n<\/div>\n<div>\n<div>\n<div><img decoding=\"async\" src=\"https:\/\/uoogear.com\/wp-content\/uploads\/2023\/11\/H43f42d0819a349b3a7659abec1bcb41dN.webp\" data-src=\"https:\/\/uoogear.com\/wp-content\/uploads\/2023\/11\/H43f42d0819a349b3a7659abec1bcb41dN.webp\" \/><\/div>\n<div><img decoding=\"async\" src=\"https:\/\/uoogear.com\/wp-content\/uploads\/2023\/11\/H828fcd72b34d4752b7e38a1a80d01505A.webp\" data-src=\"https:\/\/uoogear.com\/wp-content\/uploads\/2023\/11\/H828fcd72b34d4752b7e38a1a80d01505A.webp\" \/><\/div>\n<div><img decoding=\"async\" src=\"https:\/\/uoogear.com\/wp-content\/uploads\/2023\/11\/H64ae03066acd4d80a995b990565ee575Y.webp\" data-src=\"https:\/\/uoogear.com\/wp-content\/uploads\/2023\/11\/H64ae03066acd4d80a995b990565ee575Y.webp\" \/><\/div>\n<div><img decoding=\"async\" src=\"https:\/\/uoogear.com\/wp-content\/uploads\/2023\/11\/H5a45ba0a7b204f12bba19123bbc8f9adU.webp\" data-src=\"https:\/\/uoogear.com\/wp-content\/uploads\/2023\/11\/H5a45ba0a7b204f12bba19123bbc8f9adU.webp\" \/><\/div>\n<div><img decoding=\"async\" src=\"https:\/\/uoogear.com\/wp-content\/uploads\/2023\/11\/H9cd6a2826cf84a7d99381369d8d2e22bL.webp\" data-src=\"https:\/\/uoogear.com\/wp-content\/uploads\/2023\/11\/H9cd6a2826cf84a7d99381369d8d2e22bL.webp\" \/><\/div>\n<div><img decoding=\"async\" src=\"https:\/\/uoogear.com\/wp-content\/uploads\/2023\/11\/H70e73017a8f44a34864eb3e765c9c39e0.webp\" data-src=\"https:\/\/uoogear.com\/wp-content\/uploads\/2023\/11\/H70e73017a8f44a34864eb3e765c9c39e0.webp\" \/><\/div>\n<div><\/div>\n<\/div>\n<\/div>\n<\/div>","protected":false},"excerpt":{"rendered":"<p>Area: 217*130*155 cm Tessuto: tela Indice di impermeabilit\u00e0 della tenda esterna: &gt;3000 mm Indice di impermeabilit\u00e0 inferiore: 2000-3000 mm Tipo di edificio: Tenda ad apertura automatica rapida Stile: Tipo esteso Stagione: Tenda a tre stagioni Struttura: Una camera da letto Dimensioni: 217 *130*155 CM Copertura: copertura in guscio di alluminio Fondo: scala in alluminio: materasso con scala telescopica in alluminio<\/p>\n<div class=\"read-more\"><a class=\"btn btn-fill-out\" href=\"https:\/\/uoogear.com\/it\/prodotto\/2022-new-hard-shell-aluminum-suv-car-roof-top-tent-aluminum-shell-waterproof-camping-rooftop-tent\/\">Per saperne di pi\u00f9<\/a><\/div>","protected":false},"featured_media":5004,"template":"","meta":[],"product_brand":[],"product_cat":[15],"product_tag":[],"class_list":{"0":"post-5005","1":"product","2":"type-product","3":"status-publish","4":"has-post-thumbnail","6":"product_cat-uncategorized","7":"tm-no-options","9":"first","10":"instock","11":"shipping-taxable","12":"purchasable","13":"product-type-variable"},"_links":{"self":[{"href":"https:\/\/uoogear.com\/it\/wp-json\/wp\/v2\/product\/5005","targetHints":{"allow":["GET"]}}],"collection":[{"href":"https:\/\/uoogear.com\/it\/wp-json\/wp\/v2\/product"}],"about":[{"href":"https:\/\/uoogear.com\/it\/wp-json\/wp\/v2\/types\/product"}],"wp:featuredmedia":[{"embeddable":true,"href":"https:\/\/uoogear.com\/it\/wp-json\/wp\/v2\/media\/5004"}],"wp:attachment":[{"href":"https:\/\/uoogear.com\/it\/wp-json\/wp\/v2\/media?parent=5005"}],"wp:term":[{"taxonomy":"product_brand","embeddable":true,"href":"https:\/\/uoogear.com\/it\/wp-json\/wp\/v2\/product_brand?post=5005"},{"taxonomy":"product_cat","embeddable":true,"href":"https:\/\/uoogear.com\/it\/wp-json\/wp\/v2\/product_cat?post=5005"},{"taxonomy":"product_tag","embeddable":true,"href":"https:\/\/uoogear.com\/it\/wp-json\/wp\/v2\/product_tag?post=5005"}],"curies":[{"name":"wp","href":"https:\/\/api.w.org\/{rel}","templated":true}]}}