{"id":3184,"date":"2023-08-07T04:44:27","date_gmt":"2023-08-07T04:44:27","guid":{"rendered":"https:\/\/uoogear.com\/?page_id=3184"},"modified":"2023-08-07T04:53:58","modified_gmt":"2023-08-07T04:53:58","slug":"delivery-information-usa","status":"publish","type":"page","link":"https:\/\/uoogear.com\/nl\/delivery-information-usa\/","title":{"rendered":"Leveringsinformatie VS"},"content":{"rendered":"<div data-elementor-type=\"wp-page\" data-elementor-id=\"3184\" class=\"elementor elementor-3184\">\n\t\t\t\t\t\t\t\t\t<section class=\"elementor-section elementor-top-section elementor-element elementor-element-8e54cfa elementor-section-boxed elementor-section-height-default elementor-section-height-default\" data-id=\"8e54cfa\" data-element_type=\"section\">\n\t\t\t\t\t\t<div class=\"elementor-container elementor-column-gap-default\">\n\t\t\t\t\t<div class=\"elementor-column elementor-col-100 elementor-top-column elementor-element elementor-element-e6f784e\" data-id=\"e6f784e\" data-element_type=\"column\">\n\t\t\t<div class=\"elementor-widget-wrap elementor-element-populated\">\n\t\t\t\t\t\t\t\t<div class=\"elementor-element elementor-element-80b3083 elementor-widget elementor-widget-heading\" data-id=\"80b3083\" data-element_type=\"widget\" data-widget_type=\"heading.default\">\n\t\t\t\t<div class=\"elementor-widget-container\">\n\t\t\t<style>\/*! elementor - v3.14.0 - 26-06-2023 *\/\n.elementor-heading-title{padding:0;margin:0;line-height:1}.elementor-widget-heading .elementor-heading-title[class*=elementor-size-]>a{color:inherit;font-size:inherit;line-height:inherit}.elementor-widget-heading .elementor-heading-title.elementor-size-small{font-size:15px}.elementor-widget-heading .elementor-heading-title.elementor-size-medium{font-size:19px}.elementor-widget-heading .elementor-heading-title.elementor-size-large{font-size:29px}.elementor-widget-heading .elementor-heading-title.elementor-size-xl{font-size:39px}.elementor-widget-heading .elementor-heading-title.elementor-size-xxl{font-size:59px}<\/style><h2 class=\"elementor-heading-title elementor-size-default\">Leveringsinformatie<\/h2>\t\t<\/div>\n\t\t\t\t<\/div>\n\t\t\t\t<div class=\"elementor-element elementor-element-c061480 elementor-widget elementor-widget-spacer\" data-id=\"c061480\" data-element_type=\"widget\" data-widget_type=\"spacer.default\">\n\t\t\t\t<div class=\"elementor-widget-container\">\n\t\t\t<style>\/*! elementor - v3.14.0 - 26-06-2023 *\/\n.elementor-column .elementor-spacer-inner{height:var(--spacer-size)}.e-con{--container-widget-width:100%}.e-con-inner>.elementor-widget-spacer,.e-con>.elementor-widget-spacer{width:var(--container-widget-width,var(--spacer-size));--align-self:var(--container-widget-align-self,initial);--flex-shrink:0}.e-con-inner>.elementor-widget-spacer>.elementor-widget-container,.e-con-inner>.elementor-widget-spacer>.elementor-widget-container>.elementor-spacer,.e-con>.elementor-widget-spacer>.elementor-widget-container,.e-con>.elementor-widget-spacer>.elementor-widget-container>.elementor-spacer{height:100%}.e-con-inner>.elementor-widget-spacer>.elementor-widget-container>.elementor-spacer>.elementor-spacer-inner,.e-con>.elementor-widget-spacer>.elementor-widget-container>.elementor-spacer>.elementor-spacer-inner{height:var(--container-widget-height,var(--spacer-size))}<\/style>\t\t<div class=\"elementor-spacer\">\n\t\t\t<div class=\"elementor-spacer-inner\"><\/div>\n\t\t<\/div>\n\t\t\t\t<\/div>\n\t\t\t\t<\/div>\n\t\t\t\t<div class=\"elementor-element elementor-element-924eb59 elementor-widget elementor-widget-heading\" data-id=\"924eb59\" data-element_type=\"widget\" data-widget_type=\"heading.default\">\n\t\t\t\t<div class=\"elementor-widget-container\">\n\t\t\t<h4 class=\"elementor-heading-title elementor-size-default\">Expresslevering - 1-2 werkdagen - (van maandag tot en met vrijdag)<\/h4>\t\t<\/div>\n\t\t\t\t<\/div>\n\t\t\t\t<div class=\"elementor-element elementor-element-4108b66 elementor-widget elementor-widget-text-editor\" data-id=\"4108b66\" data-element_type=\"widget\" data-widget_type=\"text-editor.default\">\n\t\t\t\t<div class=\"elementor-widget-container\">\n\t\t\t<style>\/*! elementor - v3.14.0 - 26-06-2023 *\/\n.elementor-widget-text-editor.elementor-drop-cap-view-stacked .elementor-drop-cap{background-color:#69727d;color:#fff}.elementor-widget-text-editor.elementor-drop-cap-view-framed .elementor-drop-cap{color:#69727d;border:3px solid;background-color:transparent}.elementor-widget-text-editor:not(.elementor-drop-cap-view-default) .elementor-drop-cap{margin-top:8px}.elementor-widget-text-editor:not(.elementor-drop-cap-view-default) .elementor-drop-cap-letter{width:1em;height:1em}.elementor-widget-text-editor .elementor-drop-cap{float:left;text-align:center;line-height:1;font-size:50px}.elementor-widget-text-editor .elementor-drop-cap-letter{display:inline-block}<\/style>\t\t\t\t<p>Bestelling dient v\u00f3\u00f3r 14.00 uur geplaatst te zijn. TNT-zendingen hebben soms een vertraging van 24 uur tijdens het transport vanwege de grote volumes in hun netwerk. Voor elk product van meer dan 30 kg kan de transittijd dus langer zijn. Reguliere producten onder de 30kg worden zoals gebruikelijk de volgende werkdag geleverd via DPD. U kunt het gewicht van een tent controleren door op het tabblad met aanvullende informatie op het product te kijken en het gewicht te controleren.<\/p><p>Let op: zaterdag en zondag zijn geen \u201cwerkdagen\u201d. Hoewel DPD vaak in het weekend bezorgt, kunnen wij dit niet garanderen.<br \/>Houd er rekening mee dat leveringen niet plaatsvinden op een feestdag, aangezien dit geen werkdag is.<\/p>\t\t\t\t\t\t<\/div>\n\t\t\t\t<\/div>\n\t\t\t\t<div class=\"elementor-element elementor-element-bf4d141 elementor-widget elementor-widget-heading\" data-id=\"bf4d141\" data-element_type=\"widget\" data-widget_type=\"heading.default\">\n\t\t\t\t<div class=\"elementor-widget-container\">\n\t\t\t<h4 class=\"elementor-heading-title elementor-size-default\">Express Pre 12 \/ Pre 10:30 uur - volgende werkdag v\u00f3\u00f3r de opgegeven tijd (van maandag tot en met vrijdag)<\/h4>\t\t<\/div>\n\t\t\t\t<\/div>\n\t\t\t\t<div class=\"elementor-element elementor-element-dfdb92d elementor-widget elementor-widget-text-editor\" data-id=\"dfdb92d\" data-element_type=\"widget\" data-widget_type=\"text-editor.default\">\n\t\t\t\t<div class=\"elementor-widget-container\">\n\t\t\t\t\t\t\t<p>Bestelling moet v\u00f3\u00f3r 14.00 uur geplaatst zijn. Wij verpakken en verzenden uw bestelling de volgende dag, v\u00f3\u00f3r 10.30 uur of 12.00 uur, afhankelijk van welke optie u kiest.<\/p><p>Een bestelling geplaatst op zaterdag en zondag wordt dinsdag geleverd.<\/p>\t\t\t\t\t\t<\/div>\n\t\t\t\t<\/div>\n\t\t\t\t<div class=\"elementor-element elementor-element-14ca262 elementor-widget elementor-widget-heading\" data-id=\"14ca262\" data-element_type=\"widget\" data-widget_type=\"heading.default\">\n\t\t\t\t<div class=\"elementor-widget-container\">\n\t\t\t<h4 class=\"elementor-heading-title elementor-size-default\">Standaardlevering - 2 - 4 werkdagen (van maandag tot en met vrijdag)<\/h4>\t\t<\/div>\n\t\t\t\t<\/div>\n\t\t\t\t<div class=\"elementor-element elementor-element-800aee5 elementor-widget elementor-widget-text-editor\" data-id=\"800aee5\" data-element_type=\"widget\" data-widget_type=\"text-editor.default\">\n\t\t\t\t<div class=\"elementor-widget-container\">\n\t\t\t\t\t\t\t<p>Standaardlevering \u2013 pakketten worden nog steeds met een nachtdienst verzonden, maar wij geven de voorkeur aan eerst Express-bestellingen en daarna standaardbestellingen. Artikelen met deze service worden tussen de 2 en 4 werkdagen geleverd.<\/p>\t\t\t\t\t\t<\/div>\n\t\t\t\t<\/div>\n\t\t\t\t<div class=\"elementor-element elementor-element-9e8f9bf elementor-widget elementor-widget-heading\" data-id=\"9e8f9bf\" data-element_type=\"widget\" data-widget_type=\"heading.default\">\n\t\t\t\t<div class=\"elementor-widget-container\">\n\t\t\t<h4 class=\"elementor-heading-title elementor-size-default\">Gratis levering naar Groot-Brittanni\u00eb * Algemene voorwaarden zijn van toepassing<\/h4>\t\t<\/div>\n\t\t\t\t<\/div>\n\t\t\t\t<div class=\"elementor-element elementor-element-aa8445a elementor-widget elementor-widget-text-editor\" data-id=\"aa8445a\" data-element_type=\"widget\" data-widget_type=\"text-editor.default\">\n\t\t\t\t<div class=\"elementor-widget-container\">\n\t\t\t\t\t\t\t<p>Besteed je meer dan \u20ac 50,- dan bezorgen wij gratis. Exclusief geselecteerde regio&#039;s van Schotland en heel Noord-Ierland. U kunt de verzendkosten controleren met behulp van de portokostencalculator op de winkelwagenpagina, door uw postcode toe te voegen.<\/p>\t\t\t\t\t\t<\/div>\n\t\t\t\t<\/div>\n\t\t\t\t<div class=\"elementor-element elementor-element-8bfcdd0 elementor-widget elementor-widget-text-editor\" data-id=\"8bfcdd0\" data-element_type=\"widget\" data-widget_type=\"text-editor.default\">\n\t\t\t\t<div class=\"elementor-widget-container\">\n\t\t\t\t\t\t\tEuropese dienst \u2013 tijdelijk opgeschort.\t\t\t\t\t\t<\/div>\n\t\t\t\t<\/div>\n\t\t\t\t\t<\/div>\n\t\t<\/div>\n\t\t\t\t\t\t\t<\/div>\n\t\t<\/section>\n\t\t\t\t\t\t\t<\/div>","protected":false},"excerpt":{"rendered":"<p>Bezorginformatie Expressbezorging \u2013 1-2 werkdagen \u2013 (van maandag tot en met vrijdag) Bestelling moet v\u00f3\u00f3r 14.00 uur zijn geplaatst. TNT-zendingen hebben soms te maken met een vertraging van 24 uur tijdens het transport vanwege de grote volumes in hun netwerk. Elke product van meer dan 30 kg kan dus een langzamere transittijd hebben. Reguliere product&#039;s onder<\/p>\n<div class=\"read-more\"><a class=\"btn btn-fill-out\" href=\"https:\/\/uoogear.com\/nl\/delivery-information-usa\/\">Lees verder<\/a><\/div>","protected":false},"author":1,"featured_media":0,"parent":0,"menu_order":0,"comment_status":"closed","ping_status":"closed","template":"","meta":{"footnotes":""},"class_list":["post-3184","page","type-page","status-publish","hentry"],"_links":{"self":[{"href":"https:\/\/uoogear.com\/nl\/wp-json\/wp\/v2\/pages\/3184","targetHints":{"allow":["GET"]}}],"collection":[{"href":"https:\/\/uoogear.com\/nl\/wp-json\/wp\/v2\/pages"}],"about":[{"href":"https:\/\/uoogear.com\/nl\/wp-json\/wp\/v2\/types\/page"}],"author":[{"embeddable":true,"href":"https:\/\/uoogear.com\/nl\/wp-json\/wp\/v2\/users\/1"}],"replies":[{"embeddable":true,"href":"https:\/\/uoogear.com\/nl\/wp-json\/wp\/v2\/comments?post=3184"}],"version-history":[{"count":22,"href":"https:\/\/uoogear.com\/nl\/wp-json\/wp\/v2\/pages\/3184\/revisions"}],"predecessor-version":[{"id":3206,"href":"https:\/\/uoogear.com\/nl\/wp-json\/wp\/v2\/pages\/3184\/revisions\/3206"}],"wp:attachment":[{"href":"https:\/\/uoogear.com\/nl\/wp-json\/wp\/v2\/media?parent=3184"}],"curies":[{"name":"wp","href":"https:\/\/api.w.org\/{rel}","templated":true}]}}