{"id":4516,"date":"2023-11-14T02:00:05","date_gmt":"2023-11-14T02:00:05","guid":{"rendered":"https:\/\/uoogear.com\/product\/factory-price-waterproof-camping-air-tent-faimly-party-event-outdoor-inflatable-tent\/"},"modified":"2023-11-30T02:24:09","modified_gmt":"2023-11-30T02:24:09","slug":"factory-price-waterproof-camping-air-tent-faimly-party-event-outdoor-inflatable-tent","status":"publish","type":"product","link":"https:\/\/uoogear.com\/nl\/product\/factory-price-waterproof-camping-air-tent-faimly-party-event-outdoor-inflatable-tent\/","title":{"rendered":"Fabrieksprijs Waterdichte Camping Luchttent Faimly Party Event Outdoor opblaasbare tent"},"content":{"rendered":"<ul>\n<li><strong>Gebied : <\/strong> 300*210<\/li>\n<li><strong>Stof : <\/strong> PVC + katoenen doek + polyester gaas<\/li>\n<li><strong>Buitentent waterdichte index: <\/strong> &gt;3000 mm<\/li>\n<li><strong>Bodem waterdichte index: <\/strong> &gt;3000 mm<\/li>\n<li><strong>Type gebouw : <\/strong> Constructie op basis van behoefte<\/li>\n<li><strong>Tentstijl: <\/strong> Buistype tentpaal<\/li>\n<li><strong>Seizoen: <\/strong> Vierseizoenentent<\/li>\n<li><strong>Structuur: <\/strong> E\u00e9n slaapkamer en \u00e9\u00e9n woonkamer<\/li>\n<li><strong>Productnaam : <\/strong> Opblaasbare kampeertent<\/li>\n<li><strong>Gebruik: <\/strong> Buitenentertainment<\/li>\n<li><strong>Stijl : <\/strong> Modern<\/li>\n<li><strong>Kleur : <\/strong> Gouden zandkleur<\/li>\n<li><strong>Sollicitatie : <\/strong> Outdoor reizen kamperen<\/li>\n<li><strong>Maat : <\/strong> 300*210*200<\/li>\n<li><strong>MOQ: <\/strong> 1 stuk<\/li>\n<li><strong>Materiaal: <\/strong> PVC<\/li>\n<li><strong>Accessoires: <\/strong> Pomp+ draagtas+ palen+ touwen<\/li>\n<li><strong>Functie : <\/strong> Waterbestendig<\/li>\n<\/ul>\n<div>\n<div data-magic-global=\"%7B%22bizId%22%3A2212793521237%2C%22pageId%22%3A21194920595%2C%22siteId%22%3A10003212050%7D\">\n<div>\n<div>\n<div>\n<div>\n<div>\n<div>\n<div><\/div>\n<\/div>\n<\/div>\n<\/div>\n<\/div>\n<\/div>\n<\/div>\n<div>\n<div data-section=\"AliMagic-gflxsw\" data-section-title=\"Details Images\">Details Afbeeldingen<\/div>\n<\/div>\n<div>\n<div>\n<div><img decoding=\"async\" src=\"\/\/sc04.alicdn.com\/kf\/H37475806ba70487c93d6b7982aa3cc20Q\/255148517\/H37475806ba70487c93d6b7982aa3cc20Q.jpg\" data-src=\"\/\/sc04.alicdn.com\/kf\/H37475806ba70487c93d6b7982aa3cc20Q\/255148517\/H37475806ba70487c93d6b7982aa3cc20Q.jpg\" \/><\/div>\n<div><img decoding=\"async\" src=\"\/\/sc04.alicdn.com\/kf\/Haad59990b4f34f76a9c982218abf33bee\/255148517\/Haad59990b4f34f76a9c982218abf33bee.jpg\" data-src=\"\/\/sc04.alicdn.com\/kf\/Haad59990b4f34f76a9c982218abf33bee\/255148517\/Haad59990b4f34f76a9c982218abf33bee.jpg\" \/><\/div>\n<div><img decoding=\"async\" src=\"\/\/sc04.alicdn.com\/kf\/H63fad25e7c4147e195846d49d2d24864e\/255148517\/H63fad25e7c4147e195846d49d2d24864e.jpg\" data-src=\"\/\/sc04.alicdn.com\/kf\/H63fad25e7c4147e195846d49d2d24864e\/255148517\/H63fad25e7c4147e195846d49d2d24864e.jpg\" \/><\/div>\n<\/div>\n<\/div>\n<div>\n<div>\n<div>\n<div>\n<div>\n<div><img decoding=\"async\" src=\"\/\/sc04.alicdn.com\/kf\/He9c856cc41994feb9bbd9f3d9db22c3fs\/255148517\/He9c856cc41994feb9bbd9f3d9db22c3fs.jpg\" data-src=\"\/\/sc04.alicdn.com\/kf\/He9c856cc41994feb9bbd9f3d9db22c3fs\/255148517\/He9c856cc41994feb9bbd9f3d9db22c3fs.jpg\" \/><\/div>\n<\/div>\n<\/div>\n<\/div>\n<\/div>\n<\/div>\n<div><\/div>\n<div>\n<div>\n<div>\n<div>\n<div><\/div>\n<\/div>\n<\/div>\n<\/div>\n<\/div>\n<\/div>\n<\/div>","protected":false},"excerpt":{"rendered":"<p>Gebied: 300*210 Stof: PVC + katoenen doek + polyester gaas Waterdichte index buitentent:&gt; 3000 mm Waterdichte index onderkant:&gt; 3000 mm Type gebouw: constructie op basis van behoefte Tentstijl: buistype Tentseizoen: vier seizoenen tentstructuur: E\u00e9n slaapkamer en \u00e9\u00e9n woonkamer Productnaam: Gebruik van opblaasbare kampeertent<\/p>\n<div class=\"read-more\"><a class=\"btn btn-fill-out\" href=\"https:\/\/uoogear.com\/nl\/product\/factory-price-waterproof-camping-air-tent-faimly-party-event-outdoor-inflatable-tent\/\">Lees verder<\/a><\/div>","protected":false},"featured_media":4515,"template":"","meta":[],"product_brand":[],"product_cat":[15],"product_tag":[],"class_list":{"0":"post-4516","1":"product","2":"type-product","3":"status-publish","4":"has-post-thumbnail","6":"product_cat-uncategorized","7":"tm-no-options","9":"first","10":"instock","11":"shipping-taxable","12":"purchasable","13":"product-type-variable"},"_links":{"self":[{"href":"https:\/\/uoogear.com\/nl\/wp-json\/wp\/v2\/product\/4516","targetHints":{"allow":["GET"]}}],"collection":[{"href":"https:\/\/uoogear.com\/nl\/wp-json\/wp\/v2\/product"}],"about":[{"href":"https:\/\/uoogear.com\/nl\/wp-json\/wp\/v2\/types\/product"}],"wp:featuredmedia":[{"embeddable":true,"href":"https:\/\/uoogear.com\/nl\/wp-json\/wp\/v2\/media\/4515"}],"wp:attachment":[{"href":"https:\/\/uoogear.com\/nl\/wp-json\/wp\/v2\/media?parent=4516"}],"wp:term":[{"taxonomy":"product_brand","embeddable":true,"href":"https:\/\/uoogear.com\/nl\/wp-json\/wp\/v2\/product_brand?post=4516"},{"taxonomy":"product_cat","embeddable":true,"href":"https:\/\/uoogear.com\/nl\/wp-json\/wp\/v2\/product_cat?post=4516"},{"taxonomy":"product_tag","embeddable":true,"href":"https:\/\/uoogear.com\/nl\/wp-json\/wp\/v2\/product_tag?post=4516"}],"curies":[{"name":"wp","href":"https:\/\/api.w.org\/{rel}","templated":true}]}}