{"id":4587,"date":"2023-11-14T02:07:44","date_gmt":"2023-11-14T02:07:44","guid":{"rendered":"https:\/\/uoogear.com\/product\/two-rooms-arab-inflatables-air-tent-outdoor-waterproof-inflatable-camping-tents\/"},"modified":"2023-11-30T02:40:29","modified_gmt":"2023-11-30T02:40:29","slug":"two-rooms-arab-inflatables-air-tent-outdoor-waterproof-inflatable-camping-tents","status":"publish","type":"product","link":"https:\/\/uoogear.com\/nl\/product\/two-rooms-arab-inflatables-air-tent-outdoor-waterproof-inflatable-camping-tents\/","title":{"rendered":"twee kamers Arabische opblaasbare luchttent buiten waterdichte opblaasbare kampeertenten"},"content":{"rendered":"<ul>\n<li><strong>Gebied : <\/strong> 3\u33a1-36m\u00b2<\/li>\n<li><strong>Stof : <\/strong> Polyester<\/li>\n<li><strong>Buitentent waterdichte index: <\/strong> &gt;3000 mm<\/li>\n<li><strong>Bodem waterdichte index: <\/strong> &gt;3000 mm<\/li>\n<li><strong>Tentstijl: <\/strong> Uitgebreid type<\/li>\n<li><strong>Seizoen: <\/strong> Vierseizoenentent<\/li>\n<li><strong>Structuur: <\/strong> E\u00e9n slaapkamer en \u00e9\u00e9n woonkamer<\/li>\n<li><strong>Trefwoord: <\/strong> Opblaasbare kampeertent<\/li>\n<li><strong>MOQ: <\/strong> 1 Instellen<\/li>\n<li><strong>Accessoires: <\/strong> handpomp, haringen, windtouwen<\/li>\n<li><strong>Logo: <\/strong> aangepast<\/li>\n<li><strong>Maat : <\/strong> 3\u33a1-36m\u00b2<\/li>\n<li><strong>Materiaal: <\/strong> polyesterkatoen+pvc<\/li>\n<li><strong>OEM\/ODM: <\/strong> Aanvaardbaar maatwerk<\/li>\n<li><strong>Capaciteit : <\/strong> 8+ mensen<\/li>\n<li><strong>Productnaam : <\/strong> Opblaasbare kampeertent<\/li>\n<li><strong>Functie: <\/strong> Bescherming tegen zon en regen<\/li>\n<\/ul>\n<div>\n<div data-magic-global=\"%7B%22bizId%22%3A2212793521237%2C%22pageId%22%3A21264043875%2C%22siteId%22%3A10003212050%7D\">\n<div>\n<div data-section=\"AliMagic-9pc9gb\" data-section-title=\"Products Description\">Producten Beschrijving<\/div>\n<\/div>\n<div>\n<div>\n<div><img decoding=\"async\" src=\"\/\/sc04.alicdn.com\/kf\/He4c3298ed6eb4e39bb6b5339319bad064\/255148517\/He4c3298ed6eb4e39bb6b5339319bad064.jpg\" data-src=\"\/\/sc04.alicdn.com\/kf\/He4c3298ed6eb4e39bb6b5339319bad064\/255148517\/He4c3298ed6eb4e39bb6b5339319bad064.jpg\" \/><\/div>\n<div><img decoding=\"async\" src=\"\/\/sc04.alicdn.com\/kf\/Hb9f73be253b34358b75bcfd954e38b10I\/255148517\/Hb9f73be253b34358b75bcfd954e38b10I.jpg\" data-src=\"\/\/sc04.alicdn.com\/kf\/Hb9f73be253b34358b75bcfd954e38b10I\/255148517\/Hb9f73be253b34358b75bcfd954e38b10I.jpg\" \/><\/div>\n<div><img decoding=\"async\" src=\"\/\/sc04.alicdn.com\/kf\/Haa267fa913844c3fa1eed088e7d3f307T\/255148517\/Haa267fa913844c3fa1eed088e7d3f307T.jpg\" data-src=\"\/\/sc04.alicdn.com\/kf\/Haa267fa913844c3fa1eed088e7d3f307T\/255148517\/Haa267fa913844c3fa1eed088e7d3f307T.jpg\" \/><\/div>\n<div><img decoding=\"async\" src=\"\/\/sc04.alicdn.com\/kf\/H57b182cfc711464cbd92b3593e5d45f9o\/255148517\/H57b182cfc711464cbd92b3593e5d45f9o.jpg\" data-src=\"\/\/sc04.alicdn.com\/kf\/H57b182cfc711464cbd92b3593e5d45f9o\/255148517\/H57b182cfc711464cbd92b3593e5d45f9o.jpg\" \/><\/div>\n<div><img decoding=\"async\" src=\"\/\/sc04.alicdn.com\/kf\/Hd791823f62134271bc0090dce2af6524C\/255148517\/Hd791823f62134271bc0090dce2af6524C.jpg\" data-src=\"\/\/sc04.alicdn.com\/kf\/Hd791823f62134271bc0090dce2af6524C\/255148517\/Hd791823f62134271bc0090dce2af6524C.jpg\" \/><\/div>\n<div><img decoding=\"async\" src=\"\/\/sc04.alicdn.com\/kf\/H32545585c7004bd6808990c88d472837F\/255148517\/H32545585c7004bd6808990c88d472837F.jpg\" data-src=\"\/\/sc04.alicdn.com\/kf\/H32545585c7004bd6808990c88d472837F\/255148517\/H32545585c7004bd6808990c88d472837F.jpg\" \/><\/div>\n<\/div>\n<\/div>\n<div><\/div>\n<div>\n<div>\n<div>\n<div>\n<div><\/div>\n<\/div>\n<\/div>\n<\/div>\n<\/div>\n<\/div>\n<\/div>","protected":false},"excerpt":{"rendered":"<p>Oppervlakte: 3\u33a1-36m\u00b2 Stof: polyester Buitentent Waterdichte index: &gt;3000 mm Bodemwaterdichte index: &gt;3000 mm Tentstijl: Uitgebreid Type Seizoen: Vier seizoenen Tentstructuur: E\u00e9n slaapkamer en \u00e9\u00e9n woonkamer Trefwoord: Opblaasbare kampeertent MOQ: 1 set accessoires: handpomp, haringen, windtouwen Logo: aangepast Maat:<\/p>\n<div class=\"read-more\"><a class=\"btn btn-fill-out\" href=\"https:\/\/uoogear.com\/nl\/product\/two-rooms-arab-inflatables-air-tent-outdoor-waterproof-inflatable-camping-tents\/\">Lees verder<\/a><\/div>","protected":false},"featured_media":4586,"template":"","meta":[],"product_brand":[],"product_cat":[15],"product_tag":[],"class_list":{"0":"post-4587","1":"product","2":"type-product","3":"status-publish","4":"has-post-thumbnail","6":"product_cat-uncategorized","7":"tm-no-options","9":"first","10":"instock","11":"shipping-taxable","12":"purchasable","13":"product-type-variable"},"_links":{"self":[{"href":"https:\/\/uoogear.com\/nl\/wp-json\/wp\/v2\/product\/4587","targetHints":{"allow":["GET"]}}],"collection":[{"href":"https:\/\/uoogear.com\/nl\/wp-json\/wp\/v2\/product"}],"about":[{"href":"https:\/\/uoogear.com\/nl\/wp-json\/wp\/v2\/types\/product"}],"wp:featuredmedia":[{"embeddable":true,"href":"https:\/\/uoogear.com\/nl\/wp-json\/wp\/v2\/media\/4586"}],"wp:attachment":[{"href":"https:\/\/uoogear.com\/nl\/wp-json\/wp\/v2\/media?parent=4587"}],"wp:term":[{"taxonomy":"product_brand","embeddable":true,"href":"https:\/\/uoogear.com\/nl\/wp-json\/wp\/v2\/product_brand?post=4587"},{"taxonomy":"product_cat","embeddable":true,"href":"https:\/\/uoogear.com\/nl\/wp-json\/wp\/v2\/product_cat?post=4587"},{"taxonomy":"product_tag","embeddable":true,"href":"https:\/\/uoogear.com\/nl\/wp-json\/wp\/v2\/product_tag?post=4587"}],"curies":[{"name":"wp","href":"https:\/\/api.w.org\/{rel}","templated":true}]}}