{"id":4694,"date":"2023-11-14T02:16:01","date_gmt":"2023-11-14T02:16:01","guid":{"rendered":"https:\/\/uoogear.com\/product\/outdoor-camping-tent-oxford-waterproof-family-travel-camping-air-tent-inflatable-house-tent-camping\/"},"modified":"2023-11-30T02:54:56","modified_gmt":"2023-11-30T02:54:56","slug":"outdoor-camping-tent-oxford-waterproof-family-travel-camping-air-tent-inflatable-house-tent-camping","status":"publish","type":"product","link":"https:\/\/uoogear.com\/nl\/product\/outdoor-camping-tent-oxford-waterproof-family-travel-camping-air-tent-inflatable-house-tent-camping\/","title":{"rendered":"Outdoor Camping Tent Oxford Waterdichte Familie Reizen Camping Luchttent Opblaasbare Huis Tent Camping"},"content":{"rendered":"<ul>\n<li><strong>Stof : <\/strong> Oxford<\/li>\n<li><strong>Buitentent waterdichte index: <\/strong> &gt;3000 mm<\/li>\n<li><strong>Bodem waterdichte index: <\/strong> &gt;3000 mm<\/li>\n<li><strong>Type gebouw : <\/strong> Constructie op basis van behoefte<\/li>\n<li><strong>Tentstijl: <\/strong> Buistype tentpaal<\/li>\n<li><strong>Seizoen: <\/strong> Vierseizoenentent<\/li>\n<li><strong>Structuur: <\/strong> E\u00e9n slaapkamer en \u00e9\u00e9n woonkamer<\/li>\n<li><strong>Productnaam : <\/strong> Opblaasbare kampeertent<\/li>\n<li><strong>Gebruik: <\/strong> Buitenentertainment<\/li>\n<li><strong>Stijl : <\/strong> Modern<\/li>\n<li><strong>Kleur : <\/strong> Gouden zandkleur<\/li>\n<li><strong>Sollicitatie : <\/strong> Outdoor reizen kamperen<\/li>\n<li><strong>Maat : <\/strong> 300*200*200<\/li>\n<li><strong>MOQ: <\/strong> 1 stuk<\/li>\n<li><strong>Materiaal: <\/strong> PVC<\/li>\n<li><strong>Accessoires: <\/strong> Pomp+ draagtas+ palen+ touwen<\/li>\n<li><strong>Functie : <\/strong> Waterbestendig<\/li>\n<\/ul>\n<div>\n<div data-magic-global=\"%7B%22bizId%22%3A2212793521237%2C%22pageId%22%3A21231715705%2C%22siteId%22%3A10003212050%7D\">\n<div>\n<div data-section=\"AliMagic-s5n59t\" data-section-title=\"Products Description\">Producten Beschrijving<\/div>\n<\/div>\n<div>\n<div>\n<table>\n<tbody>\n<tr>\n<td>\n<div><span style=\"color: #000000; font-family: Arial;\"><span data-spm-anchor-id=\"a2700.custom-template.0.i133.65b03333DKbf22\"><strong>productnaam<\/strong><\/span><\/span><\/div>\n<\/td>\n<td>\n<div>Kampeer tent<\/div>\n<\/td>\n<\/tr>\n<tr>\n<td>\n<div><span style=\"color: #000000; font-family: Arial;\"><strong>OEM-MOQ<\/strong><\/span><\/div>\n<\/td>\n<td>\n<div><span style=\"font-family: Arial;\"><span data-spm-anchor-id=\"a2700.custom-template.0.i131.65b03333DKbf22\">Accepteer een aangepast \/1 set monster<\/span><\/span><\/div>\n<\/td>\n<\/tr>\n<tr>\n<td>\n<div><span style=\"color: #000000; font-family: Arial;\"><strong>Kleur kleur<\/strong><\/span><\/div>\n<\/td>\n<td>\n<div><span style=\"font-family: Arial;\"><span data-spm-anchor-id=\"a2700.custom-template.0.i132.65b03333DKbf22\">Als afbeelding, accepteer aangepast<\/span><\/span><\/div>\n<\/td>\n<\/tr>\n<tr>\n<td>\n<div><span style=\"color: #000000; font-family: Arial;\"><span data-spm-anchor-id=\"a2700.custom-template.0.i158.65b03333DKbf22\"><strong>Capaciteit<\/strong><\/span><\/span><\/div>\n<\/td>\n<td>\n<div><span style=\"font-family: Arial;\">2\/3\/4\/5\/6\/7\/8 personen (aangepaste capaciteit)<\/span><\/div>\n<\/td>\n<\/tr>\n<tr>\n<td>\n<div><strong>Maat<\/strong><\/div>\n<\/td>\n<td>\n<div>Kan de maat van kant-en-klare producten kiezen, aangepaste maat accepteren<\/div>\n<\/td>\n<\/tr>\n<tr>\n<td>\n<div>\n<div><strong>Functie<\/strong><\/div>\n<\/div>\n<\/td>\n<td>\n<div><span style=\"font-family: Arial;\">UV- en regenbestendig, ademend, voorkomen prachtig, grote ruimte, stabiele structuur, goede ventilatieprestaties, brede toepassing, klein formaat, gemakkelijk mee te nemen, installatie, eenvoudige pop-up, automatisch, comfortabel<\/span><\/div>\n<\/td>\n<\/tr>\n<\/tbody>\n<\/table>\n<\/div>\n<\/div>\n<div>\n<div data-section=\"AliMagic-wto6wv\" data-section-title=\"Details Images\">Details Afbeeldingen<\/div>\n<\/div>\n<div>\n<div>\n<div><img decoding=\"async\" src=\"\/\/sc04.alicdn.com\/kf\/H175e59dd22b24d43aa32ed0ae8d2c8747\/255148517\/H175e59dd22b24d43aa32ed0ae8d2c8747.jpg\" data-src=\"\/\/sc04.alicdn.com\/kf\/H175e59dd22b24d43aa32ed0ae8d2c8747\/255148517\/H175e59dd22b24d43aa32ed0ae8d2c8747.jpg\" \/><\/div>\n<div><img decoding=\"async\" src=\"\/\/sc04.alicdn.com\/kf\/Ha69c9c50ac4a4dfeb4542d27a1d2d8d8w\/255148517\/Ha69c9c50ac4a4dfeb4542d27a1d2d8d8w.jpg\" data-src=\"\/\/sc04.alicdn.com\/kf\/Ha69c9c50ac4a4dfeb4542d27a1d2d8d8w\/255148517\/Ha69c9c50ac4a4dfeb4542d27a1d2d8d8w.jpg\" \/><\/div>\n<div><img decoding=\"async\" src=\"\/\/sc04.alicdn.com\/kf\/H71375765a79d4e5fb38adf7881fae52fp\/255148517\/H71375765a79d4e5fb38adf7881fae52fp.jpg\" data-src=\"\/\/sc04.alicdn.com\/kf\/H71375765a79d4e5fb38adf7881fae52fp\/255148517\/H71375765a79d4e5fb38adf7881fae52fp.jpg\" \/><\/div>\n<div><img decoding=\"async\" src=\"\/\/sc04.alicdn.com\/kf\/H1e340aefde5040c380db9f816ea94926g\/255148517\/H1e340aefde5040c380db9f816ea94926g.jpg\" data-src=\"\/\/sc04.alicdn.com\/kf\/H1e340aefde5040c380db9f816ea94926g\/255148517\/H1e340aefde5040c380db9f816ea94926g.jpg\" \/><\/div>\n<div><img decoding=\"async\" src=\"\/\/sc04.alicdn.com\/kf\/H73c3d5646be443f7b7aad5cfee06d20fz\/255148517\/H73c3d5646be443f7b7aad5cfee06d20fz.jpg\" data-src=\"\/\/sc04.alicdn.com\/kf\/H73c3d5646be443f7b7aad5cfee06d20fz\/255148517\/H73c3d5646be443f7b7aad5cfee06d20fz.jpg\" \/><\/div>\n<div><img decoding=\"async\" src=\"\/\/sc04.alicdn.com\/kf\/Hf285a8c6ab5c4366ba38a13f7600a0ddK\/255148517\/Hf285a8c6ab5c4366ba38a13f7600a0ddK.jpg\" data-src=\"\/\/sc04.alicdn.com\/kf\/Hf285a8c6ab5c4366ba38a13f7600a0ddK\/255148517\/Hf285a8c6ab5c4366ba38a13f7600a0ddK.jpg\" \/><\/div>\n<div><img decoding=\"async\" src=\"\/\/sc04.alicdn.com\/kf\/H0e401b499b824011bd02b0b7531d80dce\/255148517\/H0e401b499b824011bd02b0b7531d80dce.jpg\" data-src=\"\/\/sc04.alicdn.com\/kf\/H0e401b499b824011bd02b0b7531d80dce\/255148517\/H0e401b499b824011bd02b0b7531d80dce.jpg\" \/><\/div>\n<div><img decoding=\"async\" src=\"\/\/sc04.alicdn.com\/kf\/H875b19078b6b4607b7cff487d79ce56aZ\/255148517\/H875b19078b6b4607b7cff487d79ce56aZ.jpg\" data-src=\"\/\/sc04.alicdn.com\/kf\/H875b19078b6b4607b7cff487d79ce56aZ\/255148517\/H875b19078b6b4607b7cff487d79ce56aZ.jpg\" \/><\/div>\n<\/div>\n<\/div>\n<div>\n<div data-section=\"AliMagic-7rnny9\" data-section-title=\"Related Products\"><\/div>\n<\/div>\n<div>\n<div>\n<div>\n<div>\n<div><\/div>\n<\/div>\n<\/div>\n<\/div>\n<\/div>\n<\/div>\n<\/div>","protected":false},"excerpt":{"rendered":"<p>Stof: Oxford Buitentent Waterdichte index: &gt;3000 mm Bodemwaterdichte index: &gt;3000 mm Type gebouw: Constructie op basis van behoefte Tentstijl: Buistype Tentpaal Seizoen: Vier seizoenen Tentstructuur: E\u00e9n slaapkamer en \u00e9\u00e9n woonkamer Productnaam: Opblaasbaar Gebruik van kampeertent: buitenentertainment Stijl: modern<\/p>\n<div class=\"read-more\"><a class=\"btn btn-fill-out\" href=\"https:\/\/uoogear.com\/nl\/product\/outdoor-camping-tent-oxford-waterproof-family-travel-camping-air-tent-inflatable-house-tent-camping\/\">Lees verder<\/a><\/div>","protected":false},"featured_media":4693,"template":"","meta":[],"product_brand":[],"product_cat":[15],"product_tag":[],"class_list":{"0":"post-4694","1":"product","2":"type-product","3":"status-publish","4":"has-post-thumbnail","6":"product_cat-uncategorized","7":"tm-no-options","9":"first","10":"instock","11":"shipping-taxable","12":"purchasable","13":"product-type-variable"},"_links":{"self":[{"href":"https:\/\/uoogear.com\/nl\/wp-json\/wp\/v2\/product\/4694","targetHints":{"allow":["GET"]}}],"collection":[{"href":"https:\/\/uoogear.com\/nl\/wp-json\/wp\/v2\/product"}],"about":[{"href":"https:\/\/uoogear.com\/nl\/wp-json\/wp\/v2\/types\/product"}],"wp:featuredmedia":[{"embeddable":true,"href":"https:\/\/uoogear.com\/nl\/wp-json\/wp\/v2\/media\/4693"}],"wp:attachment":[{"href":"https:\/\/uoogear.com\/nl\/wp-json\/wp\/v2\/media?parent=4694"}],"wp:term":[{"taxonomy":"product_brand","embeddable":true,"href":"https:\/\/uoogear.com\/nl\/wp-json\/wp\/v2\/product_brand?post=4694"},{"taxonomy":"product_cat","embeddable":true,"href":"https:\/\/uoogear.com\/nl\/wp-json\/wp\/v2\/product_cat?post=4694"},{"taxonomy":"product_tag","embeddable":true,"href":"https:\/\/uoogear.com\/nl\/wp-json\/wp\/v2\/product_tag?post=4694"}],"curies":[{"name":"wp","href":"https:\/\/api.w.org\/{rel}","templated":true}]}}