{"id":4767,"date":"2023-11-14T02:26:09","date_gmt":"2023-11-14T02:26:09","guid":{"rendered":"https:\/\/uoogear.com\/product\/4-6-person-large-glamping-family-automatic-camping-tent-portable-backpacking-tent-outdoor-dome-tents\/"},"modified":"2023-11-30T02:33:57","modified_gmt":"2023-11-30T02:33:57","slug":"4-6-person-large-glamping-family-automatic-camping-tent-portable-backpacking-tent-outdoor-dome-tents","status":"publish","type":"product","link":"https:\/\/uoogear.com\/nl\/product\/4-6-person-large-glamping-family-automatic-camping-tent-portable-backpacking-tent-outdoor-dome-tents\/","title":{"rendered":"4-6 personen grote glamping familie automatische kampeertent draagbare backpacktent buitenkoepeltenten"},"content":{"rendered":"<ul>\n<li><strong>Gebied : <\/strong> 2,4*2,2 M<\/li>\n<li><strong>Stof : <\/strong> Ployester<\/li>\n<li><strong>Buitentent waterdichte index: <\/strong> 2000-3000 mm, 3000 mm<\/li>\n<li><strong>Bodem waterdichte index: <\/strong> 2000-3000 mm, 3000 mm<\/li>\n<li><strong>Type gebouw : <\/strong> Snelle automatische opening<\/li>\n<li><strong>Tentstijl: <\/strong> Diagonaal verstevigingstype, buistype tentpaal<\/li>\n<li><strong>Seizoen: <\/strong> Vierseizoenentent<\/li>\n<li><strong>Structuur: <\/strong> E\u00e9n slaapkamer en \u00e9\u00e9n woonkamer, grote slaapkamers\/woonkamer<\/li>\n<li><strong>Kleur : <\/strong> Aangepast<\/li>\n<li><strong>Materiaal paal: <\/strong> aluminium palen<\/li>\n<li><strong>Capaciteit : <\/strong> 4-6 personen<\/li>\n<li><strong>Pakket gewicht : <\/strong> 6,5 kg (14,33 lb)<\/li>\n<li><strong>Pakketgrootte : <\/strong> 110*20*20 CM<\/li>\n<li><strong>trefwoorden: <\/strong> familie tent<\/li>\n<li><strong>stijl : <\/strong> instant tentje<\/li>\n<\/ul>\n<div>\n<div data-magic-global=\"%7B%22bizId%22%3A2348173885%2C%22pageId%22%3A5049777473%2C%22siteId%22%3A5005127539%7D\">\n<div><\/div>\n<div>\n<div data-section=\"AliMagic-vkgkdu\" data-section-title=\"Product Display\">Productweergave<\/div>\n<\/div>\n<div>\n<div>\n<div>\n<div>\n<div>\n<div><a href=\"https:\/\/cnhomestar.en.alibaba.com\/product\/60708146656-805607772\/factory_supplier_Iron_pole_large_family_camping_high_quality_5_8_people_waterproof_party_tent.html\" target=\"_blank\" rel=\"noopener\"><img decoding=\"async\" src=\"\/\/sc02.alicdn.com\/kf\/H3373b1a9655345c89c23d89ff080acd5N\/222400006\/H3373b1a9655345c89c23d89ff080acd5N.jpg\" data-src=\"\/\/sc02.alicdn.com\/kf\/H3373b1a9655345c89c23d89ff080acd5N\/222400006\/H3373b1a9655345c89c23d89ff080acd5N.jpg\" \/><\/a><\/div>\n<\/div>\n<\/div>\n<\/div>\n<\/div>\n<\/div>\n<div>\n<div>\n<div>\n<div>\n<div>\n<div><img decoding=\"async\" src=\"\/\/sc01.alicdn.com\/kf\/Hb55d8d7feef34118ab05a7e926191416y\/222400006\/Hb55d8d7feef34118ab05a7e926191416y.jpg\" data-src=\"\/\/sc01.alicdn.com\/kf\/Hb55d8d7feef34118ab05a7e926191416y\/222400006\/Hb55d8d7feef34118ab05a7e926191416y.jpg\" \/><\/div>\n<\/div>\n<\/div>\n<\/div>\n<\/div>\n<\/div>\n<div>\n<div>\n<div>\n<div>\n<div>\n<div><img decoding=\"async\" src=\"\/\/sc01.alicdn.com\/kf\/H5d0f88298fe64f3fbb1e3fb167d802c1F\/222400006\/H5d0f88298fe64f3fbb1e3fb167d802c1F.jpg\" data-src=\"\/\/sc01.alicdn.com\/kf\/H5d0f88298fe64f3fbb1e3fb167d802c1F\/222400006\/H5d0f88298fe64f3fbb1e3fb167d802c1F.jpg\" \/><\/div>\n<\/div>\n<\/div>\n<\/div>\n<\/div>\n<\/div>\n<div>\n<div>\n<div>\n<div>\n<div>\n<div><img decoding=\"async\" src=\"\/\/sc01.alicdn.com\/kf\/H2096738b758843a08e2b8ff6521dc225H\/222400006\/H2096738b758843a08e2b8ff6521dc225H.jpg\" data-src=\"\/\/sc01.alicdn.com\/kf\/H2096738b758843a08e2b8ff6521dc225H\/222400006\/H2096738b758843a08e2b8ff6521dc225H.jpg\" \/><\/div>\n<\/div>\n<\/div>\n<\/div>\n<\/div>\n<\/div>\n<div><\/div>\n<\/div>\n<\/div>","protected":false},"excerpt":{"rendered":"<p>Oppervlakte: 2,4*2,2 M Materiaal: ployester Waterdichte index buitentent: 2000-3000 mm, 3000 mm Waterdichte index onderkant: 2000-3000 mm, 3000 mm Type gebouw: Snel automatisch openend Tentstijl: Diagonaal verstevigingstype, buistype Tentinzetseizoen : Tentstructuur voor vier seizoenen: \u00e9\u00e9n slaapkamer en \u00e9\u00e9n woonkamer, grote slaapkamers\/woonkamer<\/p>\n<div class=\"read-more\"><a class=\"btn btn-fill-out\" href=\"https:\/\/uoogear.com\/nl\/product\/4-6-person-large-glamping-family-automatic-camping-tent-portable-backpacking-tent-outdoor-dome-tents\/\">Lees verder<\/a><\/div>","protected":false},"featured_media":4766,"template":"","meta":[],"product_brand":[],"product_cat":[15],"product_tag":[],"class_list":{"0":"post-4767","1":"product","2":"type-product","3":"status-publish","4":"has-post-thumbnail","6":"product_cat-uncategorized","7":"tm-no-options","9":"first","10":"instock","11":"shipping-taxable","12":"purchasable","13":"product-type-variable"},"_links":{"self":[{"href":"https:\/\/uoogear.com\/nl\/wp-json\/wp\/v2\/product\/4767","targetHints":{"allow":["GET"]}}],"collection":[{"href":"https:\/\/uoogear.com\/nl\/wp-json\/wp\/v2\/product"}],"about":[{"href":"https:\/\/uoogear.com\/nl\/wp-json\/wp\/v2\/types\/product"}],"wp:featuredmedia":[{"embeddable":true,"href":"https:\/\/uoogear.com\/nl\/wp-json\/wp\/v2\/media\/4766"}],"wp:attachment":[{"href":"https:\/\/uoogear.com\/nl\/wp-json\/wp\/v2\/media?parent=4767"}],"wp:term":[{"taxonomy":"product_brand","embeddable":true,"href":"https:\/\/uoogear.com\/nl\/wp-json\/wp\/v2\/product_brand?post=4767"},{"taxonomy":"product_cat","embeddable":true,"href":"https:\/\/uoogear.com\/nl\/wp-json\/wp\/v2\/product_cat?post=4767"},{"taxonomy":"product_tag","embeddable":true,"href":"https:\/\/uoogear.com\/nl\/wp-json\/wp\/v2\/product_tag?post=4767"}],"curies":[{"name":"wp","href":"https:\/\/api.w.org\/{rel}","templated":true}]}}