{"id":4794,"date":"2023-11-14T02:28:46","date_gmt":"2023-11-14T02:28:46","guid":{"rendered":"https:\/\/uoogear.com\/product\/4-person-family-camping-tents-portable-outdoor-automatic-tents-waterproof-windproof-for-hiking\/"},"modified":"2023-11-30T02:35:02","modified_gmt":"2023-11-30T02:35:02","slug":"4-person-family-camping-tents-portable-outdoor-automatic-tents-waterproof-windproof-for-hiking","status":"publish","type":"product","link":"https:\/\/uoogear.com\/nl\/product\/4-person-family-camping-tents-portable-outdoor-automatic-tents-waterproof-windproof-for-hiking\/","title":{"rendered":"4-persoons familiekampeertenten Draagbare buiten automatische tenten Waterdicht winddicht voor wandelen"},"content":{"rendered":"<ul>\n<li><strong>Gebied : <\/strong> 21 vierkante meter<\/li>\n<li><strong>Stof : <\/strong> 150DOxford<\/li>\n<li><strong>Buitentent waterdichte index: <\/strong> &gt;3000 mm, 2000 mm<\/li>\n<li><strong>Bodem waterdichte index: <\/strong> 2000-3000 mm, 3000 mm<\/li>\n<li><strong>Type gebouw : <\/strong> Constructie op basis van behoefte<\/li>\n<li><strong>Tentstijl: <\/strong> Recht verstevigingstype, sneeuwveldspijker<\/li>\n<li><strong>Seizoen: <\/strong> Vierseizoenentent<\/li>\n<li><strong>Structuur: <\/strong> E\u00e9n slaapkamer en \u00e9\u00e9n woonkamer, grote slaapkamers\/woonkamer<\/li>\n<li><strong>Kleur : <\/strong> Aangepast<\/li>\n<li><strong>Materiaal paal: <\/strong> Ijzer<\/li>\n<li><strong>Capaciteit : <\/strong> 4-5 personen<\/li>\n<li><strong>trefwoorden: <\/strong> Rugzak tenten<\/li>\n<li><strong>stijl : <\/strong> instant tentje<\/li>\n<li><strong>Pakket gewicht : <\/strong> 11 kg<\/li>\n<\/ul>\n<div>\n<div data-magic-global=\"%7B%22bizId%22%3A2348173885%2C%22pageId%22%3A21017910575%2C%22siteId%22%3A5005127539%7D\">\n<div><\/div>\n<div>\n<div data-section=\"AliMagic-clh7zb\" data-section-title=\"Product Display\">Productweergave<\/div>\n<\/div>\n<div>\n<div>\n<div><img decoding=\"async\" src=\"\/\/sc04.alicdn.com\/kf\/Hd90aba5405b24718ba9b23b9cd1aa8c3a\/222400006\/Hd90aba5405b24718ba9b23b9cd1aa8c3a.jpg\" data-src=\"\/\/sc04.alicdn.com\/kf\/Hd90aba5405b24718ba9b23b9cd1aa8c3a\/222400006\/Hd90aba5405b24718ba9b23b9cd1aa8c3a.jpg\" \/><\/div>\n<div><img decoding=\"async\" src=\"\/\/sc04.alicdn.com\/kf\/H87fec1b7d3424395bfe6efadd8191ea7K\/222400006\/H87fec1b7d3424395bfe6efadd8191ea7K.jpg\" data-src=\"\/\/sc04.alicdn.com\/kf\/H87fec1b7d3424395bfe6efadd8191ea7K\/222400006\/H87fec1b7d3424395bfe6efadd8191ea7K.jpg\" \/><\/div>\n<div><img decoding=\"async\" src=\"\/\/sc04.alicdn.com\/kf\/He90a42f4ffc242c687661f0090e601e2n\/222400006\/He90a42f4ffc242c687661f0090e601e2n.jpg\" data-src=\"\/\/sc04.alicdn.com\/kf\/He90a42f4ffc242c687661f0090e601e2n\/222400006\/He90a42f4ffc242c687661f0090e601e2n.jpg\" \/><\/div>\n<div><img decoding=\"async\" src=\"\/\/sc04.alicdn.com\/kf\/H448a68d22dd94dee96751e6f3b6ae588r\/222400006\/H448a68d22dd94dee96751e6f3b6ae588r.jpg\" data-src=\"\/\/sc04.alicdn.com\/kf\/H448a68d22dd94dee96751e6f3b6ae588r\/222400006\/H448a68d22dd94dee96751e6f3b6ae588r.jpg\" \/><\/div>\n<div><img decoding=\"async\" src=\"\/\/sc04.alicdn.com\/kf\/H0637ce2a75714d968c5cf18cf0699702G\/222400006\/H0637ce2a75714d968c5cf18cf0699702G.jpg\" data-src=\"\/\/sc04.alicdn.com\/kf\/H0637ce2a75714d968c5cf18cf0699702G\/222400006\/H0637ce2a75714d968c5cf18cf0699702G.jpg\" \/><\/div>\n<div><img decoding=\"async\" src=\"\/\/sc04.alicdn.com\/kf\/H31a25c93d55b4782baee17bfd3a986c73\/222400006\/H31a25c93d55b4782baee17bfd3a986c73.jpg\" data-src=\"\/\/sc04.alicdn.com\/kf\/H31a25c93d55b4782baee17bfd3a986c73\/222400006\/H31a25c93d55b4782baee17bfd3a986c73.jpg\" \/><\/div>\n<div><img decoding=\"async\" src=\"\/\/sc04.alicdn.com\/kf\/H9bf447abb59942de928bc8eab5140428d\/222400006\/H9bf447abb59942de928bc8eab5140428d.jpg\" data-src=\"\/\/sc04.alicdn.com\/kf\/H9bf447abb59942de928bc8eab5140428d\/222400006\/H9bf447abb59942de928bc8eab5140428d.jpg\" \/><\/div>\n<\/div>\n<\/div>\n<div>\n<div>\n<div>\n<div>\n<div>\n<div><\/div>\n<\/div>\n<\/div>\n<\/div>\n<\/div>\n<\/div>\n<\/div>\n<\/div>","protected":false},"excerpt":{"rendered":"<p>Oppervlakte: 21 vierkante meter Stof: 150D Oxford Buitentent Waterdichte index: &gt;3000 mm, 2000 mm Bodemwaterdichte index: 2000-3000 mm, 3000 mm Gebouwtype: constructie op basis van behoefte Tentstijl: Recht verstevigingstype, Sneeuwveldspijker Seizoen: Vier Tentstructuur voor het seizoen: \u00e9\u00e9n slaapkamer en \u00e9\u00e9n woonkamer, grote slaapkamers\/woonkamer<\/p>\n<div class=\"read-more\"><a class=\"btn btn-fill-out\" href=\"https:\/\/uoogear.com\/nl\/product\/4-person-family-camping-tents-portable-outdoor-automatic-tents-waterproof-windproof-for-hiking\/\">Lees verder<\/a><\/div>","protected":false},"featured_media":4793,"template":"","meta":[],"product_brand":[],"product_cat":[15],"product_tag":[],"class_list":{"0":"post-4794","1":"product","2":"type-product","3":"status-publish","4":"has-post-thumbnail","6":"product_cat-uncategorized","7":"tm-no-options","9":"first","10":"instock","11":"shipping-taxable","12":"purchasable","13":"product-type-variable"},"_links":{"self":[{"href":"https:\/\/uoogear.com\/nl\/wp-json\/wp\/v2\/product\/4794","targetHints":{"allow":["GET"]}}],"collection":[{"href":"https:\/\/uoogear.com\/nl\/wp-json\/wp\/v2\/product"}],"about":[{"href":"https:\/\/uoogear.com\/nl\/wp-json\/wp\/v2\/types\/product"}],"wp:featuredmedia":[{"embeddable":true,"href":"https:\/\/uoogear.com\/nl\/wp-json\/wp\/v2\/media\/4793"}],"wp:attachment":[{"href":"https:\/\/uoogear.com\/nl\/wp-json\/wp\/v2\/media?parent=4794"}],"wp:term":[{"taxonomy":"product_brand","embeddable":true,"href":"https:\/\/uoogear.com\/nl\/wp-json\/wp\/v2\/product_brand?post=4794"},{"taxonomy":"product_cat","embeddable":true,"href":"https:\/\/uoogear.com\/nl\/wp-json\/wp\/v2\/product_cat?post=4794"},{"taxonomy":"product_tag","embeddable":true,"href":"https:\/\/uoogear.com\/nl\/wp-json\/wp\/v2\/product_tag?post=4794"}],"curies":[{"name":"wp","href":"https:\/\/api.w.org\/{rel}","templated":true}]}}