{"id":4811,"date":"2023-11-14T02:30:25","date_gmt":"2023-11-14T02:30:25","guid":{"rendered":"https:\/\/uoogear.com\/product\/outdoor-portable-beach-tent-easy-set-up-camping-tent-instant-automatic-pop-up-beach-tent\/"},"modified":"2023-11-30T02:36:15","modified_gmt":"2023-11-30T02:36:15","slug":"outdoor-portable-beach-tent-easy-set-up-camping-tent-instant-automatic-pop-up-beach-tent","status":"publish","type":"product","link":"https:\/\/uoogear.com\/nl\/product\/outdoor-portable-beach-tent-easy-set-up-camping-tent-instant-automatic-pop-up-beach-tent\/","title":{"rendered":"Draagbare strandtent voor buiten, eenvoudig op te zetten kampeertent, onmiddellijke automatische pop-up strandtent"},"content":{"rendered":"<ul>\n<li><strong>Stof : <\/strong> 190T-polyester<\/li>\n<li><strong>Buitentent waterdichte index: <\/strong> 2000-3000 mm, 2000-3000 mm<\/li>\n<li><strong>Bodem waterdichte index: <\/strong> 2000-3000 mm, 2000-3000 mm<\/li>\n<li><strong>Type gebouw : <\/strong> Constructie op basis van behoefte<\/li>\n<li><strong>Tentstijl: <\/strong> Rechte verstevigingstype<\/li>\n<li><strong>Seizoen: <\/strong> Vierseizoenentent<\/li>\n<li><strong>Structuur: <\/strong> E\u00e9n slaapkamer en \u00e9\u00e9n woonkamer, grote slaapkamers<\/li>\n<li><strong>Kleur : <\/strong> Militair groen<\/li>\n<li><strong>Materiaal paal: <\/strong> Glasvezel staaf<\/li>\n<li><strong>Capaciteit : <\/strong> 2 personen<\/li>\n<li><strong>trefwoorden: <\/strong> Strandtent<\/li>\n<li><strong>stijl : <\/strong> Strandtent<\/li>\n<li><strong>Pakket gewicht : <\/strong> 2,6 kg<\/li>\n<li><strong>Pakketgrootte : <\/strong> 75*5*75cm<\/li>\n<\/ul>\n<div>\n<div data-magic-global=\"%7B%22bizId%22%3A2348173885%2C%22pageId%22%3A20172715799%2C%22siteId%22%3A5005127539%7D\">\n<div>\n<div>\n<div>\n<div>\n<div>\n<div><\/div>\n<\/div>\n<\/div>\n<\/div>\n<\/div>\n<\/div>\n<div>\n<div>\n<table>\n<tbody>\n<tr>\n<td>\n<div>\n<div data-spm-anchor-id=\"0.0.0.i16.3eaf4f05ECnIkX\">Vlieg<\/div>\n<\/div>\n<\/td>\n<td>\n<div>\n<div data-spm-anchor-id=\"0.0.0.i33.3eaf4f05ECnIkX\">190T Ployester<\/div>\n<\/div>\n<\/td>\n<td>\n<div>\n<div>Binnen<\/div>\n<\/div>\n<\/td>\n<td>\n<div>\n<div data-spm-anchor-id=\"0.0.0.i34.3eaf4f05ECnIkX\">B3 gaas<\/div>\n<\/div>\n<\/td>\n<\/tr>\n<tr>\n<td>\n<div>\n<div data-spm-anchor-id=\"a2700.pc-decorate.0.i1.7e7f33333Ga052\">Lagen<\/div>\n<\/div>\n<\/td>\n<td>\n<div>\n<div data-spm-anchor-id=\"0.0.0.i39.3eaf4f05ECnIkX\">1<\/div>\n<\/div>\n<\/td>\n<td>\n<div>\n<div>Waterbestendig<\/div>\n<\/div>\n<\/td>\n<td>\n<div>\n<div data-spm-anchor-id=\"0.0.0.i4.3eaf4f05uSBrU9\">2000 mm<\/div>\n<\/div>\n<\/td>\n<\/tr>\n<tr>\n<td>\n<div>\n<div data-spm-anchor-id=\"a2700.siteadmin.0.i1.70a633332xVGCP\">galerijvol<\/div>\n<\/div>\n<\/td>\n<td>\n<div>\n<div data-spm-anchor-id=\"0.0.0.i13.3eaf4f05ECnIkX\">2<\/div>\n<\/div>\n<\/td>\n<td>\n<div>\n<div>Vloer<\/div>\n<\/div>\n<\/td>\n<td>\n<div>\n<div data-spm-anchor-id=\"0.0.0.i42.3eaf4f05ECnIkX\">210DOxford<\/div>\n<\/div>\n<\/td>\n<\/tr>\n<tr>\n<td>\n<div>\n<div>Pool<\/div>\n<\/div>\n<\/td>\n<td>\n<div>\n<div data-spm-anchor-id=\"0.0.0.i44.3eaf4f05ECnIkX\">Glasvezel<\/div>\n<\/div>\n<\/td>\n<td>\n<div>\n<div>Gewicht<\/div>\n<\/div>\n<\/td>\n<td>\n<div>\n<div data-spm-anchor-id=\"0.0.0.i5.3eaf4f05uSBrU9\">2,6 kg<\/div>\n<\/div>\n<\/td>\n<\/tr>\n<tr>\n<td>\n<div>\n<div>Maat<\/div>\n<\/div>\n<\/td>\n<td>\n<div>\n<div>246\u00d7148\u00d7105cm<\/div>\n<\/div>\n<\/td>\n<td>\n<div>\n<div data-spm-anchor-id=\"a2700.pc-decorate.0.i3.7e7f33333Ga052\">Begane grond<\/div>\n<\/div>\n<\/td>\n<td>\n<div>\n<div data-spm-anchor-id=\"0.0.0.i45.3eaf4f05ECnIkX\">\/<\/div>\n<\/div>\n<\/td>\n<\/tr>\n<tr>\n<td>\n<div>\n<div>Inpakken<\/div>\n<\/div>\n<\/td>\n<td>\n<div>\n<div data-spm-anchor-id=\"0.0.0.i46.3eaf4f05ECnIkX\">75*5*75cm<\/div>\n<\/div>\n<\/td>\n<td>\n<div>\n<div data-spm-anchor-id=\"a2700.siteadmin.0.i2.65e43333ALmggU\">Accessoires<\/div>\n<\/div>\n<\/td>\n<td>\n<div>\n<div data-spm-anchor-id=\"0.0.0.i48.3eaf4f05ECnIkX\">YNS<\/div>\n<\/div>\n<\/td>\n<\/tr>\n<\/tbody>\n<\/table>\n<\/div>\n<\/div>\n<div>\n<div data-section=\"AliMagic-privj1\" data-section-title=\"Product Display\">Productweergave<\/div>\n<\/div>\n<div>\n<div>\n<div><\/div>\n<div><img decoding=\"async\" src=\"\/\/sc04.alicdn.com\/kf\/H53d22aad7c3745618fef0101b229106dd\/222400006\/H53d22aad7c3745618fef0101b229106dd.jpg\" data-src=\"\/\/sc04.alicdn.com\/kf\/H53d22aad7c3745618fef0101b229106dd\/222400006\/H53d22aad7c3745618fef0101b229106dd.jpg\" \/><\/div>\n<div><img decoding=\"async\" src=\"\/\/sc04.alicdn.com\/kf\/H3d3e49d6ebf647b8888e012fc4d016ccG\/222400006\/H3d3e49d6ebf647b8888e012fc4d016ccG.jpg\" data-src=\"\/\/sc04.alicdn.com\/kf\/H3d3e49d6ebf647b8888e012fc4d016ccG\/222400006\/H3d3e49d6ebf647b8888e012fc4d016ccG.jpg\" \/><\/div>\n<div><img decoding=\"async\" src=\"\/\/sc04.alicdn.com\/kf\/H6c535855a7c64aa1b8afd8cc454f2d1cW\/222400006\/H6c535855a7c64aa1b8afd8cc454f2d1cW.jpg\" data-src=\"\/\/sc04.alicdn.com\/kf\/H6c535855a7c64aa1b8afd8cc454f2d1cW\/222400006\/H6c535855a7c64aa1b8afd8cc454f2d1cW.jpg\" \/><\/div>\n<div><img decoding=\"async\" src=\"\/\/sc04.alicdn.com\/kf\/Hf0b7253e8bd3442aba393ed4140342feP\/222400006\/Hf0b7253e8bd3442aba393ed4140342feP.jpg\" data-src=\"\/\/sc04.alicdn.com\/kf\/Hf0b7253e8bd3442aba393ed4140342feP\/222400006\/Hf0b7253e8bd3442aba393ed4140342feP.jpg\" \/><\/div>\n<div><img decoding=\"async\" src=\"\/\/sc04.alicdn.com\/kf\/Hac52e9e4250c4563bc97691c2ec0cf0fO\/222400006\/Hac52e9e4250c4563bc97691c2ec0cf0fO.jpg\" data-src=\"\/\/sc04.alicdn.com\/kf\/Hac52e9e4250c4563bc97691c2ec0cf0fO\/222400006\/Hac52e9e4250c4563bc97691c2ec0cf0fO.jpg\" \/><\/div>\n<div><img decoding=\"async\" src=\"\/\/sc04.alicdn.com\/kf\/Hfaefad9c0ed244c4aaa943f75766c7a89\/222400006\/Hfaefad9c0ed244c4aaa943f75766c7a89.jpg\" data-src=\"\/\/sc04.alicdn.com\/kf\/Hfaefad9c0ed244c4aaa943f75766c7a89\/222400006\/Hfaefad9c0ed244c4aaa943f75766c7a89.jpg\" \/><\/div>\n<\/div>\n<\/div>\n<div><\/div>\n<\/div>\n<\/div>","protected":false},"excerpt":{"rendered":"<p>Stof: 190T polyester Waterdichte index buitentent: 2000-3000 mm, 2000-3000 mm Waterdichte index onderkant: 2000-3000 mm, 2000-3000 mm Bouwtype: constructie op basis van behoefte Tentstijl: Rechte verstevigingstype Seizoen: vierseizoenentent Structuur: \u00e9\u00e9n slaapkamer en \u00e9\u00e9n woonkamer, grote slaapkamers Kleur: militair groen Paalmateriaal:<\/p>\n<div class=\"read-more\"><a class=\"btn btn-fill-out\" href=\"https:\/\/uoogear.com\/nl\/product\/outdoor-portable-beach-tent-easy-set-up-camping-tent-instant-automatic-pop-up-beach-tent\/\">Lees verder<\/a><\/div>","protected":false},"featured_media":4810,"template":"","meta":[],"product_brand":[],"product_cat":[15],"product_tag":[],"class_list":{"0":"post-4811","1":"product","2":"type-product","3":"status-publish","4":"has-post-thumbnail","6":"product_cat-uncategorized","7":"tm-no-options","9":"first","10":"instock","11":"shipping-taxable","12":"purchasable","13":"product-type-variable"},"_links":{"self":[{"href":"https:\/\/uoogear.com\/nl\/wp-json\/wp\/v2\/product\/4811","targetHints":{"allow":["GET"]}}],"collection":[{"href":"https:\/\/uoogear.com\/nl\/wp-json\/wp\/v2\/product"}],"about":[{"href":"https:\/\/uoogear.com\/nl\/wp-json\/wp\/v2\/types\/product"}],"wp:featuredmedia":[{"embeddable":true,"href":"https:\/\/uoogear.com\/nl\/wp-json\/wp\/v2\/media\/4810"}],"wp:attachment":[{"href":"https:\/\/uoogear.com\/nl\/wp-json\/wp\/v2\/media?parent=4811"}],"wp:term":[{"taxonomy":"product_brand","embeddable":true,"href":"https:\/\/uoogear.com\/nl\/wp-json\/wp\/v2\/product_brand?post=4811"},{"taxonomy":"product_cat","embeddable":true,"href":"https:\/\/uoogear.com\/nl\/wp-json\/wp\/v2\/product_cat?post=4811"},{"taxonomy":"product_tag","embeddable":true,"href":"https:\/\/uoogear.com\/nl\/wp-json\/wp\/v2\/product_tag?post=4811"}],"curies":[{"name":"wp","href":"https:\/\/api.w.org\/{rel}","templated":true}]}}