{"id":5017,"date":"2023-11-14T03:14:31","date_gmt":"2023-11-14T03:14:31","guid":{"rendered":"https:\/\/uoogear.com\/product\/oem-new-arrival-car-camping-hard-top-roof-tent-off-road-2-3-person-vehicle-car-soft-shell-rooftop-tent\/"},"modified":"2023-11-30T13:53:44","modified_gmt":"2023-11-30T13:53:44","slug":"oem-new-arrival-car-camping-hard-top-roof-tent-off-road-2-3-person-vehicle-car-soft-shell-rooftop-tent","status":"publish","type":"product","link":"https:\/\/uoogear.com\/nl\/product\/oem-new-arrival-car-camping-hard-top-roof-tent-off-road-2-3-person-vehicle-car-soft-shell-rooftop-tent\/","title":{"rendered":"OEM Nieuwe Aankomst Auto Camping Hard Top Daktent Off Road 2-3 Persoon Voertuig Auto Soft Shell Daktent"},"content":{"rendered":"<ul>\n<li><strong>Gebied : <\/strong> 140x240cm<\/li>\n<li><strong>Stof : <\/strong> Polyester<\/li>\n<li><strong>Buitentent waterdichte index: <\/strong> 2000-3000 mm<\/li>\n<li><strong>Bodem waterdichte index: <\/strong> 2000-3000 mm<\/li>\n<li><strong>Type gebouw : <\/strong> Snelle automatische opening<\/li>\n<li><strong>Tentstijl: <\/strong> Diagonaal verstevigingstype, recht verstevigingstype, buistype tentpaal<\/li>\n<li><strong>Seizoen: <\/strong> Vierseizoenentent<\/li>\n<li><strong>Structuur: <\/strong> Een slaapkamer<\/li>\n<li><strong>Materiaal regenvlieg: <\/strong> 420D Ripstop-polyester Oxford<\/li>\n<li><strong>Paal : <\/strong> Aluminium Poe diam. 16 mm<\/li>\n<li><strong>Reishoes: <\/strong> Zwaar 680g\/1200D PVC<\/li>\n<li><strong>Garantie : <\/strong> 24 maanden<\/li>\n<li><strong>Aflevertijd : <\/strong> 20-35 dagen (afhankelijk van de hoeveelheid)<\/li>\n<li><strong>Matras : <\/strong> 60 mm matras met wasbare hoes<\/li>\n<li><strong>Functie : <\/strong> kampeeruitrusting<\/li>\n<li><strong>Kleur : <\/strong> Aangepaste kleur<\/li>\n<\/ul>\n<div>\n<div><\/div>\n<div data-section=\"AliMagic-vxp9xy\" data-section-title=\"Product Description\">\n<div data-spm-anchor-id=\"a2700.details.0.i80.41396425f2L15f\"><\/div>\n<p>Productomschrijving<\/p>\n<\/div>\n<div>\n<div>\n<div>\n<div>\n<div>\n<div><img decoding=\"async\" src=\"https:\/\/uoogear.com\/wp-content\/uploads\/2023\/11\/Hc00efc1d3f82460892d1751fa97b7c0aE-wpp1701352124122.webp\" data-src=\"https:\/\/uoogear.com\/wp-content\/uploads\/2023\/11\/Hc00efc1d3f82460892d1751fa97b7c0aE-wpp1701352124122.webp\" \/><\/div>\n<\/div>\n<\/div>\n<div>\n<div>\n<div>\n<table>\n<tbody>\n<tr>\n<td>\n<div>\n<div><strong data-spm-anchor-id=\"a2700.pc-decorate.0.i1.1c083333HfoZmI\">Specificatie van de QH8812 daktent<\/strong><\/div>\n<\/div>\n<\/td>\n<td><\/td>\n<\/tr>\n<tr>\n<td>\n<div>Vlieg\/bijlage<\/div>\n<\/td>\n<td>\n<div>420D Polyester Oxford, waterdicht 2500 mm, UV- en schimmelbestendig<\/div>\n<\/td>\n<\/tr>\n<tr>\n<td>\n<div>Lichaam<\/div>\n<\/td>\n<td>\n<div>420D Rip-stop polyester Oxford, waterdicht 2500 mm, UV- en schimmelbestendig<\/div>\n<\/td>\n<\/tr>\n<tr>\n<td>\n<div>Bijlage materiaal<\/div>\n<\/td>\n<td>\n<div>420D Rip-stop polyester Oxford, waterdicht 2500 mm, UV- en schimmelbestendig (apart verkrijgbaar); Hoogte: 190cm<\/div>\n<\/td>\n<\/tr>\n<tr>\n<td>\n<div>Matras<\/div>\n<\/td>\n<td>\n<div>Matras met hoge dichtheid, dikte 60 mm, met wasbare hoes<\/div>\n<\/td>\n<\/tr>\n<tr>\n<td>\n<div>Reishoes<\/div>\n<\/td>\n<td>\n<div>Robuust 680 g\/1200D PVC, waterdicht en UV-bestendig<\/div>\n<\/td>\n<\/tr>\n<tr>\n<td>\n<div>Baseren<\/div>\n<\/td>\n<td>\n<div>Gelaste aluminium buis met isolatie en anti-kras aluminium plaat<\/div>\n<\/td>\n<\/tr>\n<tr>\n<td>\n<div>Intern frame<\/div>\n<\/td>\n<td>\n<div>Geanodiseerde aluminium palen<\/div>\n<\/td>\n<\/tr>\n<tr>\n<td>\n<div>Ladder<\/div>\n<\/td>\n<td>\n<div>Aluminium geanodiseerde ladder<\/div>\n<\/td>\n<\/tr>\n<tr>\n<td>\n<div>\n<div data-spm-anchor-id=\"a2700.pc-decorate.0.i48.2eda3333SpY1cc\"><strong data-spm-anchor-id=\"a2700.pc-decorate.0.i30.eecc3333uJYTdk\">1\u00d7 tent, 1\u00d7 reishoes, 1\u00d7 aluminium ladder, 2\u00d7 stang en 1\u00d7 montageonderdelen<\/strong><\/div>\n<\/div>\n<\/td>\n<td><\/td>\n<\/tr>\n<\/tbody>\n<\/table>\n<\/div>\n<\/div>\n<\/div>\n<\/div>\n<\/div>\n<\/div>\n<div>\n<div>\n<div>\n<h3><\/h3>\n<h3>Het kenmerk van daktent,<\/h3>\n<div>\n<div>\n<div>\n<p>\u2013 Wordt geleverd met universele montagebeugels<br \/>\n\u2013 Geschikt voor de meeste dakdragers of after-market dakdragers<br \/>\n\u2013 Door \u00e9\u00e9nmansbediening kan hij binnen enkele seconden worden uitgeklapt<br \/>\n\u2013Volledig waterdicht om te voorkomen dat u erin terechtkomt<\/p>\n<p>&nbsp;<\/p>\n<p><strong>De beschikbare maten daktent (met aanbevolen maten)<\/strong><\/p>\n<\/div>\n<\/div>\n<\/div>\n<\/div>\n<\/div>\n<\/div>\n<div>\n<div>\n<div>\n<div>\n<div>\n<div><img decoding=\"async\" src=\"https:\/\/uoogear.com\/wp-content\/uploads\/2023\/11\/Hc31f8e35aca1461aa0cbb4105d9a61abP.webp\" data-src=\"https:\/\/uoogear.com\/wp-content\/uploads\/2023\/11\/Hc31f8e35aca1461aa0cbb4105d9a61abP.webp\" \/><\/div>\n<\/div>\n<\/div>\n<\/div>\n<\/div>\n<\/div>\n<div>\n<div>\n<div><img decoding=\"async\" src=\"https:\/\/uoogear.com\/wp-content\/uploads\/2023\/11\/Hb47b7f33d8774c8d9d8f145084477468s-wpp1701352116189.webp\" data-src=\"https:\/\/uoogear.com\/wp-content\/uploads\/2023\/11\/Hb47b7f33d8774c8d9d8f145084477468s-wpp1701352116189.webp\" \/><\/div>\n<div><img decoding=\"async\" src=\"https:\/\/uoogear.com\/wp-content\/uploads\/2023\/11\/H95af614b1f6144878e0c202ba59abbd55.webp\" data-src=\"https:\/\/uoogear.com\/wp-content\/uploads\/2023\/11\/H95af614b1f6144878e0c202ba59abbd55.webp\" \/><\/div>\n<\/div>\n<\/div>\n<div>\n<div>\n<div>\n<div>\n<div>\n<div><img decoding=\"async\" src=\"https:\/\/uoogear.com\/wp-content\/uploads\/2023\/11\/Hdd406b698fb1446d8962327446555bf5a.webp\" data-src=\"https:\/\/uoogear.com\/wp-content\/uploads\/2023\/11\/Hdd406b698fb1446d8962327446555bf5a.webp\" \/><\/div>\n<\/div>\n<\/div>\n<\/div>\n<\/div>\n<\/div>\n<div>\n<div>\n<div>\n<div>\n<div>\n<div><img decoding=\"async\" src=\"https:\/\/uoogear.com\/wp-content\/uploads\/2023\/11\/H4e35f2ee80ce4365a400fd18854734071.webp\" data-src=\"https:\/\/uoogear.com\/wp-content\/uploads\/2023\/11\/H4e35f2ee80ce4365a400fd18854734071.webp\" \/><\/div>\n<\/div>\n<\/div>\n<\/div>\n<\/div>\n<\/div>\n<div><\/div>\n<div>\n<div>\n<div>\n<div>\n<div><\/div>\n<\/div>\n<\/div>\n<\/div>\n<\/div>\n<div><\/div>\n<div data-section=\"AliMagic-8wl18t\" data-section-title=\"Packing &amp; Delivery\" data-spm-anchor-id=\"a2700.details.0.i81.41396425f2L15f\">\n<div>Verpakking en levering<\/div>\n<\/div>\n<div>\n<div>\n<div>\n<div>\n<div>\n<div>\n<div><\/div>\n<p><strong>1. De paklijst van de daktent<\/strong><\/p>\n<\/div>\n<\/div>\n<\/div>\n<\/div>\n<\/div>\n<\/div>\n<div>\n<div>\n<div>\n<div>\n<div>\n<div><img decoding=\"async\" src=\"https:\/\/uoogear.com\/wp-content\/uploads\/2023\/11\/Hd244ed9420844ad5946be1db51c0f98cj.webp\" data-src=\"https:\/\/uoogear.com\/wp-content\/uploads\/2023\/11\/Hd244ed9420844ad5946be1db51c0f98cj.webp\" \/><\/div>\n<\/div>\n<\/div>\n<\/div>\n<\/div>\n<\/div>\n<div>\n<div>\n<div>\n<div>\n<div>\n<div><img decoding=\"async\" src=\"https:\/\/uoogear.com\/wp-content\/uploads\/2023\/11\/H68f81be1a77e4ae3973da19a1d9eaa4fq.webp\" data-src=\"https:\/\/uoogear.com\/wp-content\/uploads\/2023\/11\/H68f81be1a77e4ae3973da19a1d9eaa4fq.webp\" \/><\/div>\n<\/div>\n<\/div>\n<\/div>\n<\/div>\n<\/div>\n<div><\/div>\n<div>\n<div>\n<div>\n<div>\n<div>\n<div><\/div>\n<\/div>\n<\/div>\n<\/div>\n<\/div>\n<\/div>\n<\/div>","protected":false},"excerpt":{"rendered":"<p>Oppervlakte: 140x240cm Stof: polyester Buitentent Waterdichte index: 2000-3000 mm Waterdichte bodemindex: 2000-3000 mm Type gebouw: Snel automatisch openen Tentstijl: Diagonaal verstevigingstype, Recht verstevigingstype, buistype Tentstok Seizoen: Vierseizoenentent Structuur: Regenvlieg met \u00e9\u00e9n slaapkamer Materiaal: 420D Rip-stop polyester Oxford-stok:<\/p>\n<div class=\"read-more\"><a class=\"btn btn-fill-out\" href=\"https:\/\/uoogear.com\/nl\/product\/oem-new-arrival-car-camping-hard-top-roof-tent-off-road-2-3-person-vehicle-car-soft-shell-rooftop-tent\/\">Lees verder<\/a><\/div>","protected":false},"featured_media":5016,"template":"","meta":[],"product_brand":[],"product_cat":[15],"product_tag":[],"class_list":{"0":"post-5017","1":"product","2":"type-product","3":"status-publish","4":"has-post-thumbnail","6":"product_cat-uncategorized","7":"tm-no-options","9":"first","10":"instock","11":"shipping-taxable","12":"purchasable","13":"product-type-variable"},"_links":{"self":[{"href":"https:\/\/uoogear.com\/nl\/wp-json\/wp\/v2\/product\/5017","targetHints":{"allow":["GET"]}}],"collection":[{"href":"https:\/\/uoogear.com\/nl\/wp-json\/wp\/v2\/product"}],"about":[{"href":"https:\/\/uoogear.com\/nl\/wp-json\/wp\/v2\/types\/product"}],"wp:featuredmedia":[{"embeddable":true,"href":"https:\/\/uoogear.com\/nl\/wp-json\/wp\/v2\/media\/5016"}],"wp:attachment":[{"href":"https:\/\/uoogear.com\/nl\/wp-json\/wp\/v2\/media?parent=5017"}],"wp:term":[{"taxonomy":"product_brand","embeddable":true,"href":"https:\/\/uoogear.com\/nl\/wp-json\/wp\/v2\/product_brand?post=5017"},{"taxonomy":"product_cat","embeddable":true,"href":"https:\/\/uoogear.com\/nl\/wp-json\/wp\/v2\/product_cat?post=5017"},{"taxonomy":"product_tag","embeddable":true,"href":"https:\/\/uoogear.com\/nl\/wp-json\/wp\/v2\/product_tag?post=5017"}],"curies":[{"name":"wp","href":"https:\/\/api.w.org\/{rel}","templated":true}]}}