{"id":3184,"date":"2023-08-07T04:44:27","date_gmt":"2023-08-07T04:44:27","guid":{"rendered":"https:\/\/uoogear.com\/?page_id=3184"},"modified":"2023-08-07T04:53:58","modified_gmt":"2023-08-07T04:53:58","slug":"delivery-information-usa","status":"publish","type":"page","link":"https:\/\/uoogear.com\/pl\/delivery-information-usa\/","title":{"rendered":"Informacje o dostawie w USA"},"content":{"rendered":"<div data-elementor-type=\"wp-page\" data-elementor-id=\"3184\" class=\"elementor elementor-3184\">\n\t\t\t\t\t\t\t\t\t<section class=\"elementor-section elementor-top-section elementor-element elementor-element-8e54cfa elementor-section-boxed elementor-section-height-default elementor-section-height-default\" data-id=\"8e54cfa\" data-element_type=\"section\">\n\t\t\t\t\t\t<div class=\"elementor-container elementor-column-gap-default\">\n\t\t\t\t\t<div class=\"elementor-column elementor-col-100 elementor-top-column elementor-element elementor-element-e6f784e\" data-id=\"e6f784e\" data-element_type=\"column\">\n\t\t\t<div class=\"elementor-widget-wrap elementor-element-populated\">\n\t\t\t\t\t\t\t\t<div class=\"elementor-element elementor-element-80b3083 elementor-widget elementor-widget-heading\" data-id=\"80b3083\" data-element_type=\"widget\" data-widget_type=\"heading.default\">\n\t\t\t\t<div class=\"elementor-widget-container\">\n\t\t\t<style>\/*! elementor - v3.14.0 - 26-06-2023 *\/\n.elementor-heading-title{padding:0;margin:0;line-height:1}.elementor-widget-heading .elementor-heading-title[class*=elementor-size-]>a{color:inherit;font-size:inherit;line-height:inherit}.elementor-widget-heading .elementor-heading-title.elementor-size-small{font-size:15px}.elementor-widget-heading .elementor-heading-title.elementor-size-medium{font-size:19px}.elementor-widget-heading .elementor-heading-title.elementor-size-large{font-size:29px}.elementor-widget-heading .elementor-heading-title.elementor-size-xl{font-size:39px}.elementor-widget-heading .elementor-heading-title.elementor-size-xxl{font-size:59px}<\/style><h2 class=\"elementor-heading-title elementor-size-default\">Informacje o dostawie<\/h2>\t\t<\/div>\n\t\t\t\t<\/div>\n\t\t\t\t<div class=\"elementor-element elementor-element-c061480 elementor-widget elementor-widget-spacer\" data-id=\"c061480\" data-element_type=\"widget\" data-widget_type=\"spacer.default\">\n\t\t\t\t<div class=\"elementor-widget-container\">\n\t\t\t<style>\/*! elementor - v3.14.0 - 26-06-2023 *\/\n.elementor-column .elementor-spacer-inner{height:var(--spacer-size)}.e-con{--container-widget-width:100%}.e-con-inner>.elementor-widget-spacer,.e-con>.elementor-widget-spacer{width:var(--container-widget-width,var(--spacer-size));--align-self:var(--container-widget-align-self,initial);--flex-shrink:0}.e-con-inner>.elementor-widget-spacer>.elementor-widget-container,.e-con-inner>.elementor-widget-spacer>.elementor-widget-container>.elementor-spacer,.e-con>.elementor-widget-spacer>.elementor-widget-container,.e-con>.elementor-widget-spacer>.elementor-widget-container>.elementor-spacer{height:100%}.e-con-inner>.elementor-widget-spacer>.elementor-widget-container>.elementor-spacer>.elementor-spacer-inner,.e-con>.elementor-widget-spacer>.elementor-widget-container>.elementor-spacer>.elementor-spacer-inner{height:var(--container-widget-height,var(--spacer-size))}<\/style>\t\t<div class=\"elementor-spacer\">\n\t\t\t<div class=\"elementor-spacer-inner\"><\/div>\n\t\t<\/div>\n\t\t\t\t<\/div>\n\t\t\t\t<\/div>\n\t\t\t\t<div class=\"elementor-element elementor-element-924eb59 elementor-widget elementor-widget-heading\" data-id=\"924eb59\" data-element_type=\"widget\" data-widget_type=\"heading.default\">\n\t\t\t\t<div class=\"elementor-widget-container\">\n\t\t\t<h4 class=\"elementor-heading-title elementor-size-default\">Przesy\u0142ka ekspresowa \u2013 1-2 dni robocze \u2013 (obowi\u0105zuje od poniedzia\u0142ku do pi\u0105tku)<\/h4>\t\t<\/div>\n\t\t\t\t<\/div>\n\t\t\t\t<div class=\"elementor-element elementor-element-4108b66 elementor-widget elementor-widget-text-editor\" data-id=\"4108b66\" data-element_type=\"widget\" data-widget_type=\"text-editor.default\">\n\t\t\t\t<div class=\"elementor-widget-container\">\n\t\t\t<style>\/*! elementor - v3.14.0 - 26-06-2023 *\/\n.elementor-widget-text-editor.elementor-drop-cap-view-stacked .elementor-drop-cap{background-color:#69727d;color:#fff}.elementor-widget-text-editor.elementor-drop-cap-view-framed .elementor-drop-cap{color:#69727d;border:3px solid;background-color:transparent}.elementor-widget-text-editor:not(.elementor-drop-cap-view-default) .elementor-drop-cap{margin-top:8px}.elementor-widget-text-editor:not(.elementor-drop-cap-view-default) .elementor-drop-cap-letter{width:1em;height:1em}.elementor-widget-text-editor .elementor-drop-cap{float:left;text-align:center;line-height:1;font-size:50px}.elementor-widget-text-editor .elementor-drop-cap-letter{display:inline-block}<\/style>\t\t\t\t<p>Zam\u00f3wienie nale\u017cy z\u0142o\u017cy\u0107 do godziny 14:00. Przesy\u0142ki TNT czasami podlegaj\u0105 24-godzinnemu op\u00f3\u017anieniu w transporcie ze wzgl\u0119du na du\u017ce ilo\u015bci przesy\u0142ek w ich sieci \u2013 dlatego ka\u017cdy produkt o wadze powy\u017cej 30 kg mo\u017ce mie\u0107 d\u0142u\u017cszy czas transportu. Zwyk\u0142e produkty o wadze poni\u017cej 30 kg zostan\u0105 dostarczone nast\u0119pnego dnia roboczego za po\u015brednictwem firmy DPD jak zwykle. Wag\u0119 namiotu mo\u017cesz sprawdzi\u0107 przegl\u0105daj\u0105c zak\u0142adk\u0119 z informacjami dodatkowymi na produkcie i sprawdzaj\u0105c wag\u0119.<\/p><p>Uwaga: soboty i niedziele nie s\u0105 \u201edniami roboczymi\u201d. Chocia\u017c cz\u0119sto DPD dostarcza przesy\u0142ki w weekendy, nie mo\u017cemy tego zagwarantowa\u0107.<br \/>Nale\u017cy pami\u0119ta\u0107, \u017ce dostawy nie b\u0119d\u0105 realizowane w \u015bwi\u0119to pa\u0144stwowe, poniewa\u017c nie jest to dzie\u0144 roboczy.<\/p>\t\t\t\t\t\t<\/div>\n\t\t\t\t<\/div>\n\t\t\t\t<div class=\"elementor-element elementor-element-bf4d141 elementor-widget elementor-widget-heading\" data-id=\"bf4d141\" data-element_type=\"widget\" data-widget_type=\"heading.default\">\n\t\t\t\t<div class=\"elementor-widget-container\">\n\t\t\t<h4 class=\"elementor-heading-title elementor-size-default\">Express Przed 12 \/ Przed 10:30 - Nast\u0119pny dzie\u0144 roboczy przed okre\u015blon\u0105 godzin\u0105 (obowi\u0105zuje od poniedzia\u0142ku do pi\u0105tku)<\/h4>\t\t<\/div>\n\t\t\t\t<\/div>\n\t\t\t\t<div class=\"elementor-element elementor-element-dfdb92d elementor-widget elementor-widget-text-editor\" data-id=\"dfdb92d\" data-element_type=\"widget\" data-widget_type=\"text-editor.default\">\n\t\t\t\t<div class=\"elementor-widget-container\">\n\t\t\t\t\t\t\t<p>Zam\u00f3wienie nale\u017cy z\u0142o\u017cy\u0107 do godziny 14:00. Zapakujemy i wy\u015blemy Twoje zam\u00f3wienie na nast\u0119pny dzie\u0144, do godziny 10:30 lub 12:00, w zale\u017cno\u015bci od wybranej przez Ciebie opcji.<\/p><p>Zam\u00f3wienie z\u0142o\u017cone w sobot\u0119 i niedziel\u0119 dotrze we wtorek.<\/p>\t\t\t\t\t\t<\/div>\n\t\t\t\t<\/div>\n\t\t\t\t<div class=\"elementor-element elementor-element-14ca262 elementor-widget elementor-widget-heading\" data-id=\"14ca262\" data-element_type=\"widget\" data-widget_type=\"heading.default\">\n\t\t\t\t<div class=\"elementor-widget-container\">\n\t\t\t<h4 class=\"elementor-heading-title elementor-size-default\">Dostawa standardowa - 2 - 4 dni robocze (obowi\u0105zuje od poniedzia\u0142ku do pi\u0105tku)<\/h4>\t\t<\/div>\n\t\t\t\t<\/div>\n\t\t\t\t<div class=\"elementor-element elementor-element-800aee5 elementor-widget elementor-widget-text-editor\" data-id=\"800aee5\" data-element_type=\"widget\" data-widget_type=\"text-editor.default\">\n\t\t\t\t<div class=\"elementor-widget-container\">\n\t\t\t\t\t\t\t<p>Przesy\u0142ka standardowa \u2013 przesy\u0142ki w dalszym ci\u0105gu nadawane s\u0105 us\u0142ug\u0105 z dnia na dzie\u0144, jednak preferujemy najpierw zam\u00f3wienia ekspresowe, a dopiero potem pakujemy zam\u00f3wienia standardowe. Przedmioty obj\u0119te t\u0105 us\u0142ug\u0105 zostan\u0105 dostarczone w ci\u0105gu od 2 do 4 dni roboczych.<\/p>\t\t\t\t\t\t<\/div>\n\t\t\t\t<\/div>\n\t\t\t\t<div class=\"elementor-element elementor-element-9e8f9bf elementor-widget elementor-widget-heading\" data-id=\"9e8f9bf\" data-element_type=\"widget\" data-widget_type=\"heading.default\">\n\t\t\t\t<div class=\"elementor-widget-container\">\n\t\t\t<h4 class=\"elementor-heading-title elementor-size-default\">Bezp\u0142atna dostawa do Wielkiej Brytanii * Obowi\u0105zuj\u0105 warunki i warunki<\/h4>\t\t<\/div>\n\t\t\t\t<\/div>\n\t\t\t\t<div class=\"elementor-element elementor-element-aa8445a elementor-widget elementor-widget-text-editor\" data-id=\"aa8445a\" data-element_type=\"widget\" data-widget_type=\"text-editor.default\">\n\t\t\t\t<div class=\"elementor-widget-container\">\n\t\t\t\t\t\t\t<p>Wydaj ponad 50 GBP, a my dostarczymy bezp\u0142atnie. Nie obejmuje wybranych region\u00f3w Szkocji i ca\u0142ej Irlandii P\u00f3\u0142nocnej. Koszty przesy\u0142ki pocztowej mo\u017cesz sprawdzi\u0107 korzystaj\u0105c z Kalkulatora koszt\u00f3w przesy\u0142ki na stronie koszyka, dodaj\u0105c sw\u00f3j kod pocztowy.<\/p>\t\t\t\t\t\t<\/div>\n\t\t\t\t<\/div>\n\t\t\t\t<div class=\"elementor-element elementor-element-8bfcdd0 elementor-widget elementor-widget-text-editor\" data-id=\"8bfcdd0\" data-element_type=\"widget\" data-widget_type=\"text-editor.default\">\n\t\t\t\t<div class=\"elementor-widget-container\">\n\t\t\t\t\t\t\tUs\u0142uga europejska \u2013 tymczasowo zawieszona.\t\t\t\t\t\t<\/div>\n\t\t\t\t<\/div>\n\t\t\t\t\t<\/div>\n\t\t<\/div>\n\t\t\t\t\t\t\t<\/div>\n\t\t<\/section>\n\t\t\t\t\t\t\t<\/div>","protected":false},"excerpt":{"rendered":"<p>Informacje o dostawie Dostawa ekspresowa \u2013 1-2 dni robocze \u2013 (obowi\u0105zuje od poniedzia\u0142ku do pi\u0105tku) Zam\u00f3wienie nale\u017cy z\u0142o\u017cy\u0107 przed godzin\u0105 14:00. Przesy\u0142ki TNT czasami podlegaj\u0105 24-godzinnemu op\u00f3\u017anieniu w transporcie ze wzgl\u0119du na du\u017ce nat\u0119\u017cenie przesy\u0142ek w ich sieci \u2013 dlatego ka\u017cdy product o wadze powy\u017cej 30 kg mo\u017ce mie\u0107 d\u0142u\u017cszy czas tranzytu. Zwyk\u0142e product poni\u017cej<\/p>\n<div class=\"read-more\"><a class=\"btn btn-fill-out\" href=\"https:\/\/uoogear.com\/pl\/delivery-information-usa\/\">Czytaj wi\u0119cej<\/a><\/div>","protected":false},"author":1,"featured_media":0,"parent":0,"menu_order":0,"comment_status":"closed","ping_status":"closed","template":"","meta":{"footnotes":""},"class_list":["post-3184","page","type-page","status-publish","hentry"],"_links":{"self":[{"href":"https:\/\/uoogear.com\/pl\/wp-json\/wp\/v2\/pages\/3184","targetHints":{"allow":["GET"]}}],"collection":[{"href":"https:\/\/uoogear.com\/pl\/wp-json\/wp\/v2\/pages"}],"about":[{"href":"https:\/\/uoogear.com\/pl\/wp-json\/wp\/v2\/types\/page"}],"author":[{"embeddable":true,"href":"https:\/\/uoogear.com\/pl\/wp-json\/wp\/v2\/users\/1"}],"replies":[{"embeddable":true,"href":"https:\/\/uoogear.com\/pl\/wp-json\/wp\/v2\/comments?post=3184"}],"version-history":[{"count":22,"href":"https:\/\/uoogear.com\/pl\/wp-json\/wp\/v2\/pages\/3184\/revisions"}],"predecessor-version":[{"id":3206,"href":"https:\/\/uoogear.com\/pl\/wp-json\/wp\/v2\/pages\/3184\/revisions\/3206"}],"wp:attachment":[{"href":"https:\/\/uoogear.com\/pl\/wp-json\/wp\/v2\/media?parent=3184"}],"curies":[{"name":"wp","href":"https:\/\/api.w.org\/{rel}","templated":true}]}}