{"id":3259,"date":"2023-08-07T05:28:09","date_gmt":"2023-08-07T05:28:09","guid":{"rendered":"https:\/\/uoogear.com\/?page_id=3259"},"modified":"2023-08-07T05:35:14","modified_gmt":"2023-08-07T05:35:14","slug":"brexit","status":"publish","type":"page","link":"https:\/\/uoogear.com\/pl\/brexit\/","title":{"rendered":"Brexitu"},"content":{"rendered":"<div data-elementor-type=\"wp-page\" data-elementor-id=\"3259\" class=\"elementor elementor-3259\">\n\t\t\t\t\t\t\t\t\t<section class=\"elementor-section elementor-top-section elementor-element elementor-element-0e6ff3e elementor-section-boxed elementor-section-height-default elementor-section-height-default\" data-id=\"0e6ff3e\" data-element_type=\"section\">\n\t\t\t\t\t\t<div class=\"elementor-container elementor-column-gap-default\">\n\t\t\t\t\t<div class=\"elementor-column elementor-col-100 elementor-top-column elementor-element elementor-element-d98582c\" data-id=\"d98582c\" data-element_type=\"column\">\n\t\t\t<div class=\"elementor-widget-wrap elementor-element-populated\">\n\t\t\t\t\t\t\t\t<div class=\"elementor-element elementor-element-08d0798 elementor-widget elementor-widget-heading\" data-id=\"08d0798\" data-element_type=\"widget\" data-widget_type=\"heading.default\">\n\t\t\t\t<div class=\"elementor-widget-container\">\n\t\t\t<style>\/*! elementor - v3.14.0 - 26-06-2023 *\/\n.elementor-heading-title{padding:0;margin:0;line-height:1}.elementor-widget-heading .elementor-heading-title[class*=elementor-size-]>a{color:inherit;font-size:inherit;line-height:inherit}.elementor-widget-heading .elementor-heading-title.elementor-size-small{font-size:15px}.elementor-widget-heading .elementor-heading-title.elementor-size-medium{font-size:19px}.elementor-widget-heading .elementor-heading-title.elementor-size-large{font-size:29px}.elementor-widget-heading .elementor-heading-title.elementor-size-xl{font-size:39px}.elementor-widget-heading .elementor-heading-title.elementor-size-xxl{font-size:59px}<\/style><h2 class=\"elementor-heading-title elementor-size-default\">Aktualizacja Brexitu<\/h2>\t\t<\/div>\n\t\t\t\t<\/div>\n\t\t\t\t<div class=\"elementor-element elementor-element-0b25089 elementor-widget elementor-widget-text-editor\" data-id=\"0b25089\" data-element_type=\"widget\" data-widget_type=\"text-editor.default\">\n\t\t\t\t<div class=\"elementor-widget-container\">\n\t\t\t<style>\/*! elementor - v3.14.0 - 26-06-2023 *\/\n.elementor-widget-text-editor.elementor-drop-cap-view-stacked .elementor-drop-cap{background-color:#69727d;color:#fff}.elementor-widget-text-editor.elementor-drop-cap-view-framed .elementor-drop-cap{color:#69727d;border:3px solid;background-color:transparent}.elementor-widget-text-editor:not(.elementor-drop-cap-view-default) .elementor-drop-cap{margin-top:8px}.elementor-widget-text-editor:not(.elementor-drop-cap-view-default) .elementor-drop-cap-letter{width:1em;height:1em}.elementor-widget-text-editor .elementor-drop-cap{float:left;text-align:center;line-height:1;font-size:50px}.elementor-widget-text-editor .elementor-drop-cap-letter{display:inline-block}<\/style>\t\t\t\t<strong>Aktualizacja: Tymczasowo wstrzymali\u015bmy wysy\u0142anie paczek do kraj\u00f3w UE kontynentalnej ze wzgl\u0119du na wprowadzenie nowych zasad i przepis\u00f3w dotycz\u0105cych podatku VAT. Naszym celem jest zapewnienie dostawy do UE do 12 lipca 2021 r. Prosimy sprawdzi\u0107 ponownie, aby uzyska\u0107 wi\u0119cej informacji w p\u00f3\u017aniejszym terminie. Serdecznie przepraszamy za wszelkie niedogodno\u015bci.<\/strong>\t\t\t\t\t\t<\/div>\n\t\t\t\t<\/div>\n\t\t\t\t<div class=\"elementor-element elementor-element-0706693 elementor-widget elementor-widget-text-editor\" data-id=\"0706693\" data-element_type=\"widget\" data-widget_type=\"text-editor.default\">\n\t\t\t\t<div class=\"elementor-widget-container\">\n\t\t\t\t\t\t\t<p>Wysy\u0142amy paczki na ca\u0142y \u015bwiat, mamy ju\u017c faktury handlowe i procesy umo\u017cliwiaj\u0105ce dalsz\u0105 wysy\u0142k\u0119 do UE po Brexicie.<\/p><p>Wielka Brytania opu\u015bci\u0142a obecnie Uni\u0119 Europejsk\u0105, co b\u0119dzie mia\u0142o wp\u0142yw na spos\u00f3b dostarczania naszych produkt\u00f3w na terenie UE.<\/p>\t\t\t\t\t\t<\/div>\n\t\t\t\t<\/div>\n\t\t\t\t<div class=\"elementor-element elementor-element-906d963 elementor-widget elementor-widget-heading\" data-id=\"906d963\" data-element_type=\"widget\" data-widget_type=\"heading.default\">\n\t\t\t\t<div class=\"elementor-widget-container\">\n\t\t\t<h4 class=\"elementor-heading-title elementor-size-default\">Co to znaczy?<\/h4>\t\t<\/div>\n\t\t\t\t<\/div>\n\t\t\t\t<div class=\"elementor-element elementor-element-a6d9397 elementor-icon-list--layout-traditional elementor-list-item-link-full_width elementor-widget elementor-widget-icon-list\" data-id=\"a6d9397\" data-element_type=\"widget\" data-widget_type=\"icon-list.default\">\n\t\t\t\t<div class=\"elementor-widget-container\">\n\t\t\t<link rel=\"stylesheet\" href=\"https:\/\/uoogear.com\/wp-content\/plugins\/elementor\/assets\/css\/widget-icon-list.min.css\">\t\t<ul class=\"elementor-icon-list-items\">\n\t\t\t\t\t\t\t<li class=\"elementor-icon-list-item\">\n\t\t\t\t\t\t\t\t\t\t\t<span class=\"elementor-icon-list-icon\">\n\t\t\t\t\t\t\t<i aria-hidden=\"true\" class=\"far fa-dot-circle\"><\/i>\t\t\t\t\t\t<\/span>\n\t\t\t\t\t\t\t\t\t\t<span class=\"elementor-icon-list-text\">Dostawy potrwaj\u0105 dzie\u0144 lub dwa d\u0142u\u017cej.<\/span>\n\t\t\t\t\t\t\t\t\t<\/li>\n\t\t\t\t\t\t\t\t<li class=\"elementor-icon-list-item\">\n\t\t\t\t\t\t\t\t\t\t\t<span class=\"elementor-icon-list-icon\">\n\t\t\t\t\t\t\t<i aria-hidden=\"true\" class=\"far fa-dot-circle\"><\/i>\t\t\t\t\t\t<\/span>\n\t\t\t\t\t\t\t\t\t\t<span class=\"elementor-icon-list-text\">Nie p\u0142acisz ju\u017c brytyjskiego podatku od zakup\u00f3w.<\/span>\n\t\t\t\t\t\t\t\t\t<\/li>\n\t\t\t\t\t\t\t\t<li class=\"elementor-icon-list-item\">\n\t\t\t\t\t\t\t\t\t\t\t<span class=\"elementor-icon-list-icon\">\n\t\t\t\t\t\t\t<i aria-hidden=\"true\" class=\"far fa-dot-circle\"><\/i>\t\t\t\t\t\t<\/span>\n\t\t\t\t\t\t\t\t\t\t<span class=\"elementor-icon-list-text\">By\u0107 mo\u017ce b\u0119dziesz musia\u0142 ui\u015bci\u0107 op\u0142at\u0119 importow\u0105 lub podatek w swoim kraju przed dostaw\u0105.<\/span>\n\t\t\t\t\t\t\t\t\t<\/li>\n\t\t\t\t\t\t\t\t<li class=\"elementor-icon-list-item\">\n\t\t\t\t\t\t\t\t\t\t\t<span class=\"elementor-icon-list-icon\">\n\t\t\t\t\t\t\t<i aria-hidden=\"true\" class=\"far fa-dot-circle\"><\/i>\t\t\t\t\t\t<\/span>\n\t\t\t\t\t\t\t\t\t\t<span class=\"elementor-icon-list-text\">By\u0107 mo\u017ce b\u0119dziesz musia\u0142 ui\u015bci\u0107 op\u0142at\u0119 importow\u0105, je\u015bli produkt zosta\u0142 wyprodukowany poza Wielk\u0105 Brytani\u0105 (a wi\u0119kszo\u015b\u0107 produkt\u00f3w jest)<\/span>\n\t\t\t\t\t\t\t\t\t<\/li>\n\t\t\t\t\t\t<\/ul>\n\t\t\t\t<\/div>\n\t\t\t\t<\/div>\n\t\t\t\t<div class=\"elementor-element elementor-element-a29e04a elementor-widget elementor-widget-heading\" data-id=\"a29e04a\" data-element_type=\"widget\" data-widget_type=\"heading.default\">\n\t\t\t\t<div class=\"elementor-widget-container\">\n\t\t\t<h4 class=\"elementor-heading-title elementor-size-default\">Wielkiej Brytanii i Irlandii P\u00f3\u0142nocnej<\/h4>\t\t<\/div>\n\t\t\t\t<\/div>\n\t\t\t\t<div class=\"elementor-element elementor-element-6f6ac0a elementor-widget elementor-widget-text-editor\" data-id=\"6f6ac0a\" data-element_type=\"widget\" data-widget_type=\"text-editor.default\">\n\t\t\t\t<div class=\"elementor-widget-container\">\n\t\t\t\t\t\t\t<strong>Dostawa<\/strong>\t\t\t\t\t\t<\/div>\n\t\t\t\t<\/div>\n\t\t\t\t<div class=\"elementor-element elementor-element-cf8a092 elementor-widget elementor-widget-text-editor\" data-id=\"cf8a092\" data-element_type=\"widget\" data-widget_type=\"text-editor.default\">\n\t\t\t\t<div class=\"elementor-widget-container\">\n\t\t\t\t\t\t\tWielka Brytania, w tym Irlandia P\u00f3\u0142nocna, pozostanie bez zmian i nie b\u0119dzie to mia\u0142o wp\u0142ywu na Twoj\u0105 dostaw\u0119. Nasza firma znajduje si\u0119 w Wielkiej Brytanii, a poniewa\u017c Irlandia P\u00f3\u0142nocna pozostaje cz\u0119\u015bci\u0105 Wielkiej Brytanii, nasze dostawy do Twojego regionu pozostan\u0105 nienaruszone.\t\t\t\t\t\t<\/div>\n\t\t\t\t<\/div>\n\t\t\t\t<div class=\"elementor-element elementor-element-73e8e32 elementor-widget elementor-widget-text-editor\" data-id=\"73e8e32\" data-element_type=\"widget\" data-widget_type=\"text-editor.default\">\n\t\t\t\t<div class=\"elementor-widget-container\">\n\t\t\t\t\t\t\t<strong>Czy musz\u0119 p\u0142aci\u0107 podatki lub op\u0142at\u0119 importow\u0105, aby moja przesy\u0142ka zosta\u0142a dostarczona do Irlandii P\u00f3\u0142nocnej?<\/strong>\t\t\t\t\t\t<\/div>\n\t\t\t\t<\/div>\n\t\t\t\t<div class=\"elementor-element elementor-element-106783e elementor-widget elementor-widget-text-editor\" data-id=\"106783e\" data-element_type=\"widget\" data-widget_type=\"text-editor.default\">\n\t\t\t\t<div class=\"elementor-widget-container\">\n\t\t\t\t\t\t\t<p>Nie, poniewa\u017c rynek wewn\u0119trzny obejmuje nas w zakresie wysy\u0142ania towar\u00f3w do Irlandii P\u00f3\u0142nocnej. Do Twojego zam\u00f3wienia b\u0119dzie obowi\u0105zywa\u0107 stawka podatku UK 20%.<\/p><p>Po naszej stronie mog\u0105 by\u0107 wymagane dodatkowe dokumenty, aby mie\u0107 pewno\u015b\u0107, \u017ce Twoja przesy\u0142ka dotrze do Ciebie.<\/p>\t\t\t\t\t\t<\/div>\n\t\t\t\t<\/div>\n\t\t\t\t<div class=\"elementor-element elementor-element-604421c elementor-widget elementor-widget-heading\" data-id=\"604421c\" data-element_type=\"widget\" data-widget_type=\"heading.default\">\n\t\t\t\t<div class=\"elementor-widget-container\">\n\t\t\t<h4 class=\"elementor-heading-title elementor-size-default\">Reszta Europy<\/h4>\t\t<\/div>\n\t\t\t\t<\/div>\n\t\t\t\t<div class=\"elementor-element elementor-element-807a3bd elementor-widget elementor-widget-text-editor\" data-id=\"807a3bd\" data-element_type=\"widget\" data-widget_type=\"text-editor.default\">\n\t\t\t\t<div class=\"elementor-widget-container\">\n\t\t\t\t\t\t\tNa naszej stronie internetowej usun\u0119li\u015bmy ju\u017c podatek VAT od dostaw do wszystkich kraj\u00f3w europejskich. Jednak teraz b\u0119dziesz zobowi\u0105zany do uiszczenia podatku importowego od swojego zam\u00f3wienia, poniewa\u017c Twoje zam\u00f3wienie dociera spoza Unii Europejskiej i jest dostarczane przez Tw\u00f3j samorz\u0105d lokalny. B\u0119dzie to stawka podatku obowi\u0105zuj\u0105ca w Twoim kraju. Przyk\u0142ady poni\u017cej:\t\t\t\t\t\t<\/div>\n\t\t\t\t<\/div>\n\t\t\t\t<div class=\"elementor-element elementor-element-883933c elementor-icon-list--layout-traditional elementor-list-item-link-full_width elementor-widget elementor-widget-icon-list\" data-id=\"883933c\" data-element_type=\"widget\" data-widget_type=\"icon-list.default\">\n\t\t\t\t<div class=\"elementor-widget-container\">\n\t\t\t\t\t<ul class=\"elementor-icon-list-items\">\n\t\t\t\t\t\t\t<li class=\"elementor-icon-list-item\">\n\t\t\t\t\t\t\t\t\t\t\t<span class=\"elementor-icon-list-icon\">\n\t\t\t\t\t\t\t<i aria-hidden=\"true\" class=\"far fa-dot-circle\"><\/i>\t\t\t\t\t\t<\/span>\n\t\t\t\t\t\t\t\t\t\t<span class=\"elementor-icon-list-text\">Austria: 20%<\/span>\n\t\t\t\t\t\t\t\t\t<\/li>\n\t\t\t\t\t\t\t\t<li class=\"elementor-icon-list-item\">\n\t\t\t\t\t\t\t\t\t\t\t<span class=\"elementor-icon-list-icon\">\n\t\t\t\t\t\t\t<i aria-hidden=\"true\" class=\"far fa-dot-circle\"><\/i>\t\t\t\t\t\t<\/span>\n\t\t\t\t\t\t\t\t\t\t<span class=\"elementor-icon-list-text\">Francja: 20%<\/span>\n\t\t\t\t\t\t\t\t\t<\/li>\n\t\t\t\t\t\t\t\t<li class=\"elementor-icon-list-item\">\n\t\t\t\t\t\t\t\t\t\t\t<span class=\"elementor-icon-list-icon\">\n\t\t\t\t\t\t\t<i aria-hidden=\"true\" class=\"far fa-dot-circle\"><\/i>\t\t\t\t\t\t<\/span>\n\t\t\t\t\t\t\t\t\t\t<span class=\"elementor-icon-list-text\">Niemcy: 19%<\/span>\n\t\t\t\t\t\t\t\t\t<\/li>\n\t\t\t\t\t\t\t\t<li class=\"elementor-icon-list-item\">\n\t\t\t\t\t\t\t\t\t\t\t<span class=\"elementor-icon-list-icon\">\n\t\t\t\t\t\t\t<i aria-hidden=\"true\" class=\"far fa-dot-circle\"><\/i>\t\t\t\t\t\t<\/span>\n\t\t\t\t\t\t\t\t\t\t<span class=\"elementor-icon-list-text\">Irlandia: 23% (21% podczas wirusa koronowego)<\/span>\n\t\t\t\t\t\t\t\t\t<\/li>\n\t\t\t\t\t\t\t\t<li class=\"elementor-icon-list-item\">\n\t\t\t\t\t\t\t\t\t\t\t<span class=\"elementor-icon-list-icon\">\n\t\t\t\t\t\t\t<i aria-hidden=\"true\" class=\"far fa-dot-circle\"><\/i>\t\t\t\t\t\t<\/span>\n\t\t\t\t\t\t\t\t\t\t<span class=\"elementor-icon-list-text\">W\u0142ochy: 22%<\/span>\n\t\t\t\t\t\t\t\t\t<\/li>\n\t\t\t\t\t\t\t\t<li class=\"elementor-icon-list-item\">\n\t\t\t\t\t\t\t\t\t\t\t<span class=\"elementor-icon-list-icon\">\n\t\t\t\t\t\t\t<i aria-hidden=\"true\" class=\"far fa-dot-circle\"><\/i>\t\t\t\t\t\t<\/span>\n\t\t\t\t\t\t\t\t\t\t<span class=\"elementor-icon-list-text\">Polska: 23%<\/span>\n\t\t\t\t\t\t\t\t\t<\/li>\n\t\t\t\t\t\t\t\t<li class=\"elementor-icon-list-item\">\n\t\t\t\t\t\t\t\t\t\t\t<span class=\"elementor-icon-list-icon\">\n\t\t\t\t\t\t\t<i aria-hidden=\"true\" class=\"far fa-dot-circle\"><\/i>\t\t\t\t\t\t<\/span>\n\t\t\t\t\t\t\t\t\t\t<span class=\"elementor-icon-list-text\">Portugalia: 23%<\/span>\n\t\t\t\t\t\t\t\t\t<\/li>\n\t\t\t\t\t\t\t\t<li class=\"elementor-icon-list-item\">\n\t\t\t\t\t\t\t\t\t\t\t<span class=\"elementor-icon-list-icon\">\n\t\t\t\t\t\t\t<i aria-hidden=\"true\" class=\"far fa-dot-circle\"><\/i>\t\t\t\t\t\t<\/span>\n\t\t\t\t\t\t\t\t\t\t<span class=\"elementor-icon-list-text\">Hiszpania: 21%<\/span>\n\t\t\t\t\t\t\t\t\t<\/li>\n\t\t\t\t\t\t<\/ul>\n\t\t\t\t<\/div>\n\t\t\t\t<\/div>\n\t\t\t\t<div class=\"elementor-element elementor-element-56d086b elementor-widget elementor-widget-heading\" data-id=\"56d086b\" data-element_type=\"widget\" data-widget_type=\"heading.default\">\n\t\t\t\t<div class=\"elementor-widget-container\">\n\t\t\t<h4 class=\"elementor-heading-title elementor-size-default\">Op\u0142aty importowe<\/h4>\t\t<\/div>\n\t\t\t\t<\/div>\n\t\t\t\t<div class=\"elementor-element elementor-element-a383d82 elementor-widget elementor-widget-text-editor\" data-id=\"a383d82\" data-element_type=\"widget\" data-widget_type=\"text-editor.default\">\n\t\t\t\t<div class=\"elementor-widget-container\">\n\t\t\t\t\t\t\tBy\u0107 mo\u017ce b\u0119dziesz musia\u0142 ui\u015bci\u0107 op\u0142at\u0119 importow\u0105 opr\u00f3cz stawki VAT, je\u015bli produkty, kt\u00f3re Ci wysy\u0142amy, s\u0105 wyprodukowane poza Wielk\u0105 Brytani\u0105, czyli 99,9% sprzedawanych przez nas produkt\u00f3w \u2013 s\u0105 produkowane w Chinach lub Wietnamie. Op\u0142ata ta r\u00f3\u017cni si\u0119 w zale\u017cno\u015bci od kraju. Aby to sprawdzi\u0107, nale\u017cy skontaktowa\u0107 si\u0119 z lokalnym urz\u0119dem ds. podatku VAT. Op\u0142ata zazwyczaj wynosi oko\u0142o 12% w zale\u017cno\u015bci od kraju.\t\t\t\t\t\t<\/div>\n\t\t\t\t<\/div>\n\t\t\t\t<div class=\"elementor-element elementor-element-b5194f4 elementor-widget elementor-widget-text-editor\" data-id=\"b5194f4\" data-element_type=\"widget\" data-widget_type=\"text-editor.default\">\n\t\t\t\t<div class=\"elementor-widget-container\">\n\t\t\t\t\t\t\tNie ma w\u0105tpliwo\u015bci, \u017ce zam\u00f3wienie spoza UE jest dro\u017csze, je\u015bli mieszkasz w UE, poniewa\u017c masz wi\u0119cej podatk\u00f3w i ce\u0142 importowych do zap\u0142aty \u2013 dlatego zawsze m\u0105drze jest spr\u00f3bowa\u0107 z\u0142o\u017cy\u0107 zam\u00f3wienie lokalnie \u2013 lub sprawdzi\u0107 u swojego sprzedawcy samorz\u0105du terytorialnego przed z\u0142o\u017ceniem zam\u00f3wienia, aby sprawdzi\u0107, jakie mog\u0105 by\u0107 koszty importu.\t\t\t\t\t\t<\/div>\n\t\t\t\t<\/div>\n\t\t\t\t\t<\/div>\n\t\t<\/div>\n\t\t\t\t\t\t\t<\/div>\n\t\t<\/section>\n\t\t\t\t\t\t\t<\/div>","protected":false},"excerpt":{"rendered":"<p>Aktualizacja aktualizacji Brexitu: Tymczasowo wstrzymali\u015bmy wysy\u0142anie paczek do kraj\u00f3w UE kontynentalnej ze wzgl\u0119du na wdro\u017cenie nowych zasad i przepis\u00f3w dotycz\u0105cych podatku VAT. Naszym celem jest zapewnienie dostawy do UE do 12 lipca 2021 r. Prosimy sprawdzi\u0107 ponownie, aby uzyska\u0107 wi\u0119cej informacji w p\u00f3\u017aniejszym terminie. Serdecznie przepraszamy za wszelkie niedogodno\u015bci. Wysy\u0142amy<\/p>\n<div class=\"read-more\"><a class=\"btn btn-fill-out\" href=\"https:\/\/uoogear.com\/pl\/brexit\/\">Czytaj wi\u0119cej<\/a><\/div>","protected":false},"author":1,"featured_media":0,"parent":0,"menu_order":0,"comment_status":"closed","ping_status":"closed","template":"","meta":{"footnotes":""},"class_list":["post-3259","page","type-page","status-publish","hentry"],"_links":{"self":[{"href":"https:\/\/uoogear.com\/pl\/wp-json\/wp\/v2\/pages\/3259","targetHints":{"allow":["GET"]}}],"collection":[{"href":"https:\/\/uoogear.com\/pl\/wp-json\/wp\/v2\/pages"}],"about":[{"href":"https:\/\/uoogear.com\/pl\/wp-json\/wp\/v2\/types\/page"}],"author":[{"embeddable":true,"href":"https:\/\/uoogear.com\/pl\/wp-json\/wp\/v2\/users\/1"}],"replies":[{"embeddable":true,"href":"https:\/\/uoogear.com\/pl\/wp-json\/wp\/v2\/comments?post=3259"}],"version-history":[{"count":16,"href":"https:\/\/uoogear.com\/pl\/wp-json\/wp\/v2\/pages\/3259\/revisions"}],"predecessor-version":[{"id":3278,"href":"https:\/\/uoogear.com\/pl\/wp-json\/wp\/v2\/pages\/3259\/revisions\/3278"}],"wp:attachment":[{"href":"https:\/\/uoogear.com\/pl\/wp-json\/wp\/v2\/media?parent=3259"}],"curies":[{"name":"wp","href":"https:\/\/api.w.org\/{rel}","templated":true}]}}