{"id":3378,"date":"2023-08-07T06:22:41","date_gmt":"2023-08-07T06:22:41","guid":{"rendered":"https:\/\/uoogear.com\/?page_id=3378"},"modified":"2023-08-07T06:30:04","modified_gmt":"2023-08-07T06:30:04","slug":"returns-policy","status":"publish","type":"page","link":"https:\/\/uoogear.com\/pl\/returns-policy\/","title":{"rendered":"Polityka zwrot\u00f3w"},"content":{"rendered":"<div data-elementor-type=\"wp-page\" data-elementor-id=\"3378\" class=\"elementor elementor-3378\">\n\t\t\t\t\t\t\t\t\t<section class=\"elementor-section elementor-top-section elementor-element elementor-element-4a9feaf elementor-section-boxed elementor-section-height-default elementor-section-height-default\" data-id=\"4a9feaf\" data-element_type=\"section\">\n\t\t\t\t\t\t<div class=\"elementor-container elementor-column-gap-default\">\n\t\t\t\t\t<div class=\"elementor-column elementor-col-100 elementor-top-column elementor-element elementor-element-049edf5\" data-id=\"049edf5\" data-element_type=\"column\">\n\t\t\t<div class=\"elementor-widget-wrap elementor-element-populated\">\n\t\t\t\t\t\t\t\t<div class=\"elementor-element elementor-element-3977164 elementor-widget elementor-widget-heading\" data-id=\"3977164\" data-element_type=\"widget\" data-widget_type=\"heading.default\">\n\t\t\t\t<div class=\"elementor-widget-container\">\n\t\t\t<style>\/*! elementor - v3.14.0 - 26-06-2023 *\/\n.elementor-heading-title{padding:0;margin:0;line-height:1}.elementor-widget-heading .elementor-heading-title[class*=elementor-size-]>a{color:inherit;font-size:inherit;line-height:inherit}.elementor-widget-heading .elementor-heading-title.elementor-size-small{font-size:15px}.elementor-widget-heading .elementor-heading-title.elementor-size-medium{font-size:19px}.elementor-widget-heading .elementor-heading-title.elementor-size-large{font-size:29px}.elementor-widget-heading .elementor-heading-title.elementor-size-xl{font-size:39px}.elementor-widget-heading .elementor-heading-title.elementor-size-xxl{font-size:59px}<\/style><h2 class=\"elementor-heading-title elementor-size-default\">Polityka zwrot\u00f3w<\/h2>\t\t<\/div>\n\t\t\t\t<\/div>\n\t\t\t\t<div class=\"elementor-element elementor-element-6fc9a4f elementor-widget elementor-widget-spacer\" data-id=\"6fc9a4f\" data-element_type=\"widget\" data-widget_type=\"spacer.default\">\n\t\t\t\t<div class=\"elementor-widget-container\">\n\t\t\t<style>\/*! elementor - v3.14.0 - 26-06-2023 *\/\n.elementor-column .elementor-spacer-inner{height:var(--spacer-size)}.e-con{--container-widget-width:100%}.e-con-inner>.elementor-widget-spacer,.e-con>.elementor-widget-spacer{width:var(--container-widget-width,var(--spacer-size));--align-self:var(--container-widget-align-self,initial);--flex-shrink:0}.e-con-inner>.elementor-widget-spacer>.elementor-widget-container,.e-con-inner>.elementor-widget-spacer>.elementor-widget-container>.elementor-spacer,.e-con>.elementor-widget-spacer>.elementor-widget-container,.e-con>.elementor-widget-spacer>.elementor-widget-container>.elementor-spacer{height:100%}.e-con-inner>.elementor-widget-spacer>.elementor-widget-container>.elementor-spacer>.elementor-spacer-inner,.e-con>.elementor-widget-spacer>.elementor-widget-container>.elementor-spacer>.elementor-spacer-inner{height:var(--container-widget-height,var(--spacer-size))}<\/style>\t\t<div class=\"elementor-spacer\">\n\t\t\t<div class=\"elementor-spacer-inner\"><\/div>\n\t\t<\/div>\n\t\t\t\t<\/div>\n\t\t\t\t<\/div>\n\t\t\t\t<div class=\"elementor-element elementor-element-1c367a8 elementor-widget elementor-widget-heading\" data-id=\"1c367a8\" data-element_type=\"widget\" data-widget_type=\"heading.default\">\n\t\t\t\t<div class=\"elementor-widget-container\">\n\t\t\t<h4 class=\"elementor-heading-title elementor-size-default\">Niechciane przedmioty zakupione w sklepie<\/h4>\t\t<\/div>\n\t\t\t\t<\/div>\n\t\t\t\t<div class=\"elementor-element elementor-element-161f077 elementor-widget elementor-widget-text-editor\" data-id=\"161f077\" data-element_type=\"widget\" data-widget_type=\"text-editor.default\">\n\t\t\t\t<div class=\"elementor-widget-container\">\n\t\t\t<style>\/*! elementor - v3.14.0 - 26-06-2023 *\/\n.elementor-widget-text-editor.elementor-drop-cap-view-stacked .elementor-drop-cap{background-color:#69727d;color:#fff}.elementor-widget-text-editor.elementor-drop-cap-view-framed .elementor-drop-cap{color:#69727d;border:3px solid;background-color:transparent}.elementor-widget-text-editor:not(.elementor-drop-cap-view-default) .elementor-drop-cap{margin-top:8px}.elementor-widget-text-editor:not(.elementor-drop-cap-view-default) .elementor-drop-cap-letter{width:1em;height:1em}.elementor-widget-text-editor .elementor-drop-cap{float:left;text-align:center;line-height:1;font-size:50px}.elementor-widget-text-editor .elementor-drop-cap-letter{display:inline-block}<\/style>\t\t\t\tNiechciane przedmioty zakupione od UooGear mo\u017cna zwr\u00f3ci\u0107 w idealnym stanie nadaj\u0105cym si\u0119 do ponownej sprzeda\u017cy (w tym opakowanie i etykiety) w ci\u0105gu 30 dni od zakupu w celu uzyskania pe\u0142nego zwrotu pieni\u0119dzy lub wymiany. Nie obejmuje to towar\u00f3w, kt\u00f3re by\u0142y u\u017cywane, zabrudzone, maj\u0105 nieprzyjemny zapach lub zosta\u0142y uszkodzone w wyniku niew\u0142a\u015bciwego u\u017cycia.\t\t\t\t\t\t<\/div>\n\t\t\t\t<\/div>\n\t\t\t\t<div class=\"elementor-element elementor-element-b913df6 elementor-widget elementor-widget-heading\" data-id=\"b913df6\" data-element_type=\"widget\" data-widget_type=\"heading.default\">\n\t\t\t\t<div class=\"elementor-widget-container\">\n\t\t\t<h4 class=\"elementor-heading-title elementor-size-default\">Niechciane przedmioty z uoogear.com<\/h4>\t\t<\/div>\n\t\t\t\t<\/div>\n\t\t\t\t<div class=\"elementor-element elementor-element-c7c6ddc elementor-widget elementor-widget-text-editor\" data-id=\"c7c6ddc\" data-element_type=\"widget\" data-widget_type=\"text-editor.default\">\n\t\t\t\t<div class=\"elementor-widget-container\">\n\t\t\t\t\t\t\tNiechciane produkty zakupione na stronie uoogear.com mo\u017cna zwr\u00f3ci\u0107 w idealnym stanie nadaj\u0105cym si\u0119 do ponownej sprzeda\u017cy (\u0142\u0105cznie z opakowaniem i etykietami) w ci\u0105gu 30 dni od dostawy. Je\u015bli chcesz, aby\u015bmy odebrali te przedmioty, mo\u017cemy zorganizowa\u0107, aby nasz kurier odebra\u0142 te przedmioty z wybranego przez Ciebie adresu za op\u0142at\u0105 10,00 GBP za opakowanie (w przypadku przedmiot\u00f3w o wadze powy\u017cej 30 kg koszt wzro\u015bnie, o czym poinformujemy w wycenie z Kurier). Je\u015bli wolisz odes\u0142a\u0107 produkty na w\u0142asny koszt, musz\u0105 one wr\u00f3ci\u0107 do nas w ci\u0105gu 28 dni. Jednak\u017ce jeste\u015b odpowiedzialny za te przedmioty, dop\u00f3ki nie dotr\u0105 do nas. Z tego powodu zalecamy skorzystanie z bezpiecznej dostawy.\t\t\t\t\t\t<\/div>\n\t\t\t\t<\/div>\n\t\t\t\t<div class=\"elementor-element elementor-element-5f45aa1 elementor-widget elementor-widget-heading\" data-id=\"5f45aa1\" data-element_type=\"widget\" data-widget_type=\"heading.default\">\n\t\t\t\t<div class=\"elementor-widget-container\">\n\t\t\t<h4 class=\"elementor-heading-title elementor-size-default\">Wadliwe elementy<\/h4>\t\t<\/div>\n\t\t\t\t<\/div>\n\t\t\t\t<div class=\"elementor-element elementor-element-5771ea0 elementor-widget elementor-widget-text-editor\" data-id=\"5771ea0\" data-element_type=\"widget\" data-widget_type=\"text-editor.default\">\n\t\t\t\t<div class=\"elementor-widget-container\">\n\t\t\t\t\t\t\tWadliwe produkty z oczywist\u0105, prawdziw\u0105 wad\u0105 mo\u017cna zwr\u00f3ci\u0107 w ci\u0105gu 30 dni w celu uzyskania pe\u0142nego zwrotu koszt\u00f3w, wymiany lub wymiany. Przedmioty wadliwe, kt\u00f3re zostan\u0105 zwr\u00f3cone po up\u0142ywie 30 dni lub produkty, kt\u00f3re nie maj\u0105 oczywistej wady (np. wycieku), mog\u0105 zosta\u0107 zwr\u00f3cone; jednak\u017ce mo\u017ce by\u0107 konieczne wys\u0142anie przedmiotu do osoby trzeciej w celu sprawdzenia wady. (Mo\u017ce to potrwa\u0107 kilka tygodni, w zale\u017cno\u015bci od strony trzeciej). Prosimy o weryfikacj\u0119 wszystkich usterek w formie pisemnej, e-mailem. Je\u015bli w ci\u0105gu pierwszych trzech miesi\u0119cy w Twoim produkcie wyst\u0105pi usterka, po zweryfikowaniu wady mo\u017cesz, je\u015bli chcesz, ubiega\u0107 si\u0119 o zwrot pieni\u0119dzy.\t\t\t\t\t\t<\/div>\n\t\t\t\t<\/div>\n\t\t\t\t<div class=\"elementor-element elementor-element-bebd1d5 elementor-widget elementor-widget-heading\" data-id=\"bebd1d5\" data-element_type=\"widget\" data-widget_type=\"heading.default\">\n\t\t\t\t<div class=\"elementor-widget-container\">\n\t\t\t<h4 class=\"elementor-heading-title elementor-size-default\">Elementy odzie\u017cy<\/h4>\t\t<\/div>\n\t\t\t\t<\/div>\n\t\t\t\t<div class=\"elementor-element elementor-element-930100e elementor-widget elementor-widget-text-editor\" data-id=\"930100e\" data-element_type=\"widget\" data-widget_type=\"text-editor.default\">\n\t\t\t\t<div class=\"elementor-widget-container\">\n\t\t\t\t\t\t\tJe\u015bli towar zostanie do nas zwr\u00f3cony jako nieodpowiedni do jego przeznaczenia, prosimy o poinformowanie nas o zamiarze jego zwrotu w ci\u0105gu 7 dni od daty zakupu. Je\u015bli chcesz, aby\u015bmy odebrali i\/lub wymienili towar za Ciebie, ch\u0119tnie to zrobimy za op\u0142at\u0105 w wysoko\u015bci 10,00 GBP. Alternatywnie mo\u017cesz zwr\u00f3ci\u0107 nam towar na w\u0142asn\u0105 r\u0119k\u0119, jednak\u017ce musimy mie\u0107 go z powrotem w ci\u0105gu 28 dni od daty zakupu.\t\t\t\t\t\t<\/div>\n\t\t\t\t<\/div>\n\t\t\t\t<div class=\"elementor-element elementor-element-8796eb8 elementor-widget elementor-widget-text-editor\" data-id=\"8796eb8\" data-element_type=\"widget\" data-widget_type=\"text-editor.default\">\n\t\t\t\t<div class=\"elementor-widget-container\">\n\t\t\t\t\t\t\tUwaga: nieodpowiedni towar nale\u017cy zwr\u00f3ci\u0107 NIEU\u017bYWANY, czysty, \u015bwie\u017cy zapach, wolny od psiej sier\u015bci itp. oraz wszelkich innych \u015blad\u00f3w og\u00f3lnego niew\u0142a\u015bciwego u\u017cytkowania. Wszystkie ubrania musz\u0105 mie\u0107 etykiet\u0119 producenta i do\u0142\u0105czone bilety hu\u015btawkowe. Wszelkie zwr\u00f3cone nam produkty, kt\u00f3re nie s\u0105 zgodne z powy\u017cszym, mog\u0105 mie\u0107 wp\u0142yw na nasz\u0105 zdolno\u015b\u0107 do przyznania pe\u0142nego zwrotu pieni\u0119dzy.\t\t\t\t\t\t<\/div>\n\t\t\t\t<\/div>\n\t\t\t\t<div class=\"elementor-element elementor-element-79185b2 elementor-widget elementor-widget-heading\" data-id=\"79185b2\" data-element_type=\"widget\" data-widget_type=\"heading.default\">\n\t\t\t\t<div class=\"elementor-widget-container\">\n\t\t\t<h4 class=\"elementor-heading-title elementor-size-default\">Zwroty namiotu<\/h4>\t\t<\/div>\n\t\t\t\t<\/div>\n\t\t\t\t<div class=\"elementor-element elementor-element-33eb9aa elementor-widget elementor-widget-text-editor\" data-id=\"33eb9aa\" data-element_type=\"widget\" data-widget_type=\"text-editor.default\">\n\t\t\t\t<div class=\"elementor-widget-container\">\n\t\t\t\t\t\t\tKoniecznie sprawd\u017a sw\u00f3j namiot przed wyjazdem na wakacje. Nie mo\u017cemy ponosi\u0107 odpowiedzialno\u015bci za nie sprawdzenie namiotu przed wakacjami, aby upewni\u0107 si\u0119, \u017ce wszystkie elementy znajduj\u0105 si\u0119 w namiocie. Ka\u017cdy namiot jest sprawdzany pod k\u0105tem masy podczas produkcji, aby upewni\u0107 si\u0119, \u017ce znajduj\u0105 si\u0119 na nim wszystkie elementy. Przed wyjazdem warto jednak sprawdzi\u0107 i zapozna\u0107 si\u0119 z namiotem.\t\t\t\t\t\t<\/div>\n\t\t\t\t<\/div>\n\t\t\t\t<div class=\"elementor-element elementor-element-44506a9 elementor-widget elementor-widget-text-editor\" data-id=\"44506a9\" data-element_type=\"widget\" data-widget_type=\"text-editor.default\">\n\t\t\t\t<div class=\"elementor-widget-container\">\n\t\t\t\t\t\t\tPo rozbiciu namiotu na zewn\u0105trz nie uwa\u017ca si\u0119 go ju\u017c za b\u0119d\u0105cy w idealnym stanie, nadaj\u0105cym si\u0119 do dalszej sprzeda\u017cy. Wszystkie namioty obj\u0119te s\u0105 2-letni\u0105 gwarancj\u0105 producenta, a Outdoor World obejmie namiot przez taki sam okres. Wymagany jest dow\u00f3d zakupu. Nale\u017cy pami\u0119ta\u0107, \u017ce gwarancja nie obejmuje uszkodze\u0144 namiotu, jego maszt\u00f3w ani innych element\u00f3w spowodowanych przez\t\t\t\t\t\t<\/div>\n\t\t\t\t<\/div>\n\t\t\t\t<div class=\"elementor-element elementor-element-afc5129 elementor-widget elementor-widget-text-editor\" data-id=\"afc5129\" data-element_type=\"widget\" data-widget_type=\"text-editor.default\">\n\t\t\t\t<div class=\"elementor-widget-container\">\n\t\t\t\t\t\t\t<p>Ostrze\u017cenie o trudnych warunkach pogodowych (zniszczenia spowodowane burz\u0105)<br \/>Wypadki<br \/>Nadu\u017cywanie<br \/>Zu\u017cycie i zniszczenie<br \/>Degradacja UV<br \/>Ple\u015b\u0144 na skutek mokrego opakowania lub niew\u0142a\u015bciwego przechowywania<\/p>\t\t\t\t\t\t<\/div>\n\t\t\t\t<\/div>\n\t\t\t\t<div class=\"elementor-element elementor-element-4fac535 elementor-widget elementor-widget-text-editor\" data-id=\"4fac535\" data-element_type=\"widget\" data-widget_type=\"text-editor.default\">\n\t\t\t\t<div class=\"elementor-widget-container\">\n\t\t\t\t\t\t\tJe\u015bli uwa\u017casz, \u017ce Tw\u00f3j namiot ma wad\u0119 fabryczn\u0105, pierwsz\u0105 rzecz\u0105, kt\u00f3r\u0105 musisz zrobi\u0107, to skontaktowa\u0107 si\u0119 z infolini\u0105 zwrot\u00f3w namiot\u00f3w pod numerem 01924 265457.\t\t\t\t\t\t<\/div>\n\t\t\t\t<\/div>\n\t\t\t\t<div class=\"elementor-element elementor-element-ab871b1 elementor-widget elementor-widget-text-editor\" data-id=\"ab871b1\" data-element_type=\"widget\" data-widget_type=\"text-editor.default\">\n\t\t\t\t<div class=\"elementor-widget-container\">\n\t\t\t\t\t\t\tJe\u015bli chcesz zwr\u00f3ci\u0107 namiot w sklepie lub przez Internet, pami\u0119taj:\t\t\t\t\t\t<\/div>\n\t\t\t\t<\/div>\n\t\t\t\t<div class=\"elementor-element elementor-element-9cf37f6 elementor-widget elementor-widget-text-editor\" data-id=\"9cf37f6\" data-element_type=\"widget\" data-widget_type=\"text-editor.default\">\n\t\t\t\t<div class=\"elementor-widget-container\">\n\t\t\t\t\t\t\t<p>Namiot mo\u017ce nie zosta\u0107 przyj\u0119ty, je\u017celi jest mokry lub nadmiernie zabrudzony ze wzgl\u0119d\u00f3w BHP \u2013 namiot musi by\u0107 suchy w stopniu 100%, w przeciwnym razie zostanie Pa\u0144stwu zwr\u00f3cony bez uwagi.<br \/>Niekt\u00f3re namioty mog\u0105 r\u00f3wnie\u017c wymaga\u0107 wys\u0142ania do strony trzeciej w celu oceny<br \/>Gwarancj\u0119 namiot\u00f3w Vango mo\u017cna przed\u0142u\u017cy\u0107 do 3 lat, odwiedzaj\u0105c stron\u0119 internetow\u0105 Vango i rejestruj\u0105c zakup.<br \/>Je\u015bli zwr\u00f3cisz namiot ze stwierdzeniem, \u017ce jest nowy i nieu\u017cywany, a my go otworzymy i oka\u017ce si\u0119, \u017ce by\u0142 wyra\u017anie u\u017cywany i wykazuje oznaki b\u0142ota, ptasich odchod\u00f3w, sok\u00f3w drzewnych, zostanie on sfotografowany i natychmiast zwr\u00f3cony, a zwrot pieni\u0119dzy nie zostanie przyznany obrobiony. Niestety, zdarza si\u0119 to wiele razy w sezonie, poniewa\u017c ludzie korzystaj\u0105 z produktu podczas wakacji, a potem pr\u00f3buj\u0105 go zwr\u00f3ci\u0107.<\/p>\t\t\t\t\t\t<\/div>\n\t\t\t\t<\/div>\n\t\t\t\t<div class=\"elementor-element elementor-element-43e2398 elementor-widget elementor-widget-text-editor\" data-id=\"43e2398\" data-element_type=\"widget\" data-widget_type=\"text-editor.default\">\n\t\t\t\t<div class=\"elementor-widget-container\">\n\t\t\t\t\t\t\tNiniejsze powiadomienie stanowi dodatek do Twoich praw ustawowych.\t\t\t\t\t\t<\/div>\n\t\t\t\t<\/div>\n\t\t\t\t\t<\/div>\n\t\t<\/div>\n\t\t\t\t\t\t\t<\/div>\n\t\t<\/section>\n\t\t\t\t\t\t\t<\/div>","protected":false},"excerpt":{"rendered":"<p>Polityka zwrot\u00f3w Niechciane przedmioty zakupione w sklepie Niechciane przedmioty zakupione od UooGear mo\u017cna zwr\u00f3ci\u0107 w idealnym stanie nadaj\u0105cym si\u0119 do ponownej sprzeda\u017cy (\u0142\u0105cznie z opakowaniem i etykietami) w ci\u0105gu 30 dni od zakupu w celu uzyskania pe\u0142nego zwrotu pieni\u0119dzy lub wymiany. Nie obejmuje to towar\u00f3w, kt\u00f3re by\u0142y u\u017cywane, zabrudzone, maj\u0105 nieprzyjemny zapach lub zosta\u0142y uszkodzone w wyniku niew\u0142a\u015bciwego u\u017cycia. Niechciane przedmioty z uoogear.com<\/p>\n<div class=\"read-more\"><a class=\"btn btn-fill-out\" href=\"https:\/\/uoogear.com\/pl\/returns-policy\/\">Czytaj wi\u0119cej<\/a><\/div>","protected":false},"author":1,"featured_media":0,"parent":0,"menu_order":0,"comment_status":"closed","ping_status":"closed","template":"","meta":{"footnotes":""},"class_list":["post-3378","page","type-page","status-publish","hentry"],"_links":{"self":[{"href":"https:\/\/uoogear.com\/pl\/wp-json\/wp\/v2\/pages\/3378","targetHints":{"allow":["GET"]}}],"collection":[{"href":"https:\/\/uoogear.com\/pl\/wp-json\/wp\/v2\/pages"}],"about":[{"href":"https:\/\/uoogear.com\/pl\/wp-json\/wp\/v2\/types\/page"}],"author":[{"embeddable":true,"href":"https:\/\/uoogear.com\/pl\/wp-json\/wp\/v2\/users\/1"}],"replies":[{"embeddable":true,"href":"https:\/\/uoogear.com\/pl\/wp-json\/wp\/v2\/comments?post=3378"}],"version-history":[{"count":10,"href":"https:\/\/uoogear.com\/pl\/wp-json\/wp\/v2\/pages\/3378\/revisions"}],"predecessor-version":[{"id":3388,"href":"https:\/\/uoogear.com\/pl\/wp-json\/wp\/v2\/pages\/3378\/revisions\/3388"}],"wp:attachment":[{"href":"https:\/\/uoogear.com\/pl\/wp-json\/wp\/v2\/media?parent=3378"}],"curies":[{"name":"wp","href":"https:\/\/api.w.org\/{rel}","templated":true}]}}