{"id":4108,"date":"2023-11-13T10:46:57","date_gmt":"2023-11-13T10:46:57","guid":{"rendered":"https:\/\/uoogear.com\/product\/competitive-price-hot-sale-car-top-roof-tent-rooftop-tent\/"},"modified":"2023-11-28T05:59:54","modified_gmt":"2023-11-28T05:59:54","slug":"competitive-price-hot-sale-car-top-roof-tent-rooftop-tent","status":"publish","type":"product","link":"https:\/\/uoogear.com\/pl\/produkt\/competitive-price-hot-sale-car-top-roof-tent-rooftop-tent\/","title":{"rendered":"Konkurencyjna cena, gor\u0105ca sprzeda\u017c namiotu dachowego na dachu samochodu"},"content":{"rendered":"<ul>\n<li><strong>Obszar : <\/strong> 8 CBM<\/li>\n<li><strong>Tkanina: <\/strong> P\u0142\u00f3tno<\/li>\n<li><strong>Indeks wodoodporno\u015bci namiotu zewn\u0119trznego: <\/strong> &lt;1000 mm<\/li>\n<li><strong>Dolny wodoodporny indeks: <\/strong> &gt;3000 mm<\/li>\n<li><strong>Rodzaj budynku : <\/strong> Szybkie automatyczne otwieranie<\/li>\n<li><strong>Styl namiotu: <\/strong> Typ st\u0119\u017cenia uko\u015bnego<\/li>\n<li><strong>Pora roku : <\/strong> Namiot czterosezonowy<\/li>\n<li><strong>Struktura : <\/strong> Jedna sypialnia<\/li>\n<li><strong>Nazwa produktu : <\/strong> Namiot kempingowy<\/li>\n<li><strong>Stosowanie : <\/strong> Dziki namiot na \u015bwie\u017cym powietrzu<\/li>\n<li><strong>S\u0142owo kluczowe: <\/strong> namiot na dachu<\/li>\n<li><strong>Rozmiar: <\/strong> 210 cm x (150 + 240) cm<\/li>\n<li><strong>Materia\u0142 : <\/strong> P\u0142\u00f3tno<\/li>\n<li><strong>Aplikacja : <\/strong> Namiot rodzinny na \u015bwie\u017cym powietrzu<\/li>\n<li><strong>Funkcja: <\/strong> Kemping na \u015bwie\u017cym powietrzu<\/li>\n<li><strong>MOQ: <\/strong> 1 kawa\u0142ek<\/li>\n<li><strong>Materia\u0142 ramy: <\/strong> Aluminiowy s\u0142upek o \u015brednicy 16 mm<\/li>\n<li><strong>Funkcja : <\/strong> Wodoodporny<\/li>\n<\/ul>","protected":false},"excerpt":{"rendered":"<p>Powierzchnia: 8CBM Tkanina: P\u0142\u00f3tno Namiot zewn\u0119trzny Wska\u017anik wodoodporno\u015bci: &lt;1000 mm Wska\u017anik wodoodporno\u015bci dna: &gt;3000 mm Typ budynku: Szybkie automatyczne otwieranie Styl namiotu: Typ usztywnienia uko\u015bnego Sezon: Czterosezonowa Konstrukcja namiotu: Jedna sypialnia Nazwa produktu: Namiot kempingowy Zastosowanie: Outdoor Camping Wild Tent S\u0142owo kluczowe: namiot na dachu<\/p>\n<div class=\"read-more\"><a class=\"btn btn-fill-out\" href=\"https:\/\/uoogear.com\/pl\/produkt\/competitive-price-hot-sale-car-top-roof-tent-rooftop-tent\/\">Czytaj wi\u0119cej<\/a><\/div>","protected":false},"featured_media":4107,"template":"","meta":[],"product_brand":[],"product_cat":[15],"product_tag":[140,141,142],"class_list":{"0":"post-4108","1":"product","2":"type-product","3":"status-publish","4":"has-post-thumbnail","6":"product_cat-uncategorized","7":"product_tag-camping-hiking","8":"product_tag-outdoor-tents","9":"product_tag-roof-tent","10":"tm-no-options","12":"first","13":"instock","14":"shipping-taxable","15":"purchasable","16":"product-type-variable"},"_links":{"self":[{"href":"https:\/\/uoogear.com\/pl\/wp-json\/wp\/v2\/product\/4108","targetHints":{"allow":["GET"]}}],"collection":[{"href":"https:\/\/uoogear.com\/pl\/wp-json\/wp\/v2\/product"}],"about":[{"href":"https:\/\/uoogear.com\/pl\/wp-json\/wp\/v2\/types\/product"}],"wp:featuredmedia":[{"embeddable":true,"href":"https:\/\/uoogear.com\/pl\/wp-json\/wp\/v2\/media\/4107"}],"wp:attachment":[{"href":"https:\/\/uoogear.com\/pl\/wp-json\/wp\/v2\/media?parent=4108"}],"wp:term":[{"taxonomy":"product_brand","embeddable":true,"href":"https:\/\/uoogear.com\/pl\/wp-json\/wp\/v2\/product_brand?post=4108"},{"taxonomy":"product_cat","embeddable":true,"href":"https:\/\/uoogear.com\/pl\/wp-json\/wp\/v2\/product_cat?post=4108"},{"taxonomy":"product_tag","embeddable":true,"href":"https:\/\/uoogear.com\/pl\/wp-json\/wp\/v2\/product_tag?post=4108"}],"curies":[{"name":"wp","href":"https:\/\/api.w.org\/{rel}","templated":true}]}}