{"id":4116,"date":"2023-11-13T11:07:07","date_gmt":"2023-11-13T11:07:07","guid":{"rendered":"https:\/\/uoogear.com\/product\/customized-home-outdoor-park-camping-waterproof-roof-top-tent\/"},"modified":"2023-11-30T02:39:12","modified_gmt":"2023-11-30T02:39:12","slug":"customized-home-outdoor-park-camping-waterproof-roof-top-tent","status":"publish","type":"product","link":"https:\/\/uoogear.com\/pl\/produkt\/customized-home-outdoor-park-camping-waterproof-roof-top-tent\/","title":{"rendered":"Dostosowany wodoodporny namiot kempingowy na dachu w domu na \u015bwie\u017cym powietrzu"},"content":{"rendered":"<ul>\n<li><strong>Obszar : <\/strong> 8 CBM<\/li>\n<li><strong>Tkanina: <\/strong> P\u0142\u00f3tno<\/li>\n<li><strong>Indeks wodoodporno\u015bci namiotu zewn\u0119trznego: <\/strong> &lt;1000 mm<\/li>\n<li><strong>Dolny wodoodporny indeks: <\/strong> &gt;3000 mm<\/li>\n<li><strong>Rodzaj budynku : <\/strong> Szybkie automatyczne otwieranie<\/li>\n<li><strong>Styl namiotu: <\/strong> Typ st\u0119\u017cenia uko\u015bnego<\/li>\n<li><strong>Pora roku : <\/strong> Namiot czterosezonowy<\/li>\n<li><strong>Struktura : <\/strong> Jedna sypialnia<\/li>\n<li><strong>Nazwa produktu : <\/strong> Namiot kempingowy<\/li>\n<li><strong>Stosowanie : <\/strong> Namiot kempingowy na \u015bwie\u017cym powietrzu<\/li>\n<li><strong>S\u0142owo kluczowe: <\/strong> namiot na dachu<\/li>\n<li><strong>Rozmiar: <\/strong> 210 cm x (150 + 240) cm<\/li>\n<li><strong>Materia\u0142 : <\/strong> P\u0142\u00f3tno<\/li>\n<li><strong>Aplikacja : <\/strong> Namiot rodzinny na \u015bwie\u017cym powietrzu<\/li>\n<li><strong>Funkcja: <\/strong> Kemping na \u015bwie\u017cym powietrzu<\/li>\n<li><strong>MOQ: <\/strong> 1 kawa\u0142ek<\/li>\n<li><strong>Materia\u0142 ramy: <\/strong> Aluminiowy s\u0142upek o \u015brednicy 16 mm<\/li>\n<li><strong>Funkcja : <\/strong> Wodoodporny<\/li>\n<\/ul>\n<div data-magic-global=\"%7B%22bizId%22%3A2206962912116%2C%22pageId%22%3A5052045798%2C%22siteId%22%3A5005786273%7D\">\n<div>\n<div>\n<div>\n<div>\n<div>\n<div><\/div>\n<\/div>\n<\/div>\n<\/div>\n<\/div>\n<\/div>\n<div>\n<div data-section=\"AliMagic-k7j8u2\" data-section-title=\"Product Description\">Opis produktu<\/div>\n<\/div>\n<div>\n<div>\n<div><img loading=\"lazy\" decoding=\"async\" class=\"alignnone size-full wp-image-5167\" src=\"https:\/\/uoogear.com\/wp-content\/uploads\/2023\/11\/H9dd60be25fa14a6dab35cb282fd8019cd.png\" width=\"890\" height=\"847\" srcset=\"https:\/\/uoogear.com\/wp-content\/uploads\/2023\/11\/H9dd60be25fa14a6dab35cb282fd8019cd.png 890w, https:\/\/uoogear.com\/wp-content\/uploads\/2023\/11\/H9dd60be25fa14a6dab35cb282fd8019cd-300x286.png 300w, https:\/\/uoogear.com\/wp-content\/uploads\/2023\/11\/H9dd60be25fa14a6dab35cb282fd8019cd-768x731.png 768w, https:\/\/uoogear.com\/wp-content\/uploads\/2023\/11\/H9dd60be25fa14a6dab35cb282fd8019cd-600x571.png 600w, https:\/\/uoogear.com\/wp-content\/uploads\/2023\/11\/H9dd60be25fa14a6dab35cb282fd8019cd-57x54.png 57w\" sizes=\"auto, (max-width: 890px) 100vw, 890px\" \/><\/div>\n<div><img loading=\"lazy\" decoding=\"async\" class=\"alignnone size-full wp-image-5168\" src=\"https:\/\/uoogear.com\/wp-content\/uploads\/2023\/11\/Hbec3b674ffe243ccaf65469a97943425v.jpg\" width=\"1280\" height=\"960\" srcset=\"https:\/\/uoogear.com\/wp-content\/uploads\/2023\/11\/Hbec3b674ffe243ccaf65469a97943425v.jpg 1280w, https:\/\/uoogear.com\/wp-content\/uploads\/2023\/11\/Hbec3b674ffe243ccaf65469a97943425v-300x225.jpg 300w, https:\/\/uoogear.com\/wp-content\/uploads\/2023\/11\/Hbec3b674ffe243ccaf65469a97943425v-1024x768.jpg 1024w, https:\/\/uoogear.com\/wp-content\/uploads\/2023\/11\/Hbec3b674ffe243ccaf65469a97943425v-768x576.jpg 768w, https:\/\/uoogear.com\/wp-content\/uploads\/2023\/11\/Hbec3b674ffe243ccaf65469a97943425v-600x450.jpg 600w, https:\/\/uoogear.com\/wp-content\/uploads\/2023\/11\/Hbec3b674ffe243ccaf65469a97943425v-72x54.jpg 72w\" sizes=\"auto, (max-width: 1280px) 100vw, 1280px\" \/><\/div>\n<div><img loading=\"lazy\" decoding=\"async\" class=\"alignnone size-full wp-image-5169\" src=\"https:\/\/uoogear.com\/wp-content\/uploads\/2023\/11\/H1c9aa96f96ef4048b63fc07ef788ae9fj.jpg\" width=\"1280\" height=\"960\" srcset=\"https:\/\/uoogear.com\/wp-content\/uploads\/2023\/11\/H1c9aa96f96ef4048b63fc07ef788ae9fj.jpg 1280w, https:\/\/uoogear.com\/wp-content\/uploads\/2023\/11\/H1c9aa96f96ef4048b63fc07ef788ae9fj-300x225.jpg 300w, https:\/\/uoogear.com\/wp-content\/uploads\/2023\/11\/H1c9aa96f96ef4048b63fc07ef788ae9fj-1024x768.jpg 1024w, https:\/\/uoogear.com\/wp-content\/uploads\/2023\/11\/H1c9aa96f96ef4048b63fc07ef788ae9fj-768x576.jpg 768w, https:\/\/uoogear.com\/wp-content\/uploads\/2023\/11\/H1c9aa96f96ef4048b63fc07ef788ae9fj-600x450.jpg 600w, https:\/\/uoogear.com\/wp-content\/uploads\/2023\/11\/H1c9aa96f96ef4048b63fc07ef788ae9fj-72x54.jpg 72w\" sizes=\"auto, (max-width: 1280px) 100vw, 1280px\" \/><\/div>\n<div><img loading=\"lazy\" decoding=\"async\" class=\"alignnone size-full wp-image-5170\" src=\"https:\/\/uoogear.com\/wp-content\/uploads\/2023\/11\/H6ede6da9351744ceac2d985f8a599b28l.jpg\" width=\"1280\" height=\"960\" srcset=\"https:\/\/uoogear.com\/wp-content\/uploads\/2023\/11\/H6ede6da9351744ceac2d985f8a599b28l.jpg 1280w, https:\/\/uoogear.com\/wp-content\/uploads\/2023\/11\/H6ede6da9351744ceac2d985f8a599b28l-300x225.jpg 300w, https:\/\/uoogear.com\/wp-content\/uploads\/2023\/11\/H6ede6da9351744ceac2d985f8a599b28l-1024x768.jpg 1024w, https:\/\/uoogear.com\/wp-content\/uploads\/2023\/11\/H6ede6da9351744ceac2d985f8a599b28l-768x576.jpg 768w, https:\/\/uoogear.com\/wp-content\/uploads\/2023\/11\/H6ede6da9351744ceac2d985f8a599b28l-600x450.jpg 600w, https:\/\/uoogear.com\/wp-content\/uploads\/2023\/11\/H6ede6da9351744ceac2d985f8a599b28l-72x54.jpg 72w\" sizes=\"auto, (max-width: 1280px) 100vw, 1280px\" \/><\/div>\n<div><img loading=\"lazy\" decoding=\"async\" class=\"alignnone size-full wp-image-5171\" src=\"https:\/\/uoogear.com\/wp-content\/uploads\/2023\/11\/H3e45721a57344521b1cf48aa3707aab9a.jpg\" width=\"1280\" height=\"960\" srcset=\"https:\/\/uoogear.com\/wp-content\/uploads\/2023\/11\/H3e45721a57344521b1cf48aa3707aab9a.jpg 1280w, https:\/\/uoogear.com\/wp-content\/uploads\/2023\/11\/H3e45721a57344521b1cf48aa3707aab9a-300x225.jpg 300w, https:\/\/uoogear.com\/wp-content\/uploads\/2023\/11\/H3e45721a57344521b1cf48aa3707aab9a-1024x768.jpg 1024w, https:\/\/uoogear.com\/wp-content\/uploads\/2023\/11\/H3e45721a57344521b1cf48aa3707aab9a-768x576.jpg 768w, https:\/\/uoogear.com\/wp-content\/uploads\/2023\/11\/H3e45721a57344521b1cf48aa3707aab9a-600x450.jpg 600w, https:\/\/uoogear.com\/wp-content\/uploads\/2023\/11\/H3e45721a57344521b1cf48aa3707aab9a-72x54.jpg 72w\" sizes=\"auto, (max-width: 1280px) 100vw, 1280px\" \/><\/div>\n<div><img loading=\"lazy\" decoding=\"async\" class=\"alignnone size-full wp-image-5173\" src=\"https:\/\/uoogear.com\/wp-content\/uploads\/2023\/11\/H8d0b6b0575bf4544945ae0c765cdad94H.jpg\" width=\"1280\" height=\"960\" srcset=\"https:\/\/uoogear.com\/wp-content\/uploads\/2023\/11\/H8d0b6b0575bf4544945ae0c765cdad94H.jpg 1280w, https:\/\/uoogear.com\/wp-content\/uploads\/2023\/11\/H8d0b6b0575bf4544945ae0c765cdad94H-300x225.jpg 300w, https:\/\/uoogear.com\/wp-content\/uploads\/2023\/11\/H8d0b6b0575bf4544945ae0c765cdad94H-1024x768.jpg 1024w, https:\/\/uoogear.com\/wp-content\/uploads\/2023\/11\/H8d0b6b0575bf4544945ae0c765cdad94H-768x576.jpg 768w, https:\/\/uoogear.com\/wp-content\/uploads\/2023\/11\/H8d0b6b0575bf4544945ae0c765cdad94H-600x450.jpg 600w, https:\/\/uoogear.com\/wp-content\/uploads\/2023\/11\/H8d0b6b0575bf4544945ae0c765cdad94H-72x54.jpg 72w\" sizes=\"auto, (max-width: 1280px) 100vw, 1280px\" \/><\/div>\n<\/div>\n<\/div>\n<div>\n<div data-section=\"AliMagic-p9qjis\" data-section-title=\"Specification\"><\/div>\n<\/div>\n<div><\/div>\n<div>\n<div>\n<div>\n<div>\n<div>\n<div><\/div>\n<\/div>\n<\/div>\n<\/div>\n<\/div>\n<\/div>\n<\/div>","protected":false},"excerpt":{"rendered":"<p>Powierzchnia: 8CBM Tkanina: P\u0142\u00f3tno Namiot zewn\u0119trzny Wska\u017anik wodoodporno\u015bci: &lt;1000 mm Wska\u017anik wodoodporno\u015bci dna: &gt;3000 mm Typ budynku: Szybkie automatyczne otwieranie Styl namiotu: Typ usztywnienia uko\u015bnego Sezon: Czterosezonowa Konstrukcja namiotu: Jedna sypialnia Nazwa produktu: Namiot kempingowy Zastosowanie: S\u0142owo kluczowe dotycz\u0105ce namiotu kempingowego na \u015bwie\u017cym powietrzu: rozmiar namiotu na dachu<\/p>\n<div class=\"read-more\"><a class=\"btn btn-fill-out\" href=\"https:\/\/uoogear.com\/pl\/produkt\/customized-home-outdoor-park-camping-waterproof-roof-top-tent\/\">Czytaj wi\u0119cej<\/a><\/div>","protected":false},"featured_media":4115,"template":"","meta":[],"product_brand":[],"product_cat":[15],"product_tag":[],"class_list":{"0":"post-4116","1":"product","2":"type-product","3":"status-publish","4":"has-post-thumbnail","6":"product_cat-uncategorized","7":"tm-no-options","9":"first","10":"instock","11":"shipping-taxable","12":"purchasable","13":"product-type-variable"},"_links":{"self":[{"href":"https:\/\/uoogear.com\/pl\/wp-json\/wp\/v2\/product\/4116","targetHints":{"allow":["GET"]}}],"collection":[{"href":"https:\/\/uoogear.com\/pl\/wp-json\/wp\/v2\/product"}],"about":[{"href":"https:\/\/uoogear.com\/pl\/wp-json\/wp\/v2\/types\/product"}],"wp:featuredmedia":[{"embeddable":true,"href":"https:\/\/uoogear.com\/pl\/wp-json\/wp\/v2\/media\/4115"}],"wp:attachment":[{"href":"https:\/\/uoogear.com\/pl\/wp-json\/wp\/v2\/media?parent=4116"}],"wp:term":[{"taxonomy":"product_brand","embeddable":true,"href":"https:\/\/uoogear.com\/pl\/wp-json\/wp\/v2\/product_brand?post=4116"},{"taxonomy":"product_cat","embeddable":true,"href":"https:\/\/uoogear.com\/pl\/wp-json\/wp\/v2\/product_cat?post=4116"},{"taxonomy":"product_tag","embeddable":true,"href":"https:\/\/uoogear.com\/pl\/wp-json\/wp\/v2\/product_tag?post=4116"}],"curies":[{"name":"wp","href":"https:\/\/api.w.org\/{rel}","templated":true}]}}