{"id":4191,"date":"2023-11-13T12:20:24","date_gmt":"2023-11-13T12:20:24","guid":{"rendered":"https:\/\/uoogear.com\/product\/soft-shell-aluminium-camping-rooftop-tents-car-roof-top-for-sale\/"},"modified":"2023-11-30T07:23:49","modified_gmt":"2023-11-30T07:23:49","slug":"soft-shell-aluminium-camping-rooftop-tents-car-roof-top-for-sale","status":"publish","type":"product","link":"https:\/\/uoogear.com\/pl\/produkt\/soft-shell-aluminium-camping-rooftop-tents-car-roof-top-for-sale\/","title":{"rendered":"Sprzedam aluminiowe namioty kempingowe z mi\u0119kk\u0105 skorup\u0105 na dachu samochodu"},"content":{"rendered":"<ul>\n<li><strong>Tkanina: <\/strong> Oksford<\/li>\n<li><strong>Indeks wodoodporno\u015bci namiotu zewn\u0119trznego: <\/strong> 1500-2000 mm<\/li>\n<li><strong>Dolny wodoodporny indeks: <\/strong> &gt;3000 mm<\/li>\n<li><strong>Rodzaj budynku : <\/strong> Budowa w oparciu o potrzeby<\/li>\n<li><strong>Styl namiotu: <\/strong> Typ usztywnienia prostego<\/li>\n<li><strong>Pora roku : <\/strong> Namiot czterosezonowy<\/li>\n<li><strong>Struktura : <\/strong> Jedna sypialnia<\/li>\n<li><strong>Nazwa produktu : <\/strong> Namiot na dachu samochodu<\/li>\n<li><strong>Materia\u0142 : <\/strong> Poliester Oxford, p\u0142\u00f3tno rip-stop<\/li>\n<li><strong>Materia\u0142 s\u0142upa: <\/strong> Aluminium<\/li>\n<li><strong>Rozmiar produktu : <\/strong> 310x143x115cm<\/li>\n<li><strong>Funkcja : <\/strong> Wodoodporny<\/li>\n<li><strong>Drabina : <\/strong> Aluminiowa drabina teleskopowa<\/li>\n<li><strong>Stosowanie : <\/strong> Outdoor Camping Piesze wycieczki Podr\u00f3\u017cowanie<\/li>\n<li><strong>GW: <\/strong> 59 kg<\/li>\n<li><strong>S\u0142owo kluczowe: <\/strong> Namiot dachowy z tward\u0105 skorup\u0105<\/li>\n<li><strong>Styl: <\/strong> \u0141atwe sk\u0142adanie<\/li>\n<\/ul>\n<div>\n<div data-magic-global=\"%7B%22bizId%22%3A2206962912116%2C%22pageId%22%3A21304999933%2C%22siteId%22%3A5005786273%7D\">\n<div><\/div>\n<div>\n<div><\/div>\n<\/div>\n<div>\n<div>\n<div><img decoding=\"async\" src=\"https:\/\/uoogear.com\/wp-content\/uploads\/2023\/11\/Head17f2fb29142fab53715928afb7c7bt.webp\" data-src=\"https:\/\/uoogear.com\/wp-content\/uploads\/2023\/11\/Head17f2fb29142fab53715928afb7c7bt.webp\" \/><\/div>\n<div><img decoding=\"async\" src=\"https:\/\/uoogear.com\/wp-content\/uploads\/2023\/11\/Hfcc7a91a0f504e0f81c8dae1632864e42-wpp1701328893862.jpg\" data-src=\"https:\/\/uoogear.com\/wp-content\/uploads\/2023\/11\/Hfcc7a91a0f504e0f81c8dae1632864e42-wpp1701328893862.jpg\" \/><\/div>\n<div><img decoding=\"async\" src=\"https:\/\/uoogear.com\/wp-content\/uploads\/2023\/11\/H8ec27b29741b4f08afb6ce95b0b9b6aeo-wpp1701328748942.webp\" data-src=\"https:\/\/uoogear.com\/wp-content\/uploads\/2023\/11\/H8ec27b29741b4f08afb6ce95b0b9b6aeo-wpp1701328748942.webp\" \/><\/div>\n<div><img decoding=\"async\" src=\"https:\/\/uoogear.com\/wp-content\/uploads\/2023\/11\/H741118498aec4d7e9187dd85b8e748368.webp\" data-src=\"https:\/\/uoogear.com\/wp-content\/uploads\/2023\/11\/H741118498aec4d7e9187dd85b8e748368.webp\" \/><\/div>\n<div><img decoding=\"async\" src=\"https:\/\/uoogear.com\/wp-content\/uploads\/2023\/11\/H31bcadeece5a41f79545474233d7c450F.webp\" data-src=\"https:\/\/uoogear.com\/wp-content\/uploads\/2023\/11\/H31bcadeece5a41f79545474233d7c450F.webp\" \/><\/div>\n<div><img decoding=\"async\" src=\"https:\/\/uoogear.com\/wp-content\/uploads\/2023\/11\/Hd09d9c862a164800839cbbf832b621417.webp\" data-src=\"https:\/\/uoogear.com\/wp-content\/uploads\/2023\/11\/Hd09d9c862a164800839cbbf832b621417.webp\" \/><\/div>\n<div><img decoding=\"async\" src=\"https:\/\/uoogear.com\/wp-content\/uploads\/2023\/11\/H0563ea9c013d4a3ca309db9c332ebab6l.webp\" data-src=\"https:\/\/uoogear.com\/wp-content\/uploads\/2023\/11\/H0563ea9c013d4a3ca309db9c332ebab6l.webp\" \/><\/div>\n<div><img decoding=\"async\" src=\"https:\/\/uoogear.com\/wp-content\/uploads\/2023\/11\/H00ea59eb398e4db0af8b1d8eca61ce60f.webp\" data-src=\"https:\/\/uoogear.com\/wp-content\/uploads\/2023\/11\/H00ea59eb398e4db0af8b1d8eca61ce60f.webp\" \/><\/div>\n<\/div>\n<\/div>\n<div><\/div>\n<div>\n<div>\n<div>\n<div>\n<div><\/div>\n<\/div>\n<\/div>\n<\/div>\n<\/div>\n<\/div>\n<\/div>","protected":false},"excerpt":{"rendered":"<p>Tkanina: Oxford Namiot zewn\u0119trzny Wska\u017anik wodoodporno\u015bci: 1500-2000 Mm Wska\u017anik wodoodporno\u015bci dna: &gt; 3000 mm Typ budynku: Konstrukcja w zale\u017cno\u015bci od potrzeb Styl namiotu: Prosty typ usztywnienia Sezon: Czterosezonowy Struktura namiotu: Jedna sypialnia Nazwa produktu: Materia\u0142 namiotu na dachu samochodu : Poliester Oxford, p\u0142\u00f3tno rip-stop Materia\u0142 s\u0142upka : aluminium Rozmiar produktu<\/p>\n<div class=\"read-more\"><a class=\"btn btn-fill-out\" href=\"https:\/\/uoogear.com\/pl\/produkt\/soft-shell-aluminium-camping-rooftop-tents-car-roof-top-for-sale\/\">Czytaj wi\u0119cej<\/a><\/div>","protected":false},"featured_media":4190,"template":"","meta":[],"product_brand":[],"product_cat":[15],"product_tag":[],"class_list":{"0":"post-4191","1":"product","2":"type-product","3":"status-publish","4":"has-post-thumbnail","6":"product_cat-uncategorized","7":"tm-no-options","9":"first","10":"instock","11":"shipping-taxable","12":"purchasable","13":"product-type-variable"},"_links":{"self":[{"href":"https:\/\/uoogear.com\/pl\/wp-json\/wp\/v2\/product\/4191","targetHints":{"allow":["GET"]}}],"collection":[{"href":"https:\/\/uoogear.com\/pl\/wp-json\/wp\/v2\/product"}],"about":[{"href":"https:\/\/uoogear.com\/pl\/wp-json\/wp\/v2\/types\/product"}],"wp:featuredmedia":[{"embeddable":true,"href":"https:\/\/uoogear.com\/pl\/wp-json\/wp\/v2\/media\/4190"}],"wp:attachment":[{"href":"https:\/\/uoogear.com\/pl\/wp-json\/wp\/v2\/media?parent=4191"}],"wp:term":[{"taxonomy":"product_brand","embeddable":true,"href":"https:\/\/uoogear.com\/pl\/wp-json\/wp\/v2\/product_brand?post=4191"},{"taxonomy":"product_cat","embeddable":true,"href":"https:\/\/uoogear.com\/pl\/wp-json\/wp\/v2\/product_cat?post=4191"},{"taxonomy":"product_tag","embeddable":true,"href":"https:\/\/uoogear.com\/pl\/wp-json\/wp\/v2\/product_tag?post=4191"}],"curies":[{"name":"wp","href":"https:\/\/api.w.org\/{rel}","templated":true}]}}