{"id":4201,"date":"2023-11-13T12:22:41","date_gmt":"2023-11-13T12:22:41","guid":{"rendered":"https:\/\/uoogear.com\/product\/high-quality-car-camping-3-4-person-foldable-soft-roof-top-tent-for-sale-custom-service-available\/"},"modified":"2023-11-30T07:06:18","modified_gmt":"2023-11-30T07:06:18","slug":"high-quality-car-camping-3-4-person-foldable-soft-roof-top-tent-for-sale-custom-service-available","status":"publish","type":"product","link":"https:\/\/uoogear.com\/pl\/produkt\/high-quality-car-camping-3-4-person-foldable-soft-roof-top-tent-for-sale-custom-service-available\/","title":{"rendered":"Wysokiej jako\u015bci namiot samochodowy dla 3\u20134 os\u00f3b, sk\u0142adany, mi\u0119kki namiot na dachu na sprzeda\u017c Dost\u0119pna us\u0142uga niestandardowa"},"content":{"rendered":"<ul>\n<li><strong>Obszar : <\/strong> 310*160*126 cm<\/li>\n<li><strong>Tkanina: <\/strong> Poliester<\/li>\n<li><strong>Indeks wodoodporno\u015bci namiotu zewn\u0119trznego: <\/strong> 2000-3000 mm<\/li>\n<li><strong>Dolny wodoodporny indeks: <\/strong> &gt;3000 mm<\/li>\n<li><strong>Rodzaj budynku : <\/strong> Budowa w oparciu o potrzeby<\/li>\n<li><strong>Styl namiotu: <\/strong> Typ usztywnienia prostego<\/li>\n<li><strong>Pora roku : <\/strong> Namiot czterosezonowy<\/li>\n<li><strong>Struktura : <\/strong> Jedna sypialnia<\/li>\n<li><strong>Nazwa produktu : <\/strong> Namiot samochodowy na dachu, odporny na deszcz, mi\u0119kki namiot samochodowy<\/li>\n<li><strong>Materia\u0142 fabryczny : <\/strong> P\u0142\u00f3tno poliestrowo-bawe\u0142niane o gramaturze 300 g\/m2<\/li>\n<li><strong>Funkcja : <\/strong> Wodoodporno\u015b\u0107 2000 mm<\/li>\n<li><strong>Rozmiar: <\/strong> Rozwi\u0144 rozmiar: 310*160*126 cm<\/li>\n<li><strong>Materac: <\/strong> Nieodkszta\u0142caj\u0105ca si\u0119 g\u0105bka o grubo\u015bci 60 mm, ze zdejmowanym pokryciem, kt\u00f3re mo\u017cna pra\u0107<\/li>\n<li><strong>Drabina : <\/strong> Teleskopowa drabina aluminiowa, 230cm<\/li>\n<li><strong>Logo: <\/strong> Dostosowane logo<\/li>\n<li><strong>Akcesoria : <\/strong> Drabina + torba na buty<\/li>\n<li><strong>Opcjonalne cz\u0119\u015bci: <\/strong> Za\u0142\u0105cznik, ciep\u0142a podszewka izolacyjna, r\u00f3\u017cne wzory moskitier<\/li>\n<\/ul>\n<div>\n<div data-magic-global=\"%7B%22bizId%22%3A2634101818%2C%22pageId%22%3A21330063023%2C%22siteId%22%3A5005227190%7D\">\n<div>\n<div>\n<div>\n<div>\n<div>\n<div><img decoding=\"async\" src=\"https:\/\/uoogear.com\/wp-content\/uploads\/2023\/11\/H4d2450ccd74648318c7ab759dace20f6i-wpp1701327585422.webp\" data-src=\"https:\/\/uoogear.com\/wp-content\/uploads\/2023\/11\/H4d2450ccd74648318c7ab759dace20f6i-wpp1701327585422.webp\" \/><\/div>\n<\/div>\n<\/div>\n<\/div>\n<\/div>\n<\/div>\n<div><\/div>\n<div>\n<div data-section=\"AliMagic-eb3sag\" data-section-title=\"Product Description\"><span style=\"font-family: Tahoma;\">Cechy<\/span><\/div>\n<\/div>\n<div>\n<div>\n<div>\n<div>\n<div>1. Tkanina podw\u00f3jnie szyta 280 g (40% ci\u0119\u017csza ni\u017c modele standardowe)<\/div>\n<div>2. Mata antykondensacyjna (1\/2\u2033) pod materacem<\/div>\n<div>3. Ca\u0142kowicie owini\u0119ta, wytrzyma\u0142a rama wewn\u0119trzna 3\/4\u2033<\/div>\n<div>4. Wytrzyma\u0142e zawiasy z 3 \u015brubami i spawana aluminiowa konstrukcja podstawy<\/div>\n<div>5. Bardzo du\u017ce kieszenie wewn\u0119trzne, punkty mocowania sprz\u0119tu i paski do po\u015bcieli<\/div>\n<div>6. Ca\u0142kowicie zamkni\u0119ty aneks wykonany z tego samego wytrzyma\u0142ego materia\u0142u, co poszycie namiotu<\/div>\n<\/div>\n<\/div>\n<\/div>\n<\/div>\n<div>\n<div>\n<div><\/div>\n<div><img decoding=\"async\" src=\"https:\/\/uoogear.com\/wp-content\/uploads\/2023\/11\/H067f82f488cb47f69ce24342bd2ead2cE.webp\" data-src=\"https:\/\/uoogear.com\/wp-content\/uploads\/2023\/11\/H067f82f488cb47f69ce24342bd2ead2cE.webp\" \/><\/div>\n<div><img decoding=\"async\" src=\"https:\/\/uoogear.com\/wp-content\/uploads\/2023\/11\/H06f0378ab5f442809a4099adaa5296452.webp\" data-src=\"https:\/\/uoogear.com\/wp-content\/uploads\/2023\/11\/H06f0378ab5f442809a4099adaa5296452.webp\" \/><\/div>\n<div><img decoding=\"async\" src=\"https:\/\/uoogear.com\/wp-content\/uploads\/2023\/11\/H0e15ce57d53341deb942ba2c7aabfd57c.webp\" data-src=\"https:\/\/uoogear.com\/wp-content\/uploads\/2023\/11\/H0e15ce57d53341deb942ba2c7aabfd57c.webp\" \/><\/div>\n<\/div>\n<\/div>\n<div>\n<div>\n<div>\n<div>\n<div>\n<div><img decoding=\"async\" src=\"https:\/\/uoogear.com\/wp-content\/uploads\/2023\/11\/H4e98bf4703e34c2990862565b0ef3cb1L.webp\" data-src=\"https:\/\/uoogear.com\/wp-content\/uploads\/2023\/11\/H4e98bf4703e34c2990862565b0ef3cb1L.webp\" \/><\/div>\n<\/div>\n<\/div>\n<\/div>\n<\/div>\n<\/div>\n<div>\n<div>\n<div>\n<div>\n<div>\n<div><\/div>\n<\/div>\n<\/div>\n<\/div>\n<\/div>\n<\/div>\n<div>\n<div>\n<div>\n<div>\n<div>\n<div><img decoding=\"async\" src=\"https:\/\/uoogear.com\/wp-content\/uploads\/2023\/11\/H6f17537709ac4c57be8f412e8d427eda9.webp\" data-src=\"https:\/\/uoogear.com\/wp-content\/uploads\/2023\/11\/H6f17537709ac4c57be8f412e8d427eda9.webp\" \/><\/div>\n<\/div>\n<\/div>\n<\/div>\n<\/div>\n<\/div>\n<div>\n<div>\n<div>\n<div>\n<div>\n<div><\/div>\n<\/div>\n<\/div>\n<\/div>\n<\/div>\n<\/div>\n<\/div>\n<\/div>","protected":false},"excerpt":{"rendered":"<p>Powierzchnia: 310*160*126 cm Tkanina: Poliester Namiot zewn\u0119trzny Wska\u017anik wodoodporno\u015bci: 2000-3000 Mm Wska\u017anik wodoodporno\u015bci dna: &gt;3000 mm Typ budynku: Konstrukcja w oparciu o potrzeby Styl namiotu: Prosty typ usztywnienia Sezon: Czterosezonowa Konstrukcja namiotu: Produkt z jedn\u0105 sypialni\u0105 Nazwa: Namiot dachowy Samochodowy, odporny na deszcz, mi\u0119kki namiot samochodowy Materia\u0142:<\/p>\n<div class=\"read-more\"><a class=\"btn btn-fill-out\" href=\"https:\/\/uoogear.com\/pl\/produkt\/high-quality-car-camping-3-4-person-foldable-soft-roof-top-tent-for-sale-custom-service-available\/\">Czytaj wi\u0119cej<\/a><\/div>","protected":false},"featured_media":4200,"template":"","meta":[],"product_brand":[],"product_cat":[15],"product_tag":[],"class_list":{"0":"post-4201","1":"product","2":"type-product","3":"status-publish","4":"has-post-thumbnail","6":"product_cat-uncategorized","7":"tm-no-options","9":"first","10":"instock","11":"shipping-taxable","12":"purchasable","13":"product-type-variable"},"_links":{"self":[{"href":"https:\/\/uoogear.com\/pl\/wp-json\/wp\/v2\/product\/4201","targetHints":{"allow":["GET"]}}],"collection":[{"href":"https:\/\/uoogear.com\/pl\/wp-json\/wp\/v2\/product"}],"about":[{"href":"https:\/\/uoogear.com\/pl\/wp-json\/wp\/v2\/types\/product"}],"wp:featuredmedia":[{"embeddable":true,"href":"https:\/\/uoogear.com\/pl\/wp-json\/wp\/v2\/media\/4200"}],"wp:attachment":[{"href":"https:\/\/uoogear.com\/pl\/wp-json\/wp\/v2\/media?parent=4201"}],"wp:term":[{"taxonomy":"product_brand","embeddable":true,"href":"https:\/\/uoogear.com\/pl\/wp-json\/wp\/v2\/product_brand?post=4201"},{"taxonomy":"product_cat","embeddable":true,"href":"https:\/\/uoogear.com\/pl\/wp-json\/wp\/v2\/product_cat?post=4201"},{"taxonomy":"product_tag","embeddable":true,"href":"https:\/\/uoogear.com\/pl\/wp-json\/wp\/v2\/product_tag?post=4201"}],"curies":[{"name":"wp","href":"https:\/\/api.w.org\/{rel}","templated":true}]}}