{"id":4239,"date":"2023-11-13T12:27:11","date_gmt":"2023-11-13T12:27:11","guid":{"rendered":"https:\/\/uoogear.com\/product\/chinese-factory-44-canvas-car-camping-1-42-4m-roof-top-tent\/"},"modified":"2023-11-30T06:40:51","modified_gmt":"2023-11-30T06:40:51","slug":"chinese-factory-44-canvas-car-camping-1-42-4m-roof-top-tent","status":"publish","type":"product","link":"https:\/\/uoogear.com\/pl\/produkt\/chinese-factory-44-canvas-car-camping-1-42-4m-roof-top-tent\/","title":{"rendered":"Chi\u0144ska fabryka 4*4 p\u0142\u00f3tno samochodowe Camping 1,4*2,4M namiot na dachu"},"content":{"rendered":"<ul>\n<li><strong>Obszar : <\/strong> 240*160*126 cm<\/li>\n<li><strong>Tkanina: <\/strong> Poliester<\/li>\n<li><strong>Indeks wodoodporno\u015bci namiotu zewn\u0119trznego: <\/strong> 2000-3000 mm<\/li>\n<li><strong>Dolny wodoodporny indeks: <\/strong> &gt;3000 mm<\/li>\n<li><strong>Rodzaj budynku : <\/strong> Budowa w oparciu o potrzeby<\/li>\n<li><strong>Styl namiotu: <\/strong> Typ usztywnienia prostego<\/li>\n<li><strong>Pora roku : <\/strong> Namiot czterosezonowy<\/li>\n<li><strong>Struktura : <\/strong> Jedna sypialnia<\/li>\n<li><strong>Nazwa produktu : <\/strong> 4-sezonowe akcesoria samochodowe Namiot dachowy do SUV-a<\/li>\n<li><strong>Materia\u0142 fabryczny : <\/strong> P\u0142\u00f3tno poliestrowo-bawe\u0142niane o gramaturze 300 g\/m2<\/li>\n<li><strong>Funkcja : <\/strong> Wodoodporno\u015b\u0107 2000 mm<\/li>\n<li><strong>Rozmiar: <\/strong> Rozwi\u0144 rozmiar: 240*140*126 cm<\/li>\n<li><strong>Materac: <\/strong> Nieodkszta\u0142caj\u0105ca si\u0119 g\u0105bka o grubo\u015bci 60 mm, ze zdejmowanym pokryciem, kt\u00f3re mo\u017cna pra\u0107<\/li>\n<li><strong>Drabina : <\/strong> Teleskopowa drabina aluminiowa, 230cm<\/li>\n<li><strong>Logo: <\/strong> Dostosowane logo<\/li>\n<li><strong>Akcesoria : <\/strong> Drabina + torba na buty<\/li>\n<li><strong>Opcjonalne cz\u0119\u015bci: <\/strong> Za\u0142\u0105cznik, ciep\u0142a podszewka izolacyjna, r\u00f3\u017cne wzory moskitier<\/li>\n<\/ul>\n<div>\n<div data-magic-global=\"%7B%22bizId%22%3A2634101818%2C%22pageId%22%3A21323196279%2C%22siteId%22%3A5005227190%7D\">\n<div>\n<div>\n<div>\n<div>\n<div>\n<div><img decoding=\"async\" src=\"https:\/\/uoogear.com\/wp-content\/uploads\/2023\/11\/H72b58d4a09224c748a287e1d9a4b09a3r-wpp1701315423476.webp\" data-src=\"https:\/\/uoogear.com\/wp-content\/uploads\/2023\/11\/H72b58d4a09224c748a287e1d9a4b09a3r-wpp1701315423476.webp\" \/><\/div>\n<\/div>\n<\/div>\n<\/div>\n<\/div>\n<\/div>\n<div>\n<div data-section=\"AliMagic-rn6oag\" data-section-title=\"Product Paramenters\"><\/div>\n<\/div>\n<\/div>\n<\/div>","protected":false},"excerpt":{"rendered":"<p>Powierzchnia: 240*160*126 cm Tkanina: Poliester Namiot zewn\u0119trzny Wska\u017anik wodoodporno\u015bci: 2000-3000 Mm Wska\u017anik wodoodporno\u015bci dna: &gt;3000 mm Typ budynku: Konstrukcja w oparciu o potrzeby Styl namiotu: Prosty typ usztywnienia Sezon: Czterosezonowa Konstrukcja namiotu: Produkt z jedn\u0105 sypialni\u0105 Nazwa: 4-sezonowe akcesoria samochodowe Namiot dachowy do SUV-\u00f3w Materia\u0142:<\/p>\n<div class=\"read-more\"><a class=\"btn btn-fill-out\" href=\"https:\/\/uoogear.com\/pl\/produkt\/chinese-factory-44-canvas-car-camping-1-42-4m-roof-top-tent\/\">Czytaj wi\u0119cej<\/a><\/div>","protected":false},"featured_media":4238,"template":"","meta":[],"product_brand":[],"product_cat":[15],"product_tag":[],"class_list":{"0":"post-4239","1":"product","2":"type-product","3":"status-publish","4":"has-post-thumbnail","6":"product_cat-uncategorized","7":"tm-no-options","9":"first","10":"instock","11":"shipping-taxable","12":"purchasable","13":"product-type-variable"},"_links":{"self":[{"href":"https:\/\/uoogear.com\/pl\/wp-json\/wp\/v2\/product\/4239","targetHints":{"allow":["GET"]}}],"collection":[{"href":"https:\/\/uoogear.com\/pl\/wp-json\/wp\/v2\/product"}],"about":[{"href":"https:\/\/uoogear.com\/pl\/wp-json\/wp\/v2\/types\/product"}],"wp:featuredmedia":[{"embeddable":true,"href":"https:\/\/uoogear.com\/pl\/wp-json\/wp\/v2\/media\/4238"}],"wp:attachment":[{"href":"https:\/\/uoogear.com\/pl\/wp-json\/wp\/v2\/media?parent=4239"}],"wp:term":[{"taxonomy":"product_brand","embeddable":true,"href":"https:\/\/uoogear.com\/pl\/wp-json\/wp\/v2\/product_brand?post=4239"},{"taxonomy":"product_cat","embeddable":true,"href":"https:\/\/uoogear.com\/pl\/wp-json\/wp\/v2\/product_cat?post=4239"},{"taxonomy":"product_tag","embeddable":true,"href":"https:\/\/uoogear.com\/pl\/wp-json\/wp\/v2\/product_tag?post=4239"}],"curies":[{"name":"wp","href":"https:\/\/api.w.org\/{rel}","templated":true}]}}