{"id":4273,"date":"2023-11-13T12:30:29","date_gmt":"2023-11-13T12:30:29","guid":{"rendered":"https:\/\/uoogear.com\/product\/unistrengh-mini-4x4-offroad-outdoor-camping-car-soft-shell-roof-top-tents-for-sale\/"},"modified":"2023-11-30T06:16:50","modified_gmt":"2023-11-30T06:16:50","slug":"unistrengh-mini-4x4-offroad-outdoor-camping-car-soft-shell-roof-top-tents-for-sale","status":"publish","type":"product","link":"https:\/\/uoogear.com\/pl\/produkt\/unistrengh-mini-4x4-offroad-outdoor-camping-car-soft-shell-roof-top-tents-for-sale\/","title":{"rendered":"Sprzedam namioty dachowe z mi\u0119kk\u0105 skorup\u0105 Unistrengh Mini 4\u00d74 offroad"},"content":{"rendered":"<ul>\n<li><strong>Obszar : <\/strong> 134*109 cm<\/li>\n<li><strong>Tkanina: <\/strong> Tkanina poliestrowo-bawe\u0142niana<\/li>\n<li><strong>Indeks wodoodporno\u015bci namiotu zewn\u0119trznego: <\/strong> 2000-3000 mm<\/li>\n<li><strong>Dolny wodoodporny indeks: <\/strong> &gt;3000 mm<\/li>\n<li><strong>Styl namiotu: <\/strong> Typ usztywnienia prostego<\/li>\n<li><strong>Pora roku : <\/strong> Namiot czterosezonowy, 4-sezonowy<\/li>\n<li><strong>Struktura : <\/strong> Jedna sypialnia<\/li>\n<li><strong>Nazwa produktu : <\/strong> Mi\u0119kka hydroizolacja namiotu dachowego na mini samoch\u00f3d<\/li>\n<li><strong>Aplikacja : <\/strong> Namiot rodzinny na \u015bwie\u017cym powietrzu<\/li>\n<li><strong>S\u0142owo kluczowe: <\/strong> hydroizolacja namiotu<\/li>\n<li><strong>Rozmiar: <\/strong> 2157*1330*1130MM<\/li>\n<li><strong>Materia\u0142 : <\/strong> Tkanina poliestrowo-bawe\u0142niana<\/li>\n<li><strong>MOQ: <\/strong> 1 kawa\u0142ek<\/li>\n<li><strong>Logo: <\/strong> Dostosowane logo<\/li>\n<li><strong>Waga : <\/strong> 41,5 kg<\/li>\n<li><strong>Gwarancja : <\/strong> 12 miesi\u0119cy<\/li>\n<\/ul>\n<div>\n<div data-magic-global=\"%7B%22bizId%22%3A2634101818%2C%22pageId%22%3A21250043969%2C%22siteId%22%3A5005227190%7D\">\n<div>\n<div data-section=\"AliMagic-ljemi3\" data-section-title=\"Product Description\">Opis produktu<\/div>\n<\/div>\n<div>\n<div>\n<div>\n<div>\n<div>\n<div><\/div>\n<\/div>\n<\/div>\n<\/div>\n<div>\n<div>Mini namiot na dachu<\/div>\n<div>Mini namiot dachowy jest gotowy w ci\u0105gu kilku minut, dzi\u0119ki czemu mo\u017cesz si\u0119 zrelaksowa\u0107 i cieszy\u0107 si\u0119 zaj\u0119ciami na \u015bwie\u017cym powietrzu. Wyprodukowano z<br \/>\ntrwa\u0142y, wysokiej jako\u015bci, oddychaj\u0105cy materia\u0142 z poli\/bawe\u0142ny, odporny na ple\u015b\u0144 i wod\u0119 namiot dachowy, kt\u00f3ry idealnie pasuje do dachu samochodu 4x4. Wytrzyma\u0142a aluminiowa, wysuwana drabina umo\u017cliwia \u0142atwy dost\u0119p. Materace s\u0105 wyposa\u017cone w materac piankowy o du\u017cej g\u0119sto\u015bci ze zdejmowanym pokrowcem. Z ca\u0142kowicie os\u0142oni\u0119tymi oknami i drzwiami, py\u0142oszczelnymi i odpornymi na owady.<\/div>\n<\/div>\n<\/div>\n<\/div>\n<div>\n<div>\n<div>\n<h3>Cechy<\/h3>\n<div>\n<div>\n<div>-Namiot czterosezonowy zbudowany tak, aby wytrzyma\u0107 warunki o ka\u017cdej porze roku i klimacie. -Mo\u017ce pomie\u015bci\u0107 maksymalnie 2 osoby<br \/>\n-Tkanina namiotu jest odporna na promieniowanie UV i ple\u015b\u0144, dzi\u0119ki czemu wytrzyma dzia\u0142anie czynnik\u00f3w atmosferycznych o ka\u017cdej porze roku<br \/>\n-Cztery du\u017ce kieszenie wewn\u0119trzne do przechowywania sprz\u0119tu i akcesori\u00f3w kempingowych<br \/>\n- Zawiera materac z pianki o du\u017cej g\u0119sto\u015bci dla wi\u0119kszego komfortu<br \/>\n-\u0141atwa wymiana baldachimu w zale\u017cno\u015bci od pory roku i warunk\u00f3w pogodowych (dodatkowe daszki sprzedawane s\u0105 osobno)<\/div>\n<\/div>\n<\/div>\n<\/div>\n<\/div>\n<\/div>\n<div>\n<div>\n<table>\n<tbody>\n<tr>\n<td>\n<div>Rozmiar otwarty<\/div>\n<\/td>\n<td>\n<div>2157*1330*1130MM<\/div>\n<\/td>\n<td>\n<div><\/div>\n<\/td>\n<td>\n<div><\/div>\n<\/td>\n<td>\n<div><\/div>\n<\/td>\n<\/tr>\n<tr>\n<td>\n<div>Rozmiar zbli\u017cony<\/div>\n<\/td>\n<td>\n<div>1340*1090*220MM<\/div>\n<\/td>\n<td>\n<div><\/div>\n<\/td>\n<td>\n<div><\/div>\n<\/td>\n<td>\n<div><\/div>\n<\/td>\n<\/tr>\n<tr>\n<td>\n<div>p\u00f3\u0142nocny zach\u00f3d<\/div>\n<\/td>\n<td>\n<div>41,5 kg<\/div>\n<\/td>\n<td>\n<div><\/div>\n<\/td>\n<td>\n<div><\/div>\n<\/td>\n<td>\n<div><\/div>\n<\/td>\n<\/tr>\n<tr>\n<td>\n<div>GW<\/div>\n<\/td>\n<td>\n<div>51,8 kg<\/div>\n<\/td>\n<td>\n<div><\/div>\n<\/td>\n<td>\n<div><\/div>\n<\/td>\n<td>\n<div><\/div>\n<\/td>\n<\/tr>\n<\/tbody>\n<\/table>\n<\/div>\n<\/div>\n<div>\n<div data-section=\"AliMagic-hdvu51\" data-section-title=\"Product details\">Szczeg\u00f3\u0142y Produktu<\/div>\n<\/div>\n<div>\n<div>\n<div><\/div>\n<div><img decoding=\"async\" src=\"https:\/\/uoogear.com\/wp-content\/uploads\/2023\/11\/H1bf314a0e04e47408594be1fd416e0a6f.webp\" data-src=\"https:\/\/uoogear.com\/wp-content\/uploads\/2023\/11\/H1bf314a0e04e47408594be1fd416e0a6f.webp\" \/><\/div>\n<\/div>\n<\/div>\n<div>\n<div data-section=\"AliMagic-3qaa90\" data-section-title=\"Related products\">Produkty powi\u0105zane<\/div>\n<\/div>\n<div>\n<div>\n<div>\n<div>\n<div>\n<div><\/div>\n<\/div>\n<div>\n<div>\n<div><strong>Namiot dachowy z mi\u0119kkiej skorupy<\/strong><\/div>\n<\/div>\n<\/div>\n<\/div>\n<div>\n<div>\n<div><\/div>\n<\/div>\n<div>\n<div>\n<div><strong>D\u0142ugi odcinek z za\u0142\u0105cznikiem<\/strong><\/div>\n<\/div>\n<\/div>\n<\/div>\n<div>\n<div>\n<div><img loading=\"lazy\" decoding=\"async\" class=\"alignnone\" src=\"https:\/\/uoogear.com\/wp-content\/uploads\/2023\/11\/H437d0352f3994ed2b130dac4e75a83d4d.webp\" alt=\"\" width=\"800\" height=\"533\" data-src=\"https:\/\/uoogear.com\/wp-content\/uploads\/2023\/11\/H437d0352f3994ed2b130dac4e75a83d4d.webp\" \/><\/div>\n<\/div>\n<div>\n<div>\n<div><strong>Markiza boczna samochodu<\/strong><\/div>\n<\/div>\n<\/div>\n<\/div>\n<\/div>\n<\/div>\n<\/div>\n<div>\n<div>\n<div>\n<div><img loading=\"lazy\" decoding=\"async\" class=\"alignnone\" src=\"https:\/\/uoogear.com\/wp-content\/uploads\/2023\/11\/Hff9bd9063cef44a8ba9b43b61c0257d1W.webp\" alt=\"\" width=\"800\" height=\"600\" data-src=\"https:\/\/uoogear.com\/wp-content\/uploads\/2023\/11\/Hff9bd9063cef44a8ba9b43b61c0257d1W.webp\" \/><\/div>\n<\/div>\n<div><\/div>\n<\/div>\n<div>\n<div>\n<div><\/div>\n<\/div>\n<div>\n<div><\/div>\n<\/div>\n<\/div>\n<div>\n<div>\n<div>\n<div><\/div>\n<\/div>\n<\/div>\n<\/div>\n<\/div>\n<div>\n<div data-section=\"AliMagic-tf79ni\" data-section-title=\"Company Imformation\"><\/div>\n<\/div>\n<\/div>\n<\/div>","protected":false},"excerpt":{"rendered":"<p>Powierzchnia: 134*109 cm Tkanina: poliestrowa tkanina bawe\u0142niana Na zewn\u0105trz namiotu Wska\u017anik wodoodporno\u015bci: 2000-3000 Mm Wska\u017anik wodoodporno\u015bci dna: &gt; 3000 mm Styl namiotu: Prosty Typ usztywnienia Sezon: Namiot czterosezonowy, 4 sezonowy Struktura: Jedna sypialnia Nazwa produktu: Mi\u0119kki hydroizolacja namiotu na dachu mini samochodu Zastosowanie: Namiot rodzinny na \u015bwie\u017cym powietrzu S\u0142owo kluczowe: namiot<\/p>\n<div class=\"read-more\"><a class=\"btn btn-fill-out\" href=\"https:\/\/uoogear.com\/pl\/produkt\/unistrengh-mini-4x4-offroad-outdoor-camping-car-soft-shell-roof-top-tents-for-sale\/\">Czytaj wi\u0119cej<\/a><\/div>","protected":false},"featured_media":4272,"template":"","meta":[],"product_brand":[],"product_cat":[15],"product_tag":[],"class_list":{"0":"post-4273","1":"product","2":"type-product","3":"status-publish","4":"has-post-thumbnail","6":"product_cat-uncategorized","7":"tm-no-options","9":"first","10":"instock","11":"shipping-taxable","12":"purchasable","13":"product-type-variable"},"_links":{"self":[{"href":"https:\/\/uoogear.com\/pl\/wp-json\/wp\/v2\/product\/4273","targetHints":{"allow":["GET"]}}],"collection":[{"href":"https:\/\/uoogear.com\/pl\/wp-json\/wp\/v2\/product"}],"about":[{"href":"https:\/\/uoogear.com\/pl\/wp-json\/wp\/v2\/types\/product"}],"wp:featuredmedia":[{"embeddable":true,"href":"https:\/\/uoogear.com\/pl\/wp-json\/wp\/v2\/media\/4272"}],"wp:attachment":[{"href":"https:\/\/uoogear.com\/pl\/wp-json\/wp\/v2\/media?parent=4273"}],"wp:term":[{"taxonomy":"product_brand","embeddable":true,"href":"https:\/\/uoogear.com\/pl\/wp-json\/wp\/v2\/product_brand?post=4273"},{"taxonomy":"product_cat","embeddable":true,"href":"https:\/\/uoogear.com\/pl\/wp-json\/wp\/v2\/product_cat?post=4273"},{"taxonomy":"product_tag","embeddable":true,"href":"https:\/\/uoogear.com\/pl\/wp-json\/wp\/v2\/product_tag?post=4273"}],"curies":[{"name":"wp","href":"https:\/\/api.w.org\/{rel}","templated":true}]}}