{"id":4304,"date":"2023-11-13T12:33:04","date_gmt":"2023-11-13T12:33:04","guid":{"rendered":"https:\/\/uoogear.com\/product\/high-quality-3m-4m-5m-6m-7m-sahara-cotton-canvas-bell-tent-outdoor-tents-with-stove-hole\/"},"modified":"2023-11-30T02:28:38","modified_gmt":"2023-11-30T02:28:38","slug":"high-quality-3m-4m-5m-6m-7m-sahara-cotton-canvas-bell-tent-outdoor-tents-with-stove-hole","status":"publish","type":"product","link":"https:\/\/uoogear.com\/pl\/produkt\/high-quality-3m-4m-5m-6m-7m-sahara-cotton-canvas-bell-tent-outdoor-tents-with-stove-hole\/","title":{"rendered":"Wysokiej jako\u015bci 3m 4m 5m 6m 7m sahara bawe\u0142niane p\u0142\u00f3tno namiot p\u0142\u00f3cienny namioty zewn\u0119trzne z otworem na piec"},"content":{"rendered":"<ul>\n<li><strong>Obszar : <\/strong> 500*300*170\/60cm<\/li>\n<li><strong>Tkanina: <\/strong> P\u0142\u00f3tno<\/li>\n<li><strong>Indeks wodoodporno\u015bci namiotu zewn\u0119trznego: <\/strong> 1500-2000 mm<\/li>\n<li><strong>Dolny wodoodporny indeks: <\/strong> &gt;3000 mm<\/li>\n<li><strong>Rodzaj budynku : <\/strong> Budowa w oparciu o potrzeby<\/li>\n<li><strong>Styl namiotu: <\/strong> Typ usztywnienia prostego<\/li>\n<li><strong>Pora roku : <\/strong> Namiot czterosezonowy<\/li>\n<li><strong>Struktura : <\/strong> Jedna sypialnia<\/li>\n<li><strong>Nazwa produktu : <\/strong> 3m 4m 5m sahara p\u0142\u00f3cienny namiot p\u0142\u00f3cienny namioty zewn\u0119trzne z otworem na piec<\/li>\n<li><strong>S\u0142owo kluczowe: <\/strong> namioty zewn\u0119trzne<\/li>\n<li><strong>Aplikacja : <\/strong> Namiot rodzinny na \u015bwie\u017cym powietrzu<\/li>\n<li><strong>Funkcja : <\/strong> Wodoodporny<\/li>\n<li><strong>Rozmiar: <\/strong> 5 m<\/li>\n<li><strong>Pakowanie: <\/strong> Karton<\/li>\n<li><strong>Logo: <\/strong> Dostosowane logo<\/li>\n<li><strong>Gwarancja : <\/strong> 12 miesi\u0119cy<\/li>\n<li><strong>Waga : <\/strong> 36 kg<\/li>\n<li><strong>MOQ: <\/strong> 1 kawa\u0142ek<\/li>\n<\/ul>\n<div>\n<div data-magic-global=\"%7B%22bizId%22%3A2634101818%2C%22pageId%22%3A5051882350%2C%22siteId%22%3A5005227190%7D\">\n<div>\n<div data-section=\"AliMagic-ikh4e8\" data-section-title=\"Products Description\">Opis produkt\u00f3w<\/div>\n<\/div>\n<div>\n<div>\n<div>\n<div>\n<div><img decoding=\"async\" src=\"\/\/sc01.alicdn.com\/kf\/H8da6e4d563af48c488f62e60b6a1f70ff\/225636084\/H8da6e4d563af48c488f62e60b6a1f70ff.jpg\" data-src=\"\/\/sc01.alicdn.com\/kf\/H8da6e4d563af48c488f62e60b6a1f70ff\/225636084\/H8da6e4d563af48c488f62e60b6a1f70ff.jpg\" \/><\/div>\n<\/div>\n<\/div>\n<\/div>\n<div><\/div>\n<\/div>\n<div><\/div>\n<\/div>\n<\/div>","protected":false},"excerpt":{"rendered":"<p>Powierzchnia: 500*300*170\/60 cm Tkanina: P\u0142\u00f3tno Namiot zewn\u0119trzny Wska\u017anik wodoodporno\u015bci: 1500-2000 Mm Wska\u017anik wodoodporno\u015bci dna: &gt;3000 mm Typ budynku: Konstrukcja w oparciu o potrzeby Styl namiotu: Typ prostego usztywnienia Sezon: Czterosezonowa konstrukcja namiotu: Nazwa produktu z jedn\u0105 sypialni\u0105: 3m 4m 5m sahara p\u0142\u00f3cienny namiot p\u0142\u00f3cienny, namioty zewn\u0119trzne<\/p>\n<div class=\"read-more\"><a class=\"btn btn-fill-out\" href=\"https:\/\/uoogear.com\/pl\/produkt\/high-quality-3m-4m-5m-6m-7m-sahara-cotton-canvas-bell-tent-outdoor-tents-with-stove-hole\/\">Czytaj wi\u0119cej<\/a><\/div>","protected":false},"featured_media":4303,"template":"","meta":[],"product_brand":[],"product_cat":[15],"product_tag":[],"class_list":{"0":"post-4304","1":"product","2":"type-product","3":"status-publish","4":"has-post-thumbnail","6":"product_cat-uncategorized","7":"tm-no-options","9":"first","10":"instock","11":"shipping-taxable","12":"purchasable","13":"product-type-variable"},"_links":{"self":[{"href":"https:\/\/uoogear.com\/pl\/wp-json\/wp\/v2\/product\/4304","targetHints":{"allow":["GET"]}}],"collection":[{"href":"https:\/\/uoogear.com\/pl\/wp-json\/wp\/v2\/product"}],"about":[{"href":"https:\/\/uoogear.com\/pl\/wp-json\/wp\/v2\/types\/product"}],"wp:featuredmedia":[{"embeddable":true,"href":"https:\/\/uoogear.com\/pl\/wp-json\/wp\/v2\/media\/4303"}],"wp:attachment":[{"href":"https:\/\/uoogear.com\/pl\/wp-json\/wp\/v2\/media?parent=4304"}],"wp:term":[{"taxonomy":"product_brand","embeddable":true,"href":"https:\/\/uoogear.com\/pl\/wp-json\/wp\/v2\/product_brand?post=4304"},{"taxonomy":"product_cat","embeddable":true,"href":"https:\/\/uoogear.com\/pl\/wp-json\/wp\/v2\/product_cat?post=4304"},{"taxonomy":"product_tag","embeddable":true,"href":"https:\/\/uoogear.com\/pl\/wp-json\/wp\/v2\/product_tag?post=4304"}],"curies":[{"name":"wp","href":"https:\/\/api.w.org\/{rel}","templated":true}]}}