{"id":4333,"date":"2023-11-13T12:35:56","date_gmt":"2023-11-13T12:35:56","guid":{"rendered":"https:\/\/uoogear.com\/product\/new-arrival-outdoor-camping-canvas-waterproof-tent-2\/"},"modified":"2023-11-30T02:39:35","modified_gmt":"2023-11-30T02:39:35","slug":"new-arrival-outdoor-camping-canvas-waterproof-tent-2","status":"publish","type":"product","link":"https:\/\/uoogear.com\/pl\/produkt\/new-arrival-outdoor-camping-canvas-waterproof-tent-2\/","title":{"rendered":"New Arrival wodoodporny namiot kempingowy na \u015bwie\u017cym powietrzu"},"content":{"rendered":"<ul>\n<li><strong>Obszar : <\/strong> 360*380CM<\/li>\n<li><strong>Tkanina: <\/strong> p\u0142\u00f3tno, poliester Oxford 150D, indeks wodoodporny<\/li>\n<li><strong>Indeks wodoodporno\u015bci namiotu zewn\u0119trznego: <\/strong> 2000-3000 mm<\/li>\n<li><strong>Dolny wodoodporny indeks: <\/strong> 2000-3000 mm<\/li>\n<li><strong>Rodzaj budynku : <\/strong> Budowa w oparciu o potrzeby<\/li>\n<li><strong>Styl namiotu: <\/strong> Typ usztywnienia prostego<\/li>\n<li><strong>Pora roku : <\/strong> Namiot czterosezonowy<\/li>\n<li><strong>Struktura : <\/strong> Jedna sypialnia<\/li>\n<li><strong>Stosowanie : <\/strong> Namiot rodzinny<\/li>\n<li><strong>Rozmiar: <\/strong> 360*380cm<\/li>\n<li><strong>Kolor : <\/strong> br\u0105zowy<\/li>\n<li><strong>Logo: <\/strong> Dostosowane logo<\/li>\n<li><strong>Zamek b\u0142yskawiczny: <\/strong> Zamek marki SBS<\/li>\n<li><strong>Rama : <\/strong> Rura stalowa ocynkowana o \u015brednicy 22 mm<\/li>\n<li><strong>Wielko\u015b\u0107 paczki : <\/strong> 87cm x 42cm x 42cm<\/li>\n<li><strong>Wewn\u0105trz tkaniny: <\/strong> Bia\u0142y przewiewny jedwab poliestrowo-bawe\u0142niany<\/li>\n<\/ul>\n<div>\n<div data-magic-global=\"%7B%22bizId%22%3A2634101818%2C%22pageId%22%3A21293015321%2C%22siteId%22%3A5005227190%7D\">\n<div>\n<div data-section=\"AliMagic-zm7oul\" data-section-title=\"Product Description\">Opis produktu<\/div>\n<\/div>\n<div>\n<div>\n<div>\n<div>\n<div>\n<div><img decoding=\"async\" src=\"\/\/sc04.alicdn.com\/kf\/H743a205d31714779a657eac073b64aebX\/225636084\/H743a205d31714779a657eac073b64aebX.jpg\" data-src=\"\/\/sc04.alicdn.com\/kf\/H743a205d31714779a657eac073b64aebX\/225636084\/H743a205d31714779a657eac073b64aebX.jpg\" \/><\/div>\n<\/div>\n<\/div>\n<\/div>\n<\/div>\n<\/div>\n<div>\n<div>\n<div>\n<div>\n<div>\n<div>\n<p><span style=\"color: #2196ed;\"><strong>Rodzinny namiot kempingowy na \u015bwie\u017cym powietrzu \u2655<\/strong><\/span><\/p>\n<p>Du\u017cy namiot rodzinny z p\u0142\u00f3tna. Jednej strony mo\u017cesz tak\u017ce u\u017cy\u0107 do przechowywania ubra\u0144 i zapas\u00f3w oraz jako przebieralni, a drugiej do spania. Pokoje noclegowe s\u0105 w stanie przyj\u0105\u0107 3-5 os\u00f3b.<\/p>\n<p><span style=\"color: #2196ed;\"><strong>Funkcje\u2655<\/strong><\/span><\/p>\n<p>1. Fantastyczny projekt.<br \/>\n2. Mo\u017cesz sta\u0107 prosto i nie musisz si\u0119 garbi\u0107, aby porusza\u0107 si\u0119 po pomieszczeniu podczas ubierania si\u0119. Pok\u00f3j dzienny jest wystarczaj\u0105co du\u017cy, aby pomie\u015bci\u0107 meble, takie jak ma\u0142y stolik, sofa itp. Mo\u017cesz schroni\u0107 si\u0119 na werandzie, aby ogl\u0105da\u0107.<br \/>\n3. Przestronny. Z ty\u0142u i z ty\u0142u znajduj\u0105 si\u0119 du\u017ce okna zapewniaj\u0105ce przep\u0142yw powietrza. Okna s\u0105 ogromne z siatk\u0105 przeciw komarom.<br \/>\n4. Przeno\u015bny i wodoodporny. Tkanina jest wodoodporna. Wszystkie akcesoria s\u0105 zapakowane w torb\u0119 transportow\u0105, co oznacza, \u017ce wrzucenie ich do samochodu i wyruszenie na wypraw\u0119 kempingow\u0105 nie stanowi \u017cadnego problemu.<br \/>\n5. Odpowiedni dla jednej rodziny na d\u0142ug\u0105 wypraw\u0119 kempingow\u0105, aby cieszy\u0107 si\u0119 przyrod\u0105<\/p>\n<\/div>\n<\/div>\n<\/div>\n<\/div>\n<\/div>\n<\/div>\n<div>\n<div>\n<div><img decoding=\"async\" src=\"\/\/sc04.alicdn.com\/kf\/H40a28c1533ae41a9a01c2d35e22dcef8n\/225636084\/H40a28c1533ae41a9a01c2d35e22dcef8n.jpg\" data-src=\"\/\/sc04.alicdn.com\/kf\/H40a28c1533ae41a9a01c2d35e22dcef8n\/225636084\/H40a28c1533ae41a9a01c2d35e22dcef8n.jpg\" \/><\/div>\n<div><img decoding=\"async\" src=\"\/\/sc04.alicdn.com\/kf\/H66abbf45e1d54e2e9935ca2105e81a6eO\/225636084\/H66abbf45e1d54e2e9935ca2105e81a6eO.jpg\" data-src=\"\/\/sc04.alicdn.com\/kf\/H66abbf45e1d54e2e9935ca2105e81a6eO\/225636084\/H66abbf45e1d54e2e9935ca2105e81a6eO.jpg\" \/><\/div>\n<div><img decoding=\"async\" src=\"\/\/sc04.alicdn.com\/kf\/H0bb6bb96da41496c838566a49d07355dN\/225636084\/H0bb6bb96da41496c838566a49d07355dN.jpg\" data-src=\"\/\/sc04.alicdn.com\/kf\/H0bb6bb96da41496c838566a49d07355dN\/225636084\/H0bb6bb96da41496c838566a49d07355dN.jpg\" \/><\/div>\n<div><img decoding=\"async\" src=\"\/\/sc04.alicdn.com\/kf\/H51caafe898ba493db993e965c5f9ff51i\/225636084\/H51caafe898ba493db993e965c5f9ff51i.jpg\" data-src=\"\/\/sc04.alicdn.com\/kf\/H51caafe898ba493db993e965c5f9ff51i\/225636084\/H51caafe898ba493db993e965c5f9ff51i.jpg\" \/><\/div>\n<\/div>\n<\/div>\n<div>\n<div data-section=\"AliMagic-eg2nyj\" data-section-title=\"Detailed Images\">Szczeg\u00f3\u0142owe obrazy<\/div>\n<\/div>\n<div>\n<div>\n<div>\n<div>\n<div><img decoding=\"async\" src=\"\/\/sc04.alicdn.com\/kf\/Hc8954d7dca02497484fd46fecc6ea3e1R\/225636084\/Hc8954d7dca02497484fd46fecc6ea3e1R.jpg\" data-src=\"\/\/sc04.alicdn.com\/kf\/Hc8954d7dca02497484fd46fecc6ea3e1R\/225636084\/Hc8954d7dca02497484fd46fecc6ea3e1R.jpg\" \/><\/div>\n<div>\n<div><img loading=\"lazy\" decoding=\"async\" class=\"alignnone size-full wp-image-5175\" src=\"https:\/\/uoogear.com\/wp-content\/uploads\/2023\/11\/HTB19JGwzAyWBuNjy0Fpq6yssXXaG-1.jpg\" width=\"1000\" height=\"1000\" srcset=\"https:\/\/uoogear.com\/wp-content\/uploads\/2023\/11\/HTB19JGwzAyWBuNjy0Fpq6yssXXaG-1.jpg 1000w, https:\/\/uoogear.com\/wp-content\/uploads\/2023\/11\/HTB19JGwzAyWBuNjy0Fpq6yssXXaG-1-300x300.jpg 300w, https:\/\/uoogear.com\/wp-content\/uploads\/2023\/11\/HTB19JGwzAyWBuNjy0Fpq6yssXXaG-1-150x150.jpg 150w, https:\/\/uoogear.com\/wp-content\/uploads\/2023\/11\/HTB19JGwzAyWBuNjy0Fpq6yssXXaG-1-768x768.jpg 768w, https:\/\/uoogear.com\/wp-content\/uploads\/2023\/11\/HTB19JGwzAyWBuNjy0Fpq6yssXXaG-1-450x450.jpg 450w, https:\/\/uoogear.com\/wp-content\/uploads\/2023\/11\/HTB19JGwzAyWBuNjy0Fpq6yssXXaG-1-90x90.jpg 90w, https:\/\/uoogear.com\/wp-content\/uploads\/2023\/11\/HTB19JGwzAyWBuNjy0Fpq6yssXXaG-1-600x600.jpg 600w, https:\/\/uoogear.com\/wp-content\/uploads\/2023\/11\/HTB19JGwzAyWBuNjy0Fpq6yssXXaG-1-54x54.jpg 54w, https:\/\/uoogear.com\/wp-content\/uploads\/2023\/11\/HTB19JGwzAyWBuNjy0Fpq6yssXXaG-1-50x50.jpg 50w, https:\/\/uoogear.com\/wp-content\/uploads\/2023\/11\/HTB19JGwzAyWBuNjy0Fpq6yssXXaG-1-100x100.jpg 100w\" sizes=\"auto, (max-width: 1000px) 100vw, 1000px\" \/><\/div>\n<div><img loading=\"lazy\" decoding=\"async\" class=\"alignnone size-full wp-image-5176\" src=\"https:\/\/uoogear.com\/wp-content\/uploads\/2023\/11\/HTB1Nom3zuySBuNjy1zdq6xPxFXaj-1.jpg\" width=\"1000\" height=\"1000\" srcset=\"https:\/\/uoogear.com\/wp-content\/uploads\/2023\/11\/HTB1Nom3zuySBuNjy1zdq6xPxFXaj-1.jpg 1000w, https:\/\/uoogear.com\/wp-content\/uploads\/2023\/11\/HTB1Nom3zuySBuNjy1zdq6xPxFXaj-1-300x300.jpg 300w, https:\/\/uoogear.com\/wp-content\/uploads\/2023\/11\/HTB1Nom3zuySBuNjy1zdq6xPxFXaj-1-150x150.jpg 150w, https:\/\/uoogear.com\/wp-content\/uploads\/2023\/11\/HTB1Nom3zuySBuNjy1zdq6xPxFXaj-1-768x768.jpg 768w, https:\/\/uoogear.com\/wp-content\/uploads\/2023\/11\/HTB1Nom3zuySBuNjy1zdq6xPxFXaj-1-450x450.jpg 450w, https:\/\/uoogear.com\/wp-content\/uploads\/2023\/11\/HTB1Nom3zuySBuNjy1zdq6xPxFXaj-1-90x90.jpg 90w, https:\/\/uoogear.com\/wp-content\/uploads\/2023\/11\/HTB1Nom3zuySBuNjy1zdq6xPxFXaj-1-600x600.jpg 600w, https:\/\/uoogear.com\/wp-content\/uploads\/2023\/11\/HTB1Nom3zuySBuNjy1zdq6xPxFXaj-1-54x54.jpg 54w, https:\/\/uoogear.com\/wp-content\/uploads\/2023\/11\/HTB1Nom3zuySBuNjy1zdq6xPxFXaj-1-50x50.jpg 50w, https:\/\/uoogear.com\/wp-content\/uploads\/2023\/11\/HTB1Nom3zuySBuNjy1zdq6xPxFXaj-1-100x100.jpg 100w\" sizes=\"auto, (max-width: 1000px) 100vw, 1000px\" \/><\/div>\n<\/div>\n<\/div>\n<\/div>\n<\/div>\n<\/div>\n<div>\n<div data-section=\"AliMagic-r1kfdj\" data-section-title=\"More Models\"><\/div>\n<\/div>\n<div><\/div>\n<\/div>\n<\/div>","protected":false},"excerpt":{"rendered":"<p>Powierzchnia: 360*380 CM Tkanina: p\u0142\u00f3tno, poliester Oxford 150D, wska\u017anik wodoodporno\u015bci Namiot zewn\u0119trzny Wska\u017anik wodoodporno\u015bci: 2000-3000 Mm Wska\u017anik wodoodporno\u015bci dna: 2000-3000 Mm Typ budynku: Konstrukcja w zale\u017cno\u015bci od potrzeb Styl namiotu: Prosty typ usztywnienia Sezon: Czterosezonowy Struktura namiotu: Jedna sypialnia Zastosowanie: Namiot rodzinny Rozmiar: 360*380 cm Kolor: br\u0105zowy<\/p>\n<div class=\"read-more\"><a class=\"btn btn-fill-out\" href=\"https:\/\/uoogear.com\/pl\/produkt\/new-arrival-outdoor-camping-canvas-waterproof-tent-2\/\">Czytaj wi\u0119cej<\/a><\/div>","protected":false},"featured_media":4332,"template":"","meta":[],"product_brand":[],"product_cat":[15],"product_tag":[],"class_list":{"0":"post-4333","1":"product","2":"type-product","3":"status-publish","4":"has-post-thumbnail","6":"product_cat-uncategorized","7":"tm-no-options","9":"first","10":"instock","11":"shipping-taxable","12":"purchasable","13":"product-type-variable"},"_links":{"self":[{"href":"https:\/\/uoogear.com\/pl\/wp-json\/wp\/v2\/product\/4333","targetHints":{"allow":["GET"]}}],"collection":[{"href":"https:\/\/uoogear.com\/pl\/wp-json\/wp\/v2\/product"}],"about":[{"href":"https:\/\/uoogear.com\/pl\/wp-json\/wp\/v2\/types\/product"}],"wp:featuredmedia":[{"embeddable":true,"href":"https:\/\/uoogear.com\/pl\/wp-json\/wp\/v2\/media\/4332"}],"wp:attachment":[{"href":"https:\/\/uoogear.com\/pl\/wp-json\/wp\/v2\/media?parent=4333"}],"wp:term":[{"taxonomy":"product_brand","embeddable":true,"href":"https:\/\/uoogear.com\/pl\/wp-json\/wp\/v2\/product_brand?post=4333"},{"taxonomy":"product_cat","embeddable":true,"href":"https:\/\/uoogear.com\/pl\/wp-json\/wp\/v2\/product_cat?post=4333"},{"taxonomy":"product_tag","embeddable":true,"href":"https:\/\/uoogear.com\/pl\/wp-json\/wp\/v2\/product_tag?post=4333"}],"curies":[{"name":"wp","href":"https:\/\/api.w.org\/{rel}","templated":true}]}}