{"id":4351,"date":"2023-11-13T12:43:08","date_gmt":"2023-11-13T12:43:08","guid":{"rendered":"https:\/\/uoogear.com\/product\/4x4-offroad-faberglass-hard-shell-diy-car-roof-top-tent-for-sale\/"},"modified":"2023-11-30T08:38:35","modified_gmt":"2023-11-30T08:38:35","slug":"4x4-offroad-faberglass-hard-shell-diy-car-roof-top-tent-for-sale","status":"publish","type":"product","link":"https:\/\/uoogear.com\/pl\/produkt\/4x4-offroad-faberglass-hard-shell-diy-car-roof-top-tent-for-sale\/","title":{"rendered":"Sprzedam namiot na dachu samochodu 4\u00d74 offroad z twardej skorupy z w\u0142\u00f3kna szklanego"},"content":{"rendered":"<ul>\n<li><strong>Obszar : <\/strong> 215*145*95cm<\/li>\n<li><strong>Tkanina: <\/strong> P\u0142\u00f3tno poliestrowo-bawe\u0142niane o gramaturze 280 g<\/li>\n<li><strong>Indeks wodoodporno\u015bci namiotu zewn\u0119trznego: <\/strong> 2000-3000 mm<\/li>\n<li><strong>Dolny wodoodporny indeks: <\/strong> &gt;3000 mm<\/li>\n<li><strong>Styl namiotu: <\/strong> Typ usztywnienia prostego<\/li>\n<li><strong>Pora roku : <\/strong> Namiot czterosezonowy<\/li>\n<li><strong>Struktura : <\/strong> Jedna sypialnia<\/li>\n<li><strong>Nazwa produktu : <\/strong> Sprzedam namiot na dachu samochodu 4\u00d74 offroad z twardej skorupy z w\u0142\u00f3kna szklanego<\/li>\n<li><strong>S\u0142owo kluczowe: <\/strong> DIY namiot na dach samochodu<\/li>\n<li><strong>Otwarty rozmiar: <\/strong> 215*145*95cm<\/li>\n<li><strong>Wielko\u015b\u0107 paczki : <\/strong> 226*160*37cm<\/li>\n<li><strong>Materia\u0142 ramy: <\/strong> Stal nierdzewna<\/li>\n<li><strong>Cia\u0142o : <\/strong> 280G Wodoodporny PU2000 mm<\/li>\n<li><strong>Drabina : <\/strong> Aluminium<\/li>\n<li><strong>Waga : <\/strong> 65 KG<\/li>\n<li><strong>\u0141adowanie : <\/strong> 250 kg \u2013 300 kg<\/li>\n<li><strong>MOQ: <\/strong> 1 kawa\u0142ek<\/li>\n<\/ul>\n<div>\n<div data-host=\"111234190\" data-magic-global=\"%7B%22bizId%22%3A2634101818%2C%22pageId%22%3A5053233173%2C%22siteId%22%3A5005227190%7D\" data-id=\"detail_decorate_root\">\n<div data-section=\"AliMagic-5xqu4z\" data-section-title=\"Products Description\">Opis produkt\u00f3w<\/div>\n<div>\n<div>\n<div>\n<div>\n<div><img decoding=\"async\" src=\"https:\/\/uoogear.com\/wp-content\/uploads\/2023\/11\/H6401db70f462417b9631ded5b12306832-wpp1701333469364.webp\" data-src=\"https:\/\/uoogear.com\/wp-content\/uploads\/2023\/11\/H6401db70f462417b9631ded5b12306832-wpp1701333469364.webp\" data-id=\"child-image-0\" \/><\/div>\n<\/div>\n<\/div>\n<\/div>\n<div>\n<div data-id=\"below-title\">Sprzedam namiot na dachu samochodu 4\u00d74 offroad z twardej skorupy z w\u0142\u00f3kna szklanego<\/div>\n<div data-id=\"below-content\">Namiot dachowy z tward\u0105 skorup\u0105 oferuje nowy spos\u00f3b patrzenia na wakacje na kempingu i przygod\u0119 z nap\u0119dem na 4 ko\u0142a. Dzi\u0119ki wi\u0119kszej przestrzeni wewn\u0119trznej PLAYDO zapewnia miejsce do spania dla dw\u00f3ch os\u00f3b doros\u0142ych i dziecka. Namiot z tward\u0105 skorup\u0105 PLAYDO ma dwoje drzwi i dwa okna, co zapewnia doskona\u0142\u0105 wentylacj\u0119 krzy\u017cow\u0105, umo\u017cliwiaj\u0105c cyrkulacj\u0119 powietrza w ca\u0142ym namiocie. Otwieraj i zamykaj w ci\u0105gu kilku sekund dzi\u0119ki unikalnemu hydraulicznemu systemowi wspomagania. Wszystkie namioty dachowe PLAYDO pasuj\u0105 do dachu wi\u0119kszo\u015bci pojazd\u00f3w i mo\u017cna je zdejmowa\u0107 i przechowywa\u0107.<\/div>\n<\/div>\n<\/div>\n<div data-section=\"AliMagic-mzm61b\" data-section-title=\"Product Paramenters\">Parametry produktu<\/div>\n<div>\n<table>\n<tbody>\n<tr>\n<td>\n<div>pory roku<\/div>\n<\/td>\n<td>\n<div>4-sezonowy<\/div>\n<\/td>\n<td>\n<div><\/div>\n<\/td>\n<td>\n<div><\/div>\n<\/td>\n<td>\n<div><\/div>\n<\/td>\n<\/tr>\n<tr>\n<td>\n<div>Pojemno\u015b\u0107<\/div>\n<\/td>\n<td>\n<div>Zalecane 2-3 osoby, maksymalne obci\u0105\u017cenie 250 kg<\/div>\n<\/td>\n<td>\n<div><\/div>\n<\/td>\n<td>\n<div><\/div>\n<\/td>\n<td>\n<div><\/div>\n<\/td>\n<\/tr>\n<tr>\n<td>\n<div>Opcja Kolor<\/div>\n<\/td>\n<td>\n<div>Skorupa (czarny\/bia\u0142y) i materia\u0142 (szary\/zielony\/khaki)<\/div>\n<\/td>\n<td>\n<div><\/div>\n<\/td>\n<td>\n<div><\/div>\n<\/td>\n<td>\n<div><\/div>\n<\/td>\n<\/tr>\n<tr>\n<td>\n<div>Materia\u0142 pow\u0142oki<\/div>\n<\/td>\n<td>\n<div>Materia\u0142y kompozytowe z w\u0142\u00f3kna szklanego<\/div>\n<\/td>\n<td>\n<div><\/div>\n<\/td>\n<td>\n<div><\/div>\n<\/td>\n<td>\n<div><\/div>\n<\/td>\n<\/tr>\n<tr>\n<td>\n<div>Tkanina cia\u0142a<\/div>\n<\/td>\n<td>\n<div>P\u0142\u00f3tno poliestrowo-bawe\u0142niane o gramaturze 280 g, powlekane PU, wodoodporne i odporne na promieniowanie UV<\/div>\n<\/td>\n<td>\n<div><\/div>\n<\/td>\n<td>\n<div><\/div>\n<\/td>\n<td>\n<div><\/div>\n<\/td>\n<\/tr>\n<tr>\n<td>\n<div>Moskitiery<\/div>\n<\/td>\n<td>\n<div>Niewidoczna siatka<\/div>\n<\/td>\n<td>\n<div><\/div>\n<\/td>\n<td>\n<div><\/div>\n<\/td>\n<td>\n<div><\/div>\n<\/td>\n<\/tr>\n<tr>\n<td>\n<div>Wspieraj\u0105cy<\/div>\n<\/td>\n<td>\n<div>Pr\u0119t ze stali nierdzewnej zamiast starego pr\u0119ta ze stali w\u0119glowej<\/div>\n<\/td>\n<td>\n<div><\/div>\n<\/td>\n<td>\n<div><\/div>\n<\/td>\n<td>\n<div><\/div>\n<\/td>\n<\/tr>\n<tr>\n<td>\n<div>Materac<\/div>\n<\/td>\n<td>\n<div>G\u0105bka nieodkszta\u0142caj\u0105ca si\u0119 o \u015brednicy 7 cm i g\u0119sto\u015bci 30 z tkanin\u0105 siatkow\u0105 3D<\/div>\n<\/td>\n<td>\n<div><\/div>\n<\/td>\n<td>\n<div><\/div>\n<\/td>\n<td>\n<div><\/div>\n<\/td>\n<\/tr>\n<tr>\n<td>\n<div>Drabina<\/div>\n<\/td>\n<td>\n<div>Aluminiowa drabina teleskopowa (maksymalne obci\u0105\u017cenie 150 kg), 70-260 cm<\/div>\n<\/td>\n<td>\n<div><\/div>\n<\/td>\n<td>\n<div><\/div>\n<\/td>\n<td>\n<div><\/div>\n<\/td>\n<\/tr>\n<tr>\n<td>\n<div>Drzwi<\/div>\n<\/td>\n<td>\n<div>Dwoje drzwi 90*74cm<\/div>\n<\/td>\n<td>\n<div><\/div>\n<\/td>\n<td>\n<div><\/div>\n<\/td>\n<td>\n<div><\/div>\n<\/td>\n<\/tr>\n<tr>\n<td>\n<div>Okno<\/div>\n<\/td>\n<td>\n<div>Dwa okna 60*55cm<\/div>\n<\/td>\n<td>\n<div><\/div>\n<\/td>\n<td>\n<div><\/div>\n<\/td>\n<td>\n<div><\/div>\n<\/td>\n<\/tr>\n<tr>\n<td>\n<div>Baldachim przeciws\u0142oneczny<\/div>\n<\/td>\n<td>\n<div>W zestawie dwa, jeden o wymiarach 190x90cm, drugi to tr\u00f3jk\u0105tny baldachim<\/div>\n<\/td>\n<td>\n<div><\/div>\n<\/td>\n<td>\n<div><\/div>\n<\/td>\n<td>\n<div><\/div>\n<\/td>\n<\/tr>\n<tr>\n<td>\n<div>Torba na buty<\/div>\n<\/td>\n<td>\n<div>W zestawie dwie torby na buty<\/div>\n<\/td>\n<td>\n<div><\/div>\n<\/td>\n<td>\n<div><\/div>\n<\/td>\n<td>\n<div><\/div>\n<\/td>\n<\/tr>\n<tr>\n<td>\n<div>\u015awiat\u0142o<\/div>\n<\/td>\n<td>\n<div>W zestawie dwie lampy, jedna znajduje si\u0119 z ty\u0142u skorupy, druga znajduje si\u0119 w namiocie<\/div>\n<\/td>\n<td>\n<div><\/div>\n<\/td>\n<td>\n<div><\/div>\n<\/td>\n<td>\n<div><\/div>\n<\/td>\n<\/tr>\n<\/tbody>\n<\/table>\n<\/div>\n<div data-section=\"AliMagic-vebk0r\" data-section-title=\"Detail Images\">Obrazy szczeg\u00f3\u0142owe<\/div>\n<div>\n<div>\n<div>\n<div>\n<div><img decoding=\"async\" src=\"https:\/\/uoogear.com\/wp-content\/uploads\/2023\/11\/Hcf1889e97e384349af70cc256aa309230-wpp1701333335925.webp\" data-src=\"https:\/\/uoogear.com\/wp-content\/uploads\/2023\/11\/Hcf1889e97e384349af70cc256aa309230-wpp1701333335925.webp\" \/><\/div>\n<\/div>\n<\/div>\n<\/div>\n<\/div>\n<div data-section=\"AliMagic-a8fbbj\" data-section-title=\"Why choose us\"><\/div>\n<\/div>\n<\/div>","protected":false},"excerpt":{"rendered":"<p>Powierzchnia: 215*145*95 cm Tkanina: 280g p\u0142\u00f3tna poliestrowo-bawe\u0142nianego Wska\u017anik wodoodporno\u015bci namiotu zewn\u0119trznego: 2000-3000 Mm Wska\u017anik wodoodporno\u015bci dna: &gt;3000 mm Styl namiotu: Prosty Typ usztywnienia Sezon: Czterosezonowy Struktura namiotu: Jedna sypialnia Nazwa produktu: 4 \u00d74 sprzeda\u017c namiotu na dachu samochodu terenowego z w\u0142\u00f3kna szklanego z tward\u0105 skorup\u0105 S\u0142owo kluczowe: dach samochodu DIY<\/p>\n<div class=\"read-more\"><a class=\"btn btn-fill-out\" href=\"https:\/\/uoogear.com\/pl\/produkt\/4x4-offroad-faberglass-hard-shell-diy-car-roof-top-tent-for-sale\/\">Czytaj wi\u0119cej<\/a><\/div>","protected":false},"featured_media":4350,"template":"","meta":[],"product_brand":[],"product_cat":[15],"product_tag":[],"class_list":{"0":"post-4351","1":"product","2":"type-product","3":"status-publish","4":"has-post-thumbnail","6":"product_cat-uncategorized","7":"tm-no-options","9":"first","10":"instock","11":"shipping-taxable","12":"purchasable","13":"product-type-variable"},"_links":{"self":[{"href":"https:\/\/uoogear.com\/pl\/wp-json\/wp\/v2\/product\/4351","targetHints":{"allow":["GET"]}}],"collection":[{"href":"https:\/\/uoogear.com\/pl\/wp-json\/wp\/v2\/product"}],"about":[{"href":"https:\/\/uoogear.com\/pl\/wp-json\/wp\/v2\/types\/product"}],"wp:featuredmedia":[{"embeddable":true,"href":"https:\/\/uoogear.com\/pl\/wp-json\/wp\/v2\/media\/4350"}],"wp:attachment":[{"href":"https:\/\/uoogear.com\/pl\/wp-json\/wp\/v2\/media?parent=4351"}],"wp:term":[{"taxonomy":"product_brand","embeddable":true,"href":"https:\/\/uoogear.com\/pl\/wp-json\/wp\/v2\/product_brand?post=4351"},{"taxonomy":"product_cat","embeddable":true,"href":"https:\/\/uoogear.com\/pl\/wp-json\/wp\/v2\/product_cat?post=4351"},{"taxonomy":"product_tag","embeddable":true,"href":"https:\/\/uoogear.com\/pl\/wp-json\/wp\/v2\/product_tag?post=4351"}],"curies":[{"name":"wp","href":"https:\/\/api.w.org\/{rel}","templated":true}]}}