{"id":4382,"date":"2023-11-13T12:46:18","date_gmt":"2023-11-13T12:46:18","guid":{"rendered":"https:\/\/uoogear.com\/product\/waterproof-glamping-camping-outdoor-3m-4m-5m-6m-cotton-canvas-bell-tent-with-awning\/"},"modified":"2023-11-30T02:30:03","modified_gmt":"2023-11-30T02:30:03","slug":"waterproof-glamping-camping-outdoor-3m-4m-5m-6m-cotton-canvas-bell-tent-with-awning","status":"publish","type":"product","link":"https:\/\/uoogear.com\/pl\/produkt\/waterproof-glamping-camping-outdoor-3m-4m-5m-6m-cotton-canvas-bell-tent-with-awning\/","title":{"rendered":"Wodoodporny namiot glampingowy na zewn\u0105trz 3m 4m 5m 6m bawe\u0142niany namiot p\u0142\u00f3cienny z markiz\u0105"},"content":{"rendered":"<ul>\n<li><strong>Obszar : <\/strong> 500*300cm<\/li>\n<li><strong>Tkanina: <\/strong> P\u0142\u00f3tno<\/li>\n<li><strong>Indeks wodoodporno\u015bci namiotu zewn\u0119trznego: <\/strong> 1500-2000 mm<\/li>\n<li><strong>Dolny wodoodporny indeks: <\/strong> &gt;3000 mm<\/li>\n<li><strong>Rodzaj budynku : <\/strong> Budowa w oparciu o potrzeby<\/li>\n<li><strong>Styl namiotu: <\/strong> Typ usztywnienia prostego<\/li>\n<li><strong>Pora roku : <\/strong> Namiot czterosezonowy<\/li>\n<li><strong>Struktura : <\/strong> Jedna sypialnia<\/li>\n<li><strong>Nazwa produktu : <\/strong> 3m 4m 5m 6m Namiot p\u0142\u00f3cienny z bawe\u0142nianego p\u0142\u00f3tna z markiz\u0105<\/li>\n<li><strong>Kolor : <\/strong> Be\u017cowy<\/li>\n<li><strong>Aplikacja : <\/strong> Kemping turystyczny na \u015bwie\u017cym powietrzu<\/li>\n<li><strong>S\u0142owo kluczowe: <\/strong> namiot dzwonkowy<\/li>\n<li><strong>Funkcja : <\/strong> Wodoodporny<\/li>\n<li><strong>Materia\u0142 : <\/strong> P\u0142\u00f3tno bawe\u0142niane o gramaturze 300 g\/m\u00b2<\/li>\n<li><strong>Rozmiar: <\/strong> 500*300*170\/60cm<\/li>\n<li><strong>MOQ: <\/strong> 1 kawa\u0142ek<\/li>\n<\/ul>\n<div>\n<div data-host=\"111218246\" data-id=\"detail_decorate_root\">\n<div data-reactroot=\"\">\n<div data-section=\"AliMagic-2h68ue\" data-section-title=\"Products Description\">Opis produkt\u00f3w<\/div>\n<div>\n<div>\n<div>\n<div>\n<div><img decoding=\"async\" src=\"\/\/sc01.alicdn.com\/kf\/Hf36d73868dd540b595b5d4574c7a2a13M\/225636084\/Hf36d73868dd540b595b5d4574c7a2a13M.jpg\" data-src=\"\/\/sc01.alicdn.com\/kf\/Hf36d73868dd540b595b5d4574c7a2a13M\/225636084\/Hf36d73868dd540b595b5d4574c7a2a13M.jpg\" data-id=\"child-image-0\" \/><\/div>\n<\/div>\n<\/div>\n<\/div>\n<div>\n<div data-id=\"below-title\">3m 4m 5m 6m Namiot p\u0142\u00f3cienny z bawe\u0142nianego p\u0142\u00f3tna z markiz\u0105<\/div>\n<div data-id=\"below-content\">Klasyczny, przestronny namiot Bell Tent, wzbogacony o wytrzyma\u0142\u0105 zintegrowan\u0105 pod\u0142og\u0119, kt\u00f3ra zapewnia wodoszczelne uszczelnienie wok\u00f3\u0142 podstawy, zapewniaj\u0105c dodatkowe zabezpieczenie przed deszczow\u0105 pogod\u0105. Namiot dzwonowy o d\u0142ugo\u015bci 5 metr\u00f3w zapewnia wystarczaj\u0105co du\u017co miejsca na wypraw\u0119 kempingow\u0105 dla du\u017cej rodziny i mie\u015bci cztery podw\u00f3jne materace. Z tylko jednym \u0142\u00f3\u017ckiem jest naprawd\u0119 bardzo przestronny, z mn\u00f3stwem miejsca na wszystkie Twoje kempingowe luksusy \u2013 i mn\u00f3stwo zapasu!<\/div>\n<\/div>\n<\/div>\n<div>\n<div>\n<h3 data-id=\"title0\">\u00a0 \u00a0 Cechy<\/h3>\n<div>\n<div>\n<div data-id=\"paragraph0\">\n<p>\u00a0 \u00a0 1. P\u0142\u00f3cienny namiot p\u0142\u00f3cienny jest wyposa\u017cony w wytrzyma\u0142\u0105 pod\u0142og\u0119, kt\u00f3r\u0105 mocuje si\u0119 do namiotu za pomoc\u0105 zamka b\u0142yskawicznego.<\/p>\n<div>\u00a0 \u00a0 2. Pod\u0142oga wykonana jest z PCV i wa\u017cy 540 g\/m\u00b2<\/div>\n<div>\u00a0 \u00a0 3. Boki mo\u017cna \u0142atwo podwin\u0105\u0107, aby w upalne letnie dni przepuszcza\u0107 wiatr<\/div>\n<div>\u00a0 \u00a0 4. Pi\u0119knie wykonana jako\u015b\u0107. Podw\u00f3jne szwy dooko\u0142a i wzmocnione kluczowe punkty<\/div>\n<div>\u00a0 \u00a0 5. Materia\u0142 jest obrabiany tak, aby by\u0142 jeszcze bardziej odporny na wod\u0119 i ple\u015b\u0144.<\/div>\n<div>\u00a0 \u00a0 6. Roz\u0142o\u017cenie prezentacji zajmuje 1 osobie tylko 5 do 8 minut<\/div>\n<\/div>\n<\/div>\n<\/div>\n<\/div>\n<\/div>\n<div data-section=\"AliMagic-j30k9w\" data-section-title=\"Specification\">Specyfikacja<\/div>\n<div>\n<table>\n<tbody>\n<tr>\n<td>\n<div>Rozmiar produktu<\/div>\n<\/td>\n<td>\n<div>300*250*160\/60cm<\/div>\n<\/td>\n<td>\n<div><\/div>\n<\/td>\n<td>\n<div><\/div>\n<\/td>\n<td>\n<div><\/div>\n<\/td>\n<\/tr>\n<tr>\n<td>\n<div>wielko\u015b\u0107 paczki<\/div>\n<\/td>\n<td>\n<div>110*27*32cm<\/div>\n<\/td>\n<td>\n<div><\/div>\n<\/td>\n<td>\n<div><\/div>\n<\/td>\n<td>\n<div><\/div>\n<\/td>\n<\/tr>\n<tr>\n<td>\n<div>Tkanina<\/div>\n<\/td>\n<td>\n<div>P\u0142\u00f3tno bawe\u0142niane 100% o gramaturze 300gsm<\/div>\n<\/td>\n<td>\n<div><\/div>\n<\/td>\n<td>\n<div><\/div>\n<\/td>\n<td>\n<div><\/div>\n<\/td>\n<\/tr>\n<tr>\n<td>\n<div>Pod\u0142oga<\/div>\n<\/td>\n<td>\n<div>PVC typu rip-stop o gramaturze 540 g\/m\u00b2<\/div>\n<\/td>\n<td>\n<div><\/div>\n<\/td>\n<td>\n<div><\/div>\n<\/td>\n<td>\n<div><\/div>\n<\/td>\n<\/tr>\n<tr>\n<td>\n<div>Biegun centralny<\/div>\n<\/td>\n<td>\n<div>\u015arednica 32 mm, rura stalowa ocynkowana, pokryta miedzi\u0105 i cynkiem<\/div>\n<\/td>\n<td>\n<div><\/div>\n<\/td>\n<td>\n<div><\/div>\n<\/td>\n<td>\n<div><\/div>\n<\/td>\n<\/tr>\n<tr>\n<td>\n<div>Typ wej\u015bcia<\/div>\n<\/td>\n<td>\n<div>S\u0142upek o\u015bcie\u017cnicy przy drzwiach, \u015brednica 19mm<\/div>\n<\/td>\n<td>\n<div><\/div>\n<\/td>\n<td>\n<div><\/div>\n<\/td>\n<td>\n<div><\/div>\n<\/td>\n<\/tr>\n<tr>\n<td>\n<div>Zamki b\u0142yskawiczne<\/div>\n<\/td>\n<td>\n<div>Zamek SBS, zamki z podw\u00f3jn\u0105 r\u0105czk\u0105<\/div>\n<\/td>\n<td>\n<div><\/div>\n<\/td>\n<td>\n<div><\/div>\n<\/td>\n<td>\n<div><\/div>\n<\/td>\n<\/tr>\n<tr>\n<td>\n<div>Okna<\/div>\n<\/td>\n<td>\n<div>4* okna zapinane na zamek z siatk\u0105<\/div>\n<\/td>\n<td>\n<div><\/div>\n<\/td>\n<td>\n<div><\/div>\n<\/td>\n<td>\n<div><\/div>\n<\/td>\n<\/tr>\n<tr>\n<td>\n<div>Otwory wentylacyjne<\/div>\n<\/td>\n<td>\n<div>4 * tr\u00f3jk\u0105tne otwory wentylacyjne z siatk\u0105<\/div>\n<\/td>\n<td>\n<div><\/div>\n<\/td>\n<td>\n<div><\/div>\n<\/td>\n<td>\n<div><\/div>\n<\/td>\n<\/tr>\n<tr>\n<td>\n<div>Drzwi<\/div>\n<\/td>\n<td>\n<div>1 zamek b\u0142yskawiczny z siatk\u0105<\/div>\n<\/td>\n<td>\n<div><\/div>\n<\/td>\n<td>\n<div><\/div>\n<\/td>\n<td>\n<div><\/div>\n<\/td>\n<\/tr>\n<tr>\n<td>\n<div>Ko\u0142ki<\/div>\n<\/td>\n<td>\n<div>\u0278 6mm 5mmx20mm 24szt<\/div>\n<\/td>\n<td>\n<div><\/div>\n<\/td>\n<td>\n<div><\/div>\n<\/td>\n<td>\n<div><\/div>\n<\/td>\n<\/tr>\n<tr>\n<td>\n<div>Uszczelka<\/div>\n<\/td>\n<td>\n<div>w torbie transportowej, a nast\u0119pnie w opakowaniu kartonowym<\/div>\n<\/td>\n<td>\n<div><\/div>\n<\/td>\n<td>\n<div><\/div>\n<\/td>\n<td>\n<div><\/div>\n<\/td>\n<\/tr>\n<\/tbody>\n<\/table>\n<\/div>\n<div data-section=\"AliMagic-d12cfx\" data-section-title=\"Details\">Detale<\/div>\n<div>\n<div>\n<div>\n<div>\n<div><img decoding=\"async\" src=\"\/\/sc02.alicdn.com\/kf\/H7b5e068f5bbc40089647cddc36ee6a66e\/225636084\/H7b5e068f5bbc40089647cddc36ee6a66e.jpg\" data-src=\"\/\/sc02.alicdn.com\/kf\/H7b5e068f5bbc40089647cddc36ee6a66e\/225636084\/H7b5e068f5bbc40089647cddc36ee6a66e.jpg\" \/><\/div>\n<\/div>\n<\/div>\n<\/div>\n<\/div>\n<div>\n<div>\n<div>\n<div>\n<div><img decoding=\"async\" src=\"\/\/sc01.alicdn.com\/kf\/H0d2acdfd09a0449c81414d4c4087b535i\/225636084\/H0d2acdfd09a0449c81414d4c4087b535i.jpg\" data-src=\"\/\/sc01.alicdn.com\/kf\/H0d2acdfd09a0449c81414d4c4087b535i\/225636084\/H0d2acdfd09a0449c81414d4c4087b535i.jpg\" \/><\/div>\n<\/div>\n<\/div>\n<\/div>\n<\/div>\n<div data-section=\"AliMagic-e8f4mh\" data-section-title=\"Application\">Aplikacja<\/div>\n<div>\n<div>\n<div>\n<div>\n<div><img decoding=\"async\" src=\"\/\/sc02.alicdn.com\/kf\/H2c99e2db1880498da08767acaa3c1fce6\/225636084\/H2c99e2db1880498da08767acaa3c1fce6.png\" data-src=\"\/\/sc02.alicdn.com\/kf\/H2c99e2db1880498da08767acaa3c1fce6\/225636084\/H2c99e2db1880498da08767acaa3c1fce6.png\" \/><\/div>\n<\/div>\n<\/div>\n<\/div>\n<\/div>\n<div>\n<div>\n<div>\n<div>\n<div><img decoding=\"async\" src=\"\/\/sc01.alicdn.com\/kf\/H9aa939c18c40425abdf172a611ffe8a9Q\/225636084\/H9aa939c18c40425abdf172a611ffe8a9Q.png\" data-src=\"\/\/sc01.alicdn.com\/kf\/H9aa939c18c40425abdf172a611ffe8a9Q\/225636084\/H9aa939c18c40425abdf172a611ffe8a9Q.png\" \/><\/div>\n<\/div>\n<\/div>\n<\/div>\n<\/div>\n<div data-section=\"AliMagic-b6xmjm\" data-section-title=\"Packing &amp; Delivery\"><\/div>\n<\/div>\n<\/div>\n<\/div>","protected":false},"excerpt":{"rendered":"<p>Powierzchnia: 500*300 cm Tkanina: P\u0142\u00f3tno Namiot zewn\u0119trzny Wska\u017anik wodoodporno\u015bci: 1500-2000 Mm Wska\u017anik wodoodporno\u015bci dna: &gt;3000 mm Typ budynku: Konstrukcja w zale\u017cno\u015bci od potrzeb Styl namiotu: Prosty typ usztywnienia Sezon: Czterosezonowa Konstrukcja namiotu: Jedna sypialnia Nazwa produktu : 3m 4m 5m 6m Namiot p\u0142\u00f3cienny z bawe\u0142nianego p\u0142\u00f3tna z markiz\u0105 Kolor<\/p>\n<div class=\"read-more\"><a class=\"btn btn-fill-out\" href=\"https:\/\/uoogear.com\/pl\/produkt\/waterproof-glamping-camping-outdoor-3m-4m-5m-6m-cotton-canvas-bell-tent-with-awning\/\">Czytaj wi\u0119cej<\/a><\/div>","protected":false},"featured_media":4381,"template":"","meta":[],"product_brand":[],"product_cat":[15],"product_tag":[],"class_list":{"0":"post-4382","1":"product","2":"type-product","3":"status-publish","4":"has-post-thumbnail","6":"product_cat-uncategorized","7":"tm-no-options","9":"first","10":"instock","11":"shipping-taxable","12":"purchasable","13":"product-type-variable"},"_links":{"self":[{"href":"https:\/\/uoogear.com\/pl\/wp-json\/wp\/v2\/product\/4382","targetHints":{"allow":["GET"]}}],"collection":[{"href":"https:\/\/uoogear.com\/pl\/wp-json\/wp\/v2\/product"}],"about":[{"href":"https:\/\/uoogear.com\/pl\/wp-json\/wp\/v2\/types\/product"}],"wp:featuredmedia":[{"embeddable":true,"href":"https:\/\/uoogear.com\/pl\/wp-json\/wp\/v2\/media\/4381"}],"wp:attachment":[{"href":"https:\/\/uoogear.com\/pl\/wp-json\/wp\/v2\/media?parent=4382"}],"wp:term":[{"taxonomy":"product_brand","embeddable":true,"href":"https:\/\/uoogear.com\/pl\/wp-json\/wp\/v2\/product_brand?post=4382"},{"taxonomy":"product_cat","embeddable":true,"href":"https:\/\/uoogear.com\/pl\/wp-json\/wp\/v2\/product_cat?post=4382"},{"taxonomy":"product_tag","embeddable":true,"href":"https:\/\/uoogear.com\/pl\/wp-json\/wp\/v2\/product_tag?post=4382"}],"curies":[{"name":"wp","href":"https:\/\/api.w.org\/{rel}","templated":true}]}}