{"id":4400,"date":"2023-11-13T12:48:06","date_gmt":"2023-11-13T12:48:06","guid":{"rendered":"https:\/\/uoogear.com\/product\/luxury-family-glamping-outdoor-large-canvas-heavy-duty-bell-tent-waterproofing\/"},"modified":"2023-11-30T02:30:41","modified_gmt":"2023-11-30T02:30:41","slug":"luxury-family-glamping-outdoor-large-canvas-heavy-duty-bell-tent-waterproofing","status":"publish","type":"product","link":"https:\/\/uoogear.com\/pl\/produkt\/luxury-family-glamping-outdoor-large-canvas-heavy-duty-bell-tent-waterproofing\/","title":{"rendered":"Luksusowy, rodzinny glamping na \u015bwie\u017cym powietrzu, du\u017cy, wodoodporny namiot p\u0142\u00f3cienny o du\u017cej wytrzyma\u0142o\u015bci"},"content":{"rendered":"<ul>\n<li><strong>Obszar : <\/strong> 500*300*170 cm<\/li>\n<li><strong>Tkanina: <\/strong> P\u0142\u00f3tno<\/li>\n<li><strong>Indeks wodoodporno\u015bci namiotu zewn\u0119trznego: <\/strong> 1500-2000 mm<\/li>\n<li><strong>Dolny wodoodporny indeks: <\/strong> &gt;3000 mm<\/li>\n<li><strong>Rodzaj budynku : <\/strong> Szybkie automatyczne otwieranie<\/li>\n<li><strong>Styl namiotu: <\/strong> Typ usztywnienia prostego<\/li>\n<li><strong>Pora roku : <\/strong> Namiot czterosezonowy<\/li>\n<li><strong>Struktura : <\/strong> Jedna sypialnia<\/li>\n<li><strong>Nazwa produktu : <\/strong> wodoodporna hydroizolacja namiotu dzwonowego o du\u017cej wytrzyma\u0142o\u015bci na zewn\u0105trz, z du\u017cego p\u0142\u00f3tna<\/li>\n<li><strong>S\u0142owo kluczowe: <\/strong> hydroizolacja namiotu<\/li>\n<li><strong>Materia\u0142 korpusu: <\/strong> P\u0142\u00f3tno bawe\u0142niane 300 GSM lub dostosuj<\/li>\n<li><strong>Materia\u0142 pod\u0142ogi: <\/strong> 540 g PCV typu rip-stop<\/li>\n<li><strong>Biegun centralny: <\/strong> \u015arednica 32 mm Pow\u0142oka miedziano-cynkowa<\/li>\n<li><strong>Gwarancja : <\/strong> 12 miesi\u0119cy<\/li>\n<li><strong>MOQ: <\/strong> 1 kawa\u0142ek<\/li>\n<li><strong>Logo: <\/strong> Dostosowane logo<\/li>\n<li><strong>Rozmiar: <\/strong> \u015arednica = 4 m\/3 m\/5 m\/6 m<\/li>\n<li><strong>Kolor : <\/strong> Be\u017cowy<\/li>\n<\/ul>\n<div>\n<div data-magic-global=\"%7B%22bizId%22%3A2634101818%2C%22pageId%22%3A5052166577%2C%22siteId%22%3A5005227190%7D\">\n<div>\n<div data-section=\"AliMagic-uwn5tk\" data-section-title=\"Product Description\">Opis produktu<\/div>\n<\/div>\n<div>\n<div>\n<div>\n<div>\n<div>\n<div><img decoding=\"async\" src=\"\/\/sc02.alicdn.com\/kf\/H33b373fbc27442959ba1b930fe515803N\/225636084\/H33b373fbc27442959ba1b930fe515803N.jpg\" data-src=\"\/\/sc02.alicdn.com\/kf\/H33b373fbc27442959ba1b930fe515803N\/225636084\/H33b373fbc27442959ba1b930fe515803N.jpg\" \/><\/div>\n<\/div>\n<\/div>\n<\/div>\n<\/div>\n<\/div>\n<div>\n<div>\n<div>\n<h3><strong>Hydroizolacja namiotu<\/strong><\/h3>\n<div>\n<div>\n<div>Namiot Bell Tent wykonany jest z wodoodpornego p\u0142\u00f3tna bawe\u0142nianego PU o gramaturze 300 g\/m2 i wytrzyma\u0142ej pod\u0142ogi zapinanej na zamek. Maj\u0105 dwa s\u0142upki spr\u0119\u017cynowe \u2013 s\u0142up centralny i s\u0142upek w kszta\u0142cie litery A, kt\u00f3ry tworzy ganek w drzwiach. Namiot posiada otwory wentylacyjne, siateczkowe okna zapinane na zamek i wyj\u0105tkowo du\u017c\u0105 torb\u0119 transportow\u0105 u\u0142atwiaj\u0105c\u0105 pakowanie. Zapinana na zamek pod\u0142oga umo\u017cliwia podwini\u0119cie bok\u00f3w w upalny dzie\u0144, dzi\u0119ki czemu namiot dzwonkowy jest idealn\u0105 os\u0142on\u0105 przeciws\u0142oneczn\u0105. Jest dost\u0119pny w czterech rodzajach: 3 m, 4 m, 5 m, 6 m. Akceptujemy niestandardowe rozmiary i kolory. Nasze p\u0142\u00f3tno bawe\u0142niane zosta\u0142o poddane specjalnej obr\u00f3bce, aby zapewni\u0107 trwa\u0142o\u015b\u0107 i wodoodporno\u015b\u0107 przez d\u0142ugi czas.<\/div>\n<\/div>\n<\/div>\n<\/div>\n<\/div>\n<\/div>\n<div>\n<div data-section=\"AliMagic-d7l49w\" data-section-title=\"Product Paramenters\">Parametry produktu<\/div>\n<\/div>\n<div>\n<div>\n<table>\n<tbody>\n<tr>\n<td>\n<div>Nazwa przedmiotu<\/div>\n<\/td>\n<td>\n<div>Namiot Dzwonkowy<\/div>\n<\/td>\n<td>\n<div><\/div>\n<\/td>\n<td>\n<div><\/div>\n<\/td>\n<td>\n<div><\/div>\n<\/td>\n<\/tr>\n<tr>\n<td>\n<div>\u015arednica<\/div>\n<\/td>\n<td>\n<div>3 m, 4 m, 5 m, 6 m, 7 m<\/div>\n<\/td>\n<td>\n<div><\/div>\n<\/td>\n<td>\n<div><\/div>\n<\/td>\n<td>\n<div><\/div>\n<\/td>\n<\/tr>\n<tr>\n<td>\n<div>Tkanina dachowa<\/div>\n<\/td>\n<td>\n<div>P\u0142\u00f3tno bawe\u0142niane o gramaturze 300 g\/m2, z pow\u0142ok\u0105 PU, wodoodporne i odporne na ple\u015b\u0144.<\/div>\n<\/td>\n<td>\n<div><\/div>\n<\/td>\n<td>\n<div><\/div>\n<\/td>\n<td>\n<div><\/div>\n<\/td>\n<\/tr>\n<tr>\n<td>\n<div>Arkusz pod\u0142o\u017ca<\/div>\n<\/td>\n<td>\n<div>Materia\u0142 ripstop PVC o gramaturze 540 g\/m\u00b2, wodoodporny, odpinany z namiotu za pomoc\u0105 zamka b\u0142yskawicznego.<\/div>\n<\/td>\n<td>\n<div><\/div>\n<\/td>\n<td>\n<div><\/div>\n<\/td>\n<td>\n<div><\/div>\n<\/td>\n<\/tr>\n<tr>\n<td>\n<div>Internet<\/div>\n<\/td>\n<td>\n<div>Kolor bia\u0142y zar\u00f3wno na drzwiach jak i oknach<\/div>\n<\/td>\n<td>\n<div><\/div>\n<\/td>\n<td>\n<div><\/div>\n<\/td>\n<td>\n<div><\/div>\n<\/td>\n<\/tr>\n<tr>\n<td>\n<div>Biegun centralny<\/div>\n<\/td>\n<td>\n<div>Rura stalowa ocynkowana o \u015brednicy 32 mm, grubo\u015b\u0107 1,2 mm, pokryta miedzi\u0105 i cynkiem.<\/div>\n<\/td>\n<td>\n<div><\/div>\n<\/td>\n<td>\n<div><\/div>\n<\/td>\n<td>\n<div><\/div>\n<\/td>\n<\/tr>\n<tr>\n<td>\n<div>Okno<\/div>\n<\/td>\n<td>\n<div>4 boczne okna i 4 otwory wentylacyjne na szczycie, z siatk\u0105.<\/div>\n<\/td>\n<td>\n<div><\/div>\n<\/td>\n<td>\n<div><\/div>\n<\/td>\n<td>\n<div><\/div>\n<\/td>\n<\/tr>\n<tr>\n<td>\n<div>Drzwi<\/div>\n<\/td>\n<td>\n<div>1 zamek b\u0142yskawiczny, zamek b\u0142yskawiczny Drzwi siatkowe s\u0105 opcjonalne, z klapk\u0105.<\/div>\n<\/td>\n<td>\n<div><\/div>\n<\/td>\n<td>\n<div><\/div>\n<\/td>\n<td>\n<div><\/div>\n<\/td>\n<\/tr>\n<\/tbody>\n<\/table>\n<\/div>\n<\/div>\n<div>\n<div data-section=\"AliMagic-taxig7\" data-section-title=\"Details\">Detale<\/div>\n<\/div>\n<div>\n<div>\n<div>\n<div>\n<div>\n<div><img decoding=\"async\" src=\"\/\/sc01.alicdn.com\/kf\/H32cb711888cb452cbe68ce4ea7703132c\/225636084\/H32cb711888cb452cbe68ce4ea7703132c.jpg\" data-src=\"\/\/sc01.alicdn.com\/kf\/H32cb711888cb452cbe68ce4ea7703132c\/225636084\/H32cb711888cb452cbe68ce4ea7703132c.jpg\" \/><\/div>\n<\/div>\n<\/div>\n<\/div>\n<\/div>\n<\/div>\n<div>\n<div>\n<div>\n<div>\n<div>\n<div><img decoding=\"async\" src=\"\/\/sc01.alicdn.com\/kf\/H08c07ce5b45b405aa86deab3064ab718V\/225636084\/H08c07ce5b45b405aa86deab3064ab718V.jpg\" data-src=\"\/\/sc01.alicdn.com\/kf\/H08c07ce5b45b405aa86deab3064ab718V\/225636084\/H08c07ce5b45b405aa86deab3064ab718V.jpg\" \/><\/div>\n<\/div>\n<\/div>\n<\/div>\n<\/div>\n<\/div>\n<div>\n<div>\n<div>\n<div>\n<div>\n<div><img decoding=\"async\" src=\"\/\/sc01.alicdn.com\/kf\/H0d2acdfd09a0449c81414d4c4087b535i\/225636084\/H0d2acdfd09a0449c81414d4c4087b535i.jpg\" data-src=\"\/\/sc01.alicdn.com\/kf\/H0d2acdfd09a0449c81414d4c4087b535i\/225636084\/H0d2acdfd09a0449c81414d4c4087b535i.jpg\" \/><\/div>\n<\/div>\n<\/div>\n<\/div>\n<\/div>\n<\/div>\n<div>\n<div data-section=\"AliMagic-680x2c\" data-section-title=\"Customer Photos\"><\/div>\n<\/div>\n<div><\/div>\n<\/div>\n<\/div>","protected":false},"excerpt":{"rendered":"<p>Powierzchnia: 500*300*170 cm Tkanina: P\u0142\u00f3tno Namiot zewn\u0119trzny Wska\u017anik wodoodporno\u015bci: 1500-2000 Mm Wska\u017anik wodoodporno\u015bci dna: &gt;3000 mm Typ budynku: Szybkie automatyczne otwieranie Styl namiotu: Prosty typ usztywnienia Sezon: Czterosezonowa Konstrukcja namiotu: Jedna sypialnia Nazwa produktu : hydroizolacja namiotu dzwonowego o du\u017cej wytrzyma\u0142o\u015bci na zewn\u0105trz. S\u0142owo kluczowe : hydroizolacja namiotu Korpus<\/p>\n<div class=\"read-more\"><a class=\"btn btn-fill-out\" href=\"https:\/\/uoogear.com\/pl\/produkt\/luxury-family-glamping-outdoor-large-canvas-heavy-duty-bell-tent-waterproofing\/\">Czytaj wi\u0119cej<\/a><\/div>","protected":false},"featured_media":4399,"template":"","meta":[],"product_brand":[],"product_cat":[15],"product_tag":[],"class_list":{"0":"post-4400","1":"product","2":"type-product","3":"status-publish","4":"has-post-thumbnail","6":"product_cat-uncategorized","7":"tm-no-options","9":"first","10":"instock","11":"shipping-taxable","12":"purchasable","13":"product-type-variable"},"_links":{"self":[{"href":"https:\/\/uoogear.com\/pl\/wp-json\/wp\/v2\/product\/4400","targetHints":{"allow":["GET"]}}],"collection":[{"href":"https:\/\/uoogear.com\/pl\/wp-json\/wp\/v2\/product"}],"about":[{"href":"https:\/\/uoogear.com\/pl\/wp-json\/wp\/v2\/types\/product"}],"wp:featuredmedia":[{"embeddable":true,"href":"https:\/\/uoogear.com\/pl\/wp-json\/wp\/v2\/media\/4399"}],"wp:attachment":[{"href":"https:\/\/uoogear.com\/pl\/wp-json\/wp\/v2\/media?parent=4400"}],"wp:term":[{"taxonomy":"product_brand","embeddable":true,"href":"https:\/\/uoogear.com\/pl\/wp-json\/wp\/v2\/product_brand?post=4400"},{"taxonomy":"product_cat","embeddable":true,"href":"https:\/\/uoogear.com\/pl\/wp-json\/wp\/v2\/product_cat?post=4400"},{"taxonomy":"product_tag","embeddable":true,"href":"https:\/\/uoogear.com\/pl\/wp-json\/wp\/v2\/product_tag?post=4400"}],"curies":[{"name":"wp","href":"https:\/\/api.w.org\/{rel}","templated":true}]}}