{"id":4433,"date":"2023-11-13T12:54:47","date_gmt":"2023-11-13T12:54:47","guid":{"rendered":"https:\/\/uoogear.com\/product\/advanced-waterproof-camping-accessories-outdoor-waterproof-glamping-tent-luxury-tents-camping-outdoor-inflatable-tent\/"},"modified":"2023-11-30T02:17:50","modified_gmt":"2023-11-30T02:17:50","slug":"advanced-waterproof-camping-accessories-outdoor-waterproof-glamping-tent-luxury-tents-camping-outdoor-inflatable-tent","status":"publish","type":"product","link":"https:\/\/uoogear.com\/pl\/produkt\/advanced-waterproof-camping-accessories-outdoor-waterproof-glamping-tent-luxury-tents-camping-outdoor-inflatable-tent\/","title":{"rendered":"Zaawansowane wodoodporne akcesoria kempingowe na zewn\u0105trz wodoodporny namiot glampingowy luksusowe namioty kempingowe na zewn\u0105trz nadmuchiwany namiot"},"content":{"rendered":"<ul>\n<li><strong>Tkanina: <\/strong> Bawe\u0142na<\/li>\n<li><strong>Indeks wodoodporno\u015bci namiotu zewn\u0119trznego: <\/strong> &gt;3000 mm<\/li>\n<li><strong>Dolny wodoodporny indeks: <\/strong> &gt;3000 mm<\/li>\n<li><strong>Styl namiotu: <\/strong> Typ rozszerzony, s\u0142upek namiotowy typu rurowego<\/li>\n<li><strong>Pora roku : <\/strong> Namiot czterosezonowy<\/li>\n<li><strong>Struktura : <\/strong> Jedna sypialnia<\/li>\n<li><strong>Nazwa produktu : <\/strong> Nadmuchiwany namiot kempingowy na \u015bwie\u017cym powietrzu<\/li>\n<li><strong>Kolor : <\/strong> Bia\u0142y<\/li>\n<li><strong>Stosowanie : <\/strong> Kemping Piesze wycieczki Podr\u00f3\u017ce<\/li>\n<li><strong>Rozmiar: <\/strong> 360*360*220cm<\/li>\n<li><strong>Wielko\u015b\u0107 opakowania : <\/strong> 95*55*65 cm<\/li>\n<li><strong>Waga : <\/strong> 35,7 kg<\/li>\n<li><strong>Pod\u0142oga : <\/strong> PE<\/li>\n<li><strong>Pojemno\u015b\u0107 : <\/strong> 6-8 os\u00f3b<\/li>\n<li><strong>Czas dostawy : <\/strong> 20 dni<\/li>\n<\/ul>\n<div>\n<div data-section=\"AliPostDhMb-k8t1e\" data-section-title=\"Product Description\">\n<div>Opis produktu<\/div>\n<div>\n<p>Zaawansowane wodoodporne akcesoria kempingowe na zewn\u0105trz wodoodporny namiot glampingowy luksusowe namioty kempingowe na zewn\u0105trz nadmuchiwany namiot<\/p>\n<p>Szczeg\u00f3\u0142owe zdj\u0119cie<\/p>\n<p>&nbsp;<\/p>\n<p><img loading=\"lazy\" decoding=\"async\" class=\"alignnone size-full wp-image-5132\" src=\"https:\/\/uoogear.com\/wp-content\/uploads\/2023\/11\/H63608db4db8a455a842461b944da215bA.jpg\" alt=\"Zaawansowane wodoodporne akcesoria kempingowe na zewn\u0105trz wodoodporny namiot glampingowy luksusowe namioty kempingowe na zewn\u0105trz nadmuchiwany namiot\" width=\"800\" height=\"538\" srcset=\"https:\/\/uoogear.com\/wp-content\/uploads\/2023\/11\/H63608db4db8a455a842461b944da215bA.jpg 800w, https:\/\/uoogear.com\/wp-content\/uploads\/2023\/11\/H63608db4db8a455a842461b944da215bA-300x202.jpg 300w, https:\/\/uoogear.com\/wp-content\/uploads\/2023\/11\/H63608db4db8a455a842461b944da215bA-768x516.jpg 768w, https:\/\/uoogear.com\/wp-content\/uploads\/2023\/11\/H63608db4db8a455a842461b944da215bA-600x404.jpg 600w, https:\/\/uoogear.com\/wp-content\/uploads\/2023\/11\/H63608db4db8a455a842461b944da215bA-80x54.jpg 80w\" sizes=\"auto, (max-width: 800px) 100vw, 800px\" \/><img loading=\"lazy\" decoding=\"async\" src=\"\/\/sc04.alicdn.com\/kf\/Hcced147895924c0fa738647a2327a15bV\/274217001\/Hcced147895924c0fa738647a2327a15bV.jpg\" alt=\"Zaawansowane wodoodporne akcesoria kempingowe na zewn\u0105trz wodoodporny namiot glampingowy luksusowe namioty kempingowe na zewn\u0105trz nadmuchiwany namiot\" width=\"750\" height=\"750\" data-src=\"\/\/sc04.alicdn.com\/kf\/Hcced147895924c0fa738647a2327a15bV\/274217001\/Hcced147895924c0fa738647a2327a15bV.jpg\" data-alt=\"Advanced waterproof camping accessories outdoor waterproof glamping tent luxury tents camping outdoor Inflatable tent\" \/><img loading=\"lazy\" decoding=\"async\" src=\"\/\/sc04.alicdn.com\/kf\/H6a9e84c5b6d14782b30a48eba680d72dj\/274217001\/H6a9e84c5b6d14782b30a48eba680d72dj.jpg\" alt=\"Zaawansowane wodoodporne akcesoria kempingowe na zewn\u0105trz wodoodporny namiot glampingowy luksusowe namioty kempingowe na zewn\u0105trz nadmuchiwany namiot\" width=\"750\" height=\"750\" data-src=\"\/\/sc04.alicdn.com\/kf\/H6a9e84c5b6d14782b30a48eba680d72dj\/274217001\/H6a9e84c5b6d14782b30a48eba680d72dj.jpg\" data-alt=\"Advanced waterproof camping accessories outdoor waterproof glamping tent luxury tents camping outdoor Inflatable tent\" \/><img loading=\"lazy\" decoding=\"async\" src=\"\/\/sc04.alicdn.com\/kf\/H895e44de1f4c49668d37f1069186dc60I\/274217001\/H895e44de1f4c49668d37f1069186dc60I.jpg\" alt=\"Zaawansowane wodoodporne akcesoria kempingowe na zewn\u0105trz wodoodporny namiot glampingowy luksusowe namioty kempingowe na zewn\u0105trz nadmuchiwany namiot\" width=\"750\" height=\"750\" data-src=\"\/\/sc04.alicdn.com\/kf\/H895e44de1f4c49668d37f1069186dc60I\/274217001\/H895e44de1f4c49668d37f1069186dc60I.jpg\" data-alt=\"Advanced waterproof camping accessories outdoor waterproof glamping tent luxury tents camping outdoor Inflatable tent\" \/><img loading=\"lazy\" decoding=\"async\" src=\"\/\/sc04.alicdn.com\/kf\/Heede9f4a89564b14b5bafafe094d8f56o\/274217001\/Heede9f4a89564b14b5bafafe094d8f56o.jpg\" alt=\"Zaawansowane wodoodporne akcesoria kempingowe na zewn\u0105trz wodoodporny namiot glampingowy luksusowe namioty kempingowe na zewn\u0105trz nadmuchiwany namiot\" width=\"750\" height=\"750\" data-src=\"\/\/sc04.alicdn.com\/kf\/Heede9f4a89564b14b5bafafe094d8f56o\/274217001\/Heede9f4a89564b14b5bafafe094d8f56o.jpg\" data-alt=\"Advanced waterproof camping accessories outdoor waterproof glamping tent luxury tents camping outdoor Inflatable tent\" \/><img loading=\"lazy\" decoding=\"async\" src=\"\/\/sc04.alicdn.com\/kf\/H05c734515955471ca76b4671b4b39f40d\/274217001\/H05c734515955471ca76b4671b4b39f40d.jpg\" alt=\"Zaawansowane wodoodporne akcesoria kempingowe na zewn\u0105trz wodoodporny namiot glampingowy luksusowe namioty kempingowe na zewn\u0105trz nadmuchiwany namiot\" width=\"750\" height=\"750\" data-src=\"\/\/sc04.alicdn.com\/kf\/H05c734515955471ca76b4671b4b39f40d\/274217001\/H05c734515955471ca76b4671b4b39f40d.jpg\" data-alt=\"Advanced waterproof camping accessories outdoor waterproof glamping tent luxury tents camping outdoor Inflatable tent\" \/><img loading=\"lazy\" decoding=\"async\" src=\"\/\/sc04.alicdn.com\/kf\/H3b795ce144d44edbaaa8e79665baa3faI\/274217001\/H3b795ce144d44edbaaa8e79665baa3faI.jpg\" alt=\"Zaawansowane wodoodporne akcesoria kempingowe na zewn\u0105trz wodoodporny namiot glampingowy luksusowe namioty kempingowe na zewn\u0105trz nadmuchiwany namiot\" width=\"750\" height=\"750\" data-src=\"\/\/sc04.alicdn.com\/kf\/H3b795ce144d44edbaaa8e79665baa3faI\/274217001\/H3b795ce144d44edbaaa8e79665baa3faI.jpg\" data-alt=\"Advanced waterproof camping accessories outdoor waterproof glamping tent luxury tents camping outdoor Inflatable tent\" \/><img loading=\"lazy\" decoding=\"async\" src=\"\/\/sc04.alicdn.com\/kf\/H8f2023628faa4fa1a54c9063d8ac1fd7Y\/274217001\/H8f2023628faa4fa1a54c9063d8ac1fd7Y.jpg\" alt=\"Zaawansowane wodoodporne akcesoria kempingowe na zewn\u0105trz wodoodporny namiot glampingowy luksusowe namioty kempingowe na zewn\u0105trz nadmuchiwany namiot\" width=\"750\" height=\"750\" data-src=\"\/\/sc04.alicdn.com\/kf\/H8f2023628faa4fa1a54c9063d8ac1fd7Y\/274217001\/H8f2023628faa4fa1a54c9063d8ac1fd7Y.jpg\" data-alt=\"Advanced waterproof camping accessories outdoor waterproof glamping tent luxury tents camping outdoor Inflatable tent\" \/><\/p>\n<\/div>\n<\/div>\n<div data-section=\"AliPostDhMb-h1rt6\" data-section-title=\"FAQ\">\n<div><\/div>\n<\/div>\n<\/div>","protected":false},"excerpt":{"rendered":"<p>Tkanina: Bawe\u0142na Wska\u017anik wodoodporno\u015bci namiotu zewn\u0119trznego: &gt; 3000 mm Wska\u017anik wodoodporno\u015bci dna: &gt; 3000 mm Styl namiotu: Typ rozszerzony, typ rurowy Stawka namiotu Sezon: Czterosezonowa Struktura namiotu: Jedna sypialnia Nazwa produktu: Nadmuchiwany namiot kempingowy na zewn\u0105trz Kolor: Bia\u0142y Zastosowanie: Kemping Piesze wycieczki Rozmiar podr\u00f3\u017cny: 360*360*220 cm Rozmiar opakowania: 95*55*65 cm<\/p>\n<div class=\"read-more\"><a class=\"btn btn-fill-out\" href=\"https:\/\/uoogear.com\/pl\/produkt\/advanced-waterproof-camping-accessories-outdoor-waterproof-glamping-tent-luxury-tents-camping-outdoor-inflatable-tent\/\">Czytaj wi\u0119cej<\/a><\/div>","protected":false},"featured_media":4432,"template":"","meta":[],"product_brand":[],"product_cat":[15],"product_tag":[],"class_list":{"0":"post-4433","1":"product","2":"type-product","3":"status-publish","4":"has-post-thumbnail","6":"product_cat-uncategorized","7":"tm-no-options","9":"first","10":"instock","11":"shipping-taxable","12":"purchasable","13":"product-type-variable"},"_links":{"self":[{"href":"https:\/\/uoogear.com\/pl\/wp-json\/wp\/v2\/product\/4433","targetHints":{"allow":["GET"]}}],"collection":[{"href":"https:\/\/uoogear.com\/pl\/wp-json\/wp\/v2\/product"}],"about":[{"href":"https:\/\/uoogear.com\/pl\/wp-json\/wp\/v2\/types\/product"}],"wp:featuredmedia":[{"embeddable":true,"href":"https:\/\/uoogear.com\/pl\/wp-json\/wp\/v2\/media\/4432"}],"wp:attachment":[{"href":"https:\/\/uoogear.com\/pl\/wp-json\/wp\/v2\/media?parent=4433"}],"wp:term":[{"taxonomy":"product_brand","embeddable":true,"href":"https:\/\/uoogear.com\/pl\/wp-json\/wp\/v2\/product_brand?post=4433"},{"taxonomy":"product_cat","embeddable":true,"href":"https:\/\/uoogear.com\/pl\/wp-json\/wp\/v2\/product_cat?post=4433"},{"taxonomy":"product_tag","embeddable":true,"href":"https:\/\/uoogear.com\/pl\/wp-json\/wp\/v2\/product_tag?post=4433"}],"curies":[{"name":"wp","href":"https:\/\/api.w.org\/{rel}","templated":true}]}}