{"id":4441,"date":"2023-11-13T12:55:53","date_gmt":"2023-11-13T12:55:53","guid":{"rendered":"https:\/\/uoogear.com\/product\/customized-camping-equipment-outdoor-waterproof-camping-glamping-tent-luxury-tents-camping-outdoor-inflatable-tent\/"},"modified":"2023-11-30T02:18:13","modified_gmt":"2023-11-30T02:18:13","slug":"customized-camping-equipment-outdoor-waterproof-camping-glamping-tent-luxury-tents-camping-outdoor-inflatable-tent","status":"publish","type":"product","link":"https:\/\/uoogear.com\/pl\/produkt\/customized-camping-equipment-outdoor-waterproof-camping-glamping-tent-luxury-tents-camping-outdoor-inflatable-tent\/","title":{"rendered":"Dostosowany sprz\u0119t kempingowy na zewn\u0105trz wodoodporny namiot kempingowy glamping luksusowe namioty kempingowe na zewn\u0105trz nadmuchiwany namiot"},"content":{"rendered":"<ul>\n<li><strong>Tkanina: <\/strong> Poliester<\/li>\n<li><strong>Indeks wodoodporno\u015bci namiotu zewn\u0119trznego: <\/strong> 2000-3000 mm<\/li>\n<li><strong>Dolny wodoodporny indeks: <\/strong> &gt;3000 mm<\/li>\n<li><strong>Rodzaj budynku : <\/strong> Szybkie automatyczne otwieranie<\/li>\n<li><strong>Styl namiotu: <\/strong> Typ rozszerzony, s\u0142upek namiotowy typu rurowego<\/li>\n<li><strong>Pora roku : <\/strong> Namiot czterosezonowy<\/li>\n<li><strong>Struktura : <\/strong> Jedna sypialnia<\/li>\n<li><strong>Nazwa produktu : <\/strong> Nadmuchiwany namiot kempingowy na \u015bwie\u017cym powietrzu<\/li>\n<li><strong>Kolor : <\/strong> Niebieski<\/li>\n<li><strong>Stosowanie : <\/strong> Kemping Piesze wycieczki Podr\u00f3\u017ce<\/li>\n<li><strong>Rozmiar: <\/strong> 240*240*170 cm<\/li>\n<li><strong>Waga : <\/strong> 5,4 kg<\/li>\n<li><strong>Wielko\u015b\u0107 paczki : <\/strong> 70*28*28 cm<\/li>\n<li><strong>Pod\u0142oga : <\/strong> 210D Oksford<\/li>\n<li><strong>Pojemno\u015b\u0107 : <\/strong> 4-5 os\u00f3b<\/li>\n<li><strong>Czas dostawy : <\/strong> 20 dni<\/li>\n<\/ul>\n<div>\n<div data-section=\"AliPostDhMb-k8t1e\" data-section-title=\"Product Description\">\n<div>\n<p>Szczeg\u00f3\u0142owe zdj\u0119cie<\/p>\n<p>&nbsp;<\/p>\n<p><img loading=\"lazy\" decoding=\"async\" class=\"alignnone size-full wp-image-5134\" src=\"https:\/\/uoogear.com\/wp-content\/uploads\/2023\/11\/H63608db4db8a455a842461b944da215bA-2.jpg\" width=\"800\" height=\"538\" alt=\"Dostosowany sprz\u0119t kempingowy na zewn\u0105trz wodoodporny namiot kempingowy glamping luksusowe namioty kempingowe na zewn\u0105trz nadmuchiwany namiot\" srcset=\"https:\/\/uoogear.com\/wp-content\/uploads\/2023\/11\/H63608db4db8a455a842461b944da215bA-2.jpg 800w, https:\/\/uoogear.com\/wp-content\/uploads\/2023\/11\/H63608db4db8a455a842461b944da215bA-2-300x202.jpg 300w, https:\/\/uoogear.com\/wp-content\/uploads\/2023\/11\/H63608db4db8a455a842461b944da215bA-2-768x516.jpg 768w, https:\/\/uoogear.com\/wp-content\/uploads\/2023\/11\/H63608db4db8a455a842461b944da215bA-2-600x404.jpg 600w, https:\/\/uoogear.com\/wp-content\/uploads\/2023\/11\/H63608db4db8a455a842461b944da215bA-2-80x54.jpg 80w\" sizes=\"auto, (max-width: 800px) 100vw, 800px\" \/><img loading=\"lazy\" decoding=\"async\" src=\"\/\/sc04.alicdn.com\/kf\/H207935525891464d9d55f635a640aff7q\/274217001\/H207935525891464d9d55f635a640aff7q.jpg\" alt=\"Dostosowany sprz\u0119t kempingowy na zewn\u0105trz wodoodporny namiot kempingowy glamping luksusowe namioty kempingowe na zewn\u0105trz nadmuchiwany namiot\" width=\"750\" height=\"750\" data-src=\"\/\/sc04.alicdn.com\/kf\/H207935525891464d9d55f635a640aff7q\/274217001\/H207935525891464d9d55f635a640aff7q.jpg\" data-alt=\"Customized camping equipment outdoor waterproof camping glamping tent luxury tents camping outdoor Inflatable tent\" \/><img loading=\"lazy\" decoding=\"async\" src=\"\/\/sc04.alicdn.com\/kf\/Hb0ce56b7f3f5466384b200eb0b67021aF\/274217001\/Hb0ce56b7f3f5466384b200eb0b67021aF.jpg\" alt=\"Dostosowany sprz\u0119t kempingowy na zewn\u0105trz wodoodporny namiot kempingowy glamping luksusowe namioty kempingowe na zewn\u0105trz nadmuchiwany namiot\" width=\"750\" height=\"750\" data-src=\"\/\/sc04.alicdn.com\/kf\/Hb0ce56b7f3f5466384b200eb0b67021aF\/274217001\/Hb0ce56b7f3f5466384b200eb0b67021aF.jpg\" data-alt=\"Customized camping equipment outdoor waterproof camping glamping tent luxury tents camping outdoor Inflatable tent\" \/><img loading=\"lazy\" decoding=\"async\" src=\"\/\/sc04.alicdn.com\/kf\/H324950cf993e43659fd176bb355623ba3\/274217001\/H324950cf993e43659fd176bb355623ba3.jpg\" alt=\"Dostosowany sprz\u0119t kempingowy na zewn\u0105trz wodoodporny namiot kempingowy glamping luksusowe namioty kempingowe na zewn\u0105trz nadmuchiwany namiot\" width=\"750\" height=\"750\" data-src=\"\/\/sc04.alicdn.com\/kf\/H324950cf993e43659fd176bb355623ba3\/274217001\/H324950cf993e43659fd176bb355623ba3.jpg\" data-alt=\"Customized camping equipment outdoor waterproof camping glamping tent luxury tents camping outdoor Inflatable tent\" \/><img loading=\"lazy\" decoding=\"async\" src=\"\/\/sc04.alicdn.com\/kf\/H9207cb051b58477a82968c8f5b72b522H\/274217001\/H9207cb051b58477a82968c8f5b72b522H.jpg\" alt=\"Dostosowany sprz\u0119t kempingowy na zewn\u0105trz wodoodporny namiot kempingowy glamping luksusowe namioty kempingowe na zewn\u0105trz nadmuchiwany namiot\" width=\"750\" height=\"750\" data-src=\"\/\/sc04.alicdn.com\/kf\/H9207cb051b58477a82968c8f5b72b522H\/274217001\/H9207cb051b58477a82968c8f5b72b522H.jpg\" data-alt=\"Customized camping equipment outdoor waterproof camping glamping tent luxury tents camping outdoor Inflatable tent\" \/><\/p>\n<\/div>\n<\/div>\n<div data-section=\"AliPostDhMb-h1rt6\" data-section-title=\"FAQ\">\n<div><\/div>\n<\/div>\n<\/div>","protected":false},"excerpt":{"rendered":"<p>Tkanina : Poliester Namiot zewn\u0119trzny Wska\u017anik wodoodporno\u015bci : 2000-3000 Mm Wska\u017anik wodoodporno\u015bci dna : &gt; 3000 mm Typ budynku : Szybkie automatyczne otwieranie Styl namiotu : Typ rozszerzony, typ rurowy Stawka namiotu Sezon : Czterosezonowa Konstrukcja namiotu : Jedna sypialnia Nazwa produktu : Kemping na \u015bwie\u017cym powietrzu nadmuchiwany namiot Kolor: niebieski Zastosowanie: Camping Piesze wycieczki Rozmiar podr\u00f3\u017cny<\/p>\n<div class=\"read-more\"><a class=\"btn btn-fill-out\" href=\"https:\/\/uoogear.com\/pl\/produkt\/customized-camping-equipment-outdoor-waterproof-camping-glamping-tent-luxury-tents-camping-outdoor-inflatable-tent\/\">Czytaj wi\u0119cej<\/a><\/div>","protected":false},"featured_media":4440,"template":"","meta":[],"product_brand":[],"product_cat":[15],"product_tag":[],"class_list":{"0":"post-4441","1":"product","2":"type-product","3":"status-publish","4":"has-post-thumbnail","6":"product_cat-uncategorized","7":"tm-no-options","9":"first","10":"instock","11":"shipping-taxable","12":"purchasable","13":"product-type-variable"},"_links":{"self":[{"href":"https:\/\/uoogear.com\/pl\/wp-json\/wp\/v2\/product\/4441","targetHints":{"allow":["GET"]}}],"collection":[{"href":"https:\/\/uoogear.com\/pl\/wp-json\/wp\/v2\/product"}],"about":[{"href":"https:\/\/uoogear.com\/pl\/wp-json\/wp\/v2\/types\/product"}],"wp:featuredmedia":[{"embeddable":true,"href":"https:\/\/uoogear.com\/pl\/wp-json\/wp\/v2\/media\/4440"}],"wp:attachment":[{"href":"https:\/\/uoogear.com\/pl\/wp-json\/wp\/v2\/media?parent=4441"}],"wp:term":[{"taxonomy":"product_brand","embeddable":true,"href":"https:\/\/uoogear.com\/pl\/wp-json\/wp\/v2\/product_brand?post=4441"},{"taxonomy":"product_cat","embeddable":true,"href":"https:\/\/uoogear.com\/pl\/wp-json\/wp\/v2\/product_cat?post=4441"},{"taxonomy":"product_tag","embeddable":true,"href":"https:\/\/uoogear.com\/pl\/wp-json\/wp\/v2\/product_tag?post=4441"}],"curies":[{"name":"wp","href":"https:\/\/api.w.org\/{rel}","templated":true}]}}