{"id":4455,"date":"2023-11-13T12:57:35","date_gmt":"2023-11-13T12:57:35","guid":{"rendered":"https:\/\/uoogear.com\/product\/advanced-big-inflatable-camping-equipment-outdoor-waterproof-camping-glamping-tent-outdoor-glamping-inflatable-tent\/"},"modified":"2023-11-30T02:21:48","modified_gmt":"2023-11-30T02:21:48","slug":"advanced-big-inflatable-camping-equipment-outdoor-waterproof-camping-glamping-tent-outdoor-glamping-inflatable-tent","status":"publish","type":"product","link":"https:\/\/uoogear.com\/pl\/produkt\/advanced-big-inflatable-camping-equipment-outdoor-waterproof-camping-glamping-tent-outdoor-glamping-inflatable-tent\/","title":{"rendered":"Zaawansowany du\u017cy nadmuchiwany sprz\u0119t kempingowy wodoodporny namiot kempingowy glamping na \u015bwie\u017cym powietrzu Nadmuchiwany namiot"},"content":{"rendered":"<ul>\n<li><strong>Tkanina: <\/strong> Bawe\u0142na<\/li>\n<li><strong>Indeks wodoodporno\u015bci namiotu zewn\u0119trznego: <\/strong> 2000-3000 mm, &gt;3000 mm<\/li>\n<li><strong>Dolny wodoodporny indeks: <\/strong> &gt;3000 mm<\/li>\n<li><strong>Styl namiotu: <\/strong> Typ rozszerzony, s\u0142upek namiotowy typu rurowego<\/li>\n<li><strong>Pora roku : <\/strong> Namiot czterosezonowy<\/li>\n<li><strong>Struktura : <\/strong> Jedna sypialnia<\/li>\n<li><strong>Nazwa produktu : <\/strong> Nadmuchiwany namiot kempingowy na \u015bwie\u017cym powietrzu<\/li>\n<li><strong>Kolor : <\/strong> Bia\u0142y<\/li>\n<li><strong>Stosowanie : <\/strong> Kemping Piesze wycieczki Podr\u00f3\u017ce<\/li>\n<li><strong>Rozmiar: <\/strong> 320*250*220cm<\/li>\n<li><strong>Wielko\u015b\u0107 opakowania : <\/strong> 80*45*40cm<\/li>\n<li><strong>Waga : <\/strong> 30 kg<\/li>\n<li><strong>Pod\u0142oga : <\/strong> 210g bawe\u0142ny<\/li>\n<li><strong>Pojemno\u015b\u0107 : <\/strong> 3-4 osoby<\/li>\n<li><strong>Czas dostawy : <\/strong> 20 dni<\/li>\n<\/ul>\n<div>\n<div data-section=\"AliPostDhMb-k8t1e\" data-section-title=\"Product Description\">\n<div>\n<p>&nbsp;<\/p>\n<p>Szczeg\u00f3\u0142owe zdj\u0119cie<\/p>\n<p>&nbsp;<\/p>\n<p><img loading=\"lazy\" decoding=\"async\" class=\"alignnone size-full wp-image-5137\" src=\"https:\/\/uoogear.com\/wp-content\/uploads\/2023\/11\/H63608db4db8a455a842461b944da215bA-5.jpg\" width=\"800\" height=\"538\" alt=\"Zaawansowany du\u017cy nadmuchiwany sprz\u0119t kempingowy wodoodporny namiot kempingowy glamping na \u015bwie\u017cym powietrzu Nadmuchiwany namiot\" srcset=\"https:\/\/uoogear.com\/wp-content\/uploads\/2023\/11\/H63608db4db8a455a842461b944da215bA-5.jpg 800w, https:\/\/uoogear.com\/wp-content\/uploads\/2023\/11\/H63608db4db8a455a842461b944da215bA-5-300x202.jpg 300w, https:\/\/uoogear.com\/wp-content\/uploads\/2023\/11\/H63608db4db8a455a842461b944da215bA-5-768x516.jpg 768w, https:\/\/uoogear.com\/wp-content\/uploads\/2023\/11\/H63608db4db8a455a842461b944da215bA-5-600x404.jpg 600w, https:\/\/uoogear.com\/wp-content\/uploads\/2023\/11\/H63608db4db8a455a842461b944da215bA-5-80x54.jpg 80w\" sizes=\"auto, (max-width: 800px) 100vw, 800px\" \/><img loading=\"lazy\" decoding=\"async\" src=\"\/\/sc04.alicdn.com\/kf\/H29833dcd1a46454db318414d9546f2c6O\/274217001\/H29833dcd1a46454db318414d9546f2c6O.jpg\" alt=\"Zaawansowany du\u017cy nadmuchiwany sprz\u0119t kempingowy wodoodporny namiot kempingowy glamping na \u015bwie\u017cym powietrzu Nadmuchiwany namiot\" width=\"750\" height=\"750\" data-src=\"\/\/sc04.alicdn.com\/kf\/H29833dcd1a46454db318414d9546f2c6O\/274217001\/H29833dcd1a46454db318414d9546f2c6O.jpg\" data-alt=\"Advanced big inflatable camping equipment outdoor waterproof camping glamping tent outdoor glamping Inflatable tent\" \/><img loading=\"lazy\" decoding=\"async\" src=\"\/\/sc04.alicdn.com\/kf\/Hf3e95b5bdcc04ade92ce10549a1553dbl\/274217001\/Hf3e95b5bdcc04ade92ce10549a1553dbl.jpg\" alt=\"Zaawansowany du\u017cy nadmuchiwany sprz\u0119t kempingowy wodoodporny namiot kempingowy glamping na \u015bwie\u017cym powietrzu Nadmuchiwany namiot\" width=\"750\" height=\"750\" data-src=\"\/\/sc04.alicdn.com\/kf\/Hf3e95b5bdcc04ade92ce10549a1553dbl\/274217001\/Hf3e95b5bdcc04ade92ce10549a1553dbl.jpg\" data-alt=\"Advanced big inflatable camping equipment outdoor waterproof camping glamping tent outdoor glamping Inflatable tent\" \/><img loading=\"lazy\" decoding=\"async\" src=\"\/\/sc04.alicdn.com\/kf\/H93e3cb144f784318925b6bd2d96f01675\/274217001\/H93e3cb144f784318925b6bd2d96f01675.jpg\" alt=\"Zaawansowany du\u017cy nadmuchiwany sprz\u0119t kempingowy wodoodporny namiot kempingowy glamping na \u015bwie\u017cym powietrzu Nadmuchiwany namiot\" width=\"750\" height=\"750\" data-src=\"\/\/sc04.alicdn.com\/kf\/H93e3cb144f784318925b6bd2d96f01675\/274217001\/H93e3cb144f784318925b6bd2d96f01675.jpg\" data-alt=\"Advanced big inflatable camping equipment outdoor waterproof camping glamping tent outdoor glamping Inflatable tent\" \/><img loading=\"lazy\" decoding=\"async\" src=\"\/\/sc04.alicdn.com\/kf\/Hfd243fcd276047cfbd79db6400d93d813\/274217001\/Hfd243fcd276047cfbd79db6400d93d813.jpg\" alt=\"Zaawansowany du\u017cy nadmuchiwany sprz\u0119t kempingowy wodoodporny namiot kempingowy glamping na \u015bwie\u017cym powietrzu Nadmuchiwany namiot\" width=\"750\" height=\"750\" data-src=\"\/\/sc04.alicdn.com\/kf\/Hfd243fcd276047cfbd79db6400d93d813\/274217001\/Hfd243fcd276047cfbd79db6400d93d813.jpg\" data-alt=\"Advanced big inflatable camping equipment outdoor waterproof camping glamping tent outdoor glamping Inflatable tent\" \/><img loading=\"lazy\" decoding=\"async\" src=\"\/\/sc04.alicdn.com\/kf\/H0990557c3f364ff584a750f915fbfbc3B\/274217001\/H0990557c3f364ff584a750f915fbfbc3B.jpg\" alt=\"Zaawansowany du\u017cy nadmuchiwany sprz\u0119t kempingowy wodoodporny namiot kempingowy glamping na \u015bwie\u017cym powietrzu Nadmuchiwany namiot\" width=\"750\" height=\"750\" data-src=\"\/\/sc04.alicdn.com\/kf\/H0990557c3f364ff584a750f915fbfbc3B\/274217001\/H0990557c3f364ff584a750f915fbfbc3B.jpg\" data-alt=\"Advanced big inflatable camping equipment outdoor waterproof camping glamping tent outdoor glamping Inflatable tent\" \/><img loading=\"lazy\" decoding=\"async\" src=\"\/\/sc04.alicdn.com\/kf\/H144601bd93d0427ebcfc685adb798e5e4\/274217001\/H144601bd93d0427ebcfc685adb798e5e4.jpg\" alt=\"Zaawansowany du\u017cy nadmuchiwany sprz\u0119t kempingowy wodoodporny namiot kempingowy glamping na \u015bwie\u017cym powietrzu Nadmuchiwany namiot\" width=\"750\" height=\"750\" data-src=\"\/\/sc04.alicdn.com\/kf\/H144601bd93d0427ebcfc685adb798e5e4\/274217001\/H144601bd93d0427ebcfc685adb798e5e4.jpg\" data-alt=\"Advanced big inflatable camping equipment outdoor waterproof camping glamping tent outdoor glamping Inflatable tent\" \/><img loading=\"lazy\" decoding=\"async\" src=\"\/\/sc04.alicdn.com\/kf\/Hdc25b634ec104f5e9bc9913505d4f1a03\/274217001\/Hdc25b634ec104f5e9bc9913505d4f1a03.jpg\" alt=\"Zaawansowany du\u017cy nadmuchiwany sprz\u0119t kempingowy wodoodporny namiot kempingowy glamping na \u015bwie\u017cym powietrzu Nadmuchiwany namiot\" width=\"750\" height=\"750\" data-src=\"\/\/sc04.alicdn.com\/kf\/Hdc25b634ec104f5e9bc9913505d4f1a03\/274217001\/Hdc25b634ec104f5e9bc9913505d4f1a03.jpg\" data-alt=\"Advanced big inflatable camping equipment outdoor waterproof camping glamping tent outdoor glamping Inflatable tent\" \/><img loading=\"lazy\" decoding=\"async\" src=\"\/\/sc04.alicdn.com\/kf\/H3f4ab9387757474fb8282c5100100293X\/274217001\/H3f4ab9387757474fb8282c5100100293X.jpg\" alt=\"Zaawansowany du\u017cy nadmuchiwany sprz\u0119t kempingowy wodoodporny namiot kempingowy glamping na \u015bwie\u017cym powietrzu Nadmuchiwany namiot\" width=\"750\" height=\"750\" data-src=\"\/\/sc04.alicdn.com\/kf\/H3f4ab9387757474fb8282c5100100293X\/274217001\/H3f4ab9387757474fb8282c5100100293X.jpg\" data-alt=\"Advanced big inflatable camping equipment outdoor waterproof camping glamping tent outdoor glamping Inflatable tent\" \/><img loading=\"lazy\" decoding=\"async\" src=\"\/\/sc04.alicdn.com\/kf\/H84ae1f0d3cda4168bcf01e5cf74e49e7X\/274217001\/H84ae1f0d3cda4168bcf01e5cf74e49e7X.jpg\" alt=\"Zaawansowany du\u017cy nadmuchiwany sprz\u0119t kempingowy wodoodporny namiot kempingowy glamping na \u015bwie\u017cym powietrzu Nadmuchiwany namiot\" width=\"750\" height=\"750\" data-src=\"\/\/sc04.alicdn.com\/kf\/H84ae1f0d3cda4168bcf01e5cf74e49e7X\/274217001\/H84ae1f0d3cda4168bcf01e5cf74e49e7X.jpg\" data-alt=\"Advanced big inflatable camping equipment outdoor waterproof camping glamping tent outdoor glamping Inflatable tent\" \/><img loading=\"lazy\" decoding=\"async\" src=\"\/\/sc04.alicdn.com\/kf\/Ha620e22c89ad4377bca68d260c063b76b\/274217001\/Ha620e22c89ad4377bca68d260c063b76b.jpg\" alt=\"Zaawansowany du\u017cy nadmuchiwany sprz\u0119t kempingowy wodoodporny namiot kempingowy glamping na \u015bwie\u017cym powietrzu Nadmuchiwany namiot\" width=\"750\" height=\"750\" data-src=\"\/\/sc04.alicdn.com\/kf\/Ha620e22c89ad4377bca68d260c063b76b\/274217001\/Ha620e22c89ad4377bca68d260c063b76b.jpg\" data-alt=\"Advanced big inflatable camping equipment outdoor waterproof camping glamping tent outdoor glamping Inflatable tent\" \/><\/p>\n<\/div>\n<\/div>\n<div data-section=\"AliPostDhMb-h1rt6\" data-section-title=\"FAQ\">\n<div><\/div>\n<\/div>\n<\/div>","protected":false},"excerpt":{"rendered":"<p>Tkanina: Bawe\u0142na Wska\u017anik wodoodporno\u015bci namiotu zewn\u0119trznego: 2000-3000 Mm, &gt; 3000 mm Wska\u017anik wodoodporno\u015bci dna: &gt; 3000 mm Styl namiotu: Typ rozszerzony, typ rurowy Stawka namiotu Sezon: Czterosezonowa Konstrukcja namiotu: Jedna sypialnia Nazwa produktu: Nadmuchiwany namiot kempingowy na \u015bwie\u017cym powietrzu Kolor: bia\u0142y Zastosowanie: kemping, piesze wycieczki, podr\u00f3\u017cowanie Rozmiar: 320*250*220 cm Rozmiar opakowania<\/p>\n<div class=\"read-more\"><a class=\"btn btn-fill-out\" href=\"https:\/\/uoogear.com\/pl\/produkt\/advanced-big-inflatable-camping-equipment-outdoor-waterproof-camping-glamping-tent-outdoor-glamping-inflatable-tent\/\">Czytaj wi\u0119cej<\/a><\/div>","protected":false},"featured_media":4454,"template":"","meta":[],"product_brand":[],"product_cat":[15],"product_tag":[],"class_list":{"0":"post-4455","1":"product","2":"type-product","3":"status-publish","4":"has-post-thumbnail","6":"product_cat-uncategorized","7":"tm-no-options","9":"first","10":"instock","11":"shipping-taxable","12":"purchasable","13":"product-type-variable"},"_links":{"self":[{"href":"https:\/\/uoogear.com\/pl\/wp-json\/wp\/v2\/product\/4455","targetHints":{"allow":["GET"]}}],"collection":[{"href":"https:\/\/uoogear.com\/pl\/wp-json\/wp\/v2\/product"}],"about":[{"href":"https:\/\/uoogear.com\/pl\/wp-json\/wp\/v2\/types\/product"}],"wp:featuredmedia":[{"embeddable":true,"href":"https:\/\/uoogear.com\/pl\/wp-json\/wp\/v2\/media\/4454"}],"wp:attachment":[{"href":"https:\/\/uoogear.com\/pl\/wp-json\/wp\/v2\/media?parent=4455"}],"wp:term":[{"taxonomy":"product_brand","embeddable":true,"href":"https:\/\/uoogear.com\/pl\/wp-json\/wp\/v2\/product_brand?post=4455"},{"taxonomy":"product_cat","embeddable":true,"href":"https:\/\/uoogear.com\/pl\/wp-json\/wp\/v2\/product_cat?post=4455"},{"taxonomy":"product_tag","embeddable":true,"href":"https:\/\/uoogear.com\/pl\/wp-json\/wp\/v2\/product_tag?post=4455"}],"curies":[{"name":"wp","href":"https:\/\/api.w.org\/{rel}","templated":true}]}}