{"id":4489,"date":"2023-11-14T01:54:49","date_gmt":"2023-11-14T01:54:49","guid":{"rendered":"https:\/\/uoogear.com\/product\/waterproof-inflatable-outdoor-air-tent-inflatable-camping-tent\/"},"modified":"2023-11-30T02:22:55","modified_gmt":"2023-11-30T02:22:55","slug":"waterproof-inflatable-outdoor-air-tent-inflatable-camping-tent","status":"publish","type":"product","link":"https:\/\/uoogear.com\/pl\/produkt\/waterproof-inflatable-outdoor-air-tent-inflatable-camping-tent\/","title":{"rendered":"wodoodporny nadmuchiwany namiot zewn\u0119trzny nadmuchiwany namiot kempingowy"},"content":{"rendered":"<ul>\n<li><strong>Obszar : <\/strong> 300*210<\/li>\n<li><strong>Tkanina: <\/strong> PCV + tkanina bawe\u0142niana + siatka poliestrowa<\/li>\n<li><strong>Indeks wodoodporno\u015bci namiotu zewn\u0119trznego: <\/strong> &lt;1000 mm<\/li>\n<li><strong>Dolny wodoodporny indeks: <\/strong> &gt;3000 mm<\/li>\n<li><strong>Rodzaj budynku : <\/strong> Budowa w oparciu o potrzeby<\/li>\n<li><strong>Styl namiotu: <\/strong> Stawka namiotowa typu tubowego<\/li>\n<li><strong>Pora roku : <\/strong> Namiot czterosezonowy<\/li>\n<li><strong>Struktura : <\/strong> Dwie sypialnie i jeden pok\u00f3j dzienny<\/li>\n<li><strong>Nazwa produktu : <\/strong> nadmuchiwany namiot kempingowy<\/li>\n<li><strong>Stosowanie : <\/strong> Rozrywka na \u015bwie\u017cym powietrzu<\/li>\n<li><strong>Styl: <\/strong> Nowoczesny<\/li>\n<li><strong>Kolor : <\/strong> Dostosowany kolor<\/li>\n<li><strong>Aplikacja : <\/strong> Kemping podr\u00f3\u017cniczy na \u015bwie\u017cym powietrzu<\/li>\n<li><strong>Rozmiar: <\/strong> Dostosowany rozmiar<\/li>\n<li><strong>MOQ: <\/strong> 1 kawa\u0142ek<\/li>\n<li><strong>Materia\u0142 : <\/strong> PCV<\/li>\n<li><strong>Akcesoria : <\/strong> Pompa + torba transportowa + ko\u0142ki + liny<\/li>\n<li><strong>Funkcja : <\/strong> Wodoodporny<\/li>\n<\/ul>\n<div>\n<div data-magic-global=\"%7B%22bizId%22%3A2212793521237%2C%22pageId%22%3A21189012037%2C%22siteId%22%3A10003212050%7D\">\n<div>\n<div data-section=\"AliMagic-db1sq7\" data-section-title=\"Products Description\">Opis produkt\u00f3w<\/div>\n<\/div>\n<div>\n<div>\n<div><img decoding=\"async\" src=\"\/\/sc04.alicdn.com\/kf\/H43725afd3bec4530b9a0eefa40fd24c1h\/255148517\/H43725afd3bec4530b9a0eefa40fd24c1h.jpg\" data-src=\"\/\/sc04.alicdn.com\/kf\/H43725afd3bec4530b9a0eefa40fd24c1h\/255148517\/H43725afd3bec4530b9a0eefa40fd24c1h.jpg\" \/><\/div>\n<div><img decoding=\"async\" src=\"\/\/sc04.alicdn.com\/kf\/H0a8bb24f51674da1b39a98e1b20f54d4U\/255148517\/H0a8bb24f51674da1b39a98e1b20f54d4U.png\" data-src=\"\/\/sc04.alicdn.com\/kf\/H0a8bb24f51674da1b39a98e1b20f54d4U\/255148517\/H0a8bb24f51674da1b39a98e1b20f54d4U.png\" \/><\/div>\n<div><img decoding=\"async\" src=\"\/\/sc04.alicdn.com\/kf\/Hce4ac1a48012484b9242af5cdb11ab57o\/255148517\/Hce4ac1a48012484b9242af5cdb11ab57o.png\" data-src=\"\/\/sc04.alicdn.com\/kf\/Hce4ac1a48012484b9242af5cdb11ab57o\/255148517\/Hce4ac1a48012484b9242af5cdb11ab57o.png\" \/><\/div>\n<div><img decoding=\"async\" src=\"\/\/sc04.alicdn.com\/kf\/H78f6e94460b64fc18a1668d323a652cbM\/255148517\/H78f6e94460b64fc18a1668d323a652cbM.jpg\" data-src=\"\/\/sc04.alicdn.com\/kf\/H78f6e94460b64fc18a1668d323a652cbM\/255148517\/H78f6e94460b64fc18a1668d323a652cbM.jpg\" \/><\/div>\n<div><img decoding=\"async\" src=\"\/\/sc04.alicdn.com\/kf\/H6483226daf0141e9a1df7a4c0b1eb5262\/255148517\/H6483226daf0141e9a1df7a4c0b1eb5262.jpg\" data-src=\"\/\/sc04.alicdn.com\/kf\/H6483226daf0141e9a1df7a4c0b1eb5262\/255148517\/H6483226daf0141e9a1df7a4c0b1eb5262.jpg\" \/><\/div>\n<div><img decoding=\"async\" src=\"\/\/sc04.alicdn.com\/kf\/H2c7b3387715a439cb11fc7d53fc3c2d3E\/255148517\/H2c7b3387715a439cb11fc7d53fc3c2d3E.jpg\" data-src=\"\/\/sc04.alicdn.com\/kf\/H2c7b3387715a439cb11fc7d53fc3c2d3E\/255148517\/H2c7b3387715a439cb11fc7d53fc3c2d3E.jpg\" \/><\/div>\n<\/div>\n<\/div>\n<div><\/div>\n<div>\n<div>\n<div>\n<div>\n<div><\/div>\n<\/div>\n<\/div>\n<\/div>\n<\/div>\n<\/div>\n<\/div>","protected":false},"excerpt":{"rendered":"<p>Powierzchnia: 300*210 Tkanina: PVC + tkanina bawe\u0142niana + siatka poliestrowa Na zewn\u0105trz namiotu Wska\u017anik wodoodporno\u015bci: &lt;1000 mm Wska\u017anik wodoodporno\u015bci dna: &gt;3000 mm Typ budynku: Konstrukcja w oparciu o potrzeby Styl namiotu: Typ rury Stawka namiotu Sezon: Czterosezonowa konstrukcja namiotu: Dwie sypialnie i jeden salon Nazwa produktu: nadmuchiwany namiot kempingowy<\/p>\n<div class=\"read-more\"><a class=\"btn btn-fill-out\" href=\"https:\/\/uoogear.com\/pl\/produkt\/waterproof-inflatable-outdoor-air-tent-inflatable-camping-tent\/\">Czytaj wi\u0119cej<\/a><\/div>","protected":false},"featured_media":4488,"template":"","meta":[],"product_brand":[],"product_cat":[15],"product_tag":[],"class_list":{"0":"post-4489","1":"product","2":"type-product","3":"status-publish","4":"has-post-thumbnail","6":"product_cat-uncategorized","7":"tm-no-options","9":"first","10":"instock","11":"shipping-taxable","12":"purchasable","13":"product-type-variable"},"_links":{"self":[{"href":"https:\/\/uoogear.com\/pl\/wp-json\/wp\/v2\/product\/4489","targetHints":{"allow":["GET"]}}],"collection":[{"href":"https:\/\/uoogear.com\/pl\/wp-json\/wp\/v2\/product"}],"about":[{"href":"https:\/\/uoogear.com\/pl\/wp-json\/wp\/v2\/types\/product"}],"wp:featuredmedia":[{"embeddable":true,"href":"https:\/\/uoogear.com\/pl\/wp-json\/wp\/v2\/media\/4488"}],"wp:attachment":[{"href":"https:\/\/uoogear.com\/pl\/wp-json\/wp\/v2\/media?parent=4489"}],"wp:term":[{"taxonomy":"product_brand","embeddable":true,"href":"https:\/\/uoogear.com\/pl\/wp-json\/wp\/v2\/product_brand?post=4489"},{"taxonomy":"product_cat","embeddable":true,"href":"https:\/\/uoogear.com\/pl\/wp-json\/wp\/v2\/product_cat?post=4489"},{"taxonomy":"product_tag","embeddable":true,"href":"https:\/\/uoogear.com\/pl\/wp-json\/wp\/v2\/product_tag?post=4489"}],"curies":[{"name":"wp","href":"https:\/\/api.w.org\/{rel}","templated":true}]}}