{"id":4516,"date":"2023-11-14T02:00:05","date_gmt":"2023-11-14T02:00:05","guid":{"rendered":"https:\/\/uoogear.com\/product\/factory-price-waterproof-camping-air-tent-faimly-party-event-outdoor-inflatable-tent\/"},"modified":"2023-11-30T02:24:09","modified_gmt":"2023-11-30T02:24:09","slug":"factory-price-waterproof-camping-air-tent-faimly-party-event-outdoor-inflatable-tent","status":"publish","type":"product","link":"https:\/\/uoogear.com\/pl\/produkt\/factory-price-waterproof-camping-air-tent-faimly-party-event-outdoor-inflatable-tent\/","title":{"rendered":"Cena fabryczna Wodoodporny namiot kempingowy Faimly Party Event Nadmuchiwany namiot na \u015bwie\u017cym powietrzu"},"content":{"rendered":"<ul>\n<li><strong>Obszar : <\/strong> 300*210<\/li>\n<li><strong>Tkanina: <\/strong> PCV + tkanina bawe\u0142niana + siatka poliestrowa<\/li>\n<li><strong>Indeks wodoodporno\u015bci namiotu zewn\u0119trznego: <\/strong> &gt;3000 mm<\/li>\n<li><strong>Dolny wodoodporny indeks: <\/strong> &gt;3000 mm<\/li>\n<li><strong>Rodzaj budynku : <\/strong> Budowa w oparciu o potrzeby<\/li>\n<li><strong>Styl namiotu: <\/strong> Stawka namiotowa typu tubowego<\/li>\n<li><strong>Pora roku : <\/strong> Namiot czterosezonowy<\/li>\n<li><strong>Struktura : <\/strong> Jedna sypialnia i jeden pok\u00f3j dzienny<\/li>\n<li><strong>Nazwa produktu : <\/strong> Nadmuchiwany namiot kempingowy<\/li>\n<li><strong>Stosowanie : <\/strong> Rozrywka na \u015bwie\u017cym powietrzu<\/li>\n<li><strong>Styl: <\/strong> Nowoczesny<\/li>\n<li><strong>Kolor : <\/strong> Kolor z\u0142otego piasku<\/li>\n<li><strong>Aplikacja : <\/strong> Kemping podr\u00f3\u017cniczy na \u015bwie\u017cym powietrzu<\/li>\n<li><strong>Rozmiar: <\/strong> 300*210*200<\/li>\n<li><strong>MOQ: <\/strong> 1 kawa\u0142ek<\/li>\n<li><strong>Materia\u0142 : <\/strong> PCV<\/li>\n<li><strong>Akcesoria : <\/strong> Pompa + torba transportowa + ko\u0142ki + liny<\/li>\n<li><strong>Funkcja : <\/strong> Wodoodporny<\/li>\n<\/ul>\n<div>\n<div data-magic-global=\"%7B%22bizId%22%3A2212793521237%2C%22pageId%22%3A21194920595%2C%22siteId%22%3A10003212050%7D\">\n<div>\n<div>\n<div>\n<div>\n<div>\n<div>\n<div><\/div>\n<\/div>\n<\/div>\n<\/div>\n<\/div>\n<\/div>\n<\/div>\n<div>\n<div data-section=\"AliMagic-gflxsw\" data-section-title=\"Details Images\">Szczeg\u00f3\u0142y Obrazy<\/div>\n<\/div>\n<div>\n<div>\n<div><img decoding=\"async\" src=\"\/\/sc04.alicdn.com\/kf\/H37475806ba70487c93d6b7982aa3cc20Q\/255148517\/H37475806ba70487c93d6b7982aa3cc20Q.jpg\" data-src=\"\/\/sc04.alicdn.com\/kf\/H37475806ba70487c93d6b7982aa3cc20Q\/255148517\/H37475806ba70487c93d6b7982aa3cc20Q.jpg\" \/><\/div>\n<div><img decoding=\"async\" src=\"\/\/sc04.alicdn.com\/kf\/Haad59990b4f34f76a9c982218abf33bee\/255148517\/Haad59990b4f34f76a9c982218abf33bee.jpg\" data-src=\"\/\/sc04.alicdn.com\/kf\/Haad59990b4f34f76a9c982218abf33bee\/255148517\/Haad59990b4f34f76a9c982218abf33bee.jpg\" \/><\/div>\n<div><img decoding=\"async\" src=\"\/\/sc04.alicdn.com\/kf\/H63fad25e7c4147e195846d49d2d24864e\/255148517\/H63fad25e7c4147e195846d49d2d24864e.jpg\" data-src=\"\/\/sc04.alicdn.com\/kf\/H63fad25e7c4147e195846d49d2d24864e\/255148517\/H63fad25e7c4147e195846d49d2d24864e.jpg\" \/><\/div>\n<\/div>\n<\/div>\n<div>\n<div>\n<div>\n<div>\n<div>\n<div><img decoding=\"async\" src=\"\/\/sc04.alicdn.com\/kf\/He9c856cc41994feb9bbd9f3d9db22c3fs\/255148517\/He9c856cc41994feb9bbd9f3d9db22c3fs.jpg\" data-src=\"\/\/sc04.alicdn.com\/kf\/He9c856cc41994feb9bbd9f3d9db22c3fs\/255148517\/He9c856cc41994feb9bbd9f3d9db22c3fs.jpg\" \/><\/div>\n<\/div>\n<\/div>\n<\/div>\n<\/div>\n<\/div>\n<div><\/div>\n<div>\n<div>\n<div>\n<div>\n<div><\/div>\n<\/div>\n<\/div>\n<\/div>\n<\/div>\n<\/div>\n<\/div>","protected":false},"excerpt":{"rendered":"<p>Powierzchnia: 300*210 Tkanina: PVC + tkanina bawe\u0142niana + siatka poliestrowa Na zewn\u0105trz namiotu Wska\u017anik wodoodporno\u015bci: &gt; 3000 mm Dolny wska\u017anik wodoodporno\u015bci: &gt; 3000 mm Typ budynku: Konstrukcja w oparciu o potrzeby Styl namiotu: Typ rury Stawka namiotu Sezon: Czterosezonowa konstrukcja namiotu: Jedna sypialnia i jeden salon Nazwa produktu: Nadmuchiwany namiot kempingowy<\/p>\n<div class=\"read-more\"><a class=\"btn btn-fill-out\" href=\"https:\/\/uoogear.com\/pl\/produkt\/factory-price-waterproof-camping-air-tent-faimly-party-event-outdoor-inflatable-tent\/\">Czytaj wi\u0119cej<\/a><\/div>","protected":false},"featured_media":4515,"template":"","meta":[],"product_brand":[],"product_cat":[15],"product_tag":[],"class_list":{"0":"post-4516","1":"product","2":"type-product","3":"status-publish","4":"has-post-thumbnail","6":"product_cat-uncategorized","7":"tm-no-options","9":"first","10":"instock","11":"shipping-taxable","12":"purchasable","13":"product-type-variable"},"_links":{"self":[{"href":"https:\/\/uoogear.com\/pl\/wp-json\/wp\/v2\/product\/4516","targetHints":{"allow":["GET"]}}],"collection":[{"href":"https:\/\/uoogear.com\/pl\/wp-json\/wp\/v2\/product"}],"about":[{"href":"https:\/\/uoogear.com\/pl\/wp-json\/wp\/v2\/types\/product"}],"wp:featuredmedia":[{"embeddable":true,"href":"https:\/\/uoogear.com\/pl\/wp-json\/wp\/v2\/media\/4515"}],"wp:attachment":[{"href":"https:\/\/uoogear.com\/pl\/wp-json\/wp\/v2\/media?parent=4516"}],"wp:term":[{"taxonomy":"product_brand","embeddable":true,"href":"https:\/\/uoogear.com\/pl\/wp-json\/wp\/v2\/product_brand?post=4516"},{"taxonomy":"product_cat","embeddable":true,"href":"https:\/\/uoogear.com\/pl\/wp-json\/wp\/v2\/product_cat?post=4516"},{"taxonomy":"product_tag","embeddable":true,"href":"https:\/\/uoogear.com\/pl\/wp-json\/wp\/v2\/product_tag?post=4516"}],"curies":[{"name":"wp","href":"https:\/\/api.w.org\/{rel}","templated":true}]}}