{"id":4535,"date":"2023-11-14T02:03:07","date_gmt":"2023-11-14T02:03:07","guid":{"rendered":"https:\/\/uoogear.com\/product\/wholesale-double-door-portable-waterproof-air-tent-camping-outdoor-large-family-camping-tents\/"},"modified":"2023-11-30T02:39:44","modified_gmt":"2023-11-30T02:39:44","slug":"wholesale-double-door-portable-waterproof-air-tent-camping-outdoor-large-family-camping-tents","status":"publish","type":"product","link":"https:\/\/uoogear.com\/pl\/produkt\/wholesale-double-door-portable-waterproof-air-tent-camping-outdoor-large-family-camping-tents\/","title":{"rendered":"Hurtownia podw\u00f3jnych drzwi przeno\u015bny wodoodporny namiot powietrzny Camping Outdoor du\u017ce rodzinne namioty kempingowe"},"content":{"rendered":"<ul>\n<li><strong>Tkanina: <\/strong> PCV, poliester 100%<\/li>\n<li><strong>Indeks wodoodporno\u015bci namiotu zewn\u0119trznego: <\/strong> 1000-1500 mm, 1500-2000 mm<\/li>\n<li><strong>Dolny wodoodporny indeks: <\/strong> 1000-1500 mm<\/li>\n<li><strong>Rodzaj budynku : <\/strong> Szybkie automatyczne otwieranie<\/li>\n<li><strong>Styl namiotu: <\/strong> Gra w kamufla\u017c\/pola<\/li>\n<li><strong>Pora roku : <\/strong> Namiot czterosezonowy, namiot letni, namiot czterosezonowy<\/li>\n<li><strong>Struktura : <\/strong> Jedna sypialnia<\/li>\n<li><strong>Nazwa produktu : <\/strong> rozk\u0142adane namioty kempingowe na \u015bwie\u017cym powietrzu<\/li>\n<li><strong>Wnioskodawca: <\/strong> Zaj\u0119cia na dworzu<\/li>\n<li><strong>Logo: <\/strong> Zaakceptuj niestandardowe logo<\/li>\n<li><strong>MOQ: <\/strong> 1 kawa\u0142ek<\/li>\n<li><strong>Materia\u0142 : <\/strong> Tkanina poliestrowa 100%<\/li>\n<li><strong>Pakowanie: <\/strong> Mocny karton<\/li>\n<li><strong>Rozmiar: <\/strong> Dostosowany rozmiar<\/li>\n<li><strong>S\u0142owo kluczowe: <\/strong> nadmuchiwany namiot kempingowy<\/li>\n<\/ul>\n<div>\n<div data-magic-global=\"%7B%22bizId%22%3A2212793521237%2C%22pageId%22%3A21201983243%2C%22siteId%22%3A10003212050%7D\">\n<div>\n<div data-section=\"AliMagic-mbbain\" data-section-title=\"Products Description\"><\/div>\n<\/div>\n<div>\n<div>\n<table>\n<tbody>\n<tr>\n<td>\n<div><span style=\"color: #000000; font-family: Arial;\"><span data-spm-anchor-id=\"a2700.custom-template.0.i133.65b03333DKbf22\"><strong>Nazwa produktu<\/strong><\/span><\/span><\/div>\n<\/td>\n<td>\n<div>Namiot<\/div>\n<\/td>\n<\/tr>\n<tr>\n<td>\n<div><span style=\"color: #000000; font-family: Arial;\"><strong>MOQ OEM<\/strong><\/span><\/div>\n<\/td>\n<td>\n<div><span style=\"font-family: Arial;\"><span data-spm-anchor-id=\"a2700.custom-template.0.i131.65b03333DKbf22\">Zaakceptuj dostosowan\u0105 pr\u00f3bk\u0119 \/1 zestawu<\/span><\/span><\/div>\n<\/td>\n<\/tr>\n<tr>\n<td>\n<div><span style=\"color: #000000; font-family: Arial;\"><strong>Kolor\/Kolor<\/strong><\/span><\/div>\n<\/td>\n<td>\n<div><span style=\"font-family: Arial;\"><span data-spm-anchor-id=\"a2700.custom-template.0.i132.65b03333DKbf22\">Jako zdj\u0119cie, zaakceptuj dostosowane<\/span><\/span><\/div>\n<\/td>\n<\/tr>\n<tr>\n<td>\n<div><span style=\"color: #000000; font-family: Arial;\"><span data-spm-anchor-id=\"a2700.custom-template.0.i158.65b03333DKbf22\"><strong>Pojemno\u015b\u0107<\/strong><\/span><\/span><\/div>\n<\/td>\n<td>\n<div><span style=\"font-family: Arial;\">2\/3\/4\/5\/6\/7\/8 os\u00f3b (dostosowana pojemno\u015b\u0107)<\/span><\/div>\n<\/td>\n<\/tr>\n<tr>\n<td>\n<div><strong>Rozmiar<\/strong><\/div>\n<\/td>\n<td>\n<div>Mo\u017ce wybra\u0107 rozmiar gotowych produkt\u00f3w, zaakceptowa\u0107 rozmiar niestandardowy<\/div>\n<\/td>\n<\/tr>\n<tr>\n<td>\n<div>\n<div><strong>Funkcja<\/strong><\/div>\n<\/div>\n<\/td>\n<td>\n<div><span style=\"font-family: Arial;\">Odporny na promieniowanie UV i deszcz, Oddychaj\u0105cy, Zapobiegaj\u0105cy wspania\u0142ym efektom, Du\u017ca przestrze\u0144, Stabilna konstrukcja, Dobra wydajno\u015b\u0107 wentylacji, Szerokie zastosowanie, Ma\u0142y rozmiar, \u0141atwy do przenoszenia, Konfiguracja, \u0141atwe wysuwanie, Automatyczny, Wygodny<\/span><\/div>\n<\/td>\n<\/tr>\n<\/tbody>\n<\/table>\n<\/div>\n<\/div>\n<div>\n<div data-section=\"AliMagic-paf127\" data-section-title=\"Details Images\">Szczeg\u00f3\u0142y Obrazy<\/div>\n<\/div>\n<div>\n<div>\n<div><img decoding=\"async\" src=\"\/\/sc04.alicdn.com\/kf\/Hd5c6334e6f81415d9fa15daae38b6c59D\/255148517\/Hd5c6334e6f81415d9fa15daae38b6c59D.jpg\" data-src=\"\/\/sc04.alicdn.com\/kf\/Hd5c6334e6f81415d9fa15daae38b6c59D\/255148517\/Hd5c6334e6f81415d9fa15daae38b6c59D.jpg\" \/><\/div>\n<div><img decoding=\"async\" src=\"\/\/sc04.alicdn.com\/kf\/H0d93849815d64a58844b919b5ba91fa0D\/255148517\/H0d93849815d64a58844b919b5ba91fa0D.jpg\" data-src=\"\/\/sc04.alicdn.com\/kf\/H0d93849815d64a58844b919b5ba91fa0D\/255148517\/H0d93849815d64a58844b919b5ba91fa0D.jpg\" \/><\/div>\n<div><img decoding=\"async\" src=\"\/\/sc04.alicdn.com\/kf\/Haad59990b4f34f76a9c982218abf33bee\/255148517\/Haad59990b4f34f76a9c982218abf33bee.jpg\" data-src=\"\/\/sc04.alicdn.com\/kf\/Haad59990b4f34f76a9c982218abf33bee\/255148517\/Haad59990b4f34f76a9c982218abf33bee.jpg\" \/><\/div>\n<div><img decoding=\"async\" src=\"\/\/sc04.alicdn.com\/kf\/H5fe04342932b4e4ea06d63267894a696I\/255148517\/H5fe04342932b4e4ea06d63267894a696I.jpg\" data-src=\"\/\/sc04.alicdn.com\/kf\/H5fe04342932b4e4ea06d63267894a696I\/255148517\/H5fe04342932b4e4ea06d63267894a696I.jpg\" \/><\/div>\n<div><img decoding=\"async\" src=\"\/\/sc04.alicdn.com\/kf\/H63fad25e7c4147e195846d49d2d24864e\/255148517\/H63fad25e7c4147e195846d49d2d24864e.jpg\" data-src=\"\/\/sc04.alicdn.com\/kf\/H63fad25e7c4147e195846d49d2d24864e\/255148517\/H63fad25e7c4147e195846d49d2d24864e.jpg\" \/><\/div>\n<\/div>\n<\/div>\n<div>\n<div>\n<div>\n<div>\n<div>\n<div><img decoding=\"async\" src=\"\/\/sc04.alicdn.com\/kf\/He9c856cc41994feb9bbd9f3d9db22c3fs\/255148517\/He9c856cc41994feb9bbd9f3d9db22c3fs.jpg\" data-src=\"\/\/sc04.alicdn.com\/kf\/He9c856cc41994feb9bbd9f3d9db22c3fs\/255148517\/He9c856cc41994feb9bbd9f3d9db22c3fs.jpg\" \/><\/div>\n<\/div>\n<\/div>\n<\/div>\n<\/div>\n<\/div>\n<div>\n<div>\n<div>\n<div>\n<div>\n<div><\/div>\n<\/div>\n<\/div>\n<\/div>\n<\/div>\n<\/div>\n<\/div>\n<\/div>","protected":false},"excerpt":{"rendered":"<p>Tkanina : PVC, poliester 100% Namiot zewn\u0119trzny Wska\u017anik wodoodporno\u015bci : 1000-1500 Mm, 1500-2000 Mm Wska\u017anik wodoodporno\u015bci dna : 1000-1500 Mm Typ budynku : Szybkie automatyczne otwieranie Styl namiotu : Kamufla\u017c\/Gra terenowa Sezon : Namiot czterosezonowy, namiot letni Namiot czterosezonowy Struktura: Jedna sypialnia Nazwa produktu: namioty kempingowe na \u015bwie\u017cym powietrzu Zg\u0142aszaj\u0105cy: Logo zaj\u0119\u0107 na \u015bwie\u017cym powietrzu<\/p>\n<div class=\"read-more\"><a class=\"btn btn-fill-out\" href=\"https:\/\/uoogear.com\/pl\/produkt\/wholesale-double-door-portable-waterproof-air-tent-camping-outdoor-large-family-camping-tents\/\">Czytaj wi\u0119cej<\/a><\/div>","protected":false},"featured_media":4534,"template":"","meta":[],"product_brand":[],"product_cat":[15],"product_tag":[],"class_list":{"0":"post-4535","1":"product","2":"type-product","3":"status-publish","4":"has-post-thumbnail","6":"product_cat-uncategorized","7":"tm-no-options","9":"first","10":"instock","11":"shipping-taxable","12":"purchasable","13":"product-type-variable"},"_links":{"self":[{"href":"https:\/\/uoogear.com\/pl\/wp-json\/wp\/v2\/product\/4535","targetHints":{"allow":["GET"]}}],"collection":[{"href":"https:\/\/uoogear.com\/pl\/wp-json\/wp\/v2\/product"}],"about":[{"href":"https:\/\/uoogear.com\/pl\/wp-json\/wp\/v2\/types\/product"}],"wp:featuredmedia":[{"embeddable":true,"href":"https:\/\/uoogear.com\/pl\/wp-json\/wp\/v2\/media\/4534"}],"wp:attachment":[{"href":"https:\/\/uoogear.com\/pl\/wp-json\/wp\/v2\/media?parent=4535"}],"wp:term":[{"taxonomy":"product_brand","embeddable":true,"href":"https:\/\/uoogear.com\/pl\/wp-json\/wp\/v2\/product_brand?post=4535"},{"taxonomy":"product_cat","embeddable":true,"href":"https:\/\/uoogear.com\/pl\/wp-json\/wp\/v2\/product_cat?post=4535"},{"taxonomy":"product_tag","embeddable":true,"href":"https:\/\/uoogear.com\/pl\/wp-json\/wp\/v2\/product_tag?post=4535"}],"curies":[{"name":"wp","href":"https:\/\/api.w.org\/{rel}","templated":true}]}}