{"id":4544,"date":"2023-11-14T02:04:30","date_gmt":"2023-11-14T02:04:30","guid":{"rendered":"https:\/\/uoogear.com\/product\/oem-inflatable-house-tent-camping-oxford-fabric-inflatable-camping-tent\/"},"modified":"2023-11-30T02:51:31","modified_gmt":"2023-11-30T02:51:31","slug":"oem-inflatable-house-tent-camping-oxford-fabric-inflatable-camping-tent","status":"publish","type":"product","link":"https:\/\/uoogear.com\/pl\/produkt\/oem-inflatable-house-tent-camping-oxford-fabric-inflatable-camping-tent\/","title":{"rendered":"Nadmuchiwany namiot kempingowy OEM Nadmuchiwany namiot kempingowy z tkaniny Oxford"},"content":{"rendered":"<ul>\n<li><strong>Tkanina: <\/strong> Oksford<\/li>\n<li><strong>Indeks wodoodporno\u015bci namiotu zewn\u0119trznego: <\/strong> &gt;3000 mm<\/li>\n<li><strong>Dolny wodoodporny indeks: <\/strong> &gt;3000 mm<\/li>\n<li><strong>Styl namiotu: <\/strong> Stawka namiotowa typu tubowego<\/li>\n<li><strong>Pora roku : <\/strong> Namiot czterosezonowy<\/li>\n<li><strong>Struktura : <\/strong> Jedna sypialnia i jeden pok\u00f3j dzienny<\/li>\n<li><strong>S\u0142owo kluczowe: <\/strong> Nadmuchiwany namiot kempingowy<\/li>\n<li><strong>MOQ: <\/strong> 1 zestaw<\/li>\n<li><strong>Kolor : <\/strong> Bia\u0142y (konfigurowalny kolor)<\/li>\n<li><strong>Akcesoria : <\/strong> pompa r\u0119czna, ko\u0142ki, liny wiatrowe<\/li>\n<li><strong>Logo: <\/strong> dostosowane<\/li>\n<li><strong>Rozmiar: <\/strong> 300x210x200cm<\/li>\n<li><strong>Materia\u0142 : <\/strong> 210G poliester bawe\u0142na + pcv<\/li>\n<li><strong>OEM\/ODM: <\/strong> Dopuszczalne niestandardowe<\/li>\n<li><strong>Pojemno\u015b\u0107 : <\/strong> 3-5 os\u00f3b<\/li>\n<li><strong>Nazwa produktu : <\/strong> Nadmuchiwany namiot<\/li>\n<\/ul>\n<div>\n<div data-magic-global=\"%7B%22bizId%22%3A2212793521237%2C%22pageId%22%3A21230934555%2C%22siteId%22%3A10003212050%7D\">\n<div>\n<div>\n<div>\n<div>\n<div>\n<div>\n<div><\/div>\n<\/div>\n<\/div>\n<\/div>\n<\/div>\n<\/div>\n<\/div>\n<div>\n<div data-section=\"AliMagic-x960x9\" data-section-title=\"Products Description\">Opis produkt\u00f3w<\/div>\n<\/div>\n<div>\n<div>\n<div><img decoding=\"async\" src=\"\/\/sc04.alicdn.com\/kf\/H43725afd3bec4530b9a0eefa40fd24c1h\/255148517\/H43725afd3bec4530b9a0eefa40fd24c1h.jpg\" data-src=\"\/\/sc04.alicdn.com\/kf\/H43725afd3bec4530b9a0eefa40fd24c1h\/255148517\/H43725afd3bec4530b9a0eefa40fd24c1h.jpg\" \/><\/div>\n<div><img decoding=\"async\" src=\"\/\/sc04.alicdn.com\/kf\/H0a8bb24f51674da1b39a98e1b20f54d4U\/255148517\/H0a8bb24f51674da1b39a98e1b20f54d4U.png\" data-src=\"\/\/sc04.alicdn.com\/kf\/H0a8bb24f51674da1b39a98e1b20f54d4U\/255148517\/H0a8bb24f51674da1b39a98e1b20f54d4U.png\" \/><\/div>\n<div><img decoding=\"async\" src=\"\/\/sc04.alicdn.com\/kf\/H0d93849815d64a58844b919b5ba91fa0D\/255148517\/H0d93849815d64a58844b919b5ba91fa0D.jpg\" data-src=\"\/\/sc04.alicdn.com\/kf\/H0d93849815d64a58844b919b5ba91fa0D\/255148517\/H0d93849815d64a58844b919b5ba91fa0D.jpg\" \/><\/div>\n<div><img decoding=\"async\" src=\"\/\/sc04.alicdn.com\/kf\/H6483226daf0141e9a1df7a4c0b1eb5262\/255148517\/H6483226daf0141e9a1df7a4c0b1eb5262.jpg\" data-src=\"\/\/sc04.alicdn.com\/kf\/H6483226daf0141e9a1df7a4c0b1eb5262\/255148517\/H6483226daf0141e9a1df7a4c0b1eb5262.jpg\" \/><\/div>\n<\/div>\n<\/div>\n<div><\/div>\n<div>\n<div>\n<div>\n<div>\n<div><\/div>\n<\/div>\n<\/div>\n<\/div>\n<\/div>\n<\/div>\n<\/div>","protected":false},"excerpt":{"rendered":"<p>Tkanina: Oxford Namiot zewn\u0119trzny Wska\u017anik wodoodporno\u015bci: &gt; 3000 mm Wska\u017anik wodoodporno\u015bci dna: &gt; 3000 mm Styl namiotu: Stawka namiotu typu rurowego Sezon: Czterosezonowa Struktura namiotu: Jedna sypialnia i jeden salon S\u0142owo kluczowe: Nadmuchiwany namiot kempingowy MOQ: 1 zestaw Kolor: Bia\u0142y (konfigurowalny kolor) Akcesoria: pompa r\u0119czna, ko\u0142ki, liny wiatrowe Logo<\/p>\n<div class=\"read-more\"><a class=\"btn btn-fill-out\" href=\"https:\/\/uoogear.com\/pl\/produkt\/oem-inflatable-house-tent-camping-oxford-fabric-inflatable-camping-tent\/\">Czytaj wi\u0119cej<\/a><\/div>","protected":false},"featured_media":4543,"template":"","meta":[],"product_brand":[],"product_cat":[15],"product_tag":[],"class_list":{"0":"post-4544","1":"product","2":"type-product","3":"status-publish","4":"has-post-thumbnail","6":"product_cat-uncategorized","7":"tm-no-options","9":"first","10":"instock","11":"shipping-taxable","12":"purchasable","13":"product-type-variable"},"_links":{"self":[{"href":"https:\/\/uoogear.com\/pl\/wp-json\/wp\/v2\/product\/4544","targetHints":{"allow":["GET"]}}],"collection":[{"href":"https:\/\/uoogear.com\/pl\/wp-json\/wp\/v2\/product"}],"about":[{"href":"https:\/\/uoogear.com\/pl\/wp-json\/wp\/v2\/types\/product"}],"wp:featuredmedia":[{"embeddable":true,"href":"https:\/\/uoogear.com\/pl\/wp-json\/wp\/v2\/media\/4543"}],"wp:attachment":[{"href":"https:\/\/uoogear.com\/pl\/wp-json\/wp\/v2\/media?parent=4544"}],"wp:term":[{"taxonomy":"product_brand","embeddable":true,"href":"https:\/\/uoogear.com\/pl\/wp-json\/wp\/v2\/product_brand?post=4544"},{"taxonomy":"product_cat","embeddable":true,"href":"https:\/\/uoogear.com\/pl\/wp-json\/wp\/v2\/product_cat?post=4544"},{"taxonomy":"product_tag","embeddable":true,"href":"https:\/\/uoogear.com\/pl\/wp-json\/wp\/v2\/product_tag?post=4544"}],"curies":[{"name":"wp","href":"https:\/\/api.w.org\/{rel}","templated":true}]}}