{"id":4553,"date":"2023-11-14T02:05:43","date_gmt":"2023-11-14T02:05:43","guid":{"rendered":"https:\/\/uoogear.com\/product\/luxury-large-camp-family-air-camping-tube-tent-inflatable-camping-tent\/"},"modified":"2023-11-30T02:28:10","modified_gmt":"2023-11-30T02:28:10","slug":"luxury-large-camp-family-air-camping-tube-tent-inflatable-camping-tent","status":"publish","type":"product","link":"https:\/\/uoogear.com\/pl\/produkt\/luxury-large-camp-family-air-camping-tube-tent-inflatable-camping-tent\/","title":{"rendered":"Luksusowy du\u017cy rodzinny namiot kempingowy z rur\u0105 nadmuchiwany namiot kempingowy"},"content":{"rendered":"<ul>\n<li><strong>Obszar : <\/strong> 425*765*230<\/li>\n<li><strong>Tkanina: <\/strong> PCV + tkanina bawe\u0142niana + siatka poliestrowa<\/li>\n<li><strong>Indeks wodoodporno\u015bci namiotu zewn\u0119trznego: <\/strong> &gt;3000 mm<\/li>\n<li><strong>Dolny wodoodporny indeks: <\/strong> &gt;3000 mm<\/li>\n<li><strong>Rodzaj budynku : <\/strong> Budowa w oparciu o potrzeby<\/li>\n<li><strong>Styl namiotu: <\/strong> Stawka namiotowa typu tubowego<\/li>\n<li><strong>Pora roku : <\/strong> Namiot czterosezonowy<\/li>\n<li><strong>Struktura : <\/strong> Jedna sypialnia i jeden pok\u00f3j dzienny<\/li>\n<li><strong>Nazwa produktu : <\/strong> Nadmuchiwany namiot kempingowy<\/li>\n<li><strong>Stosowanie : <\/strong> Rozrywka na \u015bwie\u017cym powietrzu<\/li>\n<li><strong>Styl: <\/strong> Nowoczesny<\/li>\n<li><strong>Aplikacja : <\/strong> Kemping podr\u00f3\u017cniczy na \u015bwie\u017cym powietrzu<\/li>\n<li><strong>Rozmiar: <\/strong> 300*200*200<\/li>\n<li><strong>MOQ: <\/strong> 1 kawa\u0142ek<\/li>\n<li><strong>Materia\u0142 : <\/strong> tkanina oxford<\/li>\n<li><strong>Akcesoria : <\/strong> Pompa + torba transportowa + ko\u0142ki + liny<\/li>\n<li><strong>Funkcja : <\/strong> Wodoodporny<\/li>\n<li><strong>Logo: <\/strong> Dostosowane logo Zaakceptuj<\/li>\n<\/ul>\n<div>\n<div data-magic-global=\"%7B%22bizId%22%3A2212793521237%2C%22pageId%22%3A21231189101%2C%22siteId%22%3A10003212050%7D\">\n<div>\n<div data-section=\"AliMagic-pe973p\" data-section-title=\"Products Description\">Opis produkt\u00f3w<\/div>\n<\/div>\n<div>\n<div>\n<table>\n<tbody>\n<tr>\n<td>\n<div><span style=\"color: #000000; font-family: Arial;\"><span data-spm-anchor-id=\"a2700.custom-template.0.i133.65b03333DKbf22\"><strong>Nazwa produktu<\/strong><\/span><\/span><\/div>\n<\/td>\n<td>\n<div>Nadmuchiwany namiot powietrzny<\/div>\n<\/td>\n<\/tr>\n<tr>\n<td>\n<div><span style=\"color: #000000; font-family: Arial;\"><strong>MOQ OEM<\/strong><\/span><\/div>\n<\/td>\n<td>\n<div><span style=\"font-family: Arial;\"><span data-spm-anchor-id=\"a2700.custom-template.0.i131.65b03333DKbf22\">Zaakceptuj dostosowan\u0105 pr\u00f3bk\u0119 \/1 zestawu<\/span><\/span><\/div>\n<\/td>\n<\/tr>\n<tr>\n<td>\n<div><span style=\"color: #000000; font-family: Arial;\"><strong>Kolor\/Kolor<\/strong><\/span><\/div>\n<\/td>\n<td>\n<div><span style=\"font-family: Arial;\"><span data-spm-anchor-id=\"a2700.custom-template.0.i132.65b03333DKbf22\">Jako zdj\u0119cie, zaakceptuj dostosowane<\/span><\/span><\/div>\n<\/td>\n<\/tr>\n<tr>\n<td>\n<div><span style=\"color: #000000; font-family: Arial;\"><span data-spm-anchor-id=\"a2700.custom-template.0.i158.65b03333DKbf22\"><strong>Pojemno\u015b\u0107<\/strong><\/span><\/span><\/div>\n<\/td>\n<td>\n<div><span style=\"font-family: Arial;\">2\/3\/4\/5\/6\/7\/8+ os\u00f3b (dostosowana pojemno\u015b\u0107)<\/span><\/div>\n<\/td>\n<\/tr>\n<tr>\n<td>\n<div><strong>Rozmiar<\/strong><\/div>\n<\/td>\n<td>\n<div>Mo\u017ce wybra\u0107 rozmiar gotowych produkt\u00f3w, zaakceptowa\u0107 rozmiar niestandardowy<\/div>\n<\/td>\n<\/tr>\n<tr>\n<td>\n<div>\n<div><strong>Funkcja<\/strong><\/div>\n<\/div>\n<\/td>\n<td>\n<div><span style=\"font-family: Arial;\">Odporny na promieniowanie UV i deszcz, Oddychaj\u0105cy, Zapobiegaj\u0105cy wspania\u0142ym efektom, Du\u017ca przestrze\u0144, Stabilna konstrukcja, Dobra wydajno\u015b\u0107 wentylacji, Szerokie zastosowanie, Ma\u0142y rozmiar, \u0141atwy do przenoszenia, Konfiguracja, \u0141atwe wysuwanie, Automatyczny, Wygodny<\/span><\/div>\n<\/td>\n<\/tr>\n<\/tbody>\n<\/table>\n<\/div>\n<\/div>\n<div>\n<div data-section=\"AliMagic-35z5fs\" data-section-title=\"Details Images\">Szczeg\u00f3\u0142y Obrazy<\/div>\n<\/div>\n<div>\n<div>\n<div><img decoding=\"async\" src=\"\/\/sc04.alicdn.com\/kf\/Haafb2d361cd44af19d842c574a8be9c0a\/255148517\/Haafb2d361cd44af19d842c574a8be9c0a.jpg\" data-src=\"\/\/sc04.alicdn.com\/kf\/Haafb2d361cd44af19d842c574a8be9c0a\/255148517\/Haafb2d361cd44af19d842c574a8be9c0a.jpg\" \/><\/div>\n<div><img decoding=\"async\" src=\"\/\/sc04.alicdn.com\/kf\/Hcda24c9a46d945ee8b5f1f076c78f213G\/255148517\/Hcda24c9a46d945ee8b5f1f076c78f213G.jpg\" data-src=\"\/\/sc04.alicdn.com\/kf\/Hcda24c9a46d945ee8b5f1f076c78f213G\/255148517\/Hcda24c9a46d945ee8b5f1f076c78f213G.jpg\" \/><\/div>\n<div><img decoding=\"async\" src=\"\/\/sc04.alicdn.com\/kf\/Hf9cabfe17c6e4b3489a3c7da3542d4a5X\/255148517\/Hf9cabfe17c6e4b3489a3c7da3542d4a5X.jpg\" data-src=\"\/\/sc04.alicdn.com\/kf\/Hf9cabfe17c6e4b3489a3c7da3542d4a5X\/255148517\/Hf9cabfe17c6e4b3489a3c7da3542d4a5X.jpg\" \/><\/div>\n<div><img decoding=\"async\" src=\"\/\/sc04.alicdn.com\/kf\/H91a36315feda48d193ce3a2bb7626917u\/255148517\/H91a36315feda48d193ce3a2bb7626917u.jpg\" data-src=\"\/\/sc04.alicdn.com\/kf\/H91a36315feda48d193ce3a2bb7626917u\/255148517\/H91a36315feda48d193ce3a2bb7626917u.jpg\" \/><\/div>\n<div><img decoding=\"async\" src=\"\/\/sc04.alicdn.com\/kf\/H0da1ec85968b4918a9dc3aeefb9647bdL\/255148517\/H0da1ec85968b4918a9dc3aeefb9647bdL.jpg\" data-src=\"\/\/sc04.alicdn.com\/kf\/H0da1ec85968b4918a9dc3aeefb9647bdL\/255148517\/H0da1ec85968b4918a9dc3aeefb9647bdL.jpg\" \/><\/div>\n<div><img decoding=\"async\" src=\"\/\/sc04.alicdn.com\/kf\/H9756963b359740e4831f1ce3934c0dfde\/255148517\/H9756963b359740e4831f1ce3934c0dfde.jpg\" data-src=\"\/\/sc04.alicdn.com\/kf\/H9756963b359740e4831f1ce3934c0dfde\/255148517\/H9756963b359740e4831f1ce3934c0dfde.jpg\" \/><\/div>\n<\/div>\n<\/div>\n<div><\/div>\n<\/div>\n<\/div>","protected":false},"excerpt":{"rendered":"<p>Powierzchnia: 425*765*230 Tkanina: PVC + tkanina bawe\u0142niana + siatka poliestrowa Namiot zewn\u0119trzny Wska\u017anik wodoodporno\u015bci: &gt; 3000 mm Wska\u017anik wodoodporno\u015bci dna: &gt; 3000 mm Typ budynku: Konstrukcja w oparciu o potrzeby Styl namiotu: Typ tuby Stawka namiotu Sezon: Namiot czterosezonowy Struktura: Jedna sypialnia i jeden salon Nazwa produktu: Nadmuchiwany namiot kempingowy<\/p>\n<div class=\"read-more\"><a class=\"btn btn-fill-out\" href=\"https:\/\/uoogear.com\/pl\/produkt\/luxury-large-camp-family-air-camping-tube-tent-inflatable-camping-tent\/\">Czytaj wi\u0119cej<\/a><\/div>","protected":false},"featured_media":4552,"template":"","meta":[],"product_brand":[],"product_cat":[15],"product_tag":[],"class_list":{"0":"post-4553","1":"product","2":"type-product","3":"status-publish","4":"has-post-thumbnail","6":"product_cat-uncategorized","7":"tm-no-options","9":"first","10":"instock","11":"shipping-taxable","12":"purchasable","13":"product-type-variable"},"_links":{"self":[{"href":"https:\/\/uoogear.com\/pl\/wp-json\/wp\/v2\/product\/4553","targetHints":{"allow":["GET"]}}],"collection":[{"href":"https:\/\/uoogear.com\/pl\/wp-json\/wp\/v2\/product"}],"about":[{"href":"https:\/\/uoogear.com\/pl\/wp-json\/wp\/v2\/types\/product"}],"wp:featuredmedia":[{"embeddable":true,"href":"https:\/\/uoogear.com\/pl\/wp-json\/wp\/v2\/media\/4552"}],"wp:attachment":[{"href":"https:\/\/uoogear.com\/pl\/wp-json\/wp\/v2\/media?parent=4553"}],"wp:term":[{"taxonomy":"product_brand","embeddable":true,"href":"https:\/\/uoogear.com\/pl\/wp-json\/wp\/v2\/product_brand?post=4553"},{"taxonomy":"product_cat","embeddable":true,"href":"https:\/\/uoogear.com\/pl\/wp-json\/wp\/v2\/product_cat?post=4553"},{"taxonomy":"product_tag","embeddable":true,"href":"https:\/\/uoogear.com\/pl\/wp-json\/wp\/v2\/product_tag?post=4553"}],"curies":[{"name":"wp","href":"https:\/\/api.w.org\/{rel}","templated":true}]}}