{"id":4604,"date":"2023-11-14T02:08:20","date_gmt":"2023-11-14T02:08:20","guid":{"rendered":"https:\/\/uoogear.com\/product\/arab-qatar-inflatable-camping-air-tent-waterproof-inflatable-outdoor-camping-tent\/"},"modified":"2023-11-30T02:40:37","modified_gmt":"2023-11-30T02:40:37","slug":"arab-qatar-inflatable-camping-air-tent-waterproof-inflatable-outdoor-camping-tent","status":"publish","type":"product","link":"https:\/\/uoogear.com\/pl\/produkt\/arab-qatar-inflatable-camping-air-tent-waterproof-inflatable-outdoor-camping-tent\/","title":{"rendered":"Arabski\/katar nadmuchiwany namiot kempingowy wodoodporny, nadmuchiwany namiot kempingowy na zewn\u0105trz"},"content":{"rendered":"<ul>\n<li><strong>Obszar : <\/strong> 6m\u00b2<\/li>\n<li><strong>Tkanina: <\/strong> Poliester<\/li>\n<li><strong>Indeks wodoodporno\u015bci namiotu zewn\u0119trznego: <\/strong> &gt;3000 mm<\/li>\n<li><strong>Dolny wodoodporny indeks: <\/strong> &gt;3000 mm<\/li>\n<li><strong>Styl namiotu: <\/strong> Typ rozszerzony<\/li>\n<li><strong>Pora roku : <\/strong> Namiot czterosezonowy<\/li>\n<li><strong>Struktura : <\/strong> Jedna sypialnia i jeden pok\u00f3j dzienny<\/li>\n<li><strong>S\u0142owo kluczowe: <\/strong> Nadmuchiwany namiot kempingowy<\/li>\n<li><strong>MOQ: <\/strong> 1 zestaw<\/li>\n<li><strong>Akcesoria : <\/strong> pompa r\u0119czna, ko\u0142ki, liny wiatrowe<\/li>\n<li><strong>Logo: <\/strong> dostosowane<\/li>\n<li><strong>Rozmiar: <\/strong> 6m\u00b2<\/li>\n<li><strong>Materia\u0142 : <\/strong> poliester bawe\u0142na + pcv<\/li>\n<li><strong>OEM\/ODM: <\/strong> Dopuszczalne niestandardowe<\/li>\n<li><strong>Pojemno\u015b\u0107 : <\/strong> 5+ os\u00f3b<\/li>\n<li><strong>Nazwa produktu : <\/strong> Nadmuchiwany namiot kempingowy<\/li>\n<li><strong>Funkcja: <\/strong> Ochrona przed s\u0142o\u0144cem i deszczem<\/li>\n<\/ul>\n<div>\n<div data-magic-global=\"%7B%22bizId%22%3A2212793521237%2C%22pageId%22%3A21262171805%2C%22siteId%22%3A10003212050%7D\">\n<div>\n<div data-section=\"AliMagic-mkpsgh\" data-section-title=\"Products Description\">Opis produkt\u00f3w<\/div>\n<\/div>\n<div>\n<div>\n<div><img decoding=\"async\" src=\"\/\/sc04.alicdn.com\/kf\/He4c3298ed6eb4e39bb6b5339319bad064\/255148517\/He4c3298ed6eb4e39bb6b5339319bad064.jpg\" data-src=\"\/\/sc04.alicdn.com\/kf\/He4c3298ed6eb4e39bb6b5339319bad064\/255148517\/He4c3298ed6eb4e39bb6b5339319bad064.jpg\" \/><\/div>\n<div><img decoding=\"async\" src=\"\/\/sc04.alicdn.com\/kf\/Hb9f73be253b34358b75bcfd954e38b10I\/255148517\/Hb9f73be253b34358b75bcfd954e38b10I.jpg\" data-src=\"\/\/sc04.alicdn.com\/kf\/Hb9f73be253b34358b75bcfd954e38b10I\/255148517\/Hb9f73be253b34358b75bcfd954e38b10I.jpg\" \/><\/div>\n<div><img decoding=\"async\" src=\"\/\/sc04.alicdn.com\/kf\/H32545585c7004bd6808990c88d472837F\/255148517\/H32545585c7004bd6808990c88d472837F.jpg\" data-src=\"\/\/sc04.alicdn.com\/kf\/H32545585c7004bd6808990c88d472837F\/255148517\/H32545585c7004bd6808990c88d472837F.jpg\" \/><\/div>\n<div><img decoding=\"async\" src=\"\/\/sc04.alicdn.com\/kf\/Hf29ff734bb5449f194b74f58cc63cc14x\/255148517\/Hf29ff734bb5449f194b74f58cc63cc14x.jpg\" data-src=\"\/\/sc04.alicdn.com\/kf\/Hf29ff734bb5449f194b74f58cc63cc14x\/255148517\/Hf29ff734bb5449f194b74f58cc63cc14x.jpg\" \/><\/div>\n<\/div>\n<\/div>\n<div><\/div>\n<div>\n<div>\n<div>\n<div>\n<div><\/div>\n<\/div>\n<\/div>\n<\/div>\n<\/div>\n<\/div>\n<\/div>","protected":false},"excerpt":{"rendered":"<p>Powierzchnia: 6m\u00b2 Tkanina: Poliester Namiot zewn\u0119trzny Wska\u017anik wodoodporno\u015bci: &gt; 3000 mm Wska\u017anik wodoodporno\u015bci dna: &gt; 3000 mm Styl namiotu: Typ rozszerzony Sezon: Czterosezonowy Struktura namiotu: Jedna sypialnia i jeden salon S\u0142owo kluczowe: Nadmuchiwany namiot kempingowy MOQ: 1 zestaw akcesori\u00f3w : pompa r\u0119czna, ko\u0142ki, liny wiatrowe Logo : dostosowane Rozmiar :<\/p>\n<div class=\"read-more\"><a class=\"btn btn-fill-out\" href=\"https:\/\/uoogear.com\/pl\/produkt\/arab-qatar-inflatable-camping-air-tent-waterproof-inflatable-outdoor-camping-tent\/\">Czytaj wi\u0119cej<\/a><\/div>","protected":false},"featured_media":4603,"template":"","meta":[],"product_brand":[],"product_cat":[15],"product_tag":[],"class_list":{"0":"post-4604","1":"product","2":"type-product","3":"status-publish","4":"has-post-thumbnail","6":"product_cat-uncategorized","7":"tm-no-options","9":"first","10":"instock","11":"shipping-taxable","12":"purchasable","13":"product-type-variable"},"_links":{"self":[{"href":"https:\/\/uoogear.com\/pl\/wp-json\/wp\/v2\/product\/4604","targetHints":{"allow":["GET"]}}],"collection":[{"href":"https:\/\/uoogear.com\/pl\/wp-json\/wp\/v2\/product"}],"about":[{"href":"https:\/\/uoogear.com\/pl\/wp-json\/wp\/v2\/types\/product"}],"wp:featuredmedia":[{"embeddable":true,"href":"https:\/\/uoogear.com\/pl\/wp-json\/wp\/v2\/media\/4603"}],"wp:attachment":[{"href":"https:\/\/uoogear.com\/pl\/wp-json\/wp\/v2\/media?parent=4604"}],"wp:term":[{"taxonomy":"product_brand","embeddable":true,"href":"https:\/\/uoogear.com\/pl\/wp-json\/wp\/v2\/product_brand?post=4604"},{"taxonomy":"product_cat","embeddable":true,"href":"https:\/\/uoogear.com\/pl\/wp-json\/wp\/v2\/product_cat?post=4604"},{"taxonomy":"product_tag","embeddable":true,"href":"https:\/\/uoogear.com\/pl\/wp-json\/wp\/v2\/product_tag?post=4604"}],"curies":[{"name":"wp","href":"https:\/\/api.w.org\/{rel}","templated":true}]}}