{"id":4624,"date":"2023-11-14T02:10:23","date_gmt":"2023-11-14T02:10:23","guid":{"rendered":"https:\/\/uoogear.com\/product\/hot-sale-outdoor-family-camping-tent-waterproof-glamping-big-inflatable-tent\/"},"modified":"2023-11-30T02:41:12","modified_gmt":"2023-11-30T02:41:12","slug":"hot-sale-outdoor-family-camping-tent-waterproof-glamping-big-inflatable-tent","status":"publish","type":"product","link":"https:\/\/uoogear.com\/pl\/produkt\/hot-sale-outdoor-family-camping-tent-waterproof-glamping-big-inflatable-tent\/","title":{"rendered":"Gor\u0105ca sprzeda\u017c Namiot rodzinny na \u015bwie\u017cym powietrzu Wodoodporny du\u017cy nadmuchiwany namiot glampingowy"},"content":{"rendered":"<ul>\n<li><strong>Tkanina: <\/strong> Poliester<\/li>\n<li><strong>Indeks wodoodporno\u015bci namiotu zewn\u0119trznego: <\/strong> &gt;3000 mm<\/li>\n<li><strong>Dolny wodoodporny indeks: <\/strong> &gt;3000 mm<\/li>\n<li><strong>Rodzaj budynku : <\/strong> Szybkie automatyczne otwieranie<\/li>\n<li><strong>Styl namiotu: <\/strong> Stawka namiotowa typu tubowego<\/li>\n<li><strong>Pora roku : <\/strong> Namiot czterosezonowy<\/li>\n<li><strong>Struktura : <\/strong> Jedna sypialnia i jeden pok\u00f3j dzienny<\/li>\n<li><strong>Nazwa produktu : <\/strong> Nadmuchiwany namiot kempingowy<\/li>\n<li><strong>Stosowanie : <\/strong> Rozrywka na \u015bwie\u017cym powietrzu<\/li>\n<li><strong>Aplikacja : <\/strong> Kemping podr\u00f3\u017cniczy na \u015bwie\u017cym powietrzu<\/li>\n<li><strong>MOQ: <\/strong> 1 kawa\u0142ek<\/li>\n<li><strong>Materia\u0142 : <\/strong> Poliester + rurka PCV<\/li>\n<li><strong>Akcesoria : <\/strong> Pompa + torba transportowa + ko\u0142ki + liny<\/li>\n<li><strong>Funkcja : <\/strong> Wodoodporny<\/li>\n<li><strong>Logo: <\/strong> Dostosowane logo Zaakceptuj<\/li>\n<li><strong>Polak: <\/strong> S\u0142up Powietrzny<\/li>\n<li><strong>Rozmiar: <\/strong> 12 metr\u00f3w kwadratowych<\/li>\n<\/ul>\n<div>\n<div data-magic-global=\"%7B%22bizId%22%3A2212793521237%2C%22pageId%22%3A21245598777%2C%22siteId%22%3A10003212050%7D\">\n<div>\n<div data-section=\"AliMagic-rab3gu\" data-section-title=\"Products Description\">Opis produkt\u00f3w<\/div>\n<\/div>\n<div>\n<div><img decoding=\"async\" src=\"\/\/sc04.alicdn.com\/kf\/Hd02a6200a35f49b3ad6d658f451aba282\/255148517\/Hd02a6200a35f49b3ad6d658f451aba282.jpg\" data-src=\"\/\/sc04.alicdn.com\/kf\/Hd02a6200a35f49b3ad6d658f451aba282\/255148517\/Hd02a6200a35f49b3ad6d658f451aba282.jpg\" \/><\/div>\n<div><img decoding=\"async\" src=\"\/\/sc04.alicdn.com\/kf\/H5ff1f50e95fd471ba75c93f886feb5dd2\/255148517\/H5ff1f50e95fd471ba75c93f886feb5dd2.jpg\" data-src=\"\/\/sc04.alicdn.com\/kf\/H5ff1f50e95fd471ba75c93f886feb5dd2\/255148517\/H5ff1f50e95fd471ba75c93f886feb5dd2.jpg\" \/><\/div>\n<div><img decoding=\"async\" src=\"\/\/sc04.alicdn.com\/kf\/Hdd68115b2183478a89ce16f03d26bf6fm\/255148517\/Hdd68115b2183478a89ce16f03d26bf6fm.jpg\" data-src=\"\/\/sc04.alicdn.com\/kf\/Hdd68115b2183478a89ce16f03d26bf6fm\/255148517\/Hdd68115b2183478a89ce16f03d26bf6fm.jpg\" \/><\/div>\n<div><img decoding=\"async\" src=\"\/\/sc04.alicdn.com\/kf\/H16f145f44a28426a8a5de6f0c42ddc26E\/255148517\/H16f145f44a28426a8a5de6f0c42ddc26E.jpg\" data-src=\"\/\/sc04.alicdn.com\/kf\/H16f145f44a28426a8a5de6f0c42ddc26E\/255148517\/H16f145f44a28426a8a5de6f0c42ddc26E.jpg\" \/><\/div>\n<div><img decoding=\"async\" src=\"\/\/sc04.alicdn.com\/kf\/H9737a208f54a44d99b55837f97ef230dI\/255148517\/H9737a208f54a44d99b55837f97ef230dI.jpg\" data-src=\"\/\/sc04.alicdn.com\/kf\/H9737a208f54a44d99b55837f97ef230dI\/255148517\/H9737a208f54a44d99b55837f97ef230dI.jpg\" \/><\/div>\n<div><img decoding=\"async\" src=\"\/\/sc04.alicdn.com\/kf\/Hee21bf6b609b46d2b0dc3e0806601ffdA\/255148517\/Hee21bf6b609b46d2b0dc3e0806601ffdA.jpg\" data-src=\"\/\/sc04.alicdn.com\/kf\/Hee21bf6b609b46d2b0dc3e0806601ffdA\/255148517\/Hee21bf6b609b46d2b0dc3e0806601ffdA.jpg\" \/><\/div>\n<div><img decoding=\"async\" src=\"\/\/sc04.alicdn.com\/kf\/Hc4d1cfb452ec45a9b4c5e77eff449d49L\/255148517\/Hc4d1cfb452ec45a9b4c5e77eff449d49L.jpg\" data-src=\"\/\/sc04.alicdn.com\/kf\/Hc4d1cfb452ec45a9b4c5e77eff449d49L\/255148517\/Hc4d1cfb452ec45a9b4c5e77eff449d49L.jpg\" \/><\/div>\n<div><img decoding=\"async\" src=\"\/\/sc04.alicdn.com\/kf\/H4f724a50baa94b7aaa3235a655a38a821\/255148517\/H4f724a50baa94b7aaa3235a655a38a821.jpg\" data-src=\"\/\/sc04.alicdn.com\/kf\/H4f724a50baa94b7aaa3235a655a38a821\/255148517\/H4f724a50baa94b7aaa3235a655a38a821.jpg\" \/><\/div>\n<div><\/div>\n<\/div>\n<\/div>\n<\/div>","protected":false},"excerpt":{"rendered":"<p>Tkanina: Poliester Namiot zewn\u0119trzny Wska\u017anik wodoodporno\u015bci: &gt; 3000 mm Wska\u017anik wodoodporno\u015bci dna: &gt; 3000 mm Typ budynku: Szybkie automatyczne otwieranie Styl namiotu: Typ rury Stawka namiotu Sezon: Czterosezonowa Konstrukcja namiotu: Jedna sypialnia i jeden salon Nazwa produktu: Nadmuchiwany kemping U\u017cycie namiotu: Rozrywka na \u015bwie\u017cym powietrzu Zastosowanie: Podr\u00f3\u017ce na \u015bwie\u017cym powietrzu<\/p>\n<div class=\"read-more\"><a class=\"btn btn-fill-out\" href=\"https:\/\/uoogear.com\/pl\/produkt\/hot-sale-outdoor-family-camping-tent-waterproof-glamping-big-inflatable-tent\/\">Czytaj wi\u0119cej<\/a><\/div>","protected":false},"featured_media":4623,"template":"","meta":[],"product_brand":[],"product_cat":[15],"product_tag":[],"class_list":{"0":"post-4624","1":"product","2":"type-product","3":"status-publish","4":"has-post-thumbnail","6":"product_cat-uncategorized","7":"tm-no-options","9":"first","10":"instock","11":"shipping-taxable","12":"purchasable","13":"product-type-variable"},"_links":{"self":[{"href":"https:\/\/uoogear.com\/pl\/wp-json\/wp\/v2\/product\/4624","targetHints":{"allow":["GET"]}}],"collection":[{"href":"https:\/\/uoogear.com\/pl\/wp-json\/wp\/v2\/product"}],"about":[{"href":"https:\/\/uoogear.com\/pl\/wp-json\/wp\/v2\/types\/product"}],"wp:featuredmedia":[{"embeddable":true,"href":"https:\/\/uoogear.com\/pl\/wp-json\/wp\/v2\/media\/4623"}],"wp:attachment":[{"href":"https:\/\/uoogear.com\/pl\/wp-json\/wp\/v2\/media?parent=4624"}],"wp:term":[{"taxonomy":"product_brand","embeddable":true,"href":"https:\/\/uoogear.com\/pl\/wp-json\/wp\/v2\/product_brand?post=4624"},{"taxonomy":"product_cat","embeddable":true,"href":"https:\/\/uoogear.com\/pl\/wp-json\/wp\/v2\/product_cat?post=4624"},{"taxonomy":"product_tag","embeddable":true,"href":"https:\/\/uoogear.com\/pl\/wp-json\/wp\/v2\/product_tag?post=4624"}],"curies":[{"name":"wp","href":"https:\/\/api.w.org\/{rel}","templated":true}]}}