{"id":4640,"date":"2023-11-14T02:11:42","date_gmt":"2023-11-14T02:11:42","guid":{"rendered":"https:\/\/uoogear.com\/product\/air-tube-outdoor-tent-house-thickened-large-luxury-inflatable-camping-tent-with-sun-and-rain-protection-house-tent-5-8-people\/"},"modified":"2023-11-30T02:54:24","modified_gmt":"2023-11-30T02:54:24","slug":"air-tube-outdoor-tent-house-thickened-large-luxury-inflatable-camping-tent-with-sun-and-rain-protection-house-tent-5-8-people","status":"publish","type":"product","link":"https:\/\/uoogear.com\/pl\/produkt\/air-tube-outdoor-tent-house-thickened-large-luxury-inflatable-camping-tent-with-sun-and-rain-protection-house-tent-5-8-people\/","title":{"rendered":"Nadmuchiwany namiot na zewn\u0105trz z rurk\u0105 powietrzn\u0105 zag\u0119szczony du\u017cy luksusowy nadmuchiwany namiot kempingowy z ochron\u0105 przed s\u0142o\u0144cem i deszczem namiot domowy 5-8 os\u00f3b"},"content":{"rendered":"<ul>\n<li><strong>Obszar : <\/strong> 300*210<\/li>\n<li><strong>Tkanina: <\/strong> PCV + tkanina bawe\u0142niana + siatka poliestrowa<\/li>\n<li><strong>Indeks wodoodporno\u015bci namiotu zewn\u0119trznego: <\/strong> &gt;3000 mm<\/li>\n<li><strong>Dolny wodoodporny indeks: <\/strong> &gt;3000 mm<\/li>\n<li><strong>Rodzaj budynku : <\/strong> Szybkie automatyczne otwieranie<\/li>\n<li><strong>Styl namiotu: <\/strong> Stawka namiotowa typu tubowego<\/li>\n<li><strong>Pora roku : <\/strong> Namiot czterosezonowy<\/li>\n<li><strong>Struktura : <\/strong> Dwie sypialnie i jeden pok\u00f3j dzienny<\/li>\n<li><strong>Nazwa produktu : <\/strong> Nadmuchiwany namiot kempingowy<\/li>\n<li><strong>Stosowanie : <\/strong> Rozrywka na \u015bwie\u017cym powietrzu<\/li>\n<li><strong>Styl: <\/strong> Nowoczesny<\/li>\n<li><strong>Kolor : <\/strong> Kolor z\u0142otego piasku<\/li>\n<li><strong>Aplikacja : <\/strong> Kemping podr\u00f3\u017cniczy na \u015bwie\u017cym powietrzu<\/li>\n<li><strong>MOQ: <\/strong> 1 kawa\u0142ek<\/li>\n<li><strong>Materia\u0142 : <\/strong> PCV<\/li>\n<li><strong>Akcesoria : <\/strong> Pompa + torba transportowa + ko\u0142ki + liny<\/li>\n<li><strong>Funkcja : <\/strong> Wodoodporny<\/li>\n<li><strong>S\u0142owo kluczowe: <\/strong> Kemping w namiocie powietrznym<\/li>\n<\/ul>\n<div>\n<div data-magic-global=\"%7B%22bizId%22%3A2212793521237%2C%22pageId%22%3A21238606057%2C%22siteId%22%3A10003212050%7D\">\n<div>\n<div data-section=\"AliMagic-sw9w4v\" data-section-title=\"Products Description\">Opis produkt\u00f3w<\/div>\n<\/div>\n<div>\n<div>\n<div><img decoding=\"async\" src=\"\/\/sc04.alicdn.com\/kf\/H06244c93f23646709f49ef10c932ef33k\/255148517\/H06244c93f23646709f49ef10c932ef33k.jpg\" data-src=\"\/\/sc04.alicdn.com\/kf\/H06244c93f23646709f49ef10c932ef33k\/255148517\/H06244c93f23646709f49ef10c932ef33k.jpg\" \/><\/div>\n<div><img decoding=\"async\" src=\"\/\/sc04.alicdn.com\/kf\/H23b90ba542404970ae8a9afd66e8be2c2\/255148517\/H23b90ba542404970ae8a9afd66e8be2c2.jpg\" data-src=\"\/\/sc04.alicdn.com\/kf\/H23b90ba542404970ae8a9afd66e8be2c2\/255148517\/H23b90ba542404970ae8a9afd66e8be2c2.jpg\" \/><\/div>\n<div><img decoding=\"async\" src=\"\/\/sc04.alicdn.com\/kf\/H0790707e7b82488c962b149dc65894653\/255148517\/H0790707e7b82488c962b149dc65894653.jpg\" data-src=\"\/\/sc04.alicdn.com\/kf\/H0790707e7b82488c962b149dc65894653\/255148517\/H0790707e7b82488c962b149dc65894653.jpg\" \/><\/div>\n<div><img decoding=\"async\" src=\"\/\/sc04.alicdn.com\/kf\/He9b35c7be9684d3a887c81b7fcd49469L\/255148517\/He9b35c7be9684d3a887c81b7fcd49469L.jpg\" data-src=\"\/\/sc04.alicdn.com\/kf\/He9b35c7be9684d3a887c81b7fcd49469L\/255148517\/He9b35c7be9684d3a887c81b7fcd49469L.jpg\" \/><\/div>\n<div><img decoding=\"async\" src=\"\/\/sc04.alicdn.com\/kf\/Hf611cc01ff934bd88851633989c47d4dQ\/255148517\/Hf611cc01ff934bd88851633989c47d4dQ.jpg\" data-src=\"\/\/sc04.alicdn.com\/kf\/Hf611cc01ff934bd88851633989c47d4dQ\/255148517\/Hf611cc01ff934bd88851633989c47d4dQ.jpg\" \/><\/div>\n<div><img decoding=\"async\" src=\"\/\/sc04.alicdn.com\/kf\/H09c831a4acdc4ca0ba41d1c15a99f583v\/255148517\/H09c831a4acdc4ca0ba41d1c15a99f583v.jpg\" data-src=\"\/\/sc04.alicdn.com\/kf\/H09c831a4acdc4ca0ba41d1c15a99f583v\/255148517\/H09c831a4acdc4ca0ba41d1c15a99f583v.jpg\" \/><\/div>\n<div><img decoding=\"async\" src=\"\/\/sc04.alicdn.com\/kf\/Hcf417f3199b64eada64d0b6c264b511eZ\/255148517\/Hcf417f3199b64eada64d0b6c264b511eZ.jpg\" data-src=\"\/\/sc04.alicdn.com\/kf\/Hcf417f3199b64eada64d0b6c264b511eZ\/255148517\/Hcf417f3199b64eada64d0b6c264b511eZ.jpg\" \/><\/div>\n<div><img decoding=\"async\" src=\"\/\/sc04.alicdn.com\/kf\/H361f5a78ed5348abb04698aa25bbe5dcW\/255148517\/H361f5a78ed5348abb04698aa25bbe5dcW.jpg\" data-src=\"\/\/sc04.alicdn.com\/kf\/H361f5a78ed5348abb04698aa25bbe5dcW\/255148517\/H361f5a78ed5348abb04698aa25bbe5dcW.jpg\" \/><\/div>\n<\/div>\n<\/div>\n<div><\/div>\n<div>\n<div>\n<div>\n<div>\n<div><\/div>\n<\/div>\n<\/div>\n<\/div>\n<\/div>\n<\/div>\n<\/div>","protected":false},"excerpt":{"rendered":"<p>Powierzchnia: 300*210 Tkanina: PVC + tkanina bawe\u0142niana + siatka poliestrowa Na zewn\u0105trz namiotu Wska\u017anik wodoodporno\u015bci: &gt; 3000 mm Wska\u017anik wodoodporno\u015bci dna: &gt; 3000 mm Typ budynku: Szybkie automatyczne otwieranie Styl namiotu: Typ rury Stawka namiotu Sezon: Czterosezonowa konstrukcja namiotu: Dwa Sypialnie i jeden pok\u00f3j dzienny Nazwa produktu: Nadmuchiwany namiot kempingowy<\/p>\n<div class=\"read-more\"><a class=\"btn btn-fill-out\" href=\"https:\/\/uoogear.com\/pl\/produkt\/air-tube-outdoor-tent-house-thickened-large-luxury-inflatable-camping-tent-with-sun-and-rain-protection-house-tent-5-8-people\/\">Czytaj wi\u0119cej<\/a><\/div>","protected":false},"featured_media":4639,"template":"","meta":[],"product_brand":[],"product_cat":[15],"product_tag":[],"class_list":{"0":"post-4640","1":"product","2":"type-product","3":"status-publish","4":"has-post-thumbnail","6":"product_cat-uncategorized","7":"tm-no-options","9":"first","10":"instock","11":"shipping-taxable","12":"purchasable","13":"product-type-variable"},"_links":{"self":[{"href":"https:\/\/uoogear.com\/pl\/wp-json\/wp\/v2\/product\/4640","targetHints":{"allow":["GET"]}}],"collection":[{"href":"https:\/\/uoogear.com\/pl\/wp-json\/wp\/v2\/product"}],"about":[{"href":"https:\/\/uoogear.com\/pl\/wp-json\/wp\/v2\/types\/product"}],"wp:featuredmedia":[{"embeddable":true,"href":"https:\/\/uoogear.com\/pl\/wp-json\/wp\/v2\/media\/4639"}],"wp:attachment":[{"href":"https:\/\/uoogear.com\/pl\/wp-json\/wp\/v2\/media?parent=4640"}],"wp:term":[{"taxonomy":"product_brand","embeddable":true,"href":"https:\/\/uoogear.com\/pl\/wp-json\/wp\/v2\/product_brand?post=4640"},{"taxonomy":"product_cat","embeddable":true,"href":"https:\/\/uoogear.com\/pl\/wp-json\/wp\/v2\/product_cat?post=4640"},{"taxonomy":"product_tag","embeddable":true,"href":"https:\/\/uoogear.com\/pl\/wp-json\/wp\/v2\/product_tag?post=4640"}],"curies":[{"name":"wp","href":"https:\/\/api.w.org\/{rel}","templated":true}]}}