{"id":4649,"date":"2023-11-14T02:12:27","date_gmt":"2023-11-14T02:12:27","guid":{"rendered":"https:\/\/uoogear.com\/product\/factory-price-outdoor-waterproof-inflatable-glamping-tents-air-tent-inflatable-camping-tent\/"},"modified":"2023-11-30T02:54:05","modified_gmt":"2023-11-30T02:54:05","slug":"factory-price-outdoor-waterproof-inflatable-glamping-tents-air-tent-inflatable-camping-tent","status":"publish","type":"product","link":"https:\/\/uoogear.com\/pl\/produkt\/factory-price-outdoor-waterproof-inflatable-glamping-tents-air-tent-inflatable-camping-tent\/","title":{"rendered":"Cena fabryczna Zewn\u0119trzne wodoodporne nadmuchiwane namioty Glamping Namiot powietrzny Nadmuchiwany namiot kempingowy"},"content":{"rendered":"<ul>\n<li><strong>Obszar : <\/strong> 300*210*200<\/li>\n<li><strong>Tkanina: <\/strong> Oksford + rurka PCV<\/li>\n<li><strong>Indeks wodoodporno\u015bci namiotu zewn\u0119trznego: <\/strong> &gt;3000 mm<\/li>\n<li><strong>Dolny wodoodporny indeks: <\/strong> &gt;3000 mm<\/li>\n<li><strong>Rodzaj budynku : <\/strong> Budowa w oparciu o potrzeby<\/li>\n<li><strong>Styl namiotu: <\/strong> Stawka namiotowa typu tubowego<\/li>\n<li><strong>Pora roku : <\/strong> Namiot czterosezonowy<\/li>\n<li><strong>Struktura : <\/strong> Jedna sypialnia i jeden pok\u00f3j dzienny<\/li>\n<li><strong>Nazwa produktu : <\/strong> Nadmuchiwany namiot kempingowy<\/li>\n<li><strong>Stosowanie : <\/strong> Rozrywka na \u015bwie\u017cym powietrzu<\/li>\n<li><strong>Aplikacja : <\/strong> Kemping podr\u00f3\u017cniczy na \u015bwie\u017cym powietrzu<\/li>\n<li><strong>Rozmiar: <\/strong> 300*210*200<\/li>\n<li><strong>MOQ: <\/strong> 1 kawa\u0142ek<\/li>\n<li><strong>Materia\u0142 : <\/strong> Oksford + rurka PCV<\/li>\n<li><strong>Akcesoria : <\/strong> Pompa + torba transportowa + ko\u0142ki + liny<\/li>\n<li><strong>Funkcja : <\/strong> Wodoodporny<\/li>\n<li><strong>Logo: <\/strong> Dostosowane logo Zaakceptuj<\/li>\n<li><strong>Polak: <\/strong> S\u0142up Powietrzny<\/li>\n<\/ul>\n<div>\n<div data-magic-global=\"%7B%22bizId%22%3A2212793521237%2C%22pageId%22%3A21190932921%2C%22siteId%22%3A10003212050%7D\">\n<div>\n<div data-section=\"AliMagic-1j5ai1\" data-section-title=\"Products Description\">Opis produkt\u00f3w<\/div>\n<\/div>\n<div>\n<div>\n<div><img decoding=\"async\" src=\"\/\/sc04.alicdn.com\/kf\/H8acc636776d54a4db8d801ddd99a3fd5R\/255148517\/H8acc636776d54a4db8d801ddd99a3fd5R.jpg\" data-src=\"\/\/sc04.alicdn.com\/kf\/H8acc636776d54a4db8d801ddd99a3fd5R\/255148517\/H8acc636776d54a4db8d801ddd99a3fd5R.jpg\" \/><\/div>\n<div><img decoding=\"async\" src=\"\/\/sc04.alicdn.com\/kf\/H8ec188c83b96483f9fbaf685d7bc7fe1I\/255148517\/H8ec188c83b96483f9fbaf685d7bc7fe1I.jpg\" data-src=\"\/\/sc04.alicdn.com\/kf\/H8ec188c83b96483f9fbaf685d7bc7fe1I\/255148517\/H8ec188c83b96483f9fbaf685d7bc7fe1I.jpg\" \/><\/div>\n<div><img decoding=\"async\" src=\"\/\/sc04.alicdn.com\/kf\/H982dbf063cc145979b94090d0edd35860\/255148517\/H982dbf063cc145979b94090d0edd35860.jpg\" data-src=\"\/\/sc04.alicdn.com\/kf\/H982dbf063cc145979b94090d0edd35860\/255148517\/H982dbf063cc145979b94090d0edd35860.jpg\" \/><\/div>\n<div><img decoding=\"async\" src=\"\/\/sc04.alicdn.com\/kf\/H87ed69d73ee0441893570a4b36096b0fD\/255148517\/H87ed69d73ee0441893570a4b36096b0fD.jpg\" data-src=\"\/\/sc04.alicdn.com\/kf\/H87ed69d73ee0441893570a4b36096b0fD\/255148517\/H87ed69d73ee0441893570a4b36096b0fD.jpg\" \/><\/div>\n<div><img decoding=\"async\" src=\"\/\/sc04.alicdn.com\/kf\/H9a27e33591dc4f3a915df9e02ccf989bk\/255148517\/H9a27e33591dc4f3a915df9e02ccf989bk.jpg\" data-src=\"\/\/sc04.alicdn.com\/kf\/H9a27e33591dc4f3a915df9e02ccf989bk\/255148517\/H9a27e33591dc4f3a915df9e02ccf989bk.jpg\" \/><\/div>\n<div><img decoding=\"async\" src=\"\/\/sc04.alicdn.com\/kf\/Hd192c14ec4e94d2ab78785ab09d480aaP\/255148517\/Hd192c14ec4e94d2ab78785ab09d480aaP.jpg\" data-src=\"\/\/sc04.alicdn.com\/kf\/Hd192c14ec4e94d2ab78785ab09d480aaP\/255148517\/Hd192c14ec4e94d2ab78785ab09d480aaP.jpg\" \/><\/div>\n<div><img decoding=\"async\" src=\"\/\/sc04.alicdn.com\/kf\/Hf55c29374e44478db53923ddb0d1d95bn\/255148517\/Hf55c29374e44478db53923ddb0d1d95bn.jpg\" data-src=\"\/\/sc04.alicdn.com\/kf\/Hf55c29374e44478db53923ddb0d1d95bn\/255148517\/Hf55c29374e44478db53923ddb0d1d95bn.jpg\" \/><\/div>\n<div><img decoding=\"async\" src=\"\/\/sc04.alicdn.com\/kf\/H78152f2f5f2744aeafe44263694d4430R\/255148517\/H78152f2f5f2744aeafe44263694d4430R.jpg\" data-src=\"\/\/sc04.alicdn.com\/kf\/H78152f2f5f2744aeafe44263694d4430R\/255148517\/H78152f2f5f2744aeafe44263694d4430R.jpg\" \/><\/div>\n<div><img decoding=\"async\" src=\"\/\/sc04.alicdn.com\/kf\/H37ced19d4cda450aaa56ff7ac9fe961ee\/255148517\/H37ced19d4cda450aaa56ff7ac9fe961ee.jpg\" data-src=\"\/\/sc04.alicdn.com\/kf\/H37ced19d4cda450aaa56ff7ac9fe961ee\/255148517\/H37ced19d4cda450aaa56ff7ac9fe961ee.jpg\" \/><\/div>\n<\/div>\n<\/div>\n<div><\/div>\n<div>\n<div>\n<div>\n<div>\n<div><\/div>\n<\/div>\n<\/div>\n<\/div>\n<\/div>\n<\/div>\n<\/div>","protected":false},"excerpt":{"rendered":"<p>Powierzchnia: 300*210*200 Tkanina: Oxford + rura PVC na zewn\u0105trz namiotu Wska\u017anik wodoodporno\u015bci: &gt;3000 mm Wska\u017anik wodoodporno\u015bci dna: &gt;3000 mm Typ budynku: Konstrukcja w oparciu o potrzeby Styl namiotu: Typ rury Stawka namiotowa Sezon: Czterosezonowa konstrukcja namiotu: Jedna sypialnia i jeden salon Nazwa produktu: Nadmuchiwany namiot kempingowy<\/p>\n<div class=\"read-more\"><a class=\"btn btn-fill-out\" href=\"https:\/\/uoogear.com\/pl\/produkt\/factory-price-outdoor-waterproof-inflatable-glamping-tents-air-tent-inflatable-camping-tent\/\">Czytaj wi\u0119cej<\/a><\/div>","protected":false},"featured_media":4648,"template":"","meta":[],"product_brand":[],"product_cat":[15],"product_tag":[],"class_list":{"0":"post-4649","1":"product","2":"type-product","3":"status-publish","4":"has-post-thumbnail","6":"product_cat-uncategorized","7":"tm-no-options","9":"first","10":"instock","11":"shipping-taxable","12":"purchasable","13":"product-type-variable"},"_links":{"self":[{"href":"https:\/\/uoogear.com\/pl\/wp-json\/wp\/v2\/product\/4649","targetHints":{"allow":["GET"]}}],"collection":[{"href":"https:\/\/uoogear.com\/pl\/wp-json\/wp\/v2\/product"}],"about":[{"href":"https:\/\/uoogear.com\/pl\/wp-json\/wp\/v2\/types\/product"}],"wp:featuredmedia":[{"embeddable":true,"href":"https:\/\/uoogear.com\/pl\/wp-json\/wp\/v2\/media\/4648"}],"wp:attachment":[{"href":"https:\/\/uoogear.com\/pl\/wp-json\/wp\/v2\/media?parent=4649"}],"wp:term":[{"taxonomy":"product_brand","embeddable":true,"href":"https:\/\/uoogear.com\/pl\/wp-json\/wp\/v2\/product_brand?post=4649"},{"taxonomy":"product_cat","embeddable":true,"href":"https:\/\/uoogear.com\/pl\/wp-json\/wp\/v2\/product_cat?post=4649"},{"taxonomy":"product_tag","embeddable":true,"href":"https:\/\/uoogear.com\/pl\/wp-json\/wp\/v2\/product_tag?post=4649"}],"curies":[{"name":"wp","href":"https:\/\/api.w.org\/{rel}","templated":true}]}}