{"id":4667,"date":"2023-11-14T02:13:45","date_gmt":"2023-11-14T02:13:45","guid":{"rendered":"https:\/\/uoogear.com\/product\/inflatable-camping-tent-outdoor-oxford-canvas-luxury-camping-inflatable-tent\/"},"modified":"2023-11-30T02:53:36","modified_gmt":"2023-11-30T02:53:36","slug":"inflatable-camping-tent-outdoor-oxford-canvas-luxury-camping-inflatable-tent","status":"publish","type":"product","link":"https:\/\/uoogear.com\/pl\/produkt\/inflatable-camping-tent-outdoor-oxford-canvas-luxury-camping-inflatable-tent\/","title":{"rendered":"Nadmuchiwany namiot kempingowy na \u015bwie\u017cym powietrzu Oxford Canvas luksusowy kemping Nadmuchiwany namiot"},"content":{"rendered":"<ul>\n<li><strong>Tkanina: <\/strong> Oksford<\/li>\n<li><strong>Indeks wodoodporno\u015bci namiotu zewn\u0119trznego: <\/strong> &gt;3000 mm<\/li>\n<li><strong>Dolny wodoodporny indeks: <\/strong> &gt;3000 mm<\/li>\n<li><strong>Rodzaj budynku : <\/strong> Szybkie automatyczne otwieranie<\/li>\n<li><strong>Styl namiotu: <\/strong> Stawka namiotowa typu tubowego<\/li>\n<li><strong>Pora roku : <\/strong> Namiot czterosezonowy<\/li>\n<li><strong>Struktura : <\/strong> Jedna sypialnia<\/li>\n<li><strong>Nazwa produktu : <\/strong> Nadmuchiwany namiot<\/li>\n<li><strong>Stosowanie : <\/strong> Rozrywka na \u015bwie\u017cym powietrzu<\/li>\n<li><strong>Styl: <\/strong> Nowoczesny<\/li>\n<li><strong>Kolor : <\/strong> Dostosowany kolor<\/li>\n<li><strong>Aplikacja : <\/strong> Kemping podr\u00f3\u017cniczy na \u015bwie\u017cym powietrzu<\/li>\n<li><strong>Rozmiar: <\/strong> Dostosowany rozmiar<\/li>\n<li><strong>MOQ: <\/strong> 1 kawa\u0142ek<\/li>\n<li><strong>Materia\u0142 : <\/strong> Oksford<\/li>\n<li><strong>Akcesoria : <\/strong> Pompa + torba transportowa + ko\u0142ki + liny<\/li>\n<li><strong>Funkcja : <\/strong> Wodoodporny<\/li>\n<\/ul>\n<div>\n<div data-magic-global=\"%7B%22bizId%22%3A2212793521237%2C%22pageId%22%3A21240895187%2C%22siteId%22%3A10003212050%7D\">\n<div>\n<div data-section=\"AliMagic-qd0zn6\" data-section-title=\"Products Description\">Opis produkt\u00f3w<\/div>\n<\/div>\n<div>\n<div>\n<div><img decoding=\"async\" src=\"\/\/sc04.alicdn.com\/kf\/Hd0182a21f2544fce95341c2b3cedc8765\/255148517\/Hd0182a21f2544fce95341c2b3cedc8765.jpg\" data-src=\"\/\/sc04.alicdn.com\/kf\/Hd0182a21f2544fce95341c2b3cedc8765\/255148517\/Hd0182a21f2544fce95341c2b3cedc8765.jpg\" \/><\/div>\n<div><img decoding=\"async\" src=\"\/\/sc04.alicdn.com\/kf\/H1ba21d29de364d938b8dc5dae37c0c8bw\/255148517\/H1ba21d29de364d938b8dc5dae37c0c8bw.jpg\" data-src=\"\/\/sc04.alicdn.com\/kf\/H1ba21d29de364d938b8dc5dae37c0c8bw\/255148517\/H1ba21d29de364d938b8dc5dae37c0c8bw.jpg\" \/><\/div>\n<div><img decoding=\"async\" src=\"\/\/sc04.alicdn.com\/kf\/H08a92a9ee2fa4f479723c93542adc538p\/255148517\/H08a92a9ee2fa4f479723c93542adc538p.jpg\" data-src=\"\/\/sc04.alicdn.com\/kf\/H08a92a9ee2fa4f479723c93542adc538p\/255148517\/H08a92a9ee2fa4f479723c93542adc538p.jpg\" \/><\/div>\n<div><img decoding=\"async\" src=\"\/\/sc04.alicdn.com\/kf\/Hc3ea084092b645cd8155758355b0c997I\/255148517\/Hc3ea084092b645cd8155758355b0c997I.jpg\" data-src=\"\/\/sc04.alicdn.com\/kf\/Hc3ea084092b645cd8155758355b0c997I\/255148517\/Hc3ea084092b645cd8155758355b0c997I.jpg\" \/><\/div>\n<div><img decoding=\"async\" src=\"\/\/sc04.alicdn.com\/kf\/H4373f64b70ab4dc19b9fcea19c0f13fba\/255148517\/H4373f64b70ab4dc19b9fcea19c0f13fba.jpg\" data-src=\"\/\/sc04.alicdn.com\/kf\/H4373f64b70ab4dc19b9fcea19c0f13fba\/255148517\/H4373f64b70ab4dc19b9fcea19c0f13fba.jpg\" \/><\/div>\n<div><img decoding=\"async\" src=\"\/\/sc04.alicdn.com\/kf\/Hfb8f51e41c6b44fd9a04d40c30757e14E\/255148517\/Hfb8f51e41c6b44fd9a04d40c30757e14E.jpg\" data-src=\"\/\/sc04.alicdn.com\/kf\/Hfb8f51e41c6b44fd9a04d40c30757e14E\/255148517\/Hfb8f51e41c6b44fd9a04d40c30757e14E.jpg\" \/><\/div>\n<\/div>\n<\/div>\n<div><\/div>\n<div>\n<div>\n<div>\n<div>\n<div><\/div>\n<\/div>\n<\/div>\n<\/div>\n<\/div>\n<\/div>\n<\/div>","protected":false},"excerpt":{"rendered":"<p>Tkanina: Oxford Namiot zewn\u0119trzny Wska\u017anik wodoodporno\u015bci: &gt; 3000 mm Wska\u017anik wodoodporno\u015bci dna: &gt; 3000 mm Typ budynku: Szybkie automatyczne otwieranie Styl namiotu: Stawka namiotu typu rurowego Sezon: Czterosezonowa Konstrukcja namiotu: Jedna sypialnia Nazwa produktu: Nadmuchiwany namiot Zastosowanie: Rozrywka na \u015bwie\u017cym powietrzu Styl: nowoczesny Kolor: niestandardowy kolor Zastosowanie:<\/p>\n<div class=\"read-more\"><a class=\"btn btn-fill-out\" href=\"https:\/\/uoogear.com\/pl\/produkt\/inflatable-camping-tent-outdoor-oxford-canvas-luxury-camping-inflatable-tent\/\">Czytaj wi\u0119cej<\/a><\/div>","protected":false},"featured_media":4666,"template":"","meta":[],"product_brand":[],"product_cat":[15],"product_tag":[],"class_list":{"0":"post-4667","1":"product","2":"type-product","3":"status-publish","4":"has-post-thumbnail","6":"product_cat-uncategorized","7":"tm-no-options","9":"first","10":"instock","11":"shipping-taxable","12":"purchasable","13":"product-type-variable"},"_links":{"self":[{"href":"https:\/\/uoogear.com\/pl\/wp-json\/wp\/v2\/product\/4667","targetHints":{"allow":["GET"]}}],"collection":[{"href":"https:\/\/uoogear.com\/pl\/wp-json\/wp\/v2\/product"}],"about":[{"href":"https:\/\/uoogear.com\/pl\/wp-json\/wp\/v2\/types\/product"}],"wp:featuredmedia":[{"embeddable":true,"href":"https:\/\/uoogear.com\/pl\/wp-json\/wp\/v2\/media\/4666"}],"wp:attachment":[{"href":"https:\/\/uoogear.com\/pl\/wp-json\/wp\/v2\/media?parent=4667"}],"wp:term":[{"taxonomy":"product_brand","embeddable":true,"href":"https:\/\/uoogear.com\/pl\/wp-json\/wp\/v2\/product_brand?post=4667"},{"taxonomy":"product_cat","embeddable":true,"href":"https:\/\/uoogear.com\/pl\/wp-json\/wp\/v2\/product_cat?post=4667"},{"taxonomy":"product_tag","embeddable":true,"href":"https:\/\/uoogear.com\/pl\/wp-json\/wp\/v2\/product_tag?post=4667"}],"curies":[{"name":"wp","href":"https:\/\/api.w.org\/{rel}","templated":true}]}}