{"id":4676,"date":"2023-11-14T02:14:26","date_gmt":"2023-11-14T02:14:26","guid":{"rendered":"https:\/\/uoogear.com\/product\/waterproof-inflatable-house-air-tent-outdoor-inflatable-camping-tent\/"},"modified":"2023-11-30T02:53:16","modified_gmt":"2023-11-30T02:53:16","slug":"waterproof-inflatable-house-air-tent-outdoor-inflatable-camping-tent","status":"publish","type":"product","link":"https:\/\/uoogear.com\/pl\/produkt\/waterproof-inflatable-house-air-tent-outdoor-inflatable-camping-tent\/","title":{"rendered":"Wodoodporny nadmuchiwany namiot domowy Nadmuchiwany namiot kempingowy na \u015bwie\u017cym powietrzu"},"content":{"rendered":"<ul>\n<li><strong>Numer modelu : <\/strong> B12<\/li>\n<li><strong>Tkanina: <\/strong> PCV, 100%Piester<\/li>\n<li><strong>Indeks wodoodporno\u015bci namiotu zewn\u0119trznego: <\/strong> &gt;3000 mm<\/li>\n<li><strong>Dolny wodoodporny indeks: <\/strong> &gt;3000 mm<\/li>\n<li><strong>Rodzaj budynku : <\/strong> Szybkie automatyczne otwieranie, szybkie otwieranie<\/li>\n<li><strong>Styl namiotu: <\/strong> Typ usztywnienia prostego<\/li>\n<li><strong>Pora roku : <\/strong> Namiot czterosezonowy, namiot letni, namiot czterosezonowy<\/li>\n<li><strong>Struktura : <\/strong> Jedna sypialnia<\/li>\n<li><strong>Nazwa produktu : <\/strong> Nadmuchiwane namioty kempingowe<\/li>\n<li><strong>Wnioskodawca: <\/strong> Zaj\u0119cia na dworzu<\/li>\n<li><strong>Logo: <\/strong> Zaakceptuj niestandardowe logo<\/li>\n<li><strong>MOQ: <\/strong> 1 kawa\u0142ek<\/li>\n<li><strong>Materia\u0142 : <\/strong> Tkanina poliestrowa 100%<\/li>\n<li><strong>Pakowanie: <\/strong> Mocny karton<\/li>\n<li><strong>Akcesoria : <\/strong> Ko\u0142ki + lina<\/li>\n<\/ul>\n<div>\n<div data-magic-global=\"%7B%22bizId%22%3A2212793521237%2C%22pageId%22%3A21239893411%2C%22siteId%22%3A10003212050%7D\">\n<div>\n<div data-section=\"AliMagic-1pfbhp\" data-section-title=\"Products Description\">Opis produkt\u00f3w<\/div>\n<\/div>\n<div>\n<div><img decoding=\"async\" src=\"\/\/sc04.alicdn.com\/kf\/H39acda60763541bb882c0675a549caa5d\/255148517\/H39acda60763541bb882c0675a549caa5d.jpg\" data-src=\"\/\/sc04.alicdn.com\/kf\/H39acda60763541bb882c0675a549caa5d\/255148517\/H39acda60763541bb882c0675a549caa5d.jpg\" \/><\/div>\n<div><img decoding=\"async\" src=\"\/\/sc04.alicdn.com\/kf\/Hda248840036e434fa64310eda118d15f8\/255148517\/Hda248840036e434fa64310eda118d15f8.jpg\" data-src=\"\/\/sc04.alicdn.com\/kf\/Hda248840036e434fa64310eda118d15f8\/255148517\/Hda248840036e434fa64310eda118d15f8.jpg\" \/><\/div>\n<div><img decoding=\"async\" src=\"\/\/sc04.alicdn.com\/kf\/H88ba3936ae6c49d4891449f196e780ffi\/255148517\/H88ba3936ae6c49d4891449f196e780ffi.jpg\" data-src=\"\/\/sc04.alicdn.com\/kf\/H88ba3936ae6c49d4891449f196e780ffi\/255148517\/H88ba3936ae6c49d4891449f196e780ffi.jpg\" \/><\/div>\n<div><img decoding=\"async\" src=\"\/\/sc04.alicdn.com\/kf\/Hc0e6bf39ce6d402691b9663c8f892d58N\/255148517\/Hc0e6bf39ce6d402691b9663c8f892d58N.jpg\" data-src=\"\/\/sc04.alicdn.com\/kf\/Hc0e6bf39ce6d402691b9663c8f892d58N\/255148517\/Hc0e6bf39ce6d402691b9663c8f892d58N.jpg\" \/><\/div>\n<\/div>\n<div>\n<div>\n<div>\n<div>\n<div><\/div>\n<\/div>\n<\/div>\n<\/div>\n<\/div>\n<\/div>\n<\/div>","protected":false},"excerpt":{"rendered":"<p>Numer modelu: B12 Tkanina: PVC, 100%poliester Namiot zewn\u0119trzny Wska\u017anik wodoodporno\u015bci: &gt;3000 mm Wska\u017anik wodoodporno\u015bci dna: &gt;3000 mm Typ budynku: Szybkie automatyczne otwieranie, Szybkie otwieranie Styl namiotu: Prosty typ usztywniaj\u0105cy Sezon: Namiot czterosezonowy, namiot letni, cztery sezonowa Struktura: Jedna sypialnia Nazwa produktu: Nadmuchiwane namioty kempingowe Zg\u0142aszaj\u0105cy: Na zewn\u0105trz<\/p>\n<div class=\"read-more\"><a class=\"btn btn-fill-out\" href=\"https:\/\/uoogear.com\/pl\/produkt\/waterproof-inflatable-house-air-tent-outdoor-inflatable-camping-tent\/\">Czytaj wi\u0119cej<\/a><\/div>","protected":false},"featured_media":4675,"template":"","meta":[],"product_brand":[],"product_cat":[15],"product_tag":[],"class_list":{"0":"post-4676","1":"product","2":"type-product","3":"status-publish","4":"has-post-thumbnail","6":"product_cat-uncategorized","7":"tm-no-options","9":"first","10":"instock","11":"shipping-taxable","12":"purchasable","13":"product-type-variable"},"_links":{"self":[{"href":"https:\/\/uoogear.com\/pl\/wp-json\/wp\/v2\/product\/4676","targetHints":{"allow":["GET"]}}],"collection":[{"href":"https:\/\/uoogear.com\/pl\/wp-json\/wp\/v2\/product"}],"about":[{"href":"https:\/\/uoogear.com\/pl\/wp-json\/wp\/v2\/types\/product"}],"wp:featuredmedia":[{"embeddable":true,"href":"https:\/\/uoogear.com\/pl\/wp-json\/wp\/v2\/media\/4675"}],"wp:attachment":[{"href":"https:\/\/uoogear.com\/pl\/wp-json\/wp\/v2\/media?parent=4676"}],"wp:term":[{"taxonomy":"product_brand","embeddable":true,"href":"https:\/\/uoogear.com\/pl\/wp-json\/wp\/v2\/product_brand?post=4676"},{"taxonomy":"product_cat","embeddable":true,"href":"https:\/\/uoogear.com\/pl\/wp-json\/wp\/v2\/product_cat?post=4676"},{"taxonomy":"product_tag","embeddable":true,"href":"https:\/\/uoogear.com\/pl\/wp-json\/wp\/v2\/product_tag?post=4676"}],"curies":[{"name":"wp","href":"https:\/\/api.w.org\/{rel}","templated":true}]}}