{"id":4705,"date":"2023-11-14T02:17:48","date_gmt":"2023-11-14T02:17:48","guid":{"rendered":"https:\/\/uoogear.com\/product\/high-quality-family-waterproof-inflatable-air-pole-glamping-outdoor-house-family-canvas-tenda-inflatable-camping-tents\/"},"modified":"2023-11-30T02:53:07","modified_gmt":"2023-11-30T02:53:07","slug":"high-quality-family-waterproof-inflatable-air-pole-glamping-outdoor-house-family-canvas-tenda-inflatable-camping-tents","status":"publish","type":"product","link":"https:\/\/uoogear.com\/pl\/produkt\/high-quality-family-waterproof-inflatable-air-pole-glamping-outdoor-house-family-canvas-tenda-inflatable-camping-tents\/","title":{"rendered":"Wysokiej jako\u015bci rodzinny wodoodporny nadmuchiwany s\u0142up powietrzny Glamping Outdoor House rodzinny p\u0142\u00f3cienny namiot kempingowy tenda"},"content":{"rendered":"<ul>\n<li><strong>Obszar : <\/strong> 300*210<\/li>\n<li><strong>Tkanina: <\/strong> PCV + tkanina bawe\u0142niana + siatka poliestrowa<\/li>\n<li><strong>Indeks wodoodporno\u015bci namiotu zewn\u0119trznego: <\/strong> &lt;1000 mm<\/li>\n<li><strong>Dolny wodoodporny indeks: <\/strong> &gt;3000 mm<\/li>\n<li><strong>Rodzaj budynku : <\/strong> Budowa w oparciu o potrzeby<\/li>\n<li><strong>Styl namiotu: <\/strong> Stawka namiotowa typu tubowego<\/li>\n<li><strong>Pora roku : <\/strong> Namiot czterosezonowy<\/li>\n<li><strong>Struktura : <\/strong> Jedna sypialnia<\/li>\n<li><strong>Nazwa produktu : <\/strong> Nadmuchiwany namiot kempingowy<\/li>\n<li><strong>Stosowanie : <\/strong> Rozrywka na \u015bwie\u017cym powietrzu<\/li>\n<li><strong>Styl: <\/strong> Nowoczesny<\/li>\n<li><strong>Kolor : <\/strong> Dostosowany kolor<\/li>\n<li><strong>Aplikacja : <\/strong> Kemping podr\u00f3\u017cniczy na \u015bwie\u017cym powietrzu<\/li>\n<li><strong>Rozmiar: <\/strong> Dostosowany rozmiar<\/li>\n<li><strong>MOQ: <\/strong> 1 kawa\u0142ek<\/li>\n<li><strong>Materia\u0142 : <\/strong> PCV<\/li>\n<li><strong>Akcesoria : <\/strong> Pompa + torba transportowa + ko\u0142ki + liny<\/li>\n<li><strong>Funkcja : <\/strong> Wodoodporny<\/li>\n<\/ul>\n<div>\n<div data-magic-global=\"%7B%22bizId%22%3A2212793521237%2C%22pageId%22%3A21190383259%2C%22siteId%22%3A10003212050%7D\">\n<div>\n<div data-section=\"AliMagic-nw9cap\" data-section-title=\"Products Description\" data-spm-anchor-id=\"a2700.details.0.i81.60154726kx5o5f\"><\/div>\n<\/div>\n<div>\n<div>\n<table>\n<tbody>\n<tr>\n<td>\n<div><span style=\"color: #000000; font-family: Arial;\"><span data-spm-anchor-id=\"a2700.custom-template.0.i133.65b03333DKbf22\"><strong>Nazwa produktu<\/strong><\/span><\/span><\/div>\n<\/td>\n<td>\n<div>Namiot powietrzny<\/div>\n<\/td>\n<\/tr>\n<tr>\n<td>\n<div><span style=\"color: #000000; font-family: Arial;\"><strong>MOQ OEM<\/strong><\/span><\/div>\n<\/td>\n<td>\n<div><span style=\"font-family: Arial;\"><span data-spm-anchor-id=\"a2700.custom-template.0.i131.65b03333DKbf22\">Zaakceptuj dostosowan\u0105 pr\u00f3bk\u0119 \/1 zestawu<\/span><\/span><\/div>\n<\/td>\n<\/tr>\n<tr>\n<td>\n<div><span style=\"color: #000000; font-family: Arial;\"><strong>Kolor\/Kolor<\/strong><\/span><\/div>\n<\/td>\n<td>\n<div><span style=\"font-family: Arial;\"><span data-spm-anchor-id=\"a2700.custom-template.0.i132.65b03333DKbf22\">Jako zdj\u0119cie, zaakceptuj dostosowane<\/span><\/span><\/div>\n<\/td>\n<\/tr>\n<tr>\n<td>\n<div><span style=\"color: #000000; font-family: Arial;\"><span data-spm-anchor-id=\"a2700.custom-template.0.i158.65b03333DKbf22\"><strong>Pojemno\u015b\u0107<\/strong><\/span><\/span><\/div>\n<\/td>\n<td>\n<div><span style=\"font-family: Arial;\">2\/3\/4\/5\/6\/7\/8 os\u00f3b (dostosowana pojemno\u015b\u0107)<\/span><\/div>\n<\/td>\n<\/tr>\n<tr>\n<td>\n<div><strong>Rozmiar<\/strong><\/div>\n<\/td>\n<td>\n<div>Mo\u017ce wybra\u0107 rozmiar gotowych produkt\u00f3w, zaakceptowa\u0107 rozmiar niestandardowy<\/div>\n<\/td>\n<\/tr>\n<tr>\n<td>\n<div>\n<div><strong>Funkcja<\/strong><\/div>\n<\/div>\n<\/td>\n<td>\n<div><span style=\"font-family: Arial;\">Odporny na promieniowanie UV i deszcz, Oddychaj\u0105cy, Zapobiegaj\u0105cy wspania\u0142ym efektom, Du\u017ca przestrze\u0144, Stabilna konstrukcja, Dobra wydajno\u015b\u0107 wentylacji, Szerokie zastosowanie, Ma\u0142y rozmiar, \u0141atwy do przenoszenia, Konfiguracja, \u0141atwe wysuwanie, Automatyczny, Wygodny<\/span><\/div>\n<\/td>\n<\/tr>\n<\/tbody>\n<\/table>\n<\/div>\n<\/div>\n<div>\n<div data-section=\"AliMagic-29ms9w\" data-section-title=\"Details Images\">Szczeg\u00f3\u0142y Obrazy<\/div>\n<\/div>\n<div>\n<div>\n<div><img decoding=\"async\" src=\"\/\/sc04.alicdn.com\/kf\/H0d93849815d64a58844b919b5ba91fa0D\/255148517\/H0d93849815d64a58844b919b5ba91fa0D.jpg\" data-src=\"\/\/sc04.alicdn.com\/kf\/H0d93849815d64a58844b919b5ba91fa0D\/255148517\/H0d93849815d64a58844b919b5ba91fa0D.jpg\" \/><\/div>\n<div><img decoding=\"async\" src=\"\/\/sc04.alicdn.com\/kf\/Haad59990b4f34f76a9c982218abf33bee\/255148517\/Haad59990b4f34f76a9c982218abf33bee.jpg\" data-src=\"\/\/sc04.alicdn.com\/kf\/Haad59990b4f34f76a9c982218abf33bee\/255148517\/Haad59990b4f34f76a9c982218abf33bee.jpg\" \/><\/div>\n<div><img decoding=\"async\" src=\"\/\/sc04.alicdn.com\/kf\/Hd4b64d969aee4f0eaaa0e5f660cb1768m\/255148517\/Hd4b64d969aee4f0eaaa0e5f660cb1768m.jpg\" data-src=\"\/\/sc04.alicdn.com\/kf\/Hd4b64d969aee4f0eaaa0e5f660cb1768m\/255148517\/Hd4b64d969aee4f0eaaa0e5f660cb1768m.jpg\" \/><\/div>\n<div><img decoding=\"async\" src=\"\/\/sc04.alicdn.com\/kf\/H63fad25e7c4147e195846d49d2d24864e\/255148517\/H63fad25e7c4147e195846d49d2d24864e.jpg\" data-src=\"\/\/sc04.alicdn.com\/kf\/H63fad25e7c4147e195846d49d2d24864e\/255148517\/H63fad25e7c4147e195846d49d2d24864e.jpg\" \/><\/div>\n<\/div>\n<\/div>\n<div>\n<div>\n<div>\n<div>\n<div>\n<div><img decoding=\"async\" src=\"\/\/sc04.alicdn.com\/kf\/He9c856cc41994feb9bbd9f3d9db22c3fs\/255148517\/He9c856cc41994feb9bbd9f3d9db22c3fs.jpg\" data-src=\"\/\/sc04.alicdn.com\/kf\/He9c856cc41994feb9bbd9f3d9db22c3fs\/255148517\/He9c856cc41994feb9bbd9f3d9db22c3fs.jpg\" \/><\/div>\n<\/div>\n<\/div>\n<\/div>\n<\/div>\n<\/div>\n<div>\n<div>\n<div>\n<div>\n<div>\n<div><\/div>\n<\/div>\n<\/div>\n<\/div>\n<\/div>\n<\/div>\n<\/div>\n<\/div>","protected":false},"excerpt":{"rendered":"<p>Powierzchnia: 300*210 Tkanina: PVC + tkanina bawe\u0142niana + siatka poliestrowa Na zewn\u0105trz namiotu Wska\u017anik wodoodporno\u015bci: &lt;1000 mm Wska\u017anik wodoodporno\u015bci dna: &gt;3000 mm Typ budynku: Konstrukcja w oparciu o potrzeby Styl namiotu: Typ rury Stawka namiotu Sezon: Czterosezonowa konstrukcja namiotu: Jedna sypialnia Nazwa produktu: nadmuchiwany namiot kempingowy Zastosowanie: styl rozrywki na \u015bwie\u017cym powietrzu<\/p>\n<div class=\"read-more\"><a class=\"btn btn-fill-out\" href=\"https:\/\/uoogear.com\/pl\/produkt\/high-quality-family-waterproof-inflatable-air-pole-glamping-outdoor-house-family-canvas-tenda-inflatable-camping-tents\/\">Czytaj wi\u0119cej<\/a><\/div>","protected":false},"featured_media":4704,"template":"","meta":[],"product_brand":[],"product_cat":[15],"product_tag":[],"class_list":{"0":"post-4705","1":"product","2":"type-product","3":"status-publish","4":"has-post-thumbnail","6":"product_cat-uncategorized","7":"tm-no-options","9":"first","10":"instock","11":"shipping-taxable","12":"purchasable","13":"product-type-variable"},"_links":{"self":[{"href":"https:\/\/uoogear.com\/pl\/wp-json\/wp\/v2\/product\/4705","targetHints":{"allow":["GET"]}}],"collection":[{"href":"https:\/\/uoogear.com\/pl\/wp-json\/wp\/v2\/product"}],"about":[{"href":"https:\/\/uoogear.com\/pl\/wp-json\/wp\/v2\/types\/product"}],"wp:featuredmedia":[{"embeddable":true,"href":"https:\/\/uoogear.com\/pl\/wp-json\/wp\/v2\/media\/4704"}],"wp:attachment":[{"href":"https:\/\/uoogear.com\/pl\/wp-json\/wp\/v2\/media?parent=4705"}],"wp:term":[{"taxonomy":"product_brand","embeddable":true,"href":"https:\/\/uoogear.com\/pl\/wp-json\/wp\/v2\/product_brand?post=4705"},{"taxonomy":"product_cat","embeddable":true,"href":"https:\/\/uoogear.com\/pl\/wp-json\/wp\/v2\/product_cat?post=4705"},{"taxonomy":"product_tag","embeddable":true,"href":"https:\/\/uoogear.com\/pl\/wp-json\/wp\/v2\/product_tag?post=4705"}],"curies":[{"name":"wp","href":"https:\/\/api.w.org\/{rel}","templated":true}]}}