{"id":4713,"date":"2023-11-14T02:18:36","date_gmt":"2023-11-14T02:18:36","guid":{"rendered":"https:\/\/uoogear.com\/product\/4-person-waterproof-high-quality-automatic-tent-large-glamping-family-camping-outdoor-tents\/"},"modified":"2023-11-30T02:41:21","modified_gmt":"2023-11-30T02:41:21","slug":"4-person-waterproof-high-quality-automatic-tent-large-glamping-family-camping-outdoor-tents","status":"publish","type":"product","link":"https:\/\/uoogear.com\/pl\/produkt\/4-person-waterproof-high-quality-automatic-tent-large-glamping-family-camping-outdoor-tents\/","title":{"rendered":"4-osobowy wodoodporny, wysokiej jako\u015bci automatyczny namiot Du\u017cy rodzinny namiot kempingowy typu Glamping"},"content":{"rendered":"<ul>\n<li><strong>Tkanina: <\/strong> Poliester<\/li>\n<li><strong>Indeks wodoodporno\u015bci namiotu zewn\u0119trznego: <\/strong> 2000-3000 mm<\/li>\n<li><strong>Dolny wodoodporny indeks: <\/strong> 2000-3000 mm<\/li>\n<li><strong>Rodzaj budynku : <\/strong> Szybkie automatyczne otwieranie<\/li>\n<li><strong>Styl namiotu: <\/strong> Stawka namiotowa typu tubowego<\/li>\n<li><strong>Pora roku : <\/strong> Namiot czterosezonowy<\/li>\n<li><strong>Struktura : <\/strong> Jedna sypialnia<\/li>\n<li><strong>Miejsce do cumowania: <\/strong> 3-4<\/li>\n<li><strong>Wzrost (cm) : <\/strong> 125<\/li>\n<li><strong>D\u0142ugo\u015b\u0107 (cm): <\/strong> 240<\/li>\n<li><strong>Szeroko\u015b\u0107 (cm): <\/strong> 210<\/li>\n<li><strong>Wodoodporny: <\/strong> 2000 mm<\/li>\n<li><strong>Materia\u0142 fabryczny : <\/strong> Poliester 190T<\/li>\n<li><strong>Polak: <\/strong> W\u0142\u00f3kno szklane<\/li>\n<li><strong>Typ : <\/strong> Automatyczny<\/li>\n<\/ul>\n<div>\n<div data-magic-global=\"%7B%22bizId%22%3A2348173885%2C%22pageId%22%3A21029157641%2C%22siteId%22%3A5005127539%7D\">\n<div>\n<div>\n<div>\n<div>\n<div>\n<div><\/div>\n<\/div>\n<\/div>\n<\/div>\n<\/div>\n<\/div>\n<div><\/div>\n<div>\n<div data-section=\"AliMagic-h5ytvg\" data-section-title=\"Product Display\">Wy\u015bwietlacz produktu<\/div>\n<\/div>\n<div>\n<div>\n<div><img decoding=\"async\" src=\"\/\/sc04.alicdn.com\/kf\/H313aea8ae1a34f83981145fd50fbc7154\/222400006\/H313aea8ae1a34f83981145fd50fbc7154.jpg\" data-src=\"\/\/sc04.alicdn.com\/kf\/H313aea8ae1a34f83981145fd50fbc7154\/222400006\/H313aea8ae1a34f83981145fd50fbc7154.jpg\" \/><\/div>\n<div><img decoding=\"async\" src=\"\/\/sc04.alicdn.com\/kf\/H78089127b6d44307900b716104212c5eq\/222400006\/H78089127b6d44307900b716104212c5eq.jpg\" data-src=\"\/\/sc04.alicdn.com\/kf\/H78089127b6d44307900b716104212c5eq\/222400006\/H78089127b6d44307900b716104212c5eq.jpg\" \/><\/div>\n<div><img decoding=\"async\" src=\"\/\/sc04.alicdn.com\/kf\/H06b527045b17459d96177194485926d3J\/222400006\/H06b527045b17459d96177194485926d3J.jpg\" data-src=\"\/\/sc04.alicdn.com\/kf\/H06b527045b17459d96177194485926d3J\/222400006\/H06b527045b17459d96177194485926d3J.jpg\" \/><\/div>\n<div><img decoding=\"async\" src=\"\/\/sc04.alicdn.com\/kf\/Hbea7d80ec8984c53aa885f42baac625fq\/222400006\/Hbea7d80ec8984c53aa885f42baac625fq.jpg\" data-src=\"\/\/sc04.alicdn.com\/kf\/Hbea7d80ec8984c53aa885f42baac625fq\/222400006\/Hbea7d80ec8984c53aa885f42baac625fq.jpg\" \/><\/div>\n<div><img decoding=\"async\" src=\"\/\/sc04.alicdn.com\/kf\/H24ecfc2ecb0f453cb9f4aba3c7762bbao\/222400006\/H24ecfc2ecb0f453cb9f4aba3c7762bbao.jpg\" data-src=\"\/\/sc04.alicdn.com\/kf\/H24ecfc2ecb0f453cb9f4aba3c7762bbao\/222400006\/H24ecfc2ecb0f453cb9f4aba3c7762bbao.jpg\" \/><\/div>\n<div><img decoding=\"async\" src=\"\/\/sc04.alicdn.com\/kf\/H6f14be57d62b4368a9ea013da585dd95J\/222400006\/H6f14be57d62b4368a9ea013da585dd95J.jpg\" data-src=\"\/\/sc04.alicdn.com\/kf\/H6f14be57d62b4368a9ea013da585dd95J\/222400006\/H6f14be57d62b4368a9ea013da585dd95J.jpg\" \/><\/div>\n<\/div>\n<\/div>\n<div>\n<div data-magic=\" \" data-magic-status=\"done\">\n<div data-reactroot=\"\"><\/div>\n<\/div>\n<\/div>\n<\/div>\n<\/div>","protected":false},"excerpt":{"rendered":"<p>Tkanina : Poliester Namiot zewn\u0119trzny Wska\u017anik wodoodporno\u015bci : 2000-3000 Mm Wska\u017anik wodoodporno\u015bci dna : 2000-3000 Mm Typ budynku : Szybkie automatyczne otwieranie Styl namiotu : Typ rurki Stawka namiotu Sezon : Czterosezonowa Konstrukcja namiotu : Jedna sypialnia Koja : Wysoko\u015b\u0107 3-4 ( cm): 125 D\u0142ugo\u015b\u0107 (cm): 240 Szeroko\u015b\u0107 (cm): 210 Wodoodporno\u015b\u0107: 2000 mm<\/p>\n<div class=\"read-more\"><a class=\"btn btn-fill-out\" href=\"https:\/\/uoogear.com\/pl\/produkt\/4-person-waterproof-high-quality-automatic-tent-large-glamping-family-camping-outdoor-tents\/\">Czytaj wi\u0119cej<\/a><\/div>","protected":false},"featured_media":4712,"template":"","meta":[],"product_brand":[],"product_cat":[15],"product_tag":[],"class_list":{"0":"post-4713","1":"product","2":"type-product","3":"status-publish","4":"has-post-thumbnail","6":"product_cat-uncategorized","7":"tm-no-options","9":"first","10":"instock","11":"shipping-taxable","12":"purchasable","13":"product-type-variable"},"_links":{"self":[{"href":"https:\/\/uoogear.com\/pl\/wp-json\/wp\/v2\/product\/4713","targetHints":{"allow":["GET"]}}],"collection":[{"href":"https:\/\/uoogear.com\/pl\/wp-json\/wp\/v2\/product"}],"about":[{"href":"https:\/\/uoogear.com\/pl\/wp-json\/wp\/v2\/types\/product"}],"wp:featuredmedia":[{"embeddable":true,"href":"https:\/\/uoogear.com\/pl\/wp-json\/wp\/v2\/media\/4712"}],"wp:attachment":[{"href":"https:\/\/uoogear.com\/pl\/wp-json\/wp\/v2\/media?parent=4713"}],"wp:term":[{"taxonomy":"product_brand","embeddable":true,"href":"https:\/\/uoogear.com\/pl\/wp-json\/wp\/v2\/product_brand?post=4713"},{"taxonomy":"product_cat","embeddable":true,"href":"https:\/\/uoogear.com\/pl\/wp-json\/wp\/v2\/product_cat?post=4713"},{"taxonomy":"product_tag","embeddable":true,"href":"https:\/\/uoogear.com\/pl\/wp-json\/wp\/v2\/product_tag?post=4713"}],"curies":[{"name":"wp","href":"https:\/\/api.w.org\/{rel}","templated":true}]}}